{"id":3883,"date":"2025-09-03T15:48:17","date_gmt":"2025-09-03T15:48:17","guid":{"rendered":"https:\/\/mueller-wrh.de\/produkt\/lta-lufttechnik-e120-bsc-2-h-intnr230843-1\/"},"modified":"2025-09-03T15:48:17","modified_gmt":"2025-09-03T15:48:17","slug":"lta-lufttechnik-e120-bsc-2-h-intnr230843-1","status":"publish","type":"product","link":"https:\/\/mueller-wrh.de\/en\/product\/lta-lufttechnik-e120-bsc-2-h-intnr230843-1\/","title":{"rendered":"LTA Lufttechnik E120 BSC-2-H, IntNr230843-1"},"content":{"rendered":"<p><b>Condition:<\/b> Used<\/p>\n<p><b>Manufacturer:<\/b> LTA<\/p>\n<p><b>Model:<\/b> E120 BSC-2H<\/p>\n<p><b>Year of construction:<\/b> 2025<\/p>\n<p>Filtration system E 120-BSC-2-H<br \/>\nOil\/emulsion mist extraction systems<\/p>\n<p>PROPERTIES \/ FEATURES:<br \/>\nService door opening direction: in flow direction UP<br \/>\nAir outlet : RADIAL<br \/>\nwith pre-filter and neutralisation filter mechanical and:<br \/>\nconsisting of two electrostatic filtration stages for aerosols<br \/>\nfrom<br \/>\nIonisers and collectors<br \/>\n- Adjustable blower (ErP-Ready)<br \/>\n- Display ready for operation<br \/>\n- Electrics according to EN 60204<br \/>\n- Execution of the entire system in accordance with<br \/>\n  Machinery Directive <\/p>\n<p>TECHNICAL DATA:<br \/>\nFan capacity: 2400 m\u00b3\/h (free-blowing)<br \/>\nExtraction capacity: up to 1200 m\u00b3\/h<br \/>\nOperating voltage: 230 V +\/-10 % (207-253 V)<br \/>\nFrequency: 50-60 Hz<br \/>\nConnected load: 0.93 kVA<br \/>\nDifferential pressure: 840 Pa<br \/>\nSound pressure level: approx. 70 dB<br \/>\nTemperature: max. 40 \u00b0C<br \/>\nProtection class: IP 54<br \/>\nDimensions (L x W x H): 1130 x 660 x 610 mm <\/p>\n<p>Weight: approx. 110 kg <\/p>\n<p>Warranty: by arrangement<br \/>\nPaint finish: RAL 7035 (light grey) or (by arrangement)<br \/>\nDelivery time: by arrangement<\/p>\n<p>Changes and errors in the technical data and information as well as prior sale reserved!<\/p>\n<p>Filtration System E 120-BSC-2-H<br \/>\nOil \/ Emulsion Mist Extraction Units<\/p>\n<p>FEATURES \/ CHARACTERISTICS:<\/p>\n<p>Service door opening direction: in flow direction UP<\/p>\n<p>Air outlet: RADIAL<\/p>\n<p>Equipped with pre-filter and mechanical neutralisation filter as well as:<br \/>\ntwo electrostatic filtration stages for aerosols consisting of<br \/>\nionisers and collectors<\/p>\n<p>Adjustable fan (ErP-ready)<\/p>\n<p>Operating status indicator<\/p>\n<p>Electrical system according to EN 60204<\/p>\n<p>Entire system manufactured in compliance with the current<br \/>\nMachinery Directive<\/p>\n<p>TECHNICAL DATA:<\/p>\n<p>Fan capacity: 2400 m\u00b3\/h (free blowing)<\/p>\n<p>Extraction capacity: up to 1200 m\u00b3\/h<\/p>\n<p>Operating voltage: 230 V +\/-10 % (207-253 V)<\/p>\n<p>Frequency: 50-60 Hz<\/p>\n<p>Power consumption: 0.93 kVA<\/p>\n<p>Differential pressure: 840 Pa<\/p>\n<p>Sound pressure level: approx. 70 dB<\/p>\n<p>Temperature: max. 40 \u00b0C<\/p>\n<p>Protection class: IP 54<\/p>\n<p>Dimensions (L x W x H): 1130 x 660 x 610 mm<\/p>\n<p>Weight: approx. 110 kg<\/p>\n<p>Warranty: by agreement<\/p>\n<p>Paint finish: RAL 7035 (light grey) or (by agreement)<\/p>\n<p>Delivery time: by agreement<\/p>\n<p>Technical data and specifications are subject to change, errors excepted, and prior sale reserved.<\/p>","protected":false},"excerpt":{"rendered":"<p>Zustand: Gebraucht Hersteller: LTA Modell: E120 BSC-2H Baujahr: 2025 Filtrationssystem E 120-BSC-2-H \u00d6l-\/Emulsionsnebel-Abzugsanlagen EIGENSCHAFTEN \/ MERKMALE: \u00d6ffnungsrichtung Servicet\u00fcr: in Str\u00f6mungsrichtung OBEN Luftauslass : RADIAL mit Vorfilter und Neutralisationsfilter mechanisch sowie: zwei elektrostatischen Filtrationsstufen f\u00fcr Aerosole bestehend aus Ionisatoren und Kollektoren &#8211; Regelbares Gebl\u00e4se (ErP-Ready) &#8211; Anzeige Betriebsbereit &#8211; Elektrik nach EN 60204 &#8211; Ausf\u00fchrung der [&hellip;]<\/p>\n","protected":false},"featured_media":3882,"comment_status":"open","ping_status":"closed","template":"","meta":{"_uf_show_specific_survey":0,"_uf_disable_surveys":false},"product_brand":[],"product_cat":[19],"product_tag":[],"class_list":{"0":"post-3883","1":"product","2":"type-product","3":"status-publish","4":"has-post-thumbnail","6":"product_cat-oel-emulsionsnebel-abzugsanlagen","8":"first","9":"instock","10":"taxable","11":"shipping-taxable","12":"purchasable","13":"product-type-simple"},"aioseo_notices":[],"_links":{"self":[{"href":"https:\/\/mueller-wrh.de\/en\/wp-json\/wp\/v2\/product\/3883","targetHints":{"allow":["GET"]}}],"collection":[{"href":"https:\/\/mueller-wrh.de\/en\/wp-json\/wp\/v2\/product"}],"about":[{"href":"https:\/\/mueller-wrh.de\/en\/wp-json\/wp\/v2\/types\/product"}],"replies":[{"embeddable":true,"href":"https:\/\/mueller-wrh.de\/en\/wp-json\/wp\/v2\/comments?post=3883"}],"wp:featuredmedia":[{"embeddable":true,"href":"https:\/\/mueller-wrh.de\/en\/wp-json\/wp\/v2\/media\/3882"}],"wp:attachment":[{"href":"https:\/\/mueller-wrh.de\/en\/wp-json\/wp\/v2\/media?parent=3883"}],"wp:term":[{"taxonomy":"product_brand","embeddable":true,"href":"https:\/\/mueller-wrh.de\/en\/wp-json\/wp\/v2\/product_brand?post=3883"},{"taxonomy":"product_cat","embeddable":true,"href":"https:\/\/mueller-wrh.de\/en\/wp-json\/wp\/v2\/product_cat?post=3883"},{"taxonomy":"product_tag","embeddable":true,"href":"https:\/\/mueller-wrh.de\/en\/wp-json\/wp\/v2\/product_tag?post=3883"}],"curies":[{"name":"wp","href":"https:\/\/api.w.org\/{rel}","templated":true}]}}