{"id":3566,"date":"2025-07-01T15:09:06","date_gmt":"2025-07-01T15:09:06","guid":{"rendered":"https:\/\/mueller-wrh.de\/produkt\/fmb-lademagazin-bedientableau-pcs090-auch-plus-2001_intnr231330\/"},"modified":"2025-07-01T15:09:06","modified_gmt":"2025-07-01T15:09:06","slug":"fmb-lademagazin-bedientableau-pcs090-auch-plus-2001_intnr231330","status":"publish","type":"product","link":"https:\/\/mueller-wrh.de\/en\/product\/fmb-lademagazin-bedientableau-pcs090-auch-plus-2001_intnr231330\/","title":{"rendered":"FMB Loading magazine control panel PCS090 also Plus 2001_IntNr231330"},"content":{"rendered":"<p><b>Location:<\/b> Germany, Baden-W\u00fcrttemberg Southwest<\/p>\n<p><b>Condition:<\/b> Used<\/p>\n<p><b>Manufacturer:<\/b> FMB<\/p>\n<p><b>Model:<\/b> PCS090<\/p>\n<p><b>Year of construction:<\/b> 2001<\/p>\n<p>PCS090 control panel also Plus for FMB loading magazine<br \/>\nCan be viewed by appointment.<br \/>\nSubject to changes and errors in the technical data and specifications as well as prior sale!<\/p>\n<p>Control panel PCS090 also Plus for FMB loading magazine<br \/>\nCan be viewed by appointment.<br \/>\nSubject to changes and errors in the technical data and information as well as prior sale!<\/p>","protected":false},"excerpt":{"rendered":"<p>Standort: Deutschland, Baden-W\u00fcrttemberg S\u00fcdwest Zustand: Gebraucht Hersteller: FMB Modell: PCS090 Baujahr: 2001 Bedientableau PCS090 auch Plus f\u00fcr FMB Lademagazin Kann nach Terminvereinbarung besichtigt werden. \u00c4nderungen und Irrt\u00fcmer in den technischen Daten und Angaben sowie Zwischenverkauf vorbehalten! Control panel PCS090 also Plus for FMB loading magazine Can be viewed by appointment. Subject to changes and errors [&hellip;]<\/p>\n","protected":false},"featured_media":3564,"comment_status":"open","ping_status":"closed","template":"","meta":{"_uf_show_specific_survey":0,"_uf_disable_surveys":false},"product_brand":[],"product_cat":[105],"product_tag":[],"class_list":{"0":"post-3566","1":"product","2":"type-product","3":"status-publish","4":"has-post-thumbnail","6":"product_cat-zubehoer-sonstiges","8":"first","9":"instock","10":"taxable","11":"shipping-taxable","12":"product-type-simple"},"aioseo_notices":[],"_links":{"self":[{"href":"https:\/\/mueller-wrh.de\/en\/wp-json\/wp\/v2\/product\/3566","targetHints":{"allow":["GET"]}}],"collection":[{"href":"https:\/\/mueller-wrh.de\/en\/wp-json\/wp\/v2\/product"}],"about":[{"href":"https:\/\/mueller-wrh.de\/en\/wp-json\/wp\/v2\/types\/product"}],"replies":[{"embeddable":true,"href":"https:\/\/mueller-wrh.de\/en\/wp-json\/wp\/v2\/comments?post=3566"}],"wp:featuredmedia":[{"embeddable":true,"href":"https:\/\/mueller-wrh.de\/en\/wp-json\/wp\/v2\/media\/3564"}],"wp:attachment":[{"href":"https:\/\/mueller-wrh.de\/en\/wp-json\/wp\/v2\/media?parent=3566"}],"wp:term":[{"taxonomy":"product_brand","embeddable":true,"href":"https:\/\/mueller-wrh.de\/en\/wp-json\/wp\/v2\/product_brand?post=3566"},{"taxonomy":"product_cat","embeddable":true,"href":"https:\/\/mueller-wrh.de\/en\/wp-json\/wp\/v2\/product_cat?post=3566"},{"taxonomy":"product_tag","embeddable":true,"href":"https:\/\/mueller-wrh.de\/en\/wp-json\/wp\/v2\/product_tag?post=3566"}],"curies":[{"name":"wp","href":"https:\/\/api.w.org\/{rel}","templated":true}]}}