{"id":3556,"date":"2025-07-01T14:38:07","date_gmt":"2025-07-01T14:38:07","guid":{"rendered":"https:\/\/mueller-wrh.de\/produkt\/siemens-motor_1fk6063-6af71-1eh2-intnr231328\/"},"modified":"2025-07-01T14:38:07","modified_gmt":"2025-07-01T14:38:07","slug":"siemens-motor_1fk6063-6af71-1eh2-intnr231328","status":"publish","type":"product","link":"https:\/\/mueller-wrh.de\/en\/product\/siemens-motor_1fk6063-6af71-1eh2-intnr231328\/","title":{"rendered":"Siemens Motor_1FK6063-6AF71-1EH2 IntNo231328"},"content":{"rendered":"<p><b>Location:<\/b> Germany, Baden-W\u00fcrttemberg Southwest<\/p>\n<p><b>Condition:<\/b> Used<\/p>\n<p><b>Manufacturer:<\/b> Siemens<\/p>\n<p><b>Model:<\/b> SV motor<\/p>\n<p><b>Year of construction:<\/b> 2004<\/p>\n<p><b>Operating hours:<\/b> 0<\/p>\n<p>Siemens SV_Motor_A06B-0866-B380 AC spindle motor<br \/>\nTechnical data<br \/>\nType: Synchronous servomotor, model 1FK6, 6-pole<br \/>\nNominal torque: 11 Nm<br \/>\nNominal speed: 3000 rpm (100 Hz)<br \/>\nCooling: Naturally cooled, design IM B5 (V1, V3)<br \/>\nConnection: power\/signal plug, rotatable through 270\u00b0<br \/>\nEncoder: Absolute encoder EnDat 2048 S\/R (Encoder A-2048)<br \/>\nShaft: Smooth, tolerance class N, with integrated holding brake<br \/>\nProtection class: IP65, additionally IP67 on the shaft flange (DE)<br \/>\nWeight: approx. 14.6 kg<br \/>\nDesign\/flange: DE flange compatible with IP67<br \/>\nOrigin: Germany<br \/>\nStandard: Compliant with Machinery Directive 2006\/42\/EC<br \/>\nThe engine can be inspected by appointment.<br \/>\nChanges and errors in the technical data and information as well as prior sale reserved!<\/p>\n<p>Technical data<br \/>\nType: Synchronous servo motor, model 1FK6, 6-pole<br \/>\nNominal torque: 11 Nm<br \/>\nNominal speed: 3000 rpm (100 Hz)<br \/>\nCooling: Naturally cooled, IM B5 (V1, V3) design<br \/>\nConnection: Power\/signal connector, rotatable by 270\u00b0<br \/>\nEncoder: EnDat 2048 S\/R absolute encoder (encoder A-2048)<br \/>\nShaft: Smooth, tolerance class N, with integrated holding brake<br \/>\nProtection class: IP65, on shaft flange (DE) additionally IP67<br \/>\nWeight: approx. 14.6 kg<br \/>\nDesign\/flange: DE flange compatible with IP67<br \/>\nOrigin: Germany<br \/>\nStandard: Machinery Directive 2006\/42\/EC compliant<\/p>\n<p>The motor can be inspected by appointment.<br \/>\nSubject to changes and errors in the technical data and information as well as prior sale!<\/p>\n<p>Translated with DeepL.com (free version)<\/p>","protected":false},"excerpt":{"rendered":"<p>Standort: Deutschland, Baden-W\u00fcrttemberg S\u00fcdwest Zustand: Gebraucht Hersteller: Siemens Modell: SV-Motor Baujahr: 2004 Betriebsstunden: 0 Siemens SV_Motor_A06B-0866-B380 AC Spindel Motor Technische Daten Typ: Synchronsservomotor, Modell 1FK6, 6\u2011polig Nenndrehmoment: 11\u202fNm Nenndrehzahl: 3000\u202fU\/min (100\u202fHz) K\u00fchlung: Nat\u00fcrlich gek\u00fchlt, Bauform IM\u202fB5 (V1, V3) Anschluss: Leistungs-\/Signalstecker, drehbar um 270\u00b0 Encoder: Absolutwertgeber EnDat 2048 S\/R (Encoder A\u20112048) Welle: Glatt, Toleranzklasse N, mit [&hellip;]<\/p>\n","protected":false},"featured_media":3555,"comment_status":"open","ping_status":"closed","template":"","meta":{"_uf_show_specific_survey":0,"_uf_disable_surveys":false},"product_brand":[],"product_cat":[87],"product_tag":[],"class_list":{"0":"post-3556","1":"product","2":"type-product","3":"status-publish","4":"has-post-thumbnail","6":"product_cat-servomotoren","8":"first","9":"instock","10":"taxable","11":"shipping-taxable","12":"product-type-simple"},"aioseo_notices":[],"_links":{"self":[{"href":"https:\/\/mueller-wrh.de\/en\/wp-json\/wp\/v2\/product\/3556","targetHints":{"allow":["GET"]}}],"collection":[{"href":"https:\/\/mueller-wrh.de\/en\/wp-json\/wp\/v2\/product"}],"about":[{"href":"https:\/\/mueller-wrh.de\/en\/wp-json\/wp\/v2\/types\/product"}],"replies":[{"embeddable":true,"href":"https:\/\/mueller-wrh.de\/en\/wp-json\/wp\/v2\/comments?post=3556"}],"wp:featuredmedia":[{"embeddable":true,"href":"https:\/\/mueller-wrh.de\/en\/wp-json\/wp\/v2\/media\/3555"}],"wp:attachment":[{"href":"https:\/\/mueller-wrh.de\/en\/wp-json\/wp\/v2\/media?parent=3556"}],"wp:term":[{"taxonomy":"product_brand","embeddable":true,"href":"https:\/\/mueller-wrh.de\/en\/wp-json\/wp\/v2\/product_brand?post=3556"},{"taxonomy":"product_cat","embeddable":true,"href":"https:\/\/mueller-wrh.de\/en\/wp-json\/wp\/v2\/product_cat?post=3556"},{"taxonomy":"product_tag","embeddable":true,"href":"https:\/\/mueller-wrh.de\/en\/wp-json\/wp\/v2\/product_tag?post=3556"}],"curies":[{"name":"wp","href":"https:\/\/api.w.org\/{rel}","templated":true}]}}