{"id":3406,"date":"2025-04-29T16:39:31","date_gmt":"2025-04-29T16:39:31","guid":{"rendered":"https:\/\/mueller-wrh.de\/produkt\/gebr-profilprojektor-mitutoyo-pv-500-_intnr231045\/"},"modified":"2025-04-29T16:39:31","modified_gmt":"2025-04-29T16:39:31","slug":"gebr-profilprojektor-mitutoyo-pv-500-_intnr231045","status":"publish","type":"product","link":"https:\/\/mueller-wrh.de\/en\/product\/gebr-profilprojektor-mitutoyo-pv-500-_intnr231045\/","title":{"rendered":"used profile projector Mitutoyo PV 500 _IntNr231045"},"content":{"rendered":"<p><b>Location:<\/b> Germany, Baden-W\u00fcrttemberg Southwest<\/p>\n<p><b>Condition:<\/b> Used<\/p>\n<p><b>Operating hours:<\/b> none<\/p>\n<p>IntNo231045<br \/>\nGebr.<br \/>\nProfile projector Mitutoyo PV 500<br \/>\nwith 500 mm screen and digital display<br \/>\nTechnical data:<br \/>\nProfile projector make MITUTOYO type PV-500<br \/>\nScreen diameter 508 mm<br \/>\nScreen rotatable through 360\u00b0 (vernier 1')<br \/>\nMagnification possible 5 x , 10 x , 20 x , 50 x , 100 x<br \/>\nInstallation via insert system with adapter<br \/>\nMagnification accuracy with transmitted light\/ reflected light +- 0.1% \/ +- 0.15%<br \/>\nMains 220 V, 50 Hz<br \/>\nPower consumption 340 VA<br \/>\nBasic appliance dimensions 900 x 700 x 1700 mm<br \/>\nWeight 180 kg<br \/>\nwith<br \/>\n- Mitutoyo 2-axis digital display<br \/>\nAccessories <\/p>\n<p>The machine can be inspected by appointment.<br \/>\nChanges and errors in the technical data and information as well as prior sale reserved!<\/p>\n<p>Used<br \/>\nProfile projector Mitutoyo PV 500<br \/>\nwith 500 mm screen and digital display<br \/>\nTechnical data:<br \/>\nProfile projector make MITUTOYO type PV-500<br \/>\nScreen diameter 508 mm<br \/>\nScreen rotatable by 360\u00b0 (vernier 1\u2032)<br \/>\nMagnification possible 5 x , 10 x , 20 x , 50 x , 100 x<br \/>\nInstallation by insert system with adapter<br \/>\nMagnification accuracy with transmitted light\/ reflected light +- 0.1% \/ +- 0.15%<br \/>\nMains 220 V, 50 Hz<br \/>\nPower consumption 340 VA<br \/>\nBasic device dimensions 900 x 700 x 1700 mm<br \/>\nWeight 180 kg<br \/>\nWith<br \/>\n- 2-axis digital display Mitutoyo<br \/>\nAccessories <\/p>\n<p>The machine can be inspected by appointment.<br \/>\nChanges and errors in the technical data and information as well as prior sale reserved!<\/p>","protected":false},"excerpt":{"rendered":"<p>Standort: Deutschland, Baden-W\u00fcrttemberg S\u00fcdwest Zustand: Gebraucht Betriebsstunden: keine IntNr231045 Gebr. Profilprojektor Mitutoyo PV 500 mit Bildschirm 500 mm und digitaler Anzeige Technische Daten: Profilprojektor Fabrikat MITUTOYO Typ PV-500 Bildschirmdurchmesser 508 mm Bildschirm drehbar um 360\u00b0 (Nonius 1\u00b4) Vergr\u00f6\u00dferung m\u00f6glich 5 x , 10 x , 20 x ,50x , 100 x Einbau erfolgt durch Einsatzsystem [&hellip;]<\/p>\n","protected":false},"featured_media":3402,"comment_status":"open","ping_status":"closed","template":"","meta":{"_uf_show_specific_survey":0,"_uf_disable_surveys":false},"product_brand":[],"product_cat":[98],"product_tag":[],"class_list":{"0":"post-3406","1":"product","2":"type-product","3":"status-publish","4":"has-post-thumbnail","6":"product_cat-messtechnik","8":"first","9":"instock","10":"taxable","11":"shipping-taxable","12":"product-type-simple"},"aioseo_notices":[],"_links":{"self":[{"href":"https:\/\/mueller-wrh.de\/en\/wp-json\/wp\/v2\/product\/3406","targetHints":{"allow":["GET"]}}],"collection":[{"href":"https:\/\/mueller-wrh.de\/en\/wp-json\/wp\/v2\/product"}],"about":[{"href":"https:\/\/mueller-wrh.de\/en\/wp-json\/wp\/v2\/types\/product"}],"replies":[{"embeddable":true,"href":"https:\/\/mueller-wrh.de\/en\/wp-json\/wp\/v2\/comments?post=3406"}],"wp:featuredmedia":[{"embeddable":true,"href":"https:\/\/mueller-wrh.de\/en\/wp-json\/wp\/v2\/media\/3402"}],"wp:attachment":[{"href":"https:\/\/mueller-wrh.de\/en\/wp-json\/wp\/v2\/media?parent=3406"}],"wp:term":[{"taxonomy":"product_brand","embeddable":true,"href":"https:\/\/mueller-wrh.de\/en\/wp-json\/wp\/v2\/product_brand?post=3406"},{"taxonomy":"product_cat","embeddable":true,"href":"https:\/\/mueller-wrh.de\/en\/wp-json\/wp\/v2\/product_cat?post=3406"},{"taxonomy":"product_tag","embeddable":true,"href":"https:\/\/mueller-wrh.de\/en\/wp-json\/wp\/v2\/product_tag?post=3406"}],"curies":[{"name":"wp","href":"https:\/\/api.w.org\/{rel}","templated":true}]}}