{"id":3157,"date":"2025-03-13T16:40:11","date_gmt":"2025-03-13T16:40:11","guid":{"rendered":"https:\/\/mueller-wrh.de\/produkt\/buechele-filteranlage-und-spaenefoerdersystem-fuer-cnc-werkzeugmaschinen-fuer-fanuc-robodrill-%ce%b1-d21lib5-plus-bab-zentrum_2022_02_intnr231242\/"},"modified":"2025-03-13T16:40:11","modified_gmt":"2025-03-13T16:40:11","slug":"buechele-filteranlage-und-spaenefoerdersystem-fuer-cnc-werkzeugmaschinen-fuer-fanuc-robodrill-%ce%b1-d21lib5-plus-bab-zentrum_2022_02_intnr231242","status":"publish","type":"product","link":"https:\/\/mueller-wrh.de\/en\/product\/buechele-filteranlage-und-spaenefoerdersystem-fuer-cnc-werkzeugmaschinen-fuer-fanuc-robodrill-%ce%b1-d21lib5-plus-bab-zentrum_2022_02_intnr231242\/","title":{"rendered":"B\u00fcchele filter system and chip conveyor system for CNC machine tools for FANUC ROBODRILL \u03b1-D21LiB5 Plus BAB-Zentrum_2022_02_IntNr231242"},"content":{"rendered":"<p><b>Location:<\/b> Germany, Baden-W\u00fcrttemberg Southwest<\/p>\n<p><b>Condition:<\/b> New<\/p>\n<p><b>Manufacturer:<\/b> SF Systems B\u00fcchele<\/p>\n<p><b>Model:<\/b> SFB 600 _KF 200\/950<\/p>\n<p><b>Year of construction:<\/b> 2024<\/p>\n<p><b>Operating hours:<\/b> 0<\/p>\n<p>IntNo231242<\/p>\n<p>B\u00fcchele SFB-600 filter system and chip conveyor system for CNC machine tools for FANUC ROBODRILL \u03b1-D21LiB5 Plus BAB centre<br \/>\nConveyor + full-flow filter system<br \/>\nExecution:<br \/>\nConsisting of:<br \/>\nType: KF 200\/950<br \/>\nScrew pump KTS 25-38-T; 400V; 50 Hz<br \/>\nCentrifugal pump 1 MTR 10-14\/6; 400 V; 50 Hz<br \/>\nCentrifugal pump 2 MTR 3-23\/7; 400V; 50 Hz<br \/>\nVersion: Left-hand version<br \/>\nCompact filter KF 200 \/ 950<br \/>\nFleece holder KF top (integrated in the housing)<br \/>\nFilter capacity 200 l\/min<br \/>\nFilter fleece PW 70\/70<br \/>\nLeft\" version<br \/>\nTank:Type FKA\/950<br \/>\nLength 1,600 mm<br \/>\nWidth 1,010 mm<br \/>\nHeight 900 mm<br \/>\nGround clearance 100 mm<br \/>\nCapacity 950 litres<br \/>\nMaterial steel, sheet thickness 3 mm<br \/>\nSheet steel tank cover<br \/>\nRadiator connections prepared<br \/>\nPipework for the pump holder one bulkhead strip<br \/>\nInlet outlet nozzle for a continuous flow cooler.<br \/>\nLevel sensor 1 ST<br \/>\nMake: Knoll Balluff with visual display<br \/>\nNumber of switching points 3 ST<br \/>\naccording to 70 915 11808<br \/>\nPump 1 ST<br \/>\nCentrifugal pump for bed flushing<br \/>\nPressure 3.2 bar \/ Manufacturer Grundfos<br \/>\nType MTR 10-16\/4<br \/>\nPower 1.50 kW<br \/>\nVolume flow 120-150 l\/min<br \/>\nPump 1 ST<br \/>\nCentrifugal pump for external cooling\/wash gun<br \/>\nPressure 5.0 bar<br \/>\nManufacturer Grundfos<br \/>\nType MTR 3-36\/7<br \/>\nPower 0.55 kW<br \/>\nVolume flow 30-50 l\/min<br \/>\nPipework with 3\/2 way valve MK10DR<br \/>\nControl:<br \/>\n1st door closed Signal: Normal operation external cooling<br \/>\n2nd door open Signal: Wash gun operation<br \/>\nuntil after 60 seconds, then signal,<br \/>\nPump off<br \/>\nScrew pump KTS 25 1 ST<br \/>\nType: KTS 25<br \/>\nPower at 50 Hz at 400 V 4.00 kW<br \/>\nVoltage at 50Hz 400 V<br \/>\nFrequency 50 Hz<br \/>\nEfficiency class IE3<br \/>\nWithout frequency control<br \/>\nPipework Yes<br \/>\nStandard pipework Yes<br \/>\nValve DBV-60\/75<br \/>\nPressure gauge BAR<br \/>\nVolume flow 25 l\/min<br \/>\nPressure 60 bar<br \/>\nFunction IKZ<br \/>\nPipework 1 pc<br \/>\nHigh pressure pipework<br \/>\nExecution Ermeto<br \/>\nElectrics 1 ST<br \/>\nElectrical enclosure version<br \/>\nDigital sensors (switching point) 3 ST<br \/>\nSensors analogue 3 ST<br \/>\nFilter units KF<br \/>\nConveyor system Pluggable<br \/>\nSpecial control<br \/>\nText display KTP 400 Comfort<br \/>\nEnclosure housing Wall-mounted enclosure<br \/>\nDigital\/analogue level sensors<br \/>\nMain switch<br \/>\nInterface cable 8 running metres, with HARTING connector on both sides incl.<br \/>\nMating connector<br \/>\nMains power cable 5 metres with CEE plug<\/p>\n<p>The machine can be viewed by appointment.<br \/>\nChanges and errors in the technical data and information as well as prior sale reserved!<\/p>\n<p>B\u00fcchele Filter System and Chip Conveyor for CNC Machine Tools for FANUC ROBODRILL \u03b1-D21LiB5 Plus BAB Centre<br \/>\nConveyor + Full-Flow Filter System<\/p>\n<p>Specifications:<br \/>\nConsisting of:<\/p>\n<p>Type: KF 200\/950<br \/>\nScrew Spindle Pump: KTS 25-38-T; 400V; 50 Hz<br \/>\nCentrifugal Pump 1: MTR 10-14\/6; 400V; 50 Hz<br \/>\nCentrifugal Pump 2: MTR 3-23\/7; 400V; 50 Hz<br \/>\nConfiguration: Left-side version<br \/>\nCompact filter KF 200 \/ 950<br \/>\nFilter fleece intake: KF Top (integrated in the housing)<br \/>\nFiltering capacity: 200 l\/min<br \/>\nFilter fleece: PW 70\/70<br \/>\nVersion: Left<br \/>\nTank: Type FKA\/950<br \/>\nLength: 1,600 mm<br \/>\nWidth: 1,010 mm<br \/>\nHeight: 900 mm<br \/>\nGround clearance: 100 mm<br \/>\nCapacity: 950 litres<br \/>\nMaterial: Steel, sheet thickness 3 mm<br \/>\nTank cover: Steel sheet<br \/>\nCooler connections: Prepared<br \/>\nPiping for pump intake: One bulkhead moulding<br \/>\nInlet and outlet connections: For a circulation cooler<br \/>\nFill level sensor: 1 pc<br \/>\nManufacturer: Knoll Balluff with visual display<br \/>\nNumber of switch points: 3 pcs<br \/>\nAccording to standard: 70 915 11808<br \/>\nPumps:<br \/>\nCentrifugal Pump for Bed Flushing:<\/p>\n<p>Pressure: 3.2 bar<br \/>\nManufacturer: Grundfos<br \/>\nType: MTR 10-16\/4<br \/>\nPower: 1.50 kW<br \/>\nFlow rate: 120-150 l\/min<br \/>\nCentrifugal Pump for External Cooling \/ Washing Gun:<\/p>\n<p>Pressure: 5.0 bar<br \/>\nManufacturer: Grundfos<br \/>\nType: MTR 3-36\/7<br \/>\nPower: 0.55 kW<br \/>\nFlow rate: 30-50 l\/min<br \/>\nPiping with 3\/2-Way Valve: MK10DR<br \/>\nControl System:<br \/>\nDoor Closed Signal: Normal operation - external cooling<br \/>\nDoor Open Signal: Washing gun operation (up to 60 seconds), then signal - pump off<br \/>\nScrew Spindle Pump KTS 25 (1 pc):<br \/>\nType: KTS 25<br \/>\nPower at 50 Hz \/ 400V: 4.00 kW<br \/>\nVoltage: 400V<br \/>\nFrequency: 50 Hz<br \/>\nEfficiency Class: IE3<br \/>\nWithout frequency control<br \/>\nPiping: Yes<br \/>\nStandard piping: Yes<br \/>\nValve DBV-60\/75<br \/>\nPressure gauge: BAR<br \/>\nFlow rate: 25 l\/min<br \/>\nPressure: 60 bar<br \/>\nFunction: IKZ<br \/>\nAdditional Piping (1 pc):<br \/>\nHigh-pressure piping<br \/>\nDesign: Ermeto<br \/>\nElectrical System (1 pc):<br \/>\nElectrical control cabinet<br \/>\nDigital sensors (switching point): 3 pcs<br \/>\nAnalogue sensors: 3 pcs<br \/>\nFilter units: KF<br \/>\nModular conveyor system<br \/>\nSpecial control system<br \/>\nText display: KTP 400 Comfort<br \/>\nControl cabinet housing: Wall cabinet<br \/>\nFill level sensors: Digital\/analogue<br \/>\nMain switch<br \/>\nInterface cable: 8 metres, both ends with HARTING connector incl. matching plug<br \/>\nPower cable: 5 metres with CEE plug<br \/>\nThe machine can be inspected by appointment.<br \/>\nChanges and errors in technical data and specifications, as well as prior sale, are reserved!<\/p>","protected":false},"excerpt":{"rendered":"<p>Standort: Deutschland, Baden-W\u00fcrttemberg S\u00fcdwest Zustand: Neu Hersteller: SF-Systeme B\u00fcchele Modell: SFB 600 _KF 200\/950 Baujahr: 2024 Betriebsstunden: 0 IntNr231242 B\u00fcchele SFB-600 Filteranlage und Sp\u00e4nef\u00f6rdersystem f\u00fcr CNC-Werkzeugmaschinen f\u00fcr FANUC ROBODRILL \u03b1-D21LiB5 Plus BAB-Zentrum F\u00f6rderer + Vollstromfilteranlage Ausf\u00fchrung: Bestehend aus: Typ: KF 200\/950 Schraubenspindelpumpe KTS 25-38-T; 400V; 50 Hz Kreiselpumpe 1 MTR 10-14\/6; 400 V; 50 Hz [&hellip;]<\/p>\n","protected":false},"featured_media":3154,"comment_status":"open","ping_status":"closed","template":"","meta":{"_uf_show_specific_survey":0,"_uf_disable_surveys":false},"product_brand":[],"product_cat":[104],"product_tag":[],"class_list":{"0":"post-3157","1":"product","2":"type-product","3":"status-publish","4":"has-post-thumbnail","6":"product_cat-hochdruckanlagen","8":"first","9":"instock","10":"taxable","11":"shipping-taxable","12":"product-type-simple"},"aioseo_notices":[],"_links":{"self":[{"href":"https:\/\/mueller-wrh.de\/en\/wp-json\/wp\/v2\/product\/3157","targetHints":{"allow":["GET"]}}],"collection":[{"href":"https:\/\/mueller-wrh.de\/en\/wp-json\/wp\/v2\/product"}],"about":[{"href":"https:\/\/mueller-wrh.de\/en\/wp-json\/wp\/v2\/types\/product"}],"replies":[{"embeddable":true,"href":"https:\/\/mueller-wrh.de\/en\/wp-json\/wp\/v2\/comments?post=3157"}],"wp:featuredmedia":[{"embeddable":true,"href":"https:\/\/mueller-wrh.de\/en\/wp-json\/wp\/v2\/media\/3154"}],"wp:attachment":[{"href":"https:\/\/mueller-wrh.de\/en\/wp-json\/wp\/v2\/media?parent=3157"}],"wp:term":[{"taxonomy":"product_brand","embeddable":true,"href":"https:\/\/mueller-wrh.de\/en\/wp-json\/wp\/v2\/product_brand?post=3157"},{"taxonomy":"product_cat","embeddable":true,"href":"https:\/\/mueller-wrh.de\/en\/wp-json\/wp\/v2\/product_cat?post=3157"},{"taxonomy":"product_tag","embeddable":true,"href":"https:\/\/mueller-wrh.de\/en\/wp-json\/wp\/v2\/product_tag?post=3157"}],"curies":[{"name":"wp","href":"https:\/\/api.w.org\/{rel}","templated":true}]}}