{"id":3061,"date":"2025-03-13T16:36:48","date_gmt":"2025-03-13T16:36:48","guid":{"rendered":"https:\/\/mueller-wrh.de\/produkt\/gebr-biglia-wkz-halter-fest-used-toolholder-fixed-oesterle-mit-ikz_intnr231227\/"},"modified":"2025-03-13T16:36:48","modified_gmt":"2025-03-13T16:36:48","slug":"gebr-biglia-wkz-halter-fest-used-toolholder-fixed-oesterle-mit-ikz_intnr231227","status":"publish","type":"product","link":"https:\/\/mueller-wrh.de\/en\/product\/gebr-biglia-wkz-halter-fest-used-toolholder-fixed-oesterle-mit-ikz_intnr231227\/","title":{"rendered":"gebbr. Biglia WKZ-Halter fest\/used toolholder fixed Oesterle with IKZ_IntNr231227"},"content":{"rendered":"<p><b>Location:<\/b> Germany, Baden-W\u00fcrttemberg Southwest<\/p>\n<p><b>Condition:<\/b> As good as new<\/p>\n<p><b>Manufacturer:<\/b> Oesterle<\/p>\n<p><b>Model:<\/b> 350 5421 D25 B109 XKA<\/p>\n<p><b>Year of construction:<\/b> 2015<\/p>\n<p>Drill holder<br \/>\nCompatible machines<br \/>\nBIGLIA - B436<br \/>\nBIGLIA - B438<br \/>\nBIGLIA - BMX 45Y2<br \/>\nBI-WZ16BO25i<br \/>\nHigh-precision boring bar holder \u00d8 25 mm<br \/>\nwith IKZ (Oesterle)<br \/>\n350 5421 D25 BI09 XKA<br \/>\nClamping diameter \u00d8 25 mm H6<br \/>\nCoolant<br \/>\nexternal + IKZ 180 bar<br \/>\nWeight 2.5 kg<\/p>\n<p>drill holder<br \/>\nBI-WZ16BO25i<br \/>\nCompatible machines<br \/>\nBIGLIA - B436<br \/>\nBIGLIA - B438<br \/>\nBIGLIA - BMX 45Y2<br \/>\nHigh-precision boring bar holder \u00d8 25 mm<br \/>\nwith IKZ (Oesterle)<br \/>\n350 5421 D25 BI09 XKA<br \/>\nClamping diameter \u00d8 25 mm H6<br \/>\nCoolant<br \/>\nexternal + IKZ 180 bar<br \/>\nWeight 2.5 kg<\/p>","protected":false},"excerpt":{"rendered":"<p>Standort: Deutschland, Baden-W\u00fcrttemberg S\u00fcdwest Zustand: Neuwertig Hersteller: Oesterle Modell: 350 5421 D25 B109 XKA Baujahr: 2015 gebr. Bohrhalter Kompatible Maschinen BIGLIA &#8211; B436 BIGLIA &#8211; B438 BIGLIA &#8211; BMX 45Y2 BI-WZ16BO25i Hochpr\u00e4zision-Bohrstangenhalter \u00d8 25 mm mit IKZ (Oesterle) 350 5421 D25 BI09 XKA Spanndurchmesser \u00d8 25 mm H6 K\u00fchlmittel extern + IKZ 180 bar Gewicht [&hellip;]<\/p>\n","protected":false},"featured_media":3053,"comment_status":"open","ping_status":"closed","template":"","meta":{"_uf_show_specific_survey":0,"_uf_disable_surveys":false},"product_brand":[],"product_cat":[20],"product_tag":[],"class_list":{"0":"post-3061","1":"product","2":"type-product","3":"status-publish","4":"has-post-thumbnail","6":"product_cat-werkzeughalter","8":"first","9":"instock","10":"taxable","11":"shipping-taxable","12":"product-type-simple"},"aioseo_notices":[],"_links":{"self":[{"href":"https:\/\/mueller-wrh.de\/en\/wp-json\/wp\/v2\/product\/3061","targetHints":{"allow":["GET"]}}],"collection":[{"href":"https:\/\/mueller-wrh.de\/en\/wp-json\/wp\/v2\/product"}],"about":[{"href":"https:\/\/mueller-wrh.de\/en\/wp-json\/wp\/v2\/types\/product"}],"replies":[{"embeddable":true,"href":"https:\/\/mueller-wrh.de\/en\/wp-json\/wp\/v2\/comments?post=3061"}],"wp:featuredmedia":[{"embeddable":true,"href":"https:\/\/mueller-wrh.de\/en\/wp-json\/wp\/v2\/media\/3053"}],"wp:attachment":[{"href":"https:\/\/mueller-wrh.de\/en\/wp-json\/wp\/v2\/media?parent=3061"}],"wp:term":[{"taxonomy":"product_brand","embeddable":true,"href":"https:\/\/mueller-wrh.de\/en\/wp-json\/wp\/v2\/product_brand?post=3061"},{"taxonomy":"product_cat","embeddable":true,"href":"https:\/\/mueller-wrh.de\/en\/wp-json\/wp\/v2\/product_cat?post=3061"},{"taxonomy":"product_tag","embeddable":true,"href":"https:\/\/mueller-wrh.de\/en\/wp-json\/wp\/v2\/product_tag?post=3061"}],"curies":[{"name":"wp","href":"https:\/\/api.w.org\/{rel}","templated":true}]}}