{"id":2915,"date":"2025-03-13T16:31:55","date_gmt":"2025-03-13T16:31:55","guid":{"rendered":"https:\/\/mueller-wrh.de\/produkt\/bzi-52-sk-52-spannkoepfe-glatt-mit-quer-und-laengsrillen-intnr231184\/"},"modified":"2025-03-13T16:31:55","modified_gmt":"2025-03-13T16:31:55","slug":"bzi-52-sk-52-spannkoepfe-glatt-mit-quer-und-laengsrillen-intnr231184","status":"publish","type":"product","link":"https:\/\/mueller-wrh.de\/en\/product\/bzi-52-sk-52-spannkoepfe-glatt-mit-quer-und-laengsrillen-intnr231184\/","title":{"rendered":"BZI 52 \/ SK 52 Clamping heads smooth, with transverse and longitudinal grooves IntNo231184"},"content":{"rendered":"<p><b>Location:<\/b> Germany, Baden-W\u00fcrttemberg Southwest<\/p>\n<p><b>Condition:<\/b> As good as new<\/p>\n<p><b>Model:<\/b> BZI 52 \/ SK 52<\/p>\n<p>IntNo231184<br \/>\nArticle description: BZI 52 \/ SK 52 clamping heads<\/p>\n<p>Suitable for:<\/p>\n<p>HAINBUCH SPANNTOP 52-A5 \/ Nova and MINI<br \/>\nComparable makes \/ manufacturers<br \/>\nVersions:<\/p>\n<p>Smooth clamping heads<br \/>\nWith transverse and longitudinal grooves for raw material<br \/>\nProfile variants: Round and hexagonal (0.5 mm or 1 mm rising)<br \/>\nPossible applications: Fine machining<br \/>\nCondition:<\/p>\n<p>New and used available in various dimensions<br \/>\nOrder:<br \/>\nPlease specify the desired clamping\u2300 when ordering.<\/p>\n<p>Areas of application:<\/p>\n<p>Machining centres<br \/>\nMeasuring machines<br \/>\nPallet clamping<br \/>\nNotes:<\/p>\n<p>Clamping heads for special profiles according to individual requirements on request<br \/>\nOther cone sizes, shapes (e.g. square) and machinable blanks also available on request<\/p>\n<p>Changes and errors in the technical data and information as well as prior sale reserved!<\/p>\n<p>Internal number: IntNr231184<br \/>\nArticle description: BZI 52 \/ SK 52 clamping heads<\/p>\n<p>Suitable for:<\/p>\n<p>HAINBUCH SPANNTOP 52-A5 \/ Nova and MINI<br \/>\nComparable makes \/ manufacturers<br \/>\nVersions:<\/p>\n<p>Smooth expansion chucks<br \/>\nWith transverse and longitudinal grooves for raw material<br \/>\nProfile variants: Round and hexagonal (0.5 mm or 1 mm increasing)<br \/>\nPossible applications: Fine machining<br \/>\nCondition:<\/p>\n<p>New and used available in various dimensions<br \/>\nOrder:<br \/>\nPlease specify the required clamping \u2300 when ordering.<\/p>\n<p>Areas of application:<\/p>\n<p>Machining centres<br \/>\nMeasuring machines<br \/>\nPallet clamping<br \/>\nNotes:<\/p>\n<p>Clamping heads for special profiles according to individual requirements on request<br \/>\nOther taper sizes, shapes (e.g. square) and machinable blanks also available on request<\/p>\n<p>Subject to changes and errors in technical data and information as well as prior sale!<\/p>","protected":false},"excerpt":{"rendered":"<p>Standort: Deutschland, Baden-W\u00fcrttemberg S\u00fcdwest Zustand: Neuwertig Modell: BZI 52 \/ SK 52 IntNr231184 Artikelbeschreibung: BZI 52 \/ SK 52 Spannk\u00f6pfe Geeignet f\u00fcr: HAINBUCH SPANNTOP 52-A5 \/ Nova und MINI Vergleichbare Fabrikate \/ Hersteller Ausf\u00fchrungen: Glatte Spannk\u00f6pfe Mit Quer- und L\u00e4ngsrillen f\u00fcr Rohmaterial Profilvarianten: Rund und 6-Kant (0,5 mm oder 1 mm steigend) Einsatzm\u00f6glichkeiten: Feinbearbeitung Zustand: [&hellip;]<\/p>\n","protected":false},"featured_media":2909,"comment_status":"open","ping_status":"closed","template":"","meta":{"_uf_show_specific_survey":0,"_uf_disable_surveys":false},"product_brand":[],"product_cat":[102],"product_tag":[],"class_list":{"0":"post-2915","1":"product","2":"type-product","3":"status-publish","4":"has-post-thumbnail","6":"product_cat-spannzangen","8":"first","9":"instock","10":"taxable","11":"shipping-taxable","12":"product-type-simple"},"aioseo_notices":[],"_links":{"self":[{"href":"https:\/\/mueller-wrh.de\/en\/wp-json\/wp\/v2\/product\/2915","targetHints":{"allow":["GET"]}}],"collection":[{"href":"https:\/\/mueller-wrh.de\/en\/wp-json\/wp\/v2\/product"}],"about":[{"href":"https:\/\/mueller-wrh.de\/en\/wp-json\/wp\/v2\/types\/product"}],"replies":[{"embeddable":true,"href":"https:\/\/mueller-wrh.de\/en\/wp-json\/wp\/v2\/comments?post=2915"}],"wp:featuredmedia":[{"embeddable":true,"href":"https:\/\/mueller-wrh.de\/en\/wp-json\/wp\/v2\/media\/2909"}],"wp:attachment":[{"href":"https:\/\/mueller-wrh.de\/en\/wp-json\/wp\/v2\/media?parent=2915"}],"wp:term":[{"taxonomy":"product_brand","embeddable":true,"href":"https:\/\/mueller-wrh.de\/en\/wp-json\/wp\/v2\/product_brand?post=2915"},{"taxonomy":"product_cat","embeddable":true,"href":"https:\/\/mueller-wrh.de\/en\/wp-json\/wp\/v2\/product_cat?post=2915"},{"taxonomy":"product_tag","embeddable":true,"href":"https:\/\/mueller-wrh.de\/en\/wp-json\/wp\/v2\/product_tag?post=2915"}],"curies":[{"name":"wp","href":"https:\/\/api.w.org\/{rel}","templated":true}]}}