{"id":2874,"date":"2025-03-13T16:29:22","date_gmt":"2025-03-13T16:29:22","guid":{"rendered":"https:\/\/mueller-wrh.de\/produkt\/gebr-werkzeughalter-star-451-59-00_star-sv-20-intnr231152\/"},"modified":"2025-03-13T16:29:22","modified_gmt":"2025-03-13T16:29:22","slug":"gebr-werkzeughalter-star-451-59-00_star-sv-20-intnr231152","status":"publish","type":"product","link":"https:\/\/mueller-wrh.de\/en\/product\/gebr-werkzeughalter-star-451-59-00_star-sv-20-intnr231152\/","title":{"rendered":"STAR 451-59-00_Star SV-20 tool holder (IntNo231152)"},"content":{"rendered":"<p><b>Location:<\/b> Germany, Baden-W\u00fcrttemberg Southwest<\/p>\n<p><b>Condition:<\/b> As good as new<\/p>\n<p><b>Manufacturer:<\/b> STAR Micronics<\/p>\n<p>2-spindle double-frontal drilling\/milling unit ER11 for front and back drilling<br \/>\nBack machining; high speed 12000 1\/min with<br \/>\nCoolant supply (external)<br \/>\nfor main spindle and counter spindle<br \/>\n451-59-00<br \/>\nSuitable for the following STAR machine types:<br \/>\nST-20-32-38 SV-12-20-32 \/ ECAS<br \/>\nGear ratio 1:2.115<br \/>\nInput speed max. 6000 1\/min<br \/>\nOutput speed max. 12000 1\/min<br \/>\nOutput torque max. 12 Nm<br \/>\nChanges and errors in the technical data and information as well as prior sale reserved!<\/p>\n<p>Angle-adjustable ER11 drilling\/milling attachment (0-90\u00b0); high-speed operation<br \/>\n12000 1\/min<br \/>\nfor main spindle<br \/>\n451-55-00<br \/>\nSuitable for the following STAR machine types:<br \/>\nST-20-32-38 SV-12-20-32 \/ ECAS<br \/>\nOutput speed max. 12000 1\/min<br \/>\nSubject to changes and errors in the technical data and information as well as prior sale!<\/p>","protected":false},"excerpt":{"rendered":"<p>Standort: Deutschland, Baden-W\u00fcrttemberg S\u00fcdwest Zustand: Neuwertig Hersteller: STAR Micronics 2-Spindel-Doppelfrontalbohr-\/Fr\u00e4sapparat ER11 f\u00fcr Front- und R\u00fcckseitenbearbeitung; Schnelllauf 12000 1\/min mit K\u00fchlmittelzuf\u00fchrung (extern) zu Hauptspindel und Gegenspindel 451-59-00 Passend f\u00fcr folgende STAR-Maschinentypen: ST-20-32-38 SV-12-20-32 \/ ECAS \u00dcbersetzung 1:2,115 Eingangsdrehzahl max. 6000 1\/min Ausgangsdrehzahl max. 12000 1\/min Ausgangsdrehmoment max. 12 Nm Aenderungen und Irrtuemer in den technischen Daten [&hellip;]<\/p>\n","protected":false},"featured_media":2872,"comment_status":"open","ping_status":"closed","template":"","meta":{"_uf_show_specific_survey":0,"_uf_disable_surveys":false},"product_brand":[],"product_cat":[20],"product_tag":[],"class_list":{"0":"post-2874","1":"product","2":"type-product","3":"status-publish","4":"has-post-thumbnail","6":"product_cat-werkzeughalter","8":"first","9":"instock","10":"taxable","11":"shipping-taxable","12":"product-type-simple"},"aioseo_notices":[],"_links":{"self":[{"href":"https:\/\/mueller-wrh.de\/en\/wp-json\/wp\/v2\/product\/2874","targetHints":{"allow":["GET"]}}],"collection":[{"href":"https:\/\/mueller-wrh.de\/en\/wp-json\/wp\/v2\/product"}],"about":[{"href":"https:\/\/mueller-wrh.de\/en\/wp-json\/wp\/v2\/types\/product"}],"replies":[{"embeddable":true,"href":"https:\/\/mueller-wrh.de\/en\/wp-json\/wp\/v2\/comments?post=2874"}],"wp:featuredmedia":[{"embeddable":true,"href":"https:\/\/mueller-wrh.de\/en\/wp-json\/wp\/v2\/media\/2872"}],"wp:attachment":[{"href":"https:\/\/mueller-wrh.de\/en\/wp-json\/wp\/v2\/media?parent=2874"}],"wp:term":[{"taxonomy":"product_brand","embeddable":true,"href":"https:\/\/mueller-wrh.de\/en\/wp-json\/wp\/v2\/product_brand?post=2874"},{"taxonomy":"product_cat","embeddable":true,"href":"https:\/\/mueller-wrh.de\/en\/wp-json\/wp\/v2\/product_cat?post=2874"},{"taxonomy":"product_tag","embeddable":true,"href":"https:\/\/mueller-wrh.de\/en\/wp-json\/wp\/v2\/product_tag?post=2874"}],"curies":[{"name":"wp","href":"https:\/\/api.w.org\/{rel}","templated":true}]}}