{"id":2862,"date":"2025-03-13T16:28:59","date_gmt":"2025-03-13T16:28:59","guid":{"rendered":"https:\/\/mueller-wrh.de\/produkt\/gebr-werkzeughalter-star-_wto_410510005-44-sv-20-intnr231143\/"},"modified":"2025-03-13T16:28:59","modified_gmt":"2025-03-13T16:28:59","slug":"gebr-werkzeughalter-star-_wto_410510005-44-sv-20-intnr231143","status":"publish","type":"product","link":"https:\/\/mueller-wrh.de\/en\/product\/gebr-werkzeughalter-star-_wto_410510005-44-sv-20-intnr231143\/","title":{"rendered":"branded tool holder STAR _WTO_410510005-44 SV 20 (IntNo231143)"},"content":{"rendered":"<p><b>Location:<\/b> Germany, Baden-W\u00fcrttemberg Southwest<\/p>\n<p><b>Condition:<\/b> As good as new<\/p>\n<p><b>Manufacturer:<\/b> WTO<\/p>\n<p>Drilling\/milling device for deep hole drilling for frontal machining<br \/>\nto main spindle<br \/>\n410510005-44<br \/>\nSuitable for the following STAR machine types:<br \/>\nST-20-32-38 SV-12-20-32 \/ ECAS<br \/>\nInternal + external coolant supply<br \/>\nCoolant pressure max. 120 bar<br \/>\n97mm<br \/>\nER 16<br \/>\nShank \u00d844mm<br \/>\nTool - \u00d8\u00d80.5-10mm<br \/>\n10 Nm<br \/>\nN2 max. 6,000 rpm<br \/>\nI 1:1<br \/>\nChanges and errors in the technical data and information as well as prior sale reserved!<\/p>\n<p>Drilling\/milling device for deep hole drilling for frontal machining<br \/>\nfor main spindle<br \/>\n410510005-44<br \/>\nSuitable for the following STAR machine types:<br \/>\nST-20-32-38 SV-12-20-32 \/ ECAS<br \/>\nInternal + external coolant supply<br \/>\nCoolant pressure max. 120bar<br \/>\n97mm<br \/>\nER 16<br \/>\nShank \u00d844mm<br \/>\nTool - \u00d8\u00d80.5-10mm<br \/>\n10 Nm<br \/>\nN2 max. 6,000 rpm<br \/>\nI 1:1<br \/>\nChanges and errors in the technical data and information as well as prior sale reserved!<\/p>","protected":false},"excerpt":{"rendered":"<p>Standort: Deutschland, Baden-W\u00fcrttemberg S\u00fcdwest Zustand: Neuwertig Hersteller: WTO Bohr-Fr\u00e4seinrichtung zum Tieflochbohren f\u00fcr Frontalbearbeitung zu Hauptspindel 410510005-44 Passend f\u00fcr folgende STAR-Maschinentypen: ST-20-32-38 SV-12-20-32 \/ ECAS Interne + Externe K\u00fchlmittelzufuhr K\u00fchlmitteldruck max. 120bar 97mm ER 16 Schaft \u00d844mm Werkzeug \u2013 \u00d8\u00d80,5-10mm 10 Nm N2 max. 6.000 rpm I 1:1 Aenderungen und Irrtuemer in den technischen Daten und [&hellip;]<\/p>\n","protected":false},"featured_media":2859,"comment_status":"open","ping_status":"closed","template":"","meta":{"_uf_show_specific_survey":0,"_uf_disable_surveys":false},"product_brand":[],"product_cat":[20],"product_tag":[],"class_list":{"0":"post-2862","1":"product","2":"type-product","3":"status-publish","4":"has-post-thumbnail","6":"product_cat-werkzeughalter","8":"first","9":"instock","10":"taxable","11":"shipping-taxable","12":"product-type-simple"},"aioseo_notices":[],"_links":{"self":[{"href":"https:\/\/mueller-wrh.de\/en\/wp-json\/wp\/v2\/product\/2862","targetHints":{"allow":["GET"]}}],"collection":[{"href":"https:\/\/mueller-wrh.de\/en\/wp-json\/wp\/v2\/product"}],"about":[{"href":"https:\/\/mueller-wrh.de\/en\/wp-json\/wp\/v2\/types\/product"}],"replies":[{"embeddable":true,"href":"https:\/\/mueller-wrh.de\/en\/wp-json\/wp\/v2\/comments?post=2862"}],"wp:featuredmedia":[{"embeddable":true,"href":"https:\/\/mueller-wrh.de\/en\/wp-json\/wp\/v2\/media\/2859"}],"wp:attachment":[{"href":"https:\/\/mueller-wrh.de\/en\/wp-json\/wp\/v2\/media?parent=2862"}],"wp:term":[{"taxonomy":"product_brand","embeddable":true,"href":"https:\/\/mueller-wrh.de\/en\/wp-json\/wp\/v2\/product_brand?post=2862"},{"taxonomy":"product_cat","embeddable":true,"href":"https:\/\/mueller-wrh.de\/en\/wp-json\/wp\/v2\/product_cat?post=2862"},{"taxonomy":"product_tag","embeddable":true,"href":"https:\/\/mueller-wrh.de\/en\/wp-json\/wp\/v2\/product_tag?post=2862"}],"curies":[{"name":"wp","href":"https:\/\/api.w.org\/{rel}","templated":true}]}}