{"id":2830,"date":"2025-03-13T16:27:32","date_gmt":"2025-03-13T16:27:32","guid":{"rendered":"https:\/\/mueller-wrh.de\/produkt\/gebr-werkzeughalter-star-421-54-00-intnr231133\/"},"modified":"2025-03-13T16:27:32","modified_gmt":"2025-03-13T16:27:32","slug":"gebr-werkzeughalter-star-421-54-00-intnr231133","status":"publish","type":"product","link":"https:\/\/mueller-wrh.de\/en\/product\/gebr-werkzeughalter-star-421-54-00-intnr231133\/","title":{"rendered":"branded tool holder STAR 421-54-00 (IntNo231133)"},"content":{"rendered":"<p><b>Location:<\/b> Germany, Baden-W\u00fcrttemberg Southwest<\/p>\n<p><b>Condition:<\/b> As good as new<\/p>\n<p><b>Manufacturer:<\/b> STAR Micronics<\/p>\n<p>Slitting attachment for saw \u00d850 x \u00d83mm<br \/>\nfor main spindle and counter spindle<br \/>\n421-54-00<br \/>\nSuitable for the following STAR machine types:<br \/>\nST-20-32-38 SV-12-20-32 \/ ECAS<br \/>\nGear ratio 1:0.3<br \/>\nInput speed max. 5750 1\/min<br \/>\nOutput speed max. 1725 1\/min<br \/>\nOutput torque max. 4 Nm<br \/>\nChanges and errors in the technical data and information as well as prior sale reserved!<\/p>\n<p>Slitting attachment for saw \u00d850 x \u00d83mm<br \/>\nfor main spindle and counter spindle<br \/>\n421-54-00<br \/>\nSuitable for the following STAR machine types:<br \/>\nST-20-32-38 SV-12-20-32 \/ ECAS<br \/>\nGear ratio 1:0.3<br \/>\nInput speed max. 5750 1\/min<br \/>\nOutput speed max. 1725 1\/min<br \/>\nOutput torque max. 4 Nm<br \/>\nSubject to changes and errors in the technical data and information as well as prior sale!<\/p>","protected":false},"excerpt":{"rendered":"<p>Standort: Deutschland, Baden-W\u00fcrttemberg S\u00fcdwest Zustand: Neuwertig Hersteller: STAR Micronics Schlitzapparat f\u00fcr S\u00e4ge \u00d850 x \u00d83mm zu Hauptspindel und Gegenspindel 421-54-00 Passend f\u00fcr folgende STAR-Maschinentypen: ST-20-32-38 SV-12-20-32 \/ ECAS \u00dcbersetzung 1:0,3 Eingangsdrehzahl max. 5750 1\/min Ausgangsdrehzahl max. 1725 1\/min Ausgangsdrehmoment max. 4 Nm Aenderungen und Irrtuemer in den technischen Daten und Angaben sowie Zwischenverkauf vorbehalten! Slitting [&hellip;]<\/p>\n","protected":false},"featured_media":2828,"comment_status":"open","ping_status":"closed","template":"","meta":{"_uf_show_specific_survey":0,"_uf_disable_surveys":false},"product_brand":[],"product_cat":[20],"product_tag":[],"class_list":{"0":"post-2830","1":"product","2":"type-product","3":"status-publish","4":"has-post-thumbnail","6":"product_cat-werkzeughalter","8":"first","9":"instock","10":"taxable","11":"shipping-taxable","12":"product-type-simple"},"aioseo_notices":[],"_links":{"self":[{"href":"https:\/\/mueller-wrh.de\/en\/wp-json\/wp\/v2\/product\/2830","targetHints":{"allow":["GET"]}}],"collection":[{"href":"https:\/\/mueller-wrh.de\/en\/wp-json\/wp\/v2\/product"}],"about":[{"href":"https:\/\/mueller-wrh.de\/en\/wp-json\/wp\/v2\/types\/product"}],"replies":[{"embeddable":true,"href":"https:\/\/mueller-wrh.de\/en\/wp-json\/wp\/v2\/comments?post=2830"}],"wp:featuredmedia":[{"embeddable":true,"href":"https:\/\/mueller-wrh.de\/en\/wp-json\/wp\/v2\/media\/2828"}],"wp:attachment":[{"href":"https:\/\/mueller-wrh.de\/en\/wp-json\/wp\/v2\/media?parent=2830"}],"wp:term":[{"taxonomy":"product_brand","embeddable":true,"href":"https:\/\/mueller-wrh.de\/en\/wp-json\/wp\/v2\/product_brand?post=2830"},{"taxonomy":"product_cat","embeddable":true,"href":"https:\/\/mueller-wrh.de\/en\/wp-json\/wp\/v2\/product_cat?post=2830"},{"taxonomy":"product_tag","embeddable":true,"href":"https:\/\/mueller-wrh.de\/en\/wp-json\/wp\/v2\/product_tag?post=2830"}],"curies":[{"name":"wp","href":"https:\/\/api.w.org\/{rel}","templated":true}]}}