{"id":2818,"date":"2025-03-13T16:26:45","date_gmt":"2025-03-13T16:26:45","guid":{"rendered":"https:\/\/mueller-wrh.de\/produkt\/gebr-werkzeughalter-star-221-01-00-intnr231147\/"},"modified":"2025-03-13T16:26:45","modified_gmt":"2025-03-13T16:26:45","slug":"gebr-werkzeughalter-star-221-01-00-intnr231147","status":"publish","type":"product","link":"https:\/\/mueller-wrh.de\/en\/product\/gebr-werkzeughalter-star-221-01-00-intnr231147\/","title":{"rendered":"branded tool holder STAR 221-01-00 IntNo231147"},"content":{"rendered":"<p><b>Location:<\/b> Germany, Baden-W\u00fcrttemberg Southwest<\/p>\n<p><b>Condition:<\/b> As good as new<\/p>\n<p><b>Manufacturer:<\/b> STAR Micronics<\/p>\n<p>Single tool holder 16 x 16mm shank with coolant supply<br \/>\n to main spindle<br \/>\n221-01-00<br \/>\nSuitable for the following STAR machine types:<br \/>\nST-20-32-38 SV-12-20-32 \/ ECAS<br \/>\nChanges and errors in the technical data and information as well as prior sale reserved!<\/p>\n<p>1-fold tool holder 16 x 16 mm shank with coolant supply<br \/>\n for main spindle<br \/>\n221-01-00<br \/>\nSuitable for the following STAR machine types:<br \/>\nST-20-32-38 SV-12-20-32 \/ ECAS<br \/>\nSubject to changes and errors in the technical data and information as well as prior sale!<\/p>","protected":false},"excerpt":{"rendered":"<p>Standort: Deutschland, Baden-W\u00fcrttemberg S\u00fcdwest Zustand: Neuwertig Hersteller: STAR Micronics 1-fach Werkzeughalter 16 x 16mm Schaft mit K\u00fchlmittelzuf\u00fchrung zu Hauptspindel 221-01-00 Passend f\u00fcr folgende STAR-Maschinentypen: ST-20-32-38 SV-12-20-32 \/ ECAS Aenderungen und Irrtuemer in den technischen Daten und Angaben sowie Zwischenverkauf vorbehalten! 1-fold tool holder 16 x 16 mm shank with coolant supply for main spindle 221-01-00 [&hellip;]<\/p>\n","protected":false},"featured_media":2816,"comment_status":"open","ping_status":"closed","template":"","meta":{"_uf_show_specific_survey":0,"_uf_disable_surveys":false},"product_brand":[],"product_cat":[20],"product_tag":[],"class_list":{"0":"post-2818","1":"product","2":"type-product","3":"status-publish","4":"has-post-thumbnail","6":"product_cat-werkzeughalter","8":"first","9":"instock","10":"taxable","11":"shipping-taxable","12":"product-type-simple"},"aioseo_notices":[],"_links":{"self":[{"href":"https:\/\/mueller-wrh.de\/en\/wp-json\/wp\/v2\/product\/2818","targetHints":{"allow":["GET"]}}],"collection":[{"href":"https:\/\/mueller-wrh.de\/en\/wp-json\/wp\/v2\/product"}],"about":[{"href":"https:\/\/mueller-wrh.de\/en\/wp-json\/wp\/v2\/types\/product"}],"replies":[{"embeddable":true,"href":"https:\/\/mueller-wrh.de\/en\/wp-json\/wp\/v2\/comments?post=2818"}],"wp:featuredmedia":[{"embeddable":true,"href":"https:\/\/mueller-wrh.de\/en\/wp-json\/wp\/v2\/media\/2816"}],"wp:attachment":[{"href":"https:\/\/mueller-wrh.de\/en\/wp-json\/wp\/v2\/media?parent=2818"}],"wp:term":[{"taxonomy":"product_brand","embeddable":true,"href":"https:\/\/mueller-wrh.de\/en\/wp-json\/wp\/v2\/product_brand?post=2818"},{"taxonomy":"product_cat","embeddable":true,"href":"https:\/\/mueller-wrh.de\/en\/wp-json\/wp\/v2\/product_cat?post=2818"},{"taxonomy":"product_tag","embeddable":true,"href":"https:\/\/mueller-wrh.de\/en\/wp-json\/wp\/v2\/product_tag?post=2818"}],"curies":[{"name":"wp","href":"https:\/\/api.w.org\/{rel}","templated":true}]}}