{"id":5602,"date":"2026-05-14T10:53:23","date_gmt":"2026-05-14T10:53:23","guid":{"rendered":"https:\/\/mueller-wrh.de\/produkt\/citizen-miyano-bne-65myy-bj-2023_-intnr231583\/"},"modified":"2026-05-14T10:53:23","modified_gmt":"2026-05-14T10:53:23","slug":"citizen-miyano-bne-65myy-bj-2023_-intnr231583","status":"publish","type":"product","link":"https:\/\/mueller-wrh.de\/cs\/produkt\/citizen-miyano-bne-65myy-bj-2023_-intnr231583\/","title":{"rendered":"Citizen Miyano BNE-65MYY, Bj. 2023_ IntNr231583"},"content":{"rendered":"<p><b>Um\u00edst\u011bn\u00ed:<\/b> N\u011bmecko, B\u00e1densko-W\u00fcrttembersko Jihoz\u00e1padn\u00ed N\u011bmecko<\/p>\n<p><b>Stav:<\/b> Pou\u017eit\u00e9<\/p>\n<p><b>V\u00fdrobce:<\/b> Mijano<\/p>\n<p><b>Model:<\/b> BNE-65 MYY<\/p>\n<p><b>Rok v\u00fdstavby:<\/b> 2023<\/p>\n<p>CNC-Kurzdrehautomat \u2013 Citizen Miyano BNE-65 MYY<br \/>\nStav: Velmi dobr\u00fd, p\u0159ipraven k provozu<br \/>\nDostupnost: Kr\u00e1tkodob\u011b<\/p>\n<p>Technische Kurzbeschreibung<\/p>\n<p>Fabrikat: Miyano<br \/>\nTyp: BNE 65 MYY<br \/>\nRok v\u00fdstavby: 2023<br \/>\nSteuerung: Mitsubishi M800<\/p>\n<p>Vybaven\u00ed:<\/p>\n<p>Haupt- und Gegenspindel<br \/>\n2- Y-Achse<br \/>\nPoh\u00e1n\u011bn\u00e9 n\u00e1stroje<br \/>\nMehrkanalsteuerung<br \/>\nDopravn\u00edk t\u0159\u00edsek<br \/>\nStangenlader <\/p>\n<p>Cestovn\u00ed vzd\u00e1lenosti:<\/p>\n<p>X-Achse: ca. 260 mm<br \/>\nY-Achse: ca. \u00b150 mm<br \/>\nZ-Achse: ca. 800 mm<\/p>\n<p>Drehzahlen &amp; Leistungen:<\/p>\n<p>Hauptspindel: bis ca. 5.000 U\/min, ca. 15\u201318 kW<br \/>\nGegenspindel: bis ca. 5.000 U\/min, ca. 11\u201315 kW<br \/>\nAngetriebene Werkzeuge: bis ca. 6.000 U\/min, ca. 3\u20135 kW<\/p>\n<p>Stroj je elektricky a mechanicky pln\u011b funk\u010dn\u00ed<br \/>\nK dispozici je kompletn\u00ed technick\u00e1 dokumentace<\/p>\n<p>Stroj lze po domluv\u011b prohl\u00e9dnout pod proudem.<br \/>\nZm\u011bny a chyby v technick\u00fdch \u00fadaj\u00edch a informac\u00edch, jako\u017e i p\u0159edchoz\u00ed prodej vyhrazeny!<\/p>\n<p>CNC Sliding Head Lathe \u2013 Miyano BNE-65 MYY<br \/>\nCondition: Very good, fully operational<br \/>\nAvailability: Short-term<\/p>\n<p>Technical Description<\/p>\n<p>Make: Miyano<br \/>\nModel: BNE 65 MYY<br \/>\nRok v\u00fdroby: 2023<br \/>\nControl system: Mitsubishi M800<\/p>\n<p>Vybaven\u00ed:<br \/>\nMain spindle and sub spindle<br \/>\n2 Y-axes (Y1 &amp; Y2)<br \/>\nPoh\u00e1n\u011bn\u00e9 n\u00e1stroje<br \/>\nMulti-channel control<br \/>\nDopravn\u00edk t\u0159\u00edsek<br \/>\nBar feeder interface<br \/>\nCestovn\u00ed vzd\u00e1lenosti:<br \/>\nX-axis: approx. 260 mm<br \/>\nY-axis: approx. \u00b150 mm<br \/>\nZ-axis: approx. 800 mm<br \/>\nSpindle speeds &amp; power:<br \/>\nMain spindle: up to approx. 5,000 rpm, approx. 15\u201318 kW<br \/>\nSub spindle: up to approx. 5,000 rpm, approx. 11\u201315 kW<br \/>\nDriven tools: up to approx. 6,000 rpm, approx. 3\u20135 kW<\/p>\n<p>The machine is fully mechanically and electrically operational.<br \/>\nComplete technical documentation is available.<\/p>\n<p>Stroj lze po domluv\u011b prohl\u00e9dnout pod proudem.<\/p>\n<p>Subject to prior sale, errors, and changes in technical data and specifications.<\/p>","protected":false},"excerpt":{"rendered":"<p>Standort: Deutschland, Baden-W\u00fcrttemberg S\u00fcdwest Zustand: Gebraucht Hersteller: Miyano Modell: BNE-65 MYY Baujahr: 2023 CNC-Kurzdrehautomat \u2013 Citizen Miyano BNE-65 MYY Zustand: Sehr gut, betriebsbereit Verf\u00fcgbarkeit: Kurzfristig Technische Kurzbeschreibung Fabrikat: Miyano Typ: BNE 65 MYY Baujahr: 2023 Steuerung: Mitsubishi M800 Ausstattung: Haupt- und Gegenspindel 2- Y-Achse Angetriebene Werkzeuge Mehrkanalsteuerung Sp\u00e4nef\u00f6rderer Stangenlader Verfahrwege: X-Achse: ca. 260 mm Y-Achse: [&hellip;]<\/p>\n","protected":false},"featured_media":5595,"comment_status":"open","ping_status":"closed","template":"","meta":{"_uf_show_specific_survey":0,"_uf_disable_surveys":false},"product_brand":[],"product_cat":[89],"product_tag":[],"class_list":{"0":"post-5602","1":"product","2":"type-product","3":"status-publish","4":"has-post-thumbnail","6":"product_cat-cnc-kurzdrehmaschinen","8":"first","9":"instock","10":"taxable","11":"shipping-taxable","12":"product-type-simple"},"aioseo_notices":[],"_links":{"self":[{"href":"https:\/\/mueller-wrh.de\/cs\/wp-json\/wp\/v2\/product\/5602","targetHints":{"allow":["GET"]}}],"collection":[{"href":"https:\/\/mueller-wrh.de\/cs\/wp-json\/wp\/v2\/product"}],"about":[{"href":"https:\/\/mueller-wrh.de\/cs\/wp-json\/wp\/v2\/types\/product"}],"replies":[{"embeddable":true,"href":"https:\/\/mueller-wrh.de\/cs\/wp-json\/wp\/v2\/comments?post=5602"}],"wp:featuredmedia":[{"embeddable":true,"href":"https:\/\/mueller-wrh.de\/cs\/wp-json\/wp\/v2\/media\/5595"}],"wp:attachment":[{"href":"https:\/\/mueller-wrh.de\/cs\/wp-json\/wp\/v2\/media?parent=5602"}],"wp:term":[{"taxonomy":"product_brand","embeddable":true,"href":"https:\/\/mueller-wrh.de\/cs\/wp-json\/wp\/v2\/product_brand?post=5602"},{"taxonomy":"product_cat","embeddable":true,"href":"https:\/\/mueller-wrh.de\/cs\/wp-json\/wp\/v2\/product_cat?post=5602"},{"taxonomy":"product_tag","embeddable":true,"href":"https:\/\/mueller-wrh.de\/cs\/wp-json\/wp\/v2\/product_tag?post=5602"}],"curies":[{"name":"wp","href":"https:\/\/api.w.org\/{rel}","templated":true}]}}