{"id":5461,"date":"2026-04-28T15:55:06","date_gmt":"2026-04-28T15:55:06","guid":{"rendered":"https:\/\/mueller-wrh.de\/produkt\/cnc-dn-solutions-doosan-leo-1600-bj-23_-intnr231501\/"},"modified":"2026-04-28T15:55:06","modified_gmt":"2026-04-28T15:55:06","slug":"cnc-dn-solutions-doosan-leo-1600-bj-23_-intnr231501","status":"publish","type":"product","link":"https:\/\/mueller-wrh.de\/cs\/produkt\/cnc-dn-solutions-doosan-leo-1600-bj-23_-intnr231501\/","title":{"rendered":"CNC DN Solutions Doosan LEO 1600, rok v\u00fdroby `23_ IntNr231501"},"content":{"rendered":"<p><b>Um\u00edst\u011bn\u00ed:<\/b> N\u011bmecko, B\u00e1densko-W\u00fcrttembersko Jihoz\u00e1padn\u00ed N\u011bmecko<\/p>\n<p><b>Stav:<\/b> Pou\u017eit\u00e9<\/p>\n<p><b>V\u00fdrobce:<\/b> DOOSAN-PUMA<\/p>\n<p><b>Model:<\/b> LEO 1600<\/p>\n<p><b>Rok v\u00fdstavby:<\/b> 2023<\/p>\n<p>CNC soustruh - DN Solutions (Doosan) LEO 1600<br \/>\nRok v\u00fdstavby: 2023<\/p>\n<p>Vybaven\u00ed \/ zaj\u00edmavosti<br \/>\nHorizont\u00e1ln\u00ed CNC soustruh<br \/>\nV\u00fdkonn\u00e9 hlavn\u00ed v\u0159eteno<br \/>\nRobustn\u00ed konstrukce stroje pro vysokou rozm\u011brovou p\u0159esnost<br \/>\nN\u00e1strojov\u00e1 revolverov\u00e1 hlavice s rychl\u00fdm indexov\u00e1n\u00edm<br \/>\nKompaktn\u00ed design, mal\u00e9 n\u00e1roky na prostor<br \/>\nU\u017eivatelsky p\u0159\u00edv\u011btiv\u00e9 CNC \u0159\u00edzen\u00ed<br \/>\nVysok\u00e1 spolehlivost a n\u00edzk\u00e9 n\u00e1roky na \u00fadr\u017ebu<\/p>\n<p>Technick\u00e9 \u00fadaje<br \/>\nMax. pr\u016fm\u011br ot\u00e1\u010den\u00ed: cca 300 mm<br \/>\nMax. D\u00e9lka soustru\u017een\u00ed: cca 300 mm<br \/>\nOtvor v\u0159etena: cca \u00d8 52 mm<br \/>\nOt\u00e1\u010dky hlavn\u00edho v\u0159etena: a\u017e cca 4 500 ot\/min.<br \/>\nN\u00e1strojov\u00e1 v\u011b\u017e: 12 stanic<br \/>\n\u0158\u00eddic\u00ed syst\u00e9m: FANUC CNC<br \/>\nHmotnost stroje: p\u0159ibli\u017en\u011b 2 200 kg<\/p>\n<p>Stroj je elektricky a mechanicky pln\u011b funk\u010dn\u00ed<br \/>\nK dispozici je kompletn\u00ed technick\u00e1 dokumentace<\/p>\n<p>Stroj si m\u016f\u017eete prohl\u00e9dnout po p\u0159edchoz\u00ed domluv\u011b.<br \/>\nZm\u011bny a chyby v technick\u00fdch \u00fadaj\u00edch a informac\u00edch, jako\u017e i p\u0159edchoz\u00ed prodej vyhrazeny!<\/p>\n<p>CNC soustruh - DN Solutions (Doosan) LEO 1600<br \/>\nRok v\u00fdroby: 2023<\/p>\n<p>Funkce\/nejd\u016fle\u017eit\u011bj\u0161\u00ed prvky<br \/>\nHorizont\u00e1ln\u00ed CNC soustruh<br \/>\nV\u00fdkonn\u00e9 hlavn\u00ed v\u0159eteno<br \/>\nRobustn\u00ed konstrukce stroje pro vysokou rozm\u011brovou p\u0159esnost<br \/>\nN\u00e1strojov\u00e1 revolverov\u00e1 hlavice s rychl\u00fdm indexov\u00e1n\u00edm<br \/>\nKompaktn\u00ed design, mal\u00e9 n\u00e1roky na prostor<br \/>\nU\u017eivatelsky p\u0159\u00edv\u011btiv\u00e9 CNC \u0159\u00edzen\u00ed<br \/>\nVysok\u00e1 spolehlivost a n\u00edzk\u00e9 n\u00e1roky na \u00fadr\u017ebu<\/p>\n<p>Technick\u00e9 \u00fadaje<br \/>\nMaxim\u00e1ln\u00ed pr\u016fm\u011br ot\u00e1\u010den\u00ed: cca 300 mm<br \/>\nMaxim\u00e1ln\u00ed d\u00e9lka ot\u00e1\u010den\u00ed: cca 300 mm<br \/>\nOtvor v\u0159etena: cca \u00d8 52 mm<br \/>\nOt\u00e1\u010dky hlavn\u00edho v\u0159etena: a\u017e cca 4 500 ot\/min.<br \/>\nN\u00e1strojov\u00e1 v\u011b\u017e: 12 stanic<br \/>\n\u0158\u00edzen\u00ed: FANUC CNC<br \/>\nHmotnost stroje: p\u0159ibli\u017en\u011b 2 200 kg<\/p>\n<p>Stroj je pln\u011b funk\u010dn\u00ed po elektrick\u00e9 i mechanick\u00e9 str\u00e1nce<br \/>\nK dispozici je kompletn\u00ed technick\u00e1 dokumentace<\/p>\n<p>Stroj si lze prohl\u00e9dnout po p\u0159edchoz\u00ed domluv\u011b.<br \/>\nZm\u011bny a chyby v technick\u00fdch \u00fadaj\u00edch a specifikac\u00edch vyhrazeny, stejn\u011b jako p\u0159edchoz\u00ed prodej!<\/p>","protected":false},"excerpt":{"rendered":"<p>Standort: Deutschland, Baden-W\u00fcrttemberg S\u00fcdwest Zustand: Gebraucht Hersteller: DOOSAN-PUMA Modell: LEO 1600 Baujahr: 2023 CNC-Drehmaschine \u2013 DN Solutions (Doosan) LEO 1600 Baujahr: 2023 Ausstattung \/ Highlights Horizontale CNC-Drehmaschine Leistungsstarke Hauptspindel Robuste Maschinenkonstruktion f\u00fcr hohe Ma\u00dfhaltigkeit Werkzeugrevolver mit schneller Indexierung Kompakte Bauweise, geringer Platzbedarf Bedienerfreundliche CNC-Steuerung Hohe Zuverl\u00e4ssigkeit und geringer Wartungsaufwand Technische Daten Max. Drehdurchmesser: ca. 300 [&hellip;]<\/p>\n","protected":false},"featured_media":5456,"comment_status":"open","ping_status":"closed","template":"","meta":{"_uf_show_specific_survey":0,"_uf_disable_surveys":false},"product_brand":[],"product_cat":[89],"product_tag":[],"class_list":{"0":"post-5461","1":"product","2":"type-product","3":"status-publish","4":"has-post-thumbnail","6":"product_cat-cnc-kurzdrehmaschinen","8":"first","9":"instock","10":"taxable","11":"shipping-taxable","12":"product-type-simple"},"aioseo_notices":[],"_links":{"self":[{"href":"https:\/\/mueller-wrh.de\/cs\/wp-json\/wp\/v2\/product\/5461","targetHints":{"allow":["GET"]}}],"collection":[{"href":"https:\/\/mueller-wrh.de\/cs\/wp-json\/wp\/v2\/product"}],"about":[{"href":"https:\/\/mueller-wrh.de\/cs\/wp-json\/wp\/v2\/types\/product"}],"replies":[{"embeddable":true,"href":"https:\/\/mueller-wrh.de\/cs\/wp-json\/wp\/v2\/comments?post=5461"}],"wp:featuredmedia":[{"embeddable":true,"href":"https:\/\/mueller-wrh.de\/cs\/wp-json\/wp\/v2\/media\/5456"}],"wp:attachment":[{"href":"https:\/\/mueller-wrh.de\/cs\/wp-json\/wp\/v2\/media?parent=5461"}],"wp:term":[{"taxonomy":"product_brand","embeddable":true,"href":"https:\/\/mueller-wrh.de\/cs\/wp-json\/wp\/v2\/product_brand?post=5461"},{"taxonomy":"product_cat","embeddable":true,"href":"https:\/\/mueller-wrh.de\/cs\/wp-json\/wp\/v2\/product_cat?post=5461"},{"taxonomy":"product_tag","embeddable":true,"href":"https:\/\/mueller-wrh.de\/cs\/wp-json\/wp\/v2\/product_tag?post=5461"}],"curies":[{"name":"wp","href":"https:\/\/api.w.org\/{rel}","templated":true}]}}