{"id":5415,"date":"2026-04-21T19:41:02","date_gmt":"2026-04-21T19:41:02","guid":{"rendered":"https:\/\/mueller-wrh.de\/produkt\/tornos-r10-bj-87-mit-lademagazin-barboy-typ-29-aa-1_-intnr231511\/"},"modified":"2026-04-21T19:41:02","modified_gmt":"2026-04-21T19:41:02","slug":"tornos-r10-bj-87-mit-lademagazin-barboy-typ-29-aa-1_-intnr231511","status":"publish","type":"product","link":"https:\/\/mueller-wrh.de\/cs\/produkt\/tornos-r10-bj-87-mit-lademagazin-barboy-typ-29-aa-1_-intnr231511\/","title":{"rendered":"TORNOS R10 Bj. `87 mit Lademagazin Barboy Typ 29-AA-1_ IntNr231511"},"content":{"rendered":"<p><b>Um\u00edst\u011bn\u00ed:<\/b> N\u011bmecko, B\u00e1densko-W\u00fcrttembersko Jihoz\u00e1padn\u00ed N\u011bmecko<\/p>\n<p><b>Stav:<\/b> Pou\u017eit\u00e9<\/p>\n<p><b>V\u00fdrobce:<\/b> Tornos<\/p>\n<p><b>Model:<\/b> R10<\/p>\n<p><b>Rok v\u00fdstavby:<\/b> 1987<\/p>\n<p>Zum Verkauf steht ein gebrauchter Langdrehautomat \/ Drehautomat TORNOS R10, Baujahr 1987, ausgestattet mit einem Stangenlademagazin BARBOY Typ 29-AA-1. <\/p>\n<p>Technische Daten TORNOS R10:<br \/>\nMaschinenart: Langdrehautomat<br \/>\nMax. Materialdurchmesser: 10 mm<br \/>\nSpindelbohrung: 13 mm<br \/>\nMax. Gewindedurchmesser: M8<br \/>\nMax. Drehl\u00e4nge mit Flachkurve: 70 mm<br \/>\nMax. Drehl\u00e4nge mit Glockenkurve: 100 mm<br \/>\nAnzahl Drehst\u00e4hle: 5<br \/>\nSpindeldrehzahlen: 20 Stufen von 1.050 bis 8.000 U\/min<br \/>\nElektrischer Anschluss: 50 Hz \/ 3 x 380 V<br \/>\nMaschinengewicht: ca. 860 kg<br \/>\nAbmessungen: ca. 1.500 x 750 x 1.450 mm<\/p>\n<p>Technische Daten Lademagazin BARBOY Typ 29-AA-1:<br \/>\nHersteller: BARBOY<br \/>\nTyp: 29-AA-1<br \/>\nGer\u00e4teart: Stangenlademagazin<br \/>\nMagazinl\u00e4nge: 3.000 mm<\/p>\n<p>Stroj si m\u016f\u017eete prohl\u00e9dnout po p\u0159edchoz\u00ed domluv\u011b.<br \/>\nZm\u011bny a chyby v technick\u00fdch \u00fadaj\u00edch a informac\u00edch, jako\u017e i p\u0159edchoz\u00ed prodej vyhrazeny!<\/p>\n<p>A used TORNOS R10 sliding headstock automatic lathe, manufactured in 1987 and fitted with a BARBOY Type 29-AA-1 bar feeder, is for sale. <\/p>\n<p>Technical specifications TORNOS R10:<br \/>\nMachine type: Sliding headstock automatic lathe<br \/>\nMax. material diameter: 10 mm<br \/>\nSpindle bore: 13 mm<br \/>\nMax. thread diameter: M8<br \/>\nMax. turning length with flat cam: 70 mm<br \/>\nMax. turning length with bell cam: 100 mm<br \/>\nNumber of turning tools: 5<br \/>\nSpindle speeds: 20 speeds from 1,050 to 8,000 rpm<br \/>\nElectrical connection: 50 Hz \/ 3 x 380 V<br \/>\nMachine weight: approx. 860 kg<br \/>\nDimensions: approx. 1,500 x 750 x 1,450 mm<\/p>\n<p>Technical data for BARBOY Type 29-AA-1 bar feeder:<br \/>\nManufacturer: BARBOY<br \/>\nType: 29-AA-1<br \/>\nEquipment type: Bar feeder<br \/>\nFeeder length: 3,000 mm<\/p>\n<p>Stroj si lze prohl\u00e9dnout po p\u0159edchoz\u00ed domluv\u011b.<br \/>\nVyhrazujeme si pr\u00e1vo na zm\u011bny a opravy technick\u00fdch \u00fadaj\u016f a specifikac\u00ed a na prodej zbo\u017e\u00ed v mezidob\u00ed!<\/p>","protected":false},"excerpt":{"rendered":"<p>Standort: Deutschland, Baden-W\u00fcrttemberg S\u00fcdwest Zustand: Gebraucht Hersteller: Tornos Modell: R10 Baujahr: 1987 Zum Verkauf steht ein gebrauchter Langdrehautomat \/ Drehautomat TORNOS R10, Baujahr 1987, ausgestattet mit einem Stangenlademagazin BARBOY Typ 29-AA-1. Technische Daten TORNOS R10: Maschinenart: Langdrehautomat Max. Materialdurchmesser: 10 mm Spindelbohrung: 13 mm Max. Gewindedurchmesser: M8 Max. Drehl\u00e4nge mit Flachkurve: 70 mm Max. Drehl\u00e4nge [&hellip;]<\/p>\n","protected":false},"featured_media":5409,"comment_status":"open","ping_status":"closed","template":"","meta":{"_uf_show_specific_survey":0,"_uf_disable_surveys":false},"product_brand":[],"product_cat":[112],"product_tag":[],"class_list":{"0":"post-5415","1":"product","2":"type-product","3":"status-publish","4":"has-post-thumbnail","6":"product_cat-langdrehmaschinen","8":"first","9":"instock","10":"taxable","11":"shipping-taxable","12":"product-type-simple"},"aioseo_notices":[],"_links":{"self":[{"href":"https:\/\/mueller-wrh.de\/cs\/wp-json\/wp\/v2\/product\/5415","targetHints":{"allow":["GET"]}}],"collection":[{"href":"https:\/\/mueller-wrh.de\/cs\/wp-json\/wp\/v2\/product"}],"about":[{"href":"https:\/\/mueller-wrh.de\/cs\/wp-json\/wp\/v2\/types\/product"}],"replies":[{"embeddable":true,"href":"https:\/\/mueller-wrh.de\/cs\/wp-json\/wp\/v2\/comments?post=5415"}],"wp:featuredmedia":[{"embeddable":true,"href":"https:\/\/mueller-wrh.de\/cs\/wp-json\/wp\/v2\/media\/5409"}],"wp:attachment":[{"href":"https:\/\/mueller-wrh.de\/cs\/wp-json\/wp\/v2\/media?parent=5415"}],"wp:term":[{"taxonomy":"product_brand","embeddable":true,"href":"https:\/\/mueller-wrh.de\/cs\/wp-json\/wp\/v2\/product_brand?post=5415"},{"taxonomy":"product_cat","embeddable":true,"href":"https:\/\/mueller-wrh.de\/cs\/wp-json\/wp\/v2\/product_cat?post=5415"},{"taxonomy":"product_tag","embeddable":true,"href":"https:\/\/mueller-wrh.de\/cs\/wp-json\/wp\/v2\/product_tag?post=5415"}],"curies":[{"name":"wp","href":"https:\/\/api.w.org\/{rel}","templated":true}]}}