{"id":5408,"date":"2026-04-21T19:21:11","date_gmt":"2026-04-21T19:21:11","guid":{"rendered":"https:\/\/mueller-wrh.de\/produkt\/tornos-ms7-hy-6-bj-1989-mit-lademagazin-iemca-elite-112_bj-12-intnr231512\/"},"modified":"2026-04-21T19:21:11","modified_gmt":"2026-04-21T19:21:11","slug":"tornos-ms7-hy-6-bj-1989-mit-lademagazin-iemca-elite-112_bj-12-intnr231512","status":"publish","type":"product","link":"https:\/\/mueller-wrh.de\/cs\/produkt\/tornos-ms7-hy-6-bj-1989-mit-lademagazin-iemca-elite-112_bj-12-intnr231512\/","title":{"rendered":"TORNOS MS7 HY 6 r.v. 1989 s nakl\u00e1dac\u00edm automatem IEMCA Elite 112 r.v. 12 IntNr231512"},"content":{"rendered":"<p><b>Um\u00edst\u011bn\u00ed:<\/b> N\u011bmecko, B\u00e1densko-W\u00fcrttembersko Jihoz\u00e1padn\u00ed N\u011bmecko<\/p>\n<p><b>Stav:<\/b> Pou\u017eit\u00e9<\/p>\n<p><b>V\u00fdrobce:<\/b> Tornos<\/p>\n<p><b>Model:<\/b> HY 6<\/p>\n<p><b>Rok v\u00fdstavby:<\/b> 1989<\/p>\n<p>Zum Verkauf steht ein gebrauchter Pr\u00e4zisions-Drehautomat TORNOS MS7 HY 6, Baujahr 1989, ausgestattet mit einem Stangenlademagazin IEMCA ELITE 112, Baujahr 2012.<br \/>\nTechnische Daten TORNOS MS7 \/ MS7 HY 6:<\/p>\n<p>Maschinenart: Langdrehautomat<br \/>\nMax. Werkst\u00fcckdurchmesser: 7 mm<br \/>\nSpindelbohrung: 8 mm<br \/>\nHub mit Flachkurve: 60 mm<br \/>\nGr\u00f6\u00dfter Gewindedurchmesser: M6<br \/>\nAnzahl Drehst\u00e4hle: 5<br \/>\nSpindeldrehzahlen: 20 Stufen, 1.400\u201310.000 U\/min<br \/>\nElektrischer Anschluss: 3 x 380 V \/ 50 Hz<br \/>\nGesamtleistung: ca. 2 CV<br \/>\nMaschinengewicht: ca. 520 kg<br \/>\nAbmessungen: ca. 1.200 x 700 x 1.400 mm<br \/>\nAusstattung laut verf\u00fcgbarer Quelle: Lampe, Zentralschmierung, Schutzhaube<\/p>\n<p>Technische Daten IEMCA ELITE 112, Bj. 2012:<br \/>\nHersteller: IEMCA<br \/>\nTyp: ELITE 112<br \/>\nRok v\u00fdstavby: 2012<br \/>\nDie ELITE-112-Baureihe ist laut Hersteller f\u00fcr die Bearbeitung d\u00fcnner Stangen ausgelegt und deckt je nach Ausf\u00fchrung einen Bereich von 0,8 bis 12,7 mm ab.<\/p>\n<p>Stroj si m\u016f\u017eete prohl\u00e9dnout po p\u0159edchoz\u00ed domluv\u011b.<br \/>\nZm\u011bny a chyby v technick\u00fdch \u00fadaj\u00edch a informac\u00edch, jako\u017e i p\u0159edchoz\u00ed prodej vyhrazeny!<\/p>\n<p>A used TORNOS MS7 HY 6 precision automatic lathe, manufactured in 1989, is for sale, equipped with an IEMCA ELITE 112 bar feeder, manufactured in 2012.<br \/>\nTechnical specifications TORNOS MS7 \/ MS7 HY 6:<\/p>\n<p>Machine type: Long-bed automatic lathe<br \/>\nMax. workpiece diameter: 7 mm<br \/>\nSpindle bore: 8 mm<br \/>\nStroke with flat cam: 60 mm<br \/>\nMaximum thread diameter: M6<br \/>\nNumber of turning tools: 5<br \/>\nSpindle speeds: 20 speeds, 1,400\u201310,000 rpm<br \/>\nElectrical connection: 3 x 380 V \/ 50 Hz<br \/>\nTotal power: approx. 2 hp<br \/>\nMachine weight: approx. 520 kg<br \/>\nDimensions: approx. 1,200 x 700 x 1,400 mm<br \/>\nEquipment according to available source: Lamp, central lubrication, protective cover<\/p>\n<p>Technical data IEMCA ELITE 112, built in 2012:<br \/>\nManufacturer: IEMCA<br \/>\nModel: ELITE 112<br \/>\nRok v\u00fdroby: 2012<br \/>\nAccording to the manufacturer, the ELITE 112 series is designed for machining thin bars and, depending on the version, covers a range from 0.8 to 12.7 mm.<\/p>\n<p>Stroj si lze prohl\u00e9dnout po p\u0159edchoz\u00ed domluv\u011b.<br \/>\nVyhrazujeme si pr\u00e1vo na zm\u011bny a opravy technick\u00fdch \u00fadaj\u016f a specifikac\u00ed a na prodej zbo\u017e\u00ed v mezidob\u00ed!<\/p>","protected":false},"excerpt":{"rendered":"<p>Standort: Deutschland, Baden-W\u00fcrttemberg S\u00fcdwest Zustand: Gebraucht Hersteller: Tornos Modell: HY 6 Baujahr: 1989 Zum Verkauf steht ein gebrauchter Pr\u00e4zisions-Drehautomat TORNOS MS7 HY 6, Baujahr 1989, ausgestattet mit einem Stangenlademagazin IEMCA ELITE 112, Baujahr 2012. Technische Daten TORNOS MS7 \/ MS7 HY 6: Maschinenart: Langdrehautomat Max. Werkst\u00fcckdurchmesser: 7 mm Spindelbohrung: 8 mm Hub mit Flachkurve: 60 [&hellip;]<\/p>\n","protected":false},"featured_media":5401,"comment_status":"open","ping_status":"closed","template":"","meta":{"_uf_show_specific_survey":0,"_uf_disable_surveys":false},"product_brand":[],"product_cat":[112],"product_tag":[],"class_list":{"0":"post-5408","1":"product","2":"type-product","3":"status-publish","4":"has-post-thumbnail","6":"product_cat-langdrehmaschinen","8":"first","9":"instock","10":"taxable","11":"shipping-taxable","12":"product-type-simple"},"aioseo_notices":[],"_links":{"self":[{"href":"https:\/\/mueller-wrh.de\/cs\/wp-json\/wp\/v2\/product\/5408","targetHints":{"allow":["GET"]}}],"collection":[{"href":"https:\/\/mueller-wrh.de\/cs\/wp-json\/wp\/v2\/product"}],"about":[{"href":"https:\/\/mueller-wrh.de\/cs\/wp-json\/wp\/v2\/types\/product"}],"replies":[{"embeddable":true,"href":"https:\/\/mueller-wrh.de\/cs\/wp-json\/wp\/v2\/comments?post=5408"}],"wp:featuredmedia":[{"embeddable":true,"href":"https:\/\/mueller-wrh.de\/cs\/wp-json\/wp\/v2\/media\/5401"}],"wp:attachment":[{"href":"https:\/\/mueller-wrh.de\/cs\/wp-json\/wp\/v2\/media?parent=5408"}],"wp:term":[{"taxonomy":"product_brand","embeddable":true,"href":"https:\/\/mueller-wrh.de\/cs\/wp-json\/wp\/v2\/product_brand?post=5408"},{"taxonomy":"product_cat","embeddable":true,"href":"https:\/\/mueller-wrh.de\/cs\/wp-json\/wp\/v2\/product_cat?post=5408"},{"taxonomy":"product_tag","embeddable":true,"href":"https:\/\/mueller-wrh.de\/cs\/wp-json\/wp\/v2\/product_tag?post=5408"}],"curies":[{"name":"wp","href":"https:\/\/api.w.org\/{rel}","templated":true}]}}