{"id":5399,"date":"2026-04-21T18:56:18","date_gmt":"2026-04-21T18:56:18","guid":{"rendered":"https:\/\/mueller-wrh.de\/produkt\/miyano-cnc-kurzdrehmaschine-bne-51s-bj-1999_-mit-iemca-boss-552-hd-intnr231509\/"},"modified":"2026-04-21T18:56:18","modified_gmt":"2026-04-21T18:56:18","slug":"miyano-cnc-kurzdrehmaschine-bne-51s-bj-1999_-mit-iemca-boss-552-hd-intnr231509","status":"publish","type":"product","link":"https:\/\/mueller-wrh.de\/cs\/produkt\/miyano-cnc-kurzdrehmaschine-bne-51s-bj-1999_-mit-iemca-boss-552-hd-intnr231509\/","title":{"rendered":"Soustruh s posuvn\u00fdm v\u0159eten\u00edkem Miyano BNE-51S, rok v\u00fdroby 1999, s podava\u010dem ty\u010d\u00ed IEMCA BOSS 552-HD, intern\u00ed \u010d\u00edslo 231509"},"content":{"rendered":"<p><b>Um\u00edst\u011bn\u00ed:<\/b> N\u011bmecko, B\u00e1densko-W\u00fcrttembersko Jihoz\u00e1padn\u00ed N\u011bmecko<\/p>\n<p><b>Stav:<\/b> Pou\u017eit\u00e9<\/p>\n<p><b>V\u00fdrobce:<\/b> Mijano<\/p>\n<p><b>Model:<\/b> BNE-51S<\/p>\n<p><b>Rok v\u00fdstavby:<\/b> 1999<\/p>\n<p>Na prodej je CNC soustruh typu Miyano BNE-51S s naklada\u010dem ty\u010d\u00ed IEMCA BOSS 552-HD.<br \/>\nRok v\u00fdstavby 1999<br \/>\nOvl\u00e1d\u00e1n\u00ed: FANUC \u0159ada 18-T (dvoukan\u00e1lov\u00e9 \u0159\u00edzen\u00ed)<\/p>\n<p>Technick\u00e9 \u00fadaje<\/p>\n<p>Max. pr\u016fm\u011br ty\u010de: 51 mm<br \/>\nMax. d\u00e9lka ot\u00e1\u010den\u00ed: cca 125 mm<br \/>\nPojezdov\u00e9 dr\u00e1hy: * X1 \/ X2: 150 mm \/ 115 mm<br \/>\nZ1 \/ Z2: 380 mm \/ 125 mm<br \/>\nOsa Y: +\/- 40 mm (horn\u00ed revolver)<\/p>\n<p>V\u0159etena (hlavn\u00ed a protib\u011b\u017en\u00e9 v\u0159eteno)<br \/>\nRozsah ot\u00e1\u010dek: 135 \u2013 5 000 ot\/min (ob\u011b v\u0159etena)<br \/>\nV\u00fdkon pohonu: 11 kW \/ 15 kW (hlavn\u00ed v\u0159eteno)<br \/>\nC-osa: 0,001\u00b0 na obou v\u0159etenech pro pln\u00e9 obvodov\u00e9 obr\u00e1b\u011bn\u00ed<\/p>\n<p>Pracovn\u00ed syst\u00e9m (2 x revolver)<br \/>\nRevolver 1 (Naho\u0159e): 12 stanic (v\u0161echny poh\u00e1n\u011bn\u00e9, v\u010d. osy Y)<br \/>\nRevolver 2 (dole): 12 stanic (v\u0161echny poh\u00e1n\u011bn\u00e9)<br \/>\nOt\u00e1\u010dky AGW: max. 3 200 ot.\/min<\/p>\n<p>Z\u00e1sobn\u00edk na ty\u010de: IEMCA BOSS 552-HD<br \/>\nRozsah pr\u016fm\u011br\u016f: 5 mm a\u017e 51 mm<br \/>\nD\u00e9lka ty\u010de: do 3 200 mm<br \/>\nDopravn\u00edk t\u0159\u00edsek<br \/>\nGasov\u00e9 hasic\u00ed za\u0159\u00edzen\u00ed Batec<\/p>\n<p>Stroj si m\u016f\u017eete prohl\u00e9dnout po p\u0159edchoz\u00ed domluv\u011b.<br \/>\nZm\u011bny a chyby v technick\u00fdch \u00fadaj\u00edch a informac\u00edch, jako\u017e i p\u0159edchoz\u00ed prodej vyhrazeny!<\/p>\n<p>Prod\u00e1m CNC soustruh Miyano BNE-51S s podava\u010dem ty\u010d\u00ed IEMCA BOSS 552-HD.<br \/>\nRok v\u00fdroby: 1999<br \/>\n\u0158\u00eddic\u00ed syst\u00e9m: FANUC Series 18-T (dvoukan\u00e1lov\u00e9 \u0159\u00edzen\u00ed)<\/p>\n<p>Technick\u00e9 specifikace<\/p>\n<p>Max. pr\u016fm\u011br ty\u010de: 51 mm<br \/>\nMax. d\u00e9lka soustru\u017een\u00ed: cca 125 mm<br \/>\nCestovn\u00ed rozsahy: * X1 \/ X2: 150 mm \/ 115 mm<br \/>\nZ1 \/ Z2: 380 mm \/ 125 mm<br \/>\nOsa Y: +\/- 40 mm (horn\u00ed revolver)<\/p>\n<p>V\u0159etena (hlavn\u00ed a protib\u011b\u017en\u00e9 v\u0159eteno)<br \/>\nRozsah ot\u00e1\u010dek: 135 \u2013 5 000 ot.\/min (oba v\u0159etena)<br \/>\nPohonn\u00fd v\u00fdkon: 11 kW \/ 15 kW (hlavn\u00ed v\u0159eteno)<br \/>\nC-osa: 0,001\u00b0 na obou v\u0159etenech pro plo\u0161n\u00e9 obrobky<\/p>\n<p>N\u00e1strojov\u00fd syst\u00e9m (2 x revolvery)<br \/>\nV\u011b\u017ee 1 (horn\u00ed): 12 stanic (v\u0161echny poh\u00e1n\u011bn\u00e9, v\u010d. osy Y)<br \/>\nV\u011b\u017e 2 (spodn\u00ed): 12 stanic (v\u0161echny poh\u00e1n\u011bn\u00e9)<br \/>\nOt\u00e1\u010dky v\u0159etena: max. 3 200 ot.\/min<\/p>\n<p>Z\u00e1sobn\u00edk: IEMCA BOSS 552-HD<br \/>\nRozsah pr\u016fm\u011br\u016f: 5 mm a\u017e 51 mm<br \/>\nD\u00e9lka ty\u010de: do 3 200 mm<br \/>\nDopravn\u00edk t\u0159\u00edsek<br \/>\nProtipo\u017e\u00e1rn\u00ed syst\u00e9m Batec<\/p>\n<p>Stroj si lze prohl\u00e9dnout po p\u0159edchoz\u00ed domluv\u011b.<br \/>\nZm\u011bny a chyby v technick\u00fdch \u00fadaj\u00edch a specifikac\u00edch vyhrazeny, stejn\u011b jako p\u0159edchoz\u00ed prodej!<\/p>","protected":false},"excerpt":{"rendered":"<p>Standort: Deutschland, Baden-W\u00fcrttemberg S\u00fcdwest Zustand: Gebraucht Hersteller: Miyano Modell: BNE-51S Baujahr: 1999 Zum Verkauf steht eine CNC-Drehmaschine vom Typ Miyano BNE-51S mit Lademagazin IEMCA BOSS 552-HD. Baujahr 1999 Steuerung: FANUC Series 18-T (Doppel-Kanalsteuerung) Technische Daten Max. Stangendurchmesser: 51 mm Max. Drehl\u00e4nge: ca. 125 mm Verfahrwege: * X1 \/ X2: 150 mm \/ 115 mm Z1 [&hellip;]<\/p>\n","protected":false},"featured_media":5390,"comment_status":"open","ping_status":"closed","template":"","meta":{"_uf_show_specific_survey":0,"_uf_disable_surveys":false},"product_brand":[],"product_cat":[89],"product_tag":[],"class_list":{"0":"post-5399","1":"product","2":"type-product","3":"status-publish","4":"has-post-thumbnail","6":"product_cat-cnc-kurzdrehmaschinen","8":"first","9":"instock","10":"taxable","11":"shipping-taxable","12":"product-type-simple"},"aioseo_notices":[],"_links":{"self":[{"href":"https:\/\/mueller-wrh.de\/cs\/wp-json\/wp\/v2\/product\/5399","targetHints":{"allow":["GET"]}}],"collection":[{"href":"https:\/\/mueller-wrh.de\/cs\/wp-json\/wp\/v2\/product"}],"about":[{"href":"https:\/\/mueller-wrh.de\/cs\/wp-json\/wp\/v2\/types\/product"}],"replies":[{"embeddable":true,"href":"https:\/\/mueller-wrh.de\/cs\/wp-json\/wp\/v2\/comments?post=5399"}],"wp:featuredmedia":[{"embeddable":true,"href":"https:\/\/mueller-wrh.de\/cs\/wp-json\/wp\/v2\/media\/5390"}],"wp:attachment":[{"href":"https:\/\/mueller-wrh.de\/cs\/wp-json\/wp\/v2\/media?parent=5399"}],"wp:term":[{"taxonomy":"product_brand","embeddable":true,"href":"https:\/\/mueller-wrh.de\/cs\/wp-json\/wp\/v2\/product_brand?post=5399"},{"taxonomy":"product_cat","embeddable":true,"href":"https:\/\/mueller-wrh.de\/cs\/wp-json\/wp\/v2\/product_cat?post=5399"},{"taxonomy":"product_tag","embeddable":true,"href":"https:\/\/mueller-wrh.de\/cs\/wp-json\/wp\/v2\/product_tag?post=5399"}],"curies":[{"name":"wp","href":"https:\/\/api.w.org\/{rel}","templated":true}]}}