{"id":5380,"date":"2026-04-21T18:28:23","date_gmt":"2026-04-21T18:28:23","guid":{"rendered":"https:\/\/mueller-wrh.de\/produkt\/star-sr20r-bj-2005-iemca-boss-332e-intnr231555\/"},"modified":"2026-04-21T18:28:23","modified_gmt":"2026-04-21T18:28:23","slug":"star-sr20r-bj-2005-iemca-boss-332e-intnr231555","status":"publish","type":"product","link":"https:\/\/mueller-wrh.de\/cs\/produkt\/star-sr20r-bj-2005-iemca-boss-332e-intnr231555\/","title":{"rendered":"STAR SR20R, Bj. 2005 IEMCA Boss 332E (IntNr231555)"},"content":{"rendered":"<p><b>Um\u00edst\u011bn\u00ed:<\/b> N\u011bmecko, B\u00e1densko-W\u00fcrttembersko Jihoz\u00e1padn\u00ed N\u011bmecko<\/p>\n<p><b>Stav:<\/b> Pou\u017eit\u00e9<\/p>\n<p><b>V\u00fdrobce:<\/b> STAR Micronics<\/p>\n<p><b>Model:<\/b> SR20R<\/p>\n<p><b>Rok v\u00fdstavby:<\/b> 2005<\/p>\n<p>gebr. CNC-Langdrehmaschine STAR SR20R, Bj. 2005<br \/>\n\u0158\u00eddic\u00ed syst\u00e9m, Fanuc, \u0159ada 18i-T,<br \/>\n7 os (X\/Z\/Y\/C1\/X1\/Z1(C2),<br \/>\n\u00d8 ty\u010de max. 20 mm,<br \/>\nD\u00e9lka soustru\u017een\u00ed max. 205 mm,<br \/>\nHlavn\u00ed v\u0159eteno, max. ot\u00e1\u010dky 10 000 ot\/min, osa C 0,001 stupn\u011b,<br \/>\nProtiv\u0159eteno s kle\u0161tinov\u00fdm skl\u00ed\u010didlem, max. ot\u00e1\u010dky 8 000 ot\/min, osa C,<br \/>\nDr\u017e\u00e1k n\u00e1stroj\u016f pro celkem 19 n\u00e1stroj\u016f (line\u00e1rn\u00ed dr\u017e\u00e1k n\u00e1stroj\u016f, p\u0159edn\u00ed n\u00e1stavec, zadn\u00ed obr\u00e1b\u011bn\u00ed),<br \/>\nP\u00e1sov\u00fd dopravn\u00edk d\u00edl\u016f,<br \/>\nStandardn\u00ed jednotka vodic\u00edho pouzdra<br \/>\nLademagazin IEMCA Boss 332E, Bj. 2005<br \/>\nChladic\u00ed kapalina pou\u017e\u00edvan\u00e1 ve stroji: olej.<br \/>\nL\u00f6schanlage Bosch<br \/>\nHD-Anlage B\u00fcchel SF System SN 510020, 60 bar<\/p>\n<p>Stroj lze po domluv\u011b prohl\u00e9dnout pod proudem.<br \/>\nZm\u011bny a chyby v technick\u00fdch \u00fadaj\u00edch a informac\u00edch, stejn\u011b jako<br \/>\nPodl\u00e9h\u00e1 p\u0159edchoz\u00edmu prodeji!<\/p>\n<p>used CNC sliding headstock lathe STAR SR20R, year 2005<br \/>\n\u0159\u00edzen\u00ed, zna\u010dka Fanuc, \u0159ada 18i-T,<br \/>\n7 os (X\/Z\/Y\/C1\/X1\/Z1(C2),<br \/>\nbar-\u00d8 max. 20 mm,<br \/>\nd\u00e9lka ot\u00e1\u010den\u00ed max. 205 mm,<br \/>\nhlavn\u00ed v\u0159eteno, ot\u00e1\u010dky max. 10 000 ot\/min, osa C 0,001 stupn\u011b,<br \/>\nprotiv\u0159eteno s kle\u0161tinou, ot\u00e1\u010dky max. 8 000 ot\/min, osa C,<br \/>\npro celkem 19 n\u00e1stroj\u016f (line\u00e1rn\u00ed dr\u017e\u00e1k, p\u0159edn\u00ed n\u00e1stavec, zadn\u00ed obr\u00e1b\u011bn\u00ed),<br \/>\np\u00e1sov\u00fd dopravn\u00edk d\u00edl\u016f,<br \/>\nstandardn\u00ed jednotka vodic\u00edho pouzdra<br \/>\nloading magazine IEMCA Boss 332E, year 2005<br \/>\nChladic\u00ed kapalina stroje: olej.<br \/>\nExtinguishing system Bosch<br \/>\nHigh pressure unit B\u00fcchel SF System SN 510020, 60 bar<\/p>\n<p>Stroj lze po domluv\u011b prohl\u00e9dnout pod proudem.<br \/>\nZm\u011bny a chyby v technick\u00fdch \u00fadaj\u00edch a informac\u00edch, stejn\u011b jako<br \/>\npodl\u00e9h\u00e1 p\u0159edchoz\u00edmu prodeji!<\/p>","protected":false},"excerpt":{"rendered":"<p>Standort: Deutschland, Baden-W\u00fcrttemberg S\u00fcdwest Zustand: Gebraucht Hersteller: STAR Micronics Modell: SR20R Baujahr: 2005 gebr. CNC-Langdrehmaschine STAR SR20R, Bj. 2005 Steuerung, Fabr. Fanuc, Serie 18i-T, 7 Achsen (X\/Z\/Y\/C1\/X1\/Z1(C2), Stangen-\u00d8 max. 20 mm, Drehl\u00e4nge max. 205 mm, Hauptspindel, Drehzahl max. 10.000 U\/min, C-Achse 0,001 Grad, Gegenspindel mit Spannzange, Drehzahl max. 8.000 U\/min, C-Achse, Werkzeughalter f. insgesamt 19 [&hellip;]<\/p>\n","protected":false},"featured_media":5371,"comment_status":"open","ping_status":"closed","template":"","meta":{"_uf_show_specific_survey":0,"_uf_disable_surveys":false},"product_brand":[],"product_cat":[23],"product_tag":[],"class_list":{"0":"post-5380","1":"product","2":"type-product","3":"status-publish","4":"has-post-thumbnail","6":"product_cat-cnc-langdrehmaschinen","8":"first","9":"instock","10":"taxable","11":"shipping-taxable","12":"product-type-simple"},"aioseo_notices":[],"_links":{"self":[{"href":"https:\/\/mueller-wrh.de\/cs\/wp-json\/wp\/v2\/product\/5380","targetHints":{"allow":["GET"]}}],"collection":[{"href":"https:\/\/mueller-wrh.de\/cs\/wp-json\/wp\/v2\/product"}],"about":[{"href":"https:\/\/mueller-wrh.de\/cs\/wp-json\/wp\/v2\/types\/product"}],"replies":[{"embeddable":true,"href":"https:\/\/mueller-wrh.de\/cs\/wp-json\/wp\/v2\/comments?post=5380"}],"wp:featuredmedia":[{"embeddable":true,"href":"https:\/\/mueller-wrh.de\/cs\/wp-json\/wp\/v2\/media\/5371"}],"wp:attachment":[{"href":"https:\/\/mueller-wrh.de\/cs\/wp-json\/wp\/v2\/media?parent=5380"}],"wp:term":[{"taxonomy":"product_brand","embeddable":true,"href":"https:\/\/mueller-wrh.de\/cs\/wp-json\/wp\/v2\/product_brand?post=5380"},{"taxonomy":"product_cat","embeddable":true,"href":"https:\/\/mueller-wrh.de\/cs\/wp-json\/wp\/v2\/product_cat?post=5380"},{"taxonomy":"product_tag","embeddable":true,"href":"https:\/\/mueller-wrh.de\/cs\/wp-json\/wp\/v2\/product_tag?post=5380"}],"curies":[{"name":"wp","href":"https:\/\/api.w.org\/{rel}","templated":true}]}}