{"id":5331,"date":"2026-04-21T17:38:27","date_gmt":"2026-04-21T17:38:27","guid":{"rendered":"https:\/\/mueller-wrh.de\/produkt\/saeulenbohrmaschine-alzmetall-alzstar-30-s-bj-04-intnr231518\/"},"modified":"2026-04-21T17:38:27","modified_gmt":"2026-04-21T17:38:27","slug":"saeulenbohrmaschine-alzmetall-alzstar-30-s-bj-04-intnr231518","status":"publish","type":"product","link":"https:\/\/mueller-wrh.de\/cs\/produkt\/saeulenbohrmaschine-alzmetall-alzstar-30-s-bj-04-intnr231518\/","title":{"rendered":"Sloupov\u00e1 vrta\u010dka Alzmetall Alzstar 30\/S r.v. 04 IntNr231518"},"content":{"rendered":"<p><b>Um\u00edst\u011bn\u00ed:<\/b> N\u011bmecko, B\u00e1densko-W\u00fcrttembersko Jihoz\u00e1padn\u00ed N\u011bmecko<\/p>\n<p><b>Stav:<\/b> Pou\u017eit\u00e9<\/p>\n<p><b>V\u00fdrobce:<\/b> Alzmetall<\/p>\n<p><b>Model:<\/b> 30\/S<\/p>\n<p><b>Rok v\u00fdstavby:<\/b> 2004<\/p>\n<p>Na prodej je pou\u017eit\u00e1 sloupov\u00e1 vrta\u010dka Alzmetall ALZSTAR 30\/S, rok v\u00fdroby 2004, n\u011bmeck\u00e9 kvality. <\/p>\n<p>Technick\u00e9 \u00fadaje:<br \/>\nObr\u00e1b\u011bc\u00ed schopnost v oceli E335 (St 60): 30 mm<br \/>\n\u0158ez\u00e1n\u00ed z\u00e1vit\u016f v oceli E335: M16<br \/>\n\u0158ez\u00e1n\u00ed z\u00e1vitu v \u0161ed\u00e9 litin\u011b EN-GJL-200: M20<br \/>\nV\u0159etenov\u00e9 skl\u00ed\u010didlo: MK 3<br \/>\nZdvih v\u0159etena: 140 mm<br \/>\nVylo\u017een\u00ed \/ Vzd\u00e1lenost v\u0159etene k r\u00e1mu: 293 mm<br \/>\nPr\u016fm\u011br sloupku: 115 mm<br \/>\nVelikost stolu \/ up\u00ednac\u00ed plocha: 514 x 360 mm (na produktov\u00e9 str\u00e1nce tak\u00e9 uvedeno 515 x 360 mm)<br \/>\nT-dr\u00e1\u017eky: 2 x 14 x 224 mm<br \/>\nVzd\u00e1lenost v\u0159etena\/stolku min.\/max.: 132 \/ 724 mm<br \/>\nPohon: plynul\u00fd, mechanick\u00fd vari\u00e1tor<br \/>\nRozsah ot\u00e1\u010dek v\u0159etena: 225\u20134300 ot.\/min<br \/>\nV\u00fdkon motoru p\u0159i 750 \/ 1500 ot.\/min: 1,0 \/ 1,6 kW<br \/>\nV\u00fd\u0161ka stroje: cca 1790 mm<br \/>\nHmotnost stroje: cca 260 kg<\/p>\n<p>Stroj si m\u016f\u017eete prohl\u00e9dnout po p\u0159edchoz\u00ed domluv\u011b.<br \/>\nZm\u011bny a chyby v technick\u00fdch \u00fadaj\u00edch a informac\u00edch, jako\u017e i p\u0159edchoz\u00ed prodej vyhrazeny!<\/p>\n<p>Na prodej je pou\u017eit\u00e1 sloupov\u00e1 vrta\u010dka Alzmetall ALZSTAR 30\/S, rok v\u00fdroby 2004, produkt n\u011bmeck\u00e9ho stroj\u00edrenstv\u00ed. <\/p>\n<p>Technick\u00e9 specifikace:<br \/>\nKapacita vrt\u00e1n\u00ed do oceli E335 (St 60): 30 mm<br \/>\nSchopnost \u0159ez\u00e1n\u00ed z\u00e1vit\u016f v oceli E335: M16<br \/>\n\u0158ez\u00e1n\u00ed z\u00e1vit\u016f v litin\u011b EN-GJL-200: M20<br \/>\nV\u0159etenov\u00e9 skl\u00ed\u010didlo: MK 3<br \/>\nZdvih pera \/ zdvih v ose Z v\u0159etena: 140 mm<br \/>\nP\u0159esah \/ vzd\u00e1lenost od v\u0159etena ke sloupku: 293 mm<br \/>\nPr\u016fm\u011br sloupku: 115 mm<br \/>\nVelikost stolu \/ up\u00ednac\u00ed plocha: 514 x 360 mm (na produktov\u00e9 str\u00e1nce uvedeno tak\u00e9 515 x 360 mm)<br \/>\nT-dr\u00e1\u017eky: 2 x 14 x 224 mm<br \/>\nVzd\u00e1lenost v\u0159eteno\/st\u016fl min.\/max.: 132 \/ 724 mm<br \/>\nPohon: plynul\u00fd, mechanick\u00fd vari\u00e1tor<br \/>\nRozsah ot\u00e1\u010dek v\u0159etena: 225\u20134300 ot.\/min<br \/>\nV\u00fdkon motoru p\u0159i 750 \/ 1500 ot.\/min: 1,0 \/ 1,6 kW<br \/>\nV\u00fd\u0161ka stroje: cca 1790 mm<br \/>\nHmotnost stroje: cca 260 kg<\/p>\n<p>Stroj si lze prohl\u00e9dnout po p\u0159edchoz\u00ed domluv\u011b.<br \/>\nVyhrazujeme si pr\u00e1vo na zm\u011bny a opravy technick\u00fdch \u00fadaj\u016f a specifikac\u00ed a na prodej zbo\u017e\u00ed v mezidob\u00ed!<\/p>","protected":false},"excerpt":{"rendered":"<p>Standort: Deutschland, Baden-W\u00fcrttemberg S\u00fcdwest Zustand: Gebraucht Hersteller: Alzmetall Modell: 30\/S Baujahr: 2004 Zum Verkauf steht eine gebrauchte S\u00e4ulenbohrmaschine Alzmetall ALZSTAR 30\/S, Baujahr 2004, aus deutscher Qualit\u00e4tsfertigung. Technische Daten: Bohrverm\u00f6gen in Stahl E335 (St 60): 30 mm Gewindeschneidleistung in Stahl E335: M16 Gewindeschneidleistung in Gusseisen EN-GJL-200: M20 Spindelaufnahme: MK 3 Pinolenhub \/ Z-Hub der Spindel: 140 [&hellip;]<\/p>\n","protected":false},"featured_media":5327,"comment_status":"open","ping_status":"closed","template":"","meta":{"_uf_show_specific_survey":0,"_uf_disable_surveys":false},"product_brand":[],"product_cat":[105],"product_tag":[],"class_list":{"0":"post-5331","1":"product","2":"type-product","3":"status-publish","4":"has-post-thumbnail","6":"product_cat-zubehoer-sonstiges","8":"first","9":"instock","10":"taxable","11":"shipping-taxable","12":"product-type-simple"},"aioseo_notices":[],"_links":{"self":[{"href":"https:\/\/mueller-wrh.de\/cs\/wp-json\/wp\/v2\/product\/5331","targetHints":{"allow":["GET"]}}],"collection":[{"href":"https:\/\/mueller-wrh.de\/cs\/wp-json\/wp\/v2\/product"}],"about":[{"href":"https:\/\/mueller-wrh.de\/cs\/wp-json\/wp\/v2\/types\/product"}],"replies":[{"embeddable":true,"href":"https:\/\/mueller-wrh.de\/cs\/wp-json\/wp\/v2\/comments?post=5331"}],"wp:featuredmedia":[{"embeddable":true,"href":"https:\/\/mueller-wrh.de\/cs\/wp-json\/wp\/v2\/media\/5327"}],"wp:attachment":[{"href":"https:\/\/mueller-wrh.de\/cs\/wp-json\/wp\/v2\/media?parent=5331"}],"wp:term":[{"taxonomy":"product_brand","embeddable":true,"href":"https:\/\/mueller-wrh.de\/cs\/wp-json\/wp\/v2\/product_brand?post=5331"},{"taxonomy":"product_cat","embeddable":true,"href":"https:\/\/mueller-wrh.de\/cs\/wp-json\/wp\/v2\/product_cat?post=5331"},{"taxonomy":"product_tag","embeddable":true,"href":"https:\/\/mueller-wrh.de\/cs\/wp-json\/wp\/v2\/product_tag?post=5331"}],"curies":[{"name":"wp","href":"https:\/\/api.w.org\/{rel}","templated":true}]}}