{"id":5279,"date":"2026-04-16T06:46:43","date_gmt":"2026-04-16T06:46:43","guid":{"rendered":"https:\/\/mueller-wrh.de\/produkt\/star-sr-20_rii_bj-2007_iemca-boss-332e-intnr231556\/"},"modified":"2026-04-16T06:46:43","modified_gmt":"2026-04-16T06:46:43","slug":"star-sr-20_rii_bj-2007_iemca-boss-332e-intnr231556","status":"publish","type":"product","link":"https:\/\/mueller-wrh.de\/cs\/produkt\/star-sr-20_rii_bj-2007_iemca-boss-332e-intnr231556\/","title":{"rendered":"STAR SR-20_RII_Bj. 2007_IEMCA BOSS 332E IntNr231556"},"content":{"rendered":"<p><b>Um\u00edst\u011bn\u00ed:<\/b> N\u011bmecko, B\u00e1densko-W\u00fcrttembersko Jihoz\u00e1padn\u00ed N\u011bmecko<\/p>\n<p><b>Stav:<\/b> Pou\u017eit\u00e9<\/p>\n<p><b>V\u00fdrobce:<\/b> STAR Micronics<\/p>\n<p><b>Model:<\/b> SR-20 RII<\/p>\n<p><b>Rok v\u00fdstavby:<\/b> 2007<\/p>\n<p><b>Provozn\u00ed doba:<\/b> 46066<\/p>\n<p>CNC-Langdrehmaschine  STAR SR20RII, Bj. 2007<br \/>\nTyp stroje: CNC soustruh s posuvn\u00fdm v\u0159eten\u00edkem (\u0161v\u00fdcarsk\u00fd typ)<br \/>\n\u0158\u00eddic\u00ed jednotka, Fanuc, \u0159ada 18i-TB,<br \/>\nEinschaltstunden:  27700<br \/>\nBetriebsstunden:  46066<\/p>\n<p>Max. Pr\u016fm\u011br soustru\u017een\u00ed: \u00d8 20 mm (voliteln\u011b a\u017e 22 mm)<br \/>\nD\u00e9lka soustru\u017een\u00ed: 205 mm<br \/>\nHlavn\u00ed v\u0159eteno:<br \/>\nRychlost: a\u017e cca 10 000-12 000 min-\u00b9<br \/>\nV\u00fdkon: p\u0159ibli\u017en\u011b 3,7-5,5 kW<br \/>\nOsa C<br \/>\nProtiv\u0159eteno:<br \/>\nRychlost: a\u017e cca 6 000-8 000 min-\u00b9<br \/>\nOsa C<br \/>\nN\u00e1pravy:<br \/>\nX1 \/ Z1 \/ Y1 (hlavn\u00ed zpracov\u00e1n\u00ed)<br \/>\nX2 \/ Z2 (protiv\u0159eteno)<br \/>\nRychl\u00fd posun: cca 24-30 m\/min<\/p>\n<p>Rozm\u011bry stroje 2400x1205x1700 mm<br \/>\nHmotnost stroje 2200 kg<\/p>\n<p>Lademagazin FMB IEMCA BOSS 332E<br \/>\nHasic\u00ed syst\u00e9m <\/p>\n<p>Stroj si m\u016f\u017eete prohl\u00e9dnout po p\u0159edchoz\u00ed domluv\u011b.<br \/>\nAenderungen und Irrtuemer in den technischen Daten und Angaben sowie Zwischenverkauf vorbehalten<\/p>\n<p>STAR SR20RII CNC swiss-type lathe, built in 2007<br \/>\nMachine type: CNC lathe (Swiss-type)<br \/>\nControl system: Fanuc, 18i-TB series,<br \/>\nHours since first use: 27,700<br \/>\nTotal operating hours: 46,066<\/p>\n<p>Max. turning diameter: \u00d8 20 mm (optional up to 22 mm)<br \/>\nTurning length:  205 mm<br \/>\nHlavn\u00ed v\u0159eteno:<br \/>\nOt\u00e1\u010dky: a\u017e cca 10 000-12 000 ot\/min.<br \/>\nV\u00fdkon: p\u0159ibli\u017en\u011b 3,7-5,5 kW<br \/>\nOsa C<br \/>\nProtiv\u0159eteno:<br \/>\nOt\u00e1\u010dky: a\u017e do cca 6 000-8 000 ot\u00e1\u010dek za minutu<br \/>\nOsa C<br \/>\nOsy:<br \/>\nX1 \/ Z1 \/ Y1 (hlavn\u00ed obr\u00e1b\u011bn\u00ed)<br \/>\nX2 \/ Z2 (d\u00edl\u010d\u00ed v\u0159eteno)<br \/>\nRychl\u00fd posun: cca 24-30 m\/min<\/p>\n<p>Machine dimensions 2400x1205x1700 mm<br \/>\nMachine weight 2200 kg<\/p>\n<p>FMB IEMCA BOSS 332E loading magazine<br \/>\nHasic\u00ed syst\u00e9m <\/p>\n<p>Stroj si lze prohl\u00e9dnout po p\u0159edchoz\u00ed domluv\u011b.<br \/>\nWe reserve the right to make changes to the technical data and specifications, and to sell the item in the meantime.<\/p>","protected":false},"excerpt":{"rendered":"<p>Standort: Deutschland, Baden-W\u00fcrttemberg S\u00fcdwest Zustand: Gebraucht Hersteller: STAR Micronics Modell: SR-20 RII Baujahr: 2007 Betriebsstunden: 46066 CNC-Langdrehmaschine STAR SR20RII, Bj. 2007 Maschinentyp: CNC-Langdrehmaschine (Swiss-Type) Steuerung, Fanuc, Serie 18i-TB, Einschaltstunden: 27700 Betriebsstunden: 46066 Max. Drehdurchmesser: \u00d8 20 mm (Optional bis 22mm) Drehl\u00e4nge: 205 mm Hauptspindel: Drehzahl: bis ca. 10.000\u201312.000 min\u207b\u00b9 Leistung: ca. 3,7\u20135,5 kW C-Achse Gegenspindel: [&hellip;]<\/p>\n","protected":false},"featured_media":5271,"comment_status":"open","ping_status":"closed","template":"","meta":{"_uf_show_specific_survey":0,"_uf_disable_surveys":false},"product_brand":[],"product_cat":[23],"product_tag":[],"class_list":{"0":"post-5279","1":"product","2":"type-product","3":"status-publish","4":"has-post-thumbnail","6":"product_cat-cnc-langdrehmaschinen","8":"first","9":"instock","10":"taxable","11":"shipping-taxable","12":"product-type-simple"},"aioseo_notices":[],"_links":{"self":[{"href":"https:\/\/mueller-wrh.de\/cs\/wp-json\/wp\/v2\/product\/5279","targetHints":{"allow":["GET"]}}],"collection":[{"href":"https:\/\/mueller-wrh.de\/cs\/wp-json\/wp\/v2\/product"}],"about":[{"href":"https:\/\/mueller-wrh.de\/cs\/wp-json\/wp\/v2\/types\/product"}],"replies":[{"embeddable":true,"href":"https:\/\/mueller-wrh.de\/cs\/wp-json\/wp\/v2\/comments?post=5279"}],"wp:featuredmedia":[{"embeddable":true,"href":"https:\/\/mueller-wrh.de\/cs\/wp-json\/wp\/v2\/media\/5271"}],"wp:attachment":[{"href":"https:\/\/mueller-wrh.de\/cs\/wp-json\/wp\/v2\/media?parent=5279"}],"wp:term":[{"taxonomy":"product_brand","embeddable":true,"href":"https:\/\/mueller-wrh.de\/cs\/wp-json\/wp\/v2\/product_brand?post=5279"},{"taxonomy":"product_cat","embeddable":true,"href":"https:\/\/mueller-wrh.de\/cs\/wp-json\/wp\/v2\/product_cat?post=5279"},{"taxonomy":"product_tag","embeddable":true,"href":"https:\/\/mueller-wrh.de\/cs\/wp-json\/wp\/v2\/product_tag?post=5279"}],"curies":[{"name":"wp","href":"https:\/\/api.w.org\/{rel}","templated":true}]}}