{"id":5241,"date":"2026-04-10T13:33:13","date_gmt":"2026-04-10T13:33:13","guid":{"rendered":"https:\/\/mueller-wrh.de\/produkt\/cnc-citizen-miyano-bne-51msy-bj-2018_-intnr231502\/"},"modified":"2026-04-10T13:33:13","modified_gmt":"2026-04-10T13:33:13","slug":"cnc-citizen-miyano-bne-51msy-bj-2018_-intnr231502","status":"publish","type":"product","link":"https:\/\/mueller-wrh.de\/cs\/produkt\/cnc-citizen-miyano-bne-51msy-bj-2018_-intnr231502\/","title":{"rendered":"CNC Citizen Miyano BNE-51MSY, rok 2018_ IntNr231502"},"content":{"rendered":"<p><b>Um\u00edst\u011bn\u00ed:<\/b> N\u011bmecko, B\u00e1densko-W\u00fcrttembersko Jihoz\u00e1padn\u00ed N\u011bmecko<\/p>\n<p><b>Stav:<\/b> Pou\u017eit\u00e9<\/p>\n<p><b>V\u00fdrobce:<\/b> Ob\u010dansk\u00e9 strojn\u00ed za\u0159\u00edzen\u00ed<\/p>\n<p><b>Model:<\/b> BNE-51 MSY<\/p>\n<p><b>Rok v\u00fdstavby:<\/b> 2018<\/p>\n<p>CNC kr\u00e1tk\u00e9 soustru\u017enick\u00e9 centrum - Citizen Miyano BNE-51MSY<br \/>\nRok v\u00fdstavby: 2018<br \/>\nStav: Velmi dobr\u00fd, p\u0159ipraven k provozu<br \/>\nDostupnost: Kr\u00e1tkodob\u011b<\/p>\n<p>Stru\u010dn\u00fd popis<br \/>\nNa prodej je kr\u00e1tk\u00e9 CNC soustru\u017enick\u00e9 centrum Citizen Miyano BNE-51MSY v proveden\u00ed MSY s hlavn\u00edm a protiv\u0159etenem a osou Y.<\/p>\n<p>Vybaven\u00ed \/ zaj\u00edmavosti<br \/>\nHlavn\u00ed v\u0159eteno + protiv\u0159eteno<br \/>\nOsa Y<br \/>\n2 v\u011b\u017ee s n\u00e1stroji, ka\u017ed\u00e1 s 12 stanicemi<br \/>\nPoh\u00e1n\u011bn\u00e9 n\u00e1stroje<br \/>\nMo\u017enost soub\u011b\u017en\u00e9ho zpracov\u00e1n\u00ed<br \/>\nVysok\u00e1 tuhost a procesn\u00ed spolehlivost<br \/>\nTechnick\u00e9 \u00fadaje<br \/>\nMax. Pr\u016fchod ty\u010de: \u00d8 51 mm<br \/>\nMax. pr\u016fm\u011br ot\u00e1\u010den\u00ed: cca 165 mm<br \/>\nMax. D\u00e9lka soustru\u017een\u00ed: cca 380 mm<br \/>\nOt\u00e1\u010dky hlavn\u00edho v\u0159etena: a\u017e cca 5 000 ot\/min.<br \/>\nOt\u00e1\u010dky protiv\u0159etena: a\u017e do cca 5 000 ot\/min.<br \/>\n\u0158\u00eddic\u00ed syst\u00e9m: Mitsubishi MELDAS<br \/>\nHmotnost stroje: p\u0159ibli\u017en\u011b 8 000 kg<\/p>\n<p>Stroj je elektricky a mechanicky pln\u011b funk\u010dn\u00ed<br \/>\nK dispozici je kompletn\u00ed technick\u00e1 dokumentace<\/p>\n<p>Stroj si m\u016f\u017eete prohl\u00e9dnout po p\u0159edchoz\u00ed domluv\u011b.<br \/>\nZm\u011bny a chyby v technick\u00fdch \u00fadaj\u00edch a informac\u00edch, jako\u017e i p\u0159edchoz\u00ed prodej vyhrazeny!<\/p>\n<p>CNC soustruh - Citizen Miyano BNE-51MSY<br \/>\nRok v\u00fdroby: 2018<br \/>\nStav: Velmi dobr\u00fd, p\u0159ipraven k provozu<br \/>\nDostupnost: Kr\u00e1tk\u00e9 ozn\u00e1men\u00ed<\/p>\n<p>Popis dopisu<br \/>\nNa prodej je kr\u00e1tk\u00fd soustruh Citizen Miyano BNE-51MSY CNC v proveden\u00ed MSY s hlavn\u00edm a protiv\u0159etenem a osou Y.<\/p>\n<p>Funkce\/nejd\u016fle\u017eit\u011bj\u0161\u00ed prvky<br \/>\nOsa Y<br \/>\n2 n\u00e1strojov\u00e9 v\u011b\u017ee, ka\u017ed\u00e1 s 12 stanovi\u0161ti<br \/>\nPoh\u00e1n\u011bn\u00e9 n\u00e1stroje<br \/>\nMo\u017enost soub\u011b\u017en\u00e9ho obr\u00e1b\u011bn\u00ed<br \/>\nVysok\u00e1 tuhost a procesn\u00ed spolehlivost<br \/>\nTechnick\u00e9 \u00fadaje<br \/>\nMax. kapacita ty\u010de: \u00d8 51 mm<br \/>\nMaxim\u00e1ln\u00ed pr\u016fm\u011br ot\u00e1\u010den\u00ed: cca 165 mm<br \/>\nMaxim\u00e1ln\u00ed d\u00e9lka ot\u00e1\u010den\u00ed: cca 380 mm<br \/>\nOt\u00e1\u010dky hlavn\u00edho v\u0159etena: a\u017e cca 5 000 ot\/min.<br \/>\nOt\u00e1\u010dky protiv\u0159etena: a\u017e do cca 5 000 ot\/min.<br \/>\n\u0158\u00edzen\u00ed: Mitsubishi MELDAS<br \/>\nHmotnost stroje: p\u0159ibli\u017en\u011b 8 000 kg<\/p>\n<p>Stroj je pln\u011b funk\u010dn\u00ed po elektrick\u00e9 i mechanick\u00e9 str\u00e1nce<br \/>\nK dispozici je kompletn\u00ed technick\u00e1 dokumentace<\/p>\n<p>Stroj si lze prohl\u00e9dnout po p\u0159edchoz\u00ed domluv\u011b.<br \/>\nZm\u011bny a chyby v technick\u00fdch \u00fadaj\u00edch a specifikac\u00edch vyhrazeny, stejn\u011b jako p\u0159edchoz\u00ed prodej!<\/p>","protected":false},"excerpt":{"rendered":"<p>Standort: Deutschland, Baden-W\u00fcrttemberg S\u00fcdwest Zustand: Gebraucht Hersteller: Citizen Machinery Modell: BNE-51 MSY Baujahr: 2018 CNC-Kurzdrehautomat \u2013 Citizen Miyano BNE-51MSY Baujahr: 2018 Zustand: Sehr gut, betriebsbereit Verf\u00fcgbarkeit: Kurzfristig Kurzbeschreibung Zum Verkauf steht ein CNC-Kurzdrehautomat Citizen Miyano BNE-51MSY in MSY-Ausf\u00fchrung mit Haupt- und Gegenspindel sowie Y-Achse. Ausstattung \/ Highlights Hauptspindel + Gegenspindel Y-Achse 2 Werkzeugrevolver mit je [&hellip;]<\/p>\n","protected":false},"featured_media":5234,"comment_status":"open","ping_status":"closed","template":"","meta":{"_uf_show_specific_survey":0,"_uf_disable_surveys":false},"product_brand":[],"product_cat":[89],"product_tag":[],"class_list":{"0":"post-5241","1":"product","2":"type-product","3":"status-publish","4":"has-post-thumbnail","6":"product_cat-cnc-kurzdrehmaschinen","8":"first","9":"instock","10":"taxable","11":"shipping-taxable","12":"product-type-simple"},"aioseo_notices":[],"_links":{"self":[{"href":"https:\/\/mueller-wrh.de\/cs\/wp-json\/wp\/v2\/product\/5241","targetHints":{"allow":["GET"]}}],"collection":[{"href":"https:\/\/mueller-wrh.de\/cs\/wp-json\/wp\/v2\/product"}],"about":[{"href":"https:\/\/mueller-wrh.de\/cs\/wp-json\/wp\/v2\/types\/product"}],"replies":[{"embeddable":true,"href":"https:\/\/mueller-wrh.de\/cs\/wp-json\/wp\/v2\/comments?post=5241"}],"wp:featuredmedia":[{"embeddable":true,"href":"https:\/\/mueller-wrh.de\/cs\/wp-json\/wp\/v2\/media\/5234"}],"wp:attachment":[{"href":"https:\/\/mueller-wrh.de\/cs\/wp-json\/wp\/v2\/media?parent=5241"}],"wp:term":[{"taxonomy":"product_brand","embeddable":true,"href":"https:\/\/mueller-wrh.de\/cs\/wp-json\/wp\/v2\/product_brand?post=5241"},{"taxonomy":"product_cat","embeddable":true,"href":"https:\/\/mueller-wrh.de\/cs\/wp-json\/wp\/v2\/product_cat?post=5241"},{"taxonomy":"product_tag","embeddable":true,"href":"https:\/\/mueller-wrh.de\/cs\/wp-json\/wp\/v2\/product_tag?post=5241"}],"curies":[{"name":"wp","href":"https:\/\/api.w.org\/{rel}","templated":true}]}}