{"id":5219,"date":"2026-04-01T13:56:33","date_gmt":"2026-04-01T13:56:33","guid":{"rendered":"https:\/\/mueller-wrh.de\/produkt\/hyunda-wia-l230-lmsa-bj-01_2018_-intnr231546\/"},"modified":"2026-04-01T13:56:33","modified_gmt":"2026-04-01T13:56:33","slug":"hyunda-wia-l230-lmsa-bj-01_2018_-intnr231546","status":"publish","type":"product","link":"https:\/\/mueller-wrh.de\/cs\/produkt\/hyunda-wia-l230-lmsa-bj-01_2018_-intnr231546\/","title":{"rendered":"HYUNDA WIA L230 LMSA, rok v\u00fdroby 01_2018_ IntNr231546"},"content":{"rendered":"<p><b>Um\u00edst\u011bn\u00ed:<\/b> N\u011bmecko, B\u00e1densko-W\u00fcrttembersko Jihoz\u00e1padn\u00ed N\u011bmecko<\/p>\n<p><b>Stav:<\/b> Pou\u017eit\u00e9<\/p>\n<p><b>V\u00fdrobce:<\/b> HYUNDAI WIA<\/p>\n<p><b>Model:<\/b> L230 LMSA<\/p>\n<p><b>Rok v\u00fdstavby:<\/b> 2018<\/p>\n<p><b>Provozn\u00ed doba:<\/b> 9078<\/p>\n<p>CNC soustruh HYUNDA WIA L230 LMSA, rok 01_2018<\/p>\n<p>\u0158\u00eddic\u00ed syst\u00e9m: FANUC<br \/>\nPr\u016fm\u011br v\u00fdkyvu 600 mm<br \/>\nPr\u016fm\u011br soustru\u017een\u00ed 310 mm<br \/>\nPr\u016fm\u011br ot\u00e1\u010den\u00ed p\u0159es podp\u011bru 355 mm<br \/>\nOtvor v\u0159etena 78 mm<br \/>\nPr\u016fchod ty\u010d\u00ed 65 mm<br \/>\nRozsah ot\u00e1\u010dek 4000 ot\/min<br \/>\nD\u00e9lka soustru\u017een\u00ed 521 mm<br \/>\nPojezdov\u00e1 vzd\u00e1lenost - z 560 mm<br \/>\nPojezdov\u00e1 vzd\u00e1lenost - x 220 mm<br \/>\nV\u011b\u017e (x-sklad) 12<br \/>\n\u0158\u00eddic\u00ed syst\u00e9m Fanuc i<br \/>\nc-osa 0,001\u00b0 0<br \/>\nProtiv\u0159eteno 5000 ot\/min<br \/>\nPojezd - w 590 mm<br \/>\nCelkov\u00e1 pot\u0159eba v\u00fdkonu 20 kVA<br \/>\nHmotnost stroje p\u0159ibli\u017en\u011b 5 tun<br \/>\nPot\u0159eba m\u00edsta cca LTH 3,7 x 1,7 x 1,9 m<br \/>\nDob\u0159e udr\u017eovan\u00fd stroj<br \/>\nPouze 1 569 h v\u0159etenov\u00fdch hodin.<\/p>\n<p> 12dr\u00e1\u017ekov\u00e1 n\u00e1strojov\u00e1 revolverov\u00e1 hlavice s pohonem p\u0159i 5 000 ot\u00e1\u010dk\u00e1ch za minutu<br \/>\n Za\u0159\u00edzen\u00ed pro zachycen\u00ed obrobku<br \/>\nSondu lze automaticky nato\u010dit dovnit\u0159<br \/>\nProtiv\u0159eteno 5 000 ot\u00e1\u010dek za minutu<br \/>\nDopravn\u00edk t\u0159\u00edsek<br \/>\nChladic\u00ed \u010derpadlo<br \/>\nUSB &amp; LAN &amp; RS232C rozhran\u00ed<\/p>\n<p>Dr\u017e\u00e1k n\u00e1\u0159ad\u00ed balen\u00ed<br \/>\nT\u0159\u00ed\u010delis\u0165ov\u00e9 skl\u00ed\u010didlo 205 mm<br \/>\n3-\u010delis\u0165ov\u00e9 skl\u00ed\u010didlo s pomocn\u00fdm v\u0159etenem<br \/>\n2 x poh\u00e1n\u011bn\u00e9 dr\u017e\u00e1ky n\u00e1stroj\u016f (radi\u00e1ln\u00ed + axi\u00e1ln\u00ed)<br \/>\n10 x pevn\u00e9 dr\u017e\u00e1ky n\u00e1stroj\u016f<br \/>\nSk\u0159\u00ed\u0148ka na n\u00e1\u0159ad\u00ed<br \/>\nR\u016fzn\u00e9 pe\u010divo<br \/>\nR\u016fzn\u00e1 soustru\u017enick\u00e1 dl\u00e1ta<br \/>\nUSB &amp; LAN &amp; RS232C rozhran\u00ed<br \/>\nDopravn\u00edk t\u0159\u00edsek<br \/>\nP\u0159\u00edslu\u0161enstv\u00ed<br \/>\nP\u0159\u00edru\u010dky<\/p>\n<p>Rozm\u011bry pro instalaci (cca)<br \/>\nD\u00e9lka (hloubka): cca 1 685 mm<br \/>\n\u0160\u00ed\u0159ka: p\u0159ibli\u017en\u011b 1 900<br \/>\nV\u00fd\u0161ka: p\u0159ibli\u017en\u011b 1 860 mm<br \/>\nHmotnost: p\u0159ibli\u017en\u011b 5 000 kg<\/p>\n<p>Zm\u011bny a chyby v technick\u00fdch \u00fadaj\u00edch a p\u0159edchoz\u00ed prodej vyhrazeny!<\/p>\n<p>CNC soustruh HYUNDA WIA L230 LMSA, rok 01_2018<\/p>\n<p>Ovl\u00e1d\u00e1n\u00ed: FANUC<\/p>\n<p>Pr\u016fm\u011br v\u00fdkyvu: 600 mm<br \/>\nMaxim\u00e1ln\u00ed pr\u016fm\u011br ot\u00e1\u010den\u00ed: 310 mm<br \/>\nPr\u016fm\u011br ot\u00e1\u010den\u00ed p\u0159es k\u0159\u00ed\u017eov\u00fd suport: 355 mm<br \/>\nOtvor v\u0159etena: 78 mm<br \/>\nKapacita ty\u010de: 65 mm<br \/>\nRozsah ot\u00e1\u010dek v\u0159etena: a\u017e 4 000 ot\u00e1\u010dek za minutu<br \/>\nMaxim\u00e1ln\u00ed d\u00e9lka ot\u00e1\u010den\u00ed: 521 mm<br \/>\nZdvih osy Z: 560 mm<br \/>\nPojezd osy X: 220 mm<br \/>\nV\u011b\u017e: 12 stanic<br \/>\nOvl\u00e1d\u00e1n\u00ed: Fanuc i<br \/>\nRozli\u0161en\u00ed osy C: 0,001\u00b0<br \/>\nOt\u00e1\u010dky v\u0159etene podv\u0159etene: a\u017e 5 000 ot.\/min<br \/>\nPojezd osy W: 590 mm<br \/>\nCelkov\u00e9 p\u0159ipojen\u00e9 zat\u00ed\u017een\u00ed: cca 20 kVA<br \/>\nHmotnost stroje: cca 5 t<br \/>\nProstorov\u00e9 n\u00e1roky (D x \u0160 x V): cca 3,7 x 1,7 x 1,9 m<br \/>\nUdr\u017eovan\u00fd stroj<br \/>\nProvozn\u00ed hodiny v\u0159etena pouze 1 569 h<\/p>\n<p>V\u011b\u017e n\u00e1stroj\u016f: 12 stanic, poh\u00e1n\u011bn\u00e9 n\u00e1stroje a\u017e do 5 000 ot.\/min.<br \/>\nZachycova\u010d obrobk\u016f<br \/>\nAutomatick\u00fd sondovac\u00ed syst\u00e9m (nat\u00e1\u010dec\u00ed)<br \/>\nOt\u00e1\u010dky v\u0159etena: 5 000 ot\/min<br \/>\nDopravn\u00edk t\u0159\u00edsek<br \/>\nChladic\u00ed \u010derpadlo<br \/>\nRozhran\u00ed: USB, LAN a RS232C<\/p>\n<p>Bal\u00ed\u010dek n\u00e1\u0159ad\u00ed<br \/>\n3\u010delis\u0165ov\u00e9 skl\u00ed\u010didlo 205 mm<br \/>\n3\u010delis\u0165ov\u00e9 skl\u00ed\u010didlo pro sub v\u0159eteno<br \/>\n2x hnan\u00e9 dr\u017e\u00e1ky n\u00e1stroj\u016f (radi\u00e1ln\u00ed + axi\u00e1ln\u00ed)<br \/>\n10x dr\u017e\u00e1k\u016f n\u00e1stroj\u016f s pevn\u00fdm uchycen\u00edm<br \/>\nSk\u0159\u00ed\u0148 na n\u00e1\u0159ad\u00ed<br \/>\nR\u016fzn\u00e9 m\u011bkk\u00e9 \u010delisti<br \/>\nR\u016fzn\u00e9 soustru\u017enick\u00e9 n\u00e1stroje<br \/>\nRozhran\u00ed USB, LAN a RS232C<br \/>\nDopravn\u00edk t\u0159\u00edsek<br \/>\nP\u0159\u00edslu\u0161enstv\u00ed<br \/>\nP\u0159\u00edru\u010dky<\/p>\n<p>Mont\u00e1\u017en\u00ed rozm\u011bry (cca)<br \/>\nD\u00e9lka (hloubka): cca 1 685 mm<br \/>\n\u0160\u00ed\u0159ka: cca 1 900 mm<br \/>\nV\u00fd\u0161ka: cca. 1 860 mm<br \/>\nHmotnost: cca 5 000 kg<\/p>\n<p>S v\u00fdhradou zm\u011bn a chyb v technick\u00fdch \u00fadaj\u00edch a p\u0159edchoz\u00edho prodeje!<\/p>","protected":false},"excerpt":{"rendered":"<p>Standort: Deutschland, Baden-W\u00fcrttemberg S\u00fcdwest Zustand: Gebraucht Hersteller: HYUNDA WIA Modell: L230 LMSA Baujahr: 2018 Betriebsstunden: 9078 CNC-Drehmaschine HYUNDA WIA L230 LMSA, Bj. 01_2018 Steuerung: FANUC Schwingdurchmesser 600 mm Drehdurchmesser 310 mm Drehdurchmesser \u00fcber Support 355 mm Spindelbohrung 78 mm Stangendurchlass 65 mm Drehzahlbereich 4000 U\/min Drehl\u00e4nge 521 mm Verfahrweg &#8211; z 560 mm Verfahrweg &#8211; [&hellip;]<\/p>\n","protected":false},"featured_media":5213,"comment_status":"open","ping_status":"closed","template":"","meta":{"_uf_show_specific_survey":0,"_uf_disable_surveys":false},"product_brand":[],"product_cat":[89],"product_tag":[],"class_list":{"0":"post-5219","1":"product","2":"type-product","3":"status-publish","4":"has-post-thumbnail","6":"product_cat-cnc-kurzdrehmaschinen","8":"first","9":"instock","10":"taxable","11":"shipping-taxable","12":"product-type-simple"},"aioseo_notices":[],"_links":{"self":[{"href":"https:\/\/mueller-wrh.de\/cs\/wp-json\/wp\/v2\/product\/5219","targetHints":{"allow":["GET"]}}],"collection":[{"href":"https:\/\/mueller-wrh.de\/cs\/wp-json\/wp\/v2\/product"}],"about":[{"href":"https:\/\/mueller-wrh.de\/cs\/wp-json\/wp\/v2\/types\/product"}],"replies":[{"embeddable":true,"href":"https:\/\/mueller-wrh.de\/cs\/wp-json\/wp\/v2\/comments?post=5219"}],"wp:featuredmedia":[{"embeddable":true,"href":"https:\/\/mueller-wrh.de\/cs\/wp-json\/wp\/v2\/media\/5213"}],"wp:attachment":[{"href":"https:\/\/mueller-wrh.de\/cs\/wp-json\/wp\/v2\/media?parent=5219"}],"wp:term":[{"taxonomy":"product_brand","embeddable":true,"href":"https:\/\/mueller-wrh.de\/cs\/wp-json\/wp\/v2\/product_brand?post=5219"},{"taxonomy":"product_cat","embeddable":true,"href":"https:\/\/mueller-wrh.de\/cs\/wp-json\/wp\/v2\/product_cat?post=5219"},{"taxonomy":"product_tag","embeddable":true,"href":"https:\/\/mueller-wrh.de\/cs\/wp-json\/wp\/v2\/product_tag?post=5219"}],"curies":[{"name":"wp","href":"https:\/\/api.w.org\/{rel}","templated":true}]}}