{"id":5212,"date":"2026-04-01T12:48:11","date_gmt":"2026-04-01T12:48:11","guid":{"rendered":"https:\/\/mueller-wrh.de\/produkt\/hwacheon-hi-tech-230bl-ysmc-bj-01_2020_-intnr231545\/"},"modified":"2026-04-01T12:48:11","modified_gmt":"2026-04-01T12:48:11","slug":"hwacheon-hi-tech-230bl-ysmc-bj-01_2020_-intnr231545","status":"publish","type":"product","link":"https:\/\/mueller-wrh.de\/cs\/produkt\/hwacheon-hi-tech-230bl-ysmc-bj-01_2020_-intnr231545\/","title":{"rendered":"HWACHEON Hi-TECH 230BL YSMC, r.v. 01_2020_ IntNr231545"},"content":{"rendered":"<p><b>Um\u00edst\u011bn\u00ed:<\/b> N\u011bmecko, B\u00e1densko-W\u00fcrttembersko Jihoz\u00e1padn\u00ed N\u011bmecko<\/p>\n<p><b>Stav:<\/b> Pou\u017eit\u00e9<\/p>\n<p><b>V\u00fdrobce:<\/b> HWACHEON<\/p>\n<p><b>Model:<\/b> HI-TECH 230BL YSMC<\/p>\n<p><b>Rok v\u00fdstavby:<\/b> 2020<\/p>\n<p><b>Provozn\u00ed doba:<\/b> 38709<\/p>\n<p>CNC soustruh HWACHEON Hi-Tech 230BL YSMC, r.v. 2020<br \/>\nUveden\u00ed do provozu 2021<br \/>\n\u0158\u00eddic\u00ed syst\u00e9m: FANUC<br \/>\nOt\u00e1\u010dky v\u0159etena: a\u017e cca 3 500 ot.\/min<br \/>\nVrt\u00e1n\u00ed v\u0159etene: cca 65 mm<br \/>\nMax. pr\u016fm\u011br ot\u00e1\u010den\u00ed: cca 230 mm<br \/>\nMax. d\u00e9lka oto\u010dn\u00e9ho h\u0159\u00eddele: cca 500\u2013600 mm<br \/>\nV\u00fdkon v\u0159etena: cca 15\u201322 kW<br \/>\nProtitahadlo: do cca 4 500 ot.\/min<br \/>\nRevolver n\u00e1stroj\u016f: cca 12 stanic<br \/>\nOs: osa X, Z a Y, osa C (hlavn\u00ed a sub-v\u0159eteno)<br \/>\nPohyb podlahy: do cca 24 m\/min<br \/>\nHlavn\u00ed v\u0159eteno + protiv\u0159eteno<br \/>\nOsa Y pro mimo st\u0159edov\u00e9 obr\u00e1b\u011bn\u00ed<br \/>\nC-osa pro polohov\u00e1n\u00ed\/interpolaci<br \/>\nRevolverov\u00e1 soustru\u017enick\u00e1 hlava s hnan\u00fdmi n\u00e1stroji<br \/>\nPojezd osy Y: cca \u00b150 mm<br \/>\nPojezdy X\/Z: X cca 200 mm \/ Z cca 500\u2013600 mm<br \/>\nRevolverov\u00e9 stanice: obvykle 12 stanic BMT<br \/>\nPoh\u00e1n\u011bn\u00e9 n\u00e1stroje: k dispozici<br \/>\nProtiv\u0159eteno: pro obr\u00e1b\u011bn\u00ed zadn\u00ed strany<br \/>\nOds\u00e1vac\u00ed za\u0159\u00edzen\u00ed AR Filtratione<br \/>\nDr\u017e\u00e1k n\u00e1\u0159ad\u00ed balen\u00ed<br \/>\nDopravn\u00edk t\u0159\u00edsek<br \/>\nP\u0159\u00edslu\u0161enstv\u00ed<br \/>\nP\u0159\u00edru\u010dky<br \/>\nRobot s nakl\u00e1dac\u00edm a vykl\u00e1dac\u00edm syst\u00e9mem<\/p>\n<p>Rozm\u011bry pro instalaci (cca)<br \/>\nD\u00e9lka: cca 3 200 mm<br \/>\n\u0160\u00ed\u0159ka: cca 1 800 mm<br \/>\nV\u00fd\u0161ka: cca 1 850 mm<br \/>\nHmotnost: cca 6.800 kg<\/p>\n<p>Zm\u011bny a chyby v technick\u00fdch \u00fadaj\u00edch a p\u0159edchoz\u00ed prodej vyhrazeny!<\/p>\n<p>CNC soustruh HWACHEON Hi-Tech 230BL YSMC, rok v\u00fdroby 2020<br \/>\nObjedn\u00e1no: 2021<br \/>\nOvl\u00e1d\u00e1n\u00ed: FANUC<br \/>\nOt\u00e1\u010dky v\u0159etene: a\u017e cca 3 500 ot.\/min<br \/>\nVrt\u00e1n\u00ed v\u0159etena: cca 65 mm<br \/>\nMax. pr\u016fm\u011br ot\u00e1\u010den\u00ed: cca 230 mm<br \/>\nMax. d\u00e9lka soustru\u017een\u00ed: cca 500\u2013600 mm<br \/>\nV\u00fdkon hlavn\u00edho v\u0159etena: cca 15\u201322 kW<br \/>\nOt\u00e1\u010dky druh\u00e9ho v\u0159etena: a\u017e p\u0159ibli\u017en\u011b 4 500 ot.\/min<br \/>\nVrtuln\u00edk stanovi\u0161t\u011b: cca 12 stanic<br \/>\nOs: Osa X, osa Z a osa Y, osa C (hlavn\u00ed a pod\u0159\u00edzen\u00e9 v\u0159eteno)<br \/>\nRychloposuv: a\u017e cca 24 m\/min<\/p>\n<p>Hlavn\u00ed v\u0159eteno + pomocn\u00e9 v\u0159eteno<br \/>\nOsa Y pro obr\u00e1b\u011bn\u00ed mimo st\u0159ed<br \/>\nOsa C pro polohov\u00e1n\u00ed\/interpolaci<br \/>\nV\u011b\u017e s hnan\u00fdmi n\u00e1stroji<br \/>\nPosuv osy Y: cca \u00b150 mm<br \/>\nCesty X\/Z: X p\u0159ibli\u017en\u011b 200 mm \/ Z p\u0159ibli\u017en\u011b 500\u2013600 mm<br \/>\nV\u011b\u017eov\u00e9 stanice: obvykle 12 stanic, BMT<br \/>\nPoh\u00e1n\u011bn\u00e9 n\u00e1stroje: k dispozici<br \/>\nVedlej\u0161\u00ed v\u0159eteno: pro obr\u00e1b\u011bn\u00ed na zadn\u00ed stran\u011b<\/p>\n<p>Vybaven\u00ed<br \/>\nExtrak\u010dn\u00ed syst\u00e9m AR Filtratione<br \/>\nBalen\u00ed dr\u017e\u00e1ku n\u00e1\u0159ad\u00ed<br \/>\nDopravn\u00edk t\u0159\u00edsek<br \/>\nP\u0159\u00edslu\u0161enstv\u00ed<br \/>\nP\u0159\u00edru\u010dky<br \/>\nSyst\u00e9m pro nakl\u00e1dku\/vykl\u00e1dku robotem<\/p>\n<p>Mont\u00e1\u017en\u00ed rozm\u011bry (cca)<br \/>\nD\u00e9lka: p\u0159ibli\u017en\u011b 3 200 mm<br \/>\n\u0160\u00ed\u0159ka: cca 1 800 mm<br \/>\nV\u00fd\u0161ka: cca 1 850 mm<br \/>\nHmotnost: cca 6 800 kg<\/p>\n<p>S v\u00fdhradou zm\u011bn a chyb v technick\u00fdch \u00fadaj\u00edch a p\u0159edchoz\u00edho prodeje!<\/p>","protected":false},"excerpt":{"rendered":"<p>Standort: Deutschland, Baden-W\u00fcrttemberg S\u00fcdwest Zustand: Gebraucht Hersteller: HWACHEON Modell: Hi-TECH 230BL YSMC Baujahr: 2020 Betriebsstunden: 38709 CNC-Drehmaschine HWACHEON Hi-Tech 230BL YSMC, Bj. 2020 Inbetriebnahme 2021 Steuerung: FANUC Spindeldrehzahl: bis ca. 3.500 U\/min Spindelbohrung: ca. 65 mm Max. Drehdurchmesser: ca. 230 mm Max. Drehl\u00e4nge: ca. 500\u2013600 mm Hauptspindelleistung: ca. 15\u201322 kW Gegenspindel: bis ca. 4.500 U\/min [&hellip;]<\/p>\n","protected":false},"featured_media":5205,"comment_status":"open","ping_status":"closed","template":"","meta":{"_uf_show_specific_survey":0,"_uf_disable_surveys":false},"product_brand":[],"product_cat":[89],"product_tag":[],"class_list":{"0":"post-5212","1":"product","2":"type-product","3":"status-publish","4":"has-post-thumbnail","6":"product_cat-cnc-kurzdrehmaschinen","8":"first","9":"instock","10":"taxable","11":"shipping-taxable","12":"product-type-simple"},"aioseo_notices":[],"_links":{"self":[{"href":"https:\/\/mueller-wrh.de\/cs\/wp-json\/wp\/v2\/product\/5212","targetHints":{"allow":["GET"]}}],"collection":[{"href":"https:\/\/mueller-wrh.de\/cs\/wp-json\/wp\/v2\/product"}],"about":[{"href":"https:\/\/mueller-wrh.de\/cs\/wp-json\/wp\/v2\/types\/product"}],"replies":[{"embeddable":true,"href":"https:\/\/mueller-wrh.de\/cs\/wp-json\/wp\/v2\/comments?post=5212"}],"wp:featuredmedia":[{"embeddable":true,"href":"https:\/\/mueller-wrh.de\/cs\/wp-json\/wp\/v2\/media\/5205"}],"wp:attachment":[{"href":"https:\/\/mueller-wrh.de\/cs\/wp-json\/wp\/v2\/media?parent=5212"}],"wp:term":[{"taxonomy":"product_brand","embeddable":true,"href":"https:\/\/mueller-wrh.de\/cs\/wp-json\/wp\/v2\/product_brand?post=5212"},{"taxonomy":"product_cat","embeddable":true,"href":"https:\/\/mueller-wrh.de\/cs\/wp-json\/wp\/v2\/product_cat?post=5212"},{"taxonomy":"product_tag","embeddable":true,"href":"https:\/\/mueller-wrh.de\/cs\/wp-json\/wp\/v2\/product_tag?post=5212"}],"curies":[{"name":"wp","href":"https:\/\/api.w.org\/{rel}","templated":true}]}}