{"id":5197,"date":"2026-04-01T10:09:36","date_gmt":"2026-04-01T10:09:36","guid":{"rendered":"https:\/\/mueller-wrh.de\/produkt\/dmg-dmu-40-evo-linear-bj-2012-intnr231419\/"},"modified":"2026-04-01T10:09:36","modified_gmt":"2026-04-01T10:09:36","slug":"dmg-dmu-40-evo-linear-bj-2012-intnr231419","status":"publish","type":"product","link":"https:\/\/mueller-wrh.de\/cs\/produkt\/dmg-dmu-40-evo-linear-bj-2012-intnr231419\/","title":{"rendered":"DMG DMU 40 eVo line\u00e1rn\u00ed rok 2012, IntNo231419"},"content":{"rendered":"<p><b>Um\u00edst\u011bn\u00ed:<\/b> N\u011bmecko, B\u00e1densko-W\u00fcrttembersko Jihoz\u00e1padn\u00ed N\u011bmecko<\/p>\n<p><b>Stav:<\/b> Jako nov\u00fd<\/p>\n<p><b>V\u00fdrobce:<\/b> DMG<\/p>\n<p><b>Model:<\/b> 40 eVo line\u00e1rn\u00ed<\/p>\n<p><b>Rok v\u00fdstavby:<\/b> 2012<\/p>\n<p><b>Provozn\u00ed doba:<\/b> 0<\/p>\n<p>repasovan\u00e9 CNC 5os\u00e9 vertik\u00e1ln\u00ed obr\u00e1b\u011bc\u00ed centrum DMG DMU 40 eVo linear, rok 2012, IntNo231419<br \/>\n\u0158\u00eddic\u00ed syst\u00e9m<br \/>\nZna\u010dka HEIDENHAIN<br \/>\nModel 530<\/p>\n<p>Hlavn\u00ed pohon<br \/>\nRozsah ot\u00e1\u010dek v\u0159etena 14000<br \/>\nPo\u010det n\u00e1prav 5<\/p>\n<p>Cestovn\u00ed vzd\u00e1lenosti<br \/>\nDr\u00e1ha pojezdu v ose X 400 mm<br \/>\nDr\u00e1ha pojezdu v ose Y 400 mm<br \/>\nZdvih osy Z 375 mm<\/p>\n<p>Zahrnuje:<br \/>\nV\u00fdm\u011bna n\u00e1stroj\u016f, 120 m\u00edst Dr\u017e\u00e1k n\u00e1stroj\u016f typ SK 40<br \/>\nRota\u010dn\u00ed posuv stolu pro up\u00edn\u00e1n\u00ed obrobk\u016f<br \/>\nBo\u010dn\u00ed dve\u0159e pro nakl\u00e1d\u00e1n\u00ed robot\u016f<br \/>\nKontrola zlomen\u00ed n\u00e1stroje Renishaw<br \/>\nM\u011b\u0159ic\u00ed sonda Heidenhain<br \/>\nSyst\u00e9m IKZ s n\u00e1dr\u017e\u00ed o objemu 600 litr\u016f<br \/>\nZru\u0161en\u00ed emulze<br \/>\nAktivn\u00ed chladi\u010d v\u0159etena<br \/>\nLine\u00e1rn\u00ed pohony v os\u00e1ch X + Y<br \/>\nSklen\u011bn\u00e9 v\u00e1hy<\/p>\n<p>Stroj si m\u016f\u017eete prohl\u00e9dnout po p\u0159edchoz\u00ed domluv\u011b.<br \/>\nZm\u011bny a chyby v technick\u00fdch \u00fadaj\u00edch a informac\u00edch, jako\u017e i p\u0159edchoz\u00ed prodej vyhrazeny!<\/p>\n<p>kompletn\u011b repasovan\u00e9 CNC p\u011btios\u00e9 vertik\u00e1ln\u00ed obr\u00e1b\u011bc\u00ed centrum DMG DMU 40 eVo linear, vyroben\u00e9 v roce 2012, IntNr231419<br \/>\nKontrola<br \/>\nZna\u010dka HEIDENHAIN<br \/>\nModel 530<\/p>\n<p>Hlavn\u00ed pohon<br \/>\nRozsah ot\u00e1\u010dek v\u0159etena 14000<br \/>\nPo\u010det os 5<\/p>\n<p>Cestovn\u00ed vzd\u00e1lenosti<br \/>\nVzd\u00e1lenost pojezdu osy X 400 mm<br \/>\nVzd\u00e1lenost pohybu osy Y 400 mm<br \/>\nRozsah pohybu osy Z 375 mm<\/p>\n<p>Zahrnuje:<br \/>\nV\u00fdm\u011bna n\u00e1stroj\u016f, 120polohov\u00fd dr\u017e\u00e1k n\u00e1stroj\u016f SK 40<br \/>\nRota\u010dn\u00ed posuv stolu pro up\u00edn\u00e1n\u00ed obrobk\u016f<br \/>\nBo\u010dn\u00ed dve\u0159e pro nakl\u00e1d\u00e1n\u00ed robot\u016f<br \/>\nKontrola zlomen\u00ed n\u00e1stroje Renishaw<br \/>\nM\u011b\u0159ic\u00ed sonda Heidenhain<br \/>\nSyst\u00e9m IKZ, s n\u00e1dr\u017e\u00ed 600 l<br \/>\nSyst\u00e9m extrakce emulze<br \/>\nAktivn\u00ed chladi\u010d v\u0159etena<br \/>\nLine\u00e1rn\u00ed pohony v os\u00e1ch X + Y<br \/>\nSklen\u011bn\u00e9 v\u00e1hy<\/p>\n<p>Stroj si lze prohl\u00e9dnout po p\u0159edchoz\u00ed domluv\u011b.<br \/>\nZm\u011bny a chyby v technick\u00fdch \u00fadaj\u00edch a specifikac\u00edch vyhrazeny, stejn\u011b jako p\u0159edchoz\u00ed prodej!<\/p>","protected":false},"excerpt":{"rendered":"<p>Standort: Deutschland, Baden-W\u00fcrttemberg S\u00fcdwest Zustand: Neuwertig Hersteller: DMG Modell: 40 eVo linear Baujahr: 2012 Betriebsstunden: 0 neuwertiges grund\u00fcberholtes CNC 5-Achs-Vertikales Bearbeitungszentrum DMG DMU 40 eVo linear, Bj. 2012, IntNr231419 Steuerung Marke HEIDENHAIN Modell 530 Hauptantrieb Spindeldrehzahlbereich 14000 Anzahl der Achsen 5 Verfahrwege Verfahrweg X-Achse 400 mm Verfahrweg Y-Achse 400 mm Verfahrweg Z-Achse 375 mm Beinhaltet [&hellip;]<\/p>\n","protected":false},"featured_media":5189,"comment_status":"open","ping_status":"closed","template":"","meta":{"_uf_show_specific_survey":0,"_uf_disable_surveys":false},"product_brand":[],"product_cat":[21],"product_tag":[],"class_list":{"0":"post-5197","1":"product","2":"type-product","3":"status-publish","4":"has-post-thumbnail","6":"product_cat-cnc-bearbeitungszentrum","8":"first","9":"instock","10":"taxable","11":"shipping-taxable","12":"product-type-simple"},"aioseo_notices":[],"_links":{"self":[{"href":"https:\/\/mueller-wrh.de\/cs\/wp-json\/wp\/v2\/product\/5197","targetHints":{"allow":["GET"]}}],"collection":[{"href":"https:\/\/mueller-wrh.de\/cs\/wp-json\/wp\/v2\/product"}],"about":[{"href":"https:\/\/mueller-wrh.de\/cs\/wp-json\/wp\/v2\/types\/product"}],"replies":[{"embeddable":true,"href":"https:\/\/mueller-wrh.de\/cs\/wp-json\/wp\/v2\/comments?post=5197"}],"wp:featuredmedia":[{"embeddable":true,"href":"https:\/\/mueller-wrh.de\/cs\/wp-json\/wp\/v2\/media\/5189"}],"wp:attachment":[{"href":"https:\/\/mueller-wrh.de\/cs\/wp-json\/wp\/v2\/media?parent=5197"}],"wp:term":[{"taxonomy":"product_brand","embeddable":true,"href":"https:\/\/mueller-wrh.de\/cs\/wp-json\/wp\/v2\/product_brand?post=5197"},{"taxonomy":"product_cat","embeddable":true,"href":"https:\/\/mueller-wrh.de\/cs\/wp-json\/wp\/v2\/product_cat?post=5197"},{"taxonomy":"product_tag","embeddable":true,"href":"https:\/\/mueller-wrh.de\/cs\/wp-json\/wp\/v2\/product_tag?post=5197"}],"curies":[{"name":"wp","href":"https:\/\/api.w.org\/{rel}","templated":true}]}}