{"id":5188,"date":"2026-03-31T15:28:26","date_gmt":"2026-03-31T15:28:26","guid":{"rendered":"https:\/\/mueller-wrh.de\/produkt\/star-sr20r-ii-bj-12_2006_mit-fmb-turbo-3-26_-intnr231539\/"},"modified":"2026-03-31T15:28:26","modified_gmt":"2026-03-31T15:28:26","slug":"star-sr20r-ii-bj-12_2006_mit-fmb-turbo-3-26_-intnr231539","status":"publish","type":"product","link":"https:\/\/mueller-wrh.de\/cs\/produkt\/star-sr20r-ii-bj-12_2006_mit-fmb-turbo-3-26_-intnr231539\/","title":{"rendered":"STAR SR20R II , rok 12_2006_s FMB Turbo 3-26_ IntNr231539"},"content":{"rendered":"<p><b>Um\u00edst\u011bn\u00ed:<\/b> N\u011bmecko, B\u00e1densko-W\u00fcrttembersko Jihoz\u00e1padn\u00ed N\u011bmecko<\/p>\n<p><b>Stav:<\/b> Pou\u017eit\u00e9<\/p>\n<p><b>V\u00fdrobce:<\/b> STAR Micronics<\/p>\n<p><b>Model:<\/b> SR-20R II<\/p>\n<p><b>Provozn\u00ed doba:<\/b> 58685<\/p>\n<p>CNC soustruh STAR SR-20RII s FMB Turbo 3-26<br \/>\nRok v\u00fdroby: 12_2006<br \/>\nOvl\u00e1d\u00e1n\u00ed: Fanuc 18i-TB<\/p>\n<p>Technick\u00e9 \u00fadaje<br \/>\nMax. Pr\u016fm\u011br soustru\u017een\u00ed: \u00d8 20 mm (voliteln\u011b a\u017e \u00d8 22 mm)<br \/>\nD\u00e9lka soustru\u017een\u00ed: 205 mm<br \/>\nHlavn\u00ed v\u0159eteno:<br \/>\n- Rychlost: a\u017e cca 10 000-12 000 min-\u00b9<br \/>\n- V\u00fdkon: p\u0159ibli\u017en\u011b 3,7-5,5 kW<br \/>\n- Osa C pro konturov\u00e9 obr\u00e1b\u011bn\u00ed<br \/>\nProtiv\u0159eteno:<br \/>\n- Rychlost: a\u017e cca 6 000-8 000 min-\u00b9<br \/>\n- Osa C<br \/>\nOsy (cestovn\u00ed vzd\u00e1lenosti):<br \/>\n- X1 \/ Z1 \/ Y1 (hlavn\u00ed obr\u00e1b\u011bn\u00ed): X1 cca 265 mm \/ Z1 cca 205 mm \/ Y1 \u00b1 20 mm.<br \/>\n- X2 \/ Z2 (protiv\u0159eteno): podobn\u011b jako hlavn\u00ed osa, p\u0159esn\u00e9 hodnoty z\u00e1vis\u00ed na stroji.<br \/>\n- Rychl\u00fd posun: cca 24-30 m\/min<\/p>\n<p>Rozm\u011bry stroje: 2 400 \u00d7 1 205 \u00d7 1 700 mm<br \/>\nHmotnost stroje: p\u0159ibli\u017en\u011b 2 200 kg<\/p>\n<p>Podava\u010d ty\u010d\u00ed: FMB TURBO 3-26\/3200<br \/>\nDopravn\u00edk t\u0159\u00edsek<\/p>\n<p>Prohl\u00ed\u017een\u00ed: Stroj si lze prohl\u00e9dnout na m\u00edst\u011b po p\u0159edchoz\u00ed domluv\u011b.<br \/>\nUpozorn\u011bn\u00ed: Zm\u011bny a chyby v technick\u00fdch \u00fadaj\u00edch a p\u0159edchoz\u00ed prodej vyhrazeny!<\/p>\n<p>Svisl\u00fd soustruh STAR SR-20RII CNC s FMB Turbo 3-26<br \/>\nRok v\u00fdroby: 12_2006<br \/>\n\u0158\u00eddic\u00ed syst\u00e9m: Fanuc 18i-TB<\/p>\n<p>Technick\u00e9 specifikace<br \/>\nMaxim\u00e1ln\u00ed pr\u016fm\u011br ot\u00e1\u010den\u00ed: \u00d8 20 mm (voliteln\u011b a\u017e \u00d8 22 mm)<br \/>\nD\u00e9lka soustru\u017een\u00ed: 205 mm<br \/>\nHlavn\u00ed v\u0159eteno:<br \/>\n\u2022    Rychlost: a\u017e cca 10 000\u201312 000 ot.\/min<br \/>\n\u2022    V\u00fdkon: p\u0159ibli\u017en\u011b 3,7\u20135,5 kW<br \/>\n\u2022    Osa C pro obvodov\u00e9 obr\u00e1b\u011bn\u00ed<br \/>\nProtiv\u0159eteno:<br \/>\n\u2022 Rychlost: a\u017e cca 6 000\u20138 000 ot.\/min<br \/>\n\u2022    Osa C<br \/>\nOsy (rozsahy pohybu):<br \/>\n\u2022 X1 \/ Z1 \/ Y1 (hlavn\u00ed obr\u00e1b\u011bn\u00ed): X1 cca 265 mm \/ Z1 cca 205 mm \/ Y1 \u00b1 20 mm<br \/>\n\u2022 X2 \/ Z2 (protiv\u0159eteno): podobn\u011b jako hlavn\u00ed v\u0159eteno, p\u0159esn\u00e9 hodnoty z\u00e1vis\u00ed na stroji<br \/>\n\u2022    Rychloposuv: cca 24\u201330 m\/min<\/p>\n<p>Rozm\u011bry stroje: 2 400 \u00d7 1 205 \u00d7 1 700 mm<br \/>\nHmotnost stroje: p\u0159ibli\u017en\u011b 2 200 kg<\/p>\n<p>Z\u00e1sobn\u00edk pro pod\u00e1v\u00e1n\u00ed ty\u010d\u00ed: FMB TURBO 3-26\/3200<br \/>\nDopravn\u00edk t\u0159\u00edsek<\/p>\n<p>Prohl\u00eddka: Stroje je mo\u017en\u00e9 si prohl\u00e9dnout na m\u00edst\u011b po p\u0159edchoz\u00ed domluv\u011b.<br \/>\nUpozorn\u011bn\u00ed: Technick\u00e9 \u00fadaje se mohou zm\u011bnit a obsahovat chyby, a toto zbo\u017e\u00ed je mo\u017en\u00e9 vyprodat!<\/p>","protected":false},"excerpt":{"rendered":"<p>Standort: Deutschland, Baden-W\u00fcrttemberg S\u00fcdwest Zustand: Gebraucht Hersteller: STAR Micronics Modell: SR-20R II Betriebsstunden: 58685 CNC-Langdrehmaschine STAR SR-20RII mit FMB Turbo 3-26 Baujahr: 12_2006 Steuerung: Fanuc 18i-TB Technische Daten Max. Drehdurchmesser: \u00d8 20 mm (optional bis \u00d8 22 mm) Drehl\u00e4nge: 205 mm Hauptspindel: \u2022 Drehzahl: bis ca. 10.000\u201312.000 min\u207b\u00b9 \u2022 Leistung: ca. 3,7\u20135,5 kW \u2022 C-Achse [&hellip;]<\/p>\n","protected":false},"featured_media":5182,"comment_status":"open","ping_status":"closed","template":"","meta":{"_uf_show_specific_survey":0,"_uf_disable_surveys":false},"product_brand":[],"product_cat":[23],"product_tag":[],"class_list":{"0":"post-5188","1":"product","2":"type-product","3":"status-publish","4":"has-post-thumbnail","6":"product_cat-cnc-langdrehmaschinen","8":"first","9":"instock","10":"taxable","11":"shipping-taxable","12":"product-type-simple"},"aioseo_notices":[],"_links":{"self":[{"href":"https:\/\/mueller-wrh.de\/cs\/wp-json\/wp\/v2\/product\/5188","targetHints":{"allow":["GET"]}}],"collection":[{"href":"https:\/\/mueller-wrh.de\/cs\/wp-json\/wp\/v2\/product"}],"about":[{"href":"https:\/\/mueller-wrh.de\/cs\/wp-json\/wp\/v2\/types\/product"}],"replies":[{"embeddable":true,"href":"https:\/\/mueller-wrh.de\/cs\/wp-json\/wp\/v2\/comments?post=5188"}],"wp:featuredmedia":[{"embeddable":true,"href":"https:\/\/mueller-wrh.de\/cs\/wp-json\/wp\/v2\/media\/5182"}],"wp:attachment":[{"href":"https:\/\/mueller-wrh.de\/cs\/wp-json\/wp\/v2\/media?parent=5188"}],"wp:term":[{"taxonomy":"product_brand","embeddable":true,"href":"https:\/\/mueller-wrh.de\/cs\/wp-json\/wp\/v2\/product_brand?post=5188"},{"taxonomy":"product_cat","embeddable":true,"href":"https:\/\/mueller-wrh.de\/cs\/wp-json\/wp\/v2\/product_cat?post=5188"},{"taxonomy":"product_tag","embeddable":true,"href":"https:\/\/mueller-wrh.de\/cs\/wp-json\/wp\/v2\/product_tag?post=5188"}],"curies":[{"name":"wp","href":"https:\/\/api.w.org\/{rel}","templated":true}]}}