{"id":5181,"date":"2026-03-30T10:48:23","date_gmt":"2026-03-30T10:48:23","guid":{"rendered":"https:\/\/mueller-wrh.de\/produkt\/mayfran-spaenefoerderer-typ-scharnierband-bj-15-intnr231541\/"},"modified":"2026-03-30T10:48:24","modified_gmt":"2026-03-30T10:48:24","slug":"mayfran-spaenefoerderer-typ-scharnierband-bj-15-intnr231541","status":"publish","type":"product","link":"https:\/\/mueller-wrh.de\/cs\/produkt\/mayfran-spaenefoerderer-typ-scharnierband-bj-15-intnr231541\/","title":{"rendered":"Mayfran\u016fv dopravn\u00edk t\u0159\u00edsek, typ s lamelov\u00fdm p\u00e1sem, r.v. `15, int. \u010d. 231541"},"content":{"rendered":"<p><b>Um\u00edst\u011bn\u00ed:<\/b> N\u011bmecko, B\u00e1densko-W\u00fcrttembersko Jihoz\u00e1padn\u00ed N\u011bmecko<\/p>\n<p><b>Stav:<\/b> Pou\u017eit\u00e9<\/p>\n<p><b>V\u00fdrobce:<\/b> MAYFRAN<\/p>\n<p><b>Model:<\/b> Schr\u00e1nkov\u00fd z\u00e1v\u011bs<\/p>\n<p><b>Rok v\u00fdstavby:<\/b> 2015<\/p>\n<p>MAYFRAN dopravn\u00edk t\u0159\u00edsek typ p\u00e1sov\u00fd Bj. 2015<\/p>\n<p>Technick\u00e9 \u00fadaje<br \/>\npln\u011b funk\u010dn\u00ed<br \/>\nVsuvn\u00e1 d\u00e9lka: 940 mm<br \/>\nPosledn\u00ed p\u0159ipojen\u00fd k CNC soustruhu s posuvn\u00fdm v\u0159eten\u00edkem<\/p>\n<p>HMOTNOST A ROZM\u011aRY<br \/>\nRozm\u011bry nakl\u00e1dac\u00edho z\u00e1sobn\u00edku: cca 2200 x 710 x 1100 mm<br \/>\nHmotnost nab\u00edjec\u00edho z\u00e1sobn\u00edku: cca 250 kg<\/p>\n<p>Stroj si m\u016f\u017eete prohl\u00e9dnout po p\u0159edchoz\u00ed domluv\u011b.<br \/>\nZm\u011bny a chyby v technick\u00fdch \u00fadaj\u00edch a informac\u00edch, jako\u017e i p\u0159edchoz\u00ed prodej vyhrazeny!<\/p>\n<p>P\u00e1sov\u00fd dopravn\u00edk na t\u0159\u00edsky MAYFRAN, typ s pantov\u00fdm p\u00e1sem, rok v\u00fdroby 2015<\/p>\n<p>Technick\u00e9 specifikace<br \/>\nPln\u011b funk\u010dn\u00ed<br \/>\nD\u00e9lka n\u00e1kladu: 940 mm<br \/>\nNaposledy pou\u017eito na CNC vertik\u00e1ln\u00edm soustruhu<\/p>\n<p>HMOTNOST A ROZM\u011aRY<br \/>\nRozm\u011bry nakl\u00e1dac\u00edho z\u00e1sobn\u00edku: cca 2200 x 710 x 1100 mm<br \/>\nHmotnost nab\u00edjec\u00edho z\u00e1sobn\u00edku: cca 250 kg<\/p>\n<p>Stroj si lze prohl\u00e9dnout po p\u0159edchoz\u00ed domluv\u011b.<br \/>\nVyhrazujeme si pr\u00e1vo na zm\u011bny a opravy technick\u00fdch \u00fadaj\u016f a specifikac\u00ed a na prodej zbo\u017e\u00ed v mezidob\u00ed!<\/p>","protected":false},"excerpt":{"rendered":"<p>Standort: Deutschland, Baden-W\u00fcrttemberg S\u00fcdwest Zustand: Gebraucht Hersteller: MAYFRAN Modell: Scharnierband Baujahr: 2015 MAYFRAN Sp\u00e4nef\u00f6rderer Typ Scharnierband Bj. 2015 Technische Daten vol funktionsf\u00e4hig Einschubl\u00e4nge : 940 mm zuletzt angebaut an CNC-Langdrehmaschine GEWICHT UND ABMESSUNGEN Abmessungen Lademagazin: ca. 2200 x 710 x 1100 mm Gewicht Lademagazin: ca. 250 kg Die Maschine kann nach Terminvereinbarung Strom besichtigt werden. [&hellip;]<\/p>\n","protected":false},"featured_media":5178,"comment_status":"open","ping_status":"closed","template":"","meta":{"_uf_show_specific_survey":0,"_uf_disable_surveys":false},"product_brand":[],"product_cat":[105],"product_tag":[],"class_list":{"0":"post-5181","1":"product","2":"type-product","3":"status-publish","4":"has-post-thumbnail","6":"product_cat-zubehoer-sonstiges","8":"first","9":"instock","10":"taxable","11":"shipping-taxable","12":"product-type-simple"},"aioseo_notices":[],"_links":{"self":[{"href":"https:\/\/mueller-wrh.de\/cs\/wp-json\/wp\/v2\/product\/5181","targetHints":{"allow":["GET"]}}],"collection":[{"href":"https:\/\/mueller-wrh.de\/cs\/wp-json\/wp\/v2\/product"}],"about":[{"href":"https:\/\/mueller-wrh.de\/cs\/wp-json\/wp\/v2\/types\/product"}],"replies":[{"embeddable":true,"href":"https:\/\/mueller-wrh.de\/cs\/wp-json\/wp\/v2\/comments?post=5181"}],"wp:featuredmedia":[{"embeddable":true,"href":"https:\/\/mueller-wrh.de\/cs\/wp-json\/wp\/v2\/media\/5178"}],"wp:attachment":[{"href":"https:\/\/mueller-wrh.de\/cs\/wp-json\/wp\/v2\/media?parent=5181"}],"wp:term":[{"taxonomy":"product_brand","embeddable":true,"href":"https:\/\/mueller-wrh.de\/cs\/wp-json\/wp\/v2\/product_brand?post=5181"},{"taxonomy":"product_cat","embeddable":true,"href":"https:\/\/mueller-wrh.de\/cs\/wp-json\/wp\/v2\/product_cat?post=5181"},{"taxonomy":"product_tag","embeddable":true,"href":"https:\/\/mueller-wrh.de\/cs\/wp-json\/wp\/v2\/product_tag?post=5181"}],"curies":[{"name":"wp","href":"https:\/\/api.w.org\/{rel}","templated":true}]}}