{"id":5172,"date":"2026-03-30T10:25:39","date_gmt":"2026-03-30T10:25:39","guid":{"rendered":"https:\/\/mueller-wrh.de\/produkt\/fmb-turbo-3-26-3200-a-bj-07-intnr231540\/"},"modified":"2026-03-30T10:29:02","modified_gmt":"2026-03-30T10:29:02","slug":"fmb-turbo-3-26-3200-a-bj-07-intnr231540","status":"publish","type":"product","link":"https:\/\/mueller-wrh.de\/cs\/produkt\/fmb-turbo-3-26-3200-a-bj-07-intnr231540\/","title":{"rendered":"FMB Turbo 3 26 3200 A Rok v\u00fdroby `07, IntNr231540"},"content":{"rendered":"<p><b>Um\u00edst\u011bn\u00ed:<\/b> N\u011bmecko, B\u00e1densko-W\u00fcrttembersko Jihoz\u00e1padn\u00ed N\u011bmecko<\/p>\n<p><b>Stav:<\/b> Pou\u017eit\u00e9<\/p>\n<p><b>V\u00fdrobce:<\/b> FMB<\/p>\n<p><b>Model:<\/b> Turbo 3-26<\/p>\n<p><b>Rok v\u00fdstavby:<\/b> 2007<\/p>\n<p>FMB z\u00e1sobn\u00edk ty\u010d\u00ed TURBO 3-26 3200 A, r. v. 2007<\/p>\n<p>Zem\u011b v\u00fdroby: N\u011bmecko<br \/>\nTechnick\u00e9 \u00fadaje<br \/>\nPr\u016fm\u011br ty\u010de: 3-26 mm<br \/>\nD\u00e9lka ty\u010de: 3200 mm<br \/>\nnaposledy obr\u00e1b\u011bno na CNC soustruhu s posuvn\u00fdm v\u00edcev\u0159etenem STAR SR 20RII<\/p>\n<p>HMOTNOST A ROZM\u011aRY<br \/>\nRozm\u011bry z\u00e1sobn\u00edku: cca 4300 x 701 x 1400 mm<br \/>\nHmotnost z\u00e1sobn\u00edku: cca 980 kg<\/p>\n<p>Stroj si m\u016f\u017eete prohl\u00e9dnout po p\u0159edchoz\u00ed domluv\u011b.<br \/>\nZm\u011bny a chyby v technick\u00fdch \u00fadaj\u00edch a informac\u00edch, jako\u017e i p\u0159edchoz\u00ed prodej vyhrazeny!<\/p>\n<p>Naklada\u010d ty\u010d\u00ed FMB TURBO 3-26, rok v\u00fdroby 2007<\/p>\n<p>Zem\u011b v\u00fdroby: N\u011bmecko<br \/>\nTechnick\u00e9 \u00fadaje<br \/>\nPr\u016fm\u011br ty\u010de: 3-26 mm<br \/>\nD\u00e9lka ty\u010de: 3200 mm<br \/>\nNaposledy nainstalov\u00e1no na CNC soustruhu s posuvn\u00fdm suportem STAR SR 20R II<\/p>\n<p>HMOTNOST A ROZM\u011aRY<br \/>\nRozm\u011bry nakl\u00e1dac\u00edho z\u00e1sobn\u00edku: cca 4300 x 701 x 1400 mm<br \/>\nHmotnost z\u00e1sobn\u00edku: cca 980 kg<\/p>\n<p>Stroj si lze prohl\u00e9dnout po p\u0159edchoz\u00ed domluv\u011b.<br \/>\nZm\u011bny a chyby v technick\u00fdch \u00fadaj\u00edch a specifikac\u00edch vyhrazeny, stejn\u011b jako p\u0159edchoz\u00ed prodej!<\/p>","protected":false},"excerpt":{"rendered":"<p>Standort: Deutschland, Baden-W\u00fcrttemberg S\u00fcdwest Zustand: Gebraucht Hersteller: FMB Modell: Turbo 3-26 Baujahr: 2007 FMB Stangenlademagazin TURBO 3-26 3200 A, Bj. 2007 Herstellerland: Deutschland Technische Daten Stangendurchmesser : 3-26 mm Stangenl\u00e4nge : 3200 mm zuletzt angebaut an CNC-Langdrehmaschine STAR SR 20RII GEWICHT UND ABMESSUNGEN Abmessungen Lademagazin: ca. 4300 x 701 x 1400 mm Gewicht Lademagazin: ca. [&hellip;]<\/p>\n","protected":false},"featured_media":5173,"comment_status":"open","ping_status":"closed","template":"","meta":{"_uf_show_specific_survey":0,"_uf_disable_surveys":false},"product_brand":[],"product_cat":[88],"product_tag":[],"class_list":{"0":"post-5172","1":"product","2":"type-product","3":"status-publish","4":"has-post-thumbnail","6":"product_cat-stangenzufuehrungen","8":"first","9":"instock","10":"taxable","11":"shipping-taxable","12":"product-type-simple"},"aioseo_notices":[],"_links":{"self":[{"href":"https:\/\/mueller-wrh.de\/cs\/wp-json\/wp\/v2\/product\/5172","targetHints":{"allow":["GET"]}}],"collection":[{"href":"https:\/\/mueller-wrh.de\/cs\/wp-json\/wp\/v2\/product"}],"about":[{"href":"https:\/\/mueller-wrh.de\/cs\/wp-json\/wp\/v2\/types\/product"}],"replies":[{"embeddable":true,"href":"https:\/\/mueller-wrh.de\/cs\/wp-json\/wp\/v2\/comments?post=5172"}],"wp:featuredmedia":[{"embeddable":true,"href":"https:\/\/mueller-wrh.de\/cs\/wp-json\/wp\/v2\/media\/5173"}],"wp:attachment":[{"href":"https:\/\/mueller-wrh.de\/cs\/wp-json\/wp\/v2\/media?parent=5172"}],"wp:term":[{"taxonomy":"product_brand","embeddable":true,"href":"https:\/\/mueller-wrh.de\/cs\/wp-json\/wp\/v2\/product_brand?post=5172"},{"taxonomy":"product_cat","embeddable":true,"href":"https:\/\/mueller-wrh.de\/cs\/wp-json\/wp\/v2\/product_cat?post=5172"},{"taxonomy":"product_tag","embeddable":true,"href":"https:\/\/mueller-wrh.de\/cs\/wp-json\/wp\/v2\/product_tag?post=5172"}],"curies":[{"name":"wp","href":"https:\/\/api.w.org\/{rel}","templated":true}]}}