{"id":5165,"date":"2026-03-27T13:42:13","date_gmt":"2026-03-27T13:42:13","guid":{"rendered":"https:\/\/mueller-wrh.de\/produkt\/gildemeister-ctx-beta-1250-4a-bj-2012_-intnr231536\/"},"modified":"2026-03-27T13:42:13","modified_gmt":"2026-03-27T13:42:13","slug":"gildemeister-ctx-beta-1250-4a-bj-2012_-intnr231536","status":"publish","type":"product","link":"https:\/\/mueller-wrh.de\/cs\/produkt\/gildemeister-ctx-beta-1250-4a-bj-2012_-intnr231536\/","title":{"rendered":"Gildemeister CTX Beta 1250 4A, rok 2012_ IntNo231536"},"content":{"rendered":"<p><b>Um\u00edst\u011bn\u00ed:<\/b> N\u011bmecko, B\u00e1densko-W\u00fcrttembersko Jihoz\u00e1padn\u00ed N\u011bmecko<\/p>\n<p><b>Stav:<\/b> Pou\u017eit\u00e9<\/p>\n<p><b>V\u00fdrobce:<\/b> DMG<\/p>\n<p><b>Model:<\/b> CTX Beta 1250 4A<\/p>\n<p><b>Rok v\u00fdstavby:<\/b> 2012<\/p>\n<p><b>Provozn\u00ed doba:<\/b> 20000<\/p>\n<p>\u0160pi\u010dkov\u00e9 CNC soustru\u017enick\u00e9 centrum se 2 revolvery, osou Y a naklada\u010dem ty\u010d\u00ed IRCO<\/p>\n<p>\u0158\u00eddic\u00ed syst\u00e9m: SIEMENS 840D SolutionLine s rozhran\u00edm ShopTurn<br \/>\nRok v\u00fdstavby: 2012<br \/>\nPo\u010det hodin na v\u0159etenu: 20 000<\/p>\n<p>Pr\u016fm\u011br ot\u00e1\u010den\u00ed (max.): cca 390 mm<br \/>\nD\u00e9lka soustru\u017een\u00ed (max.): 1 250 mm<br \/>\nOtvor pro ty\u010d: 76 mm (standardn\u00ed)<\/p>\n<p>Osa X: 300 mm<br \/>\nOsa Z: 1 250 mm<br \/>\nOsa Y: +\/- 60 mm (na horn\u00ed v\u011b\u017ei)<\/p>\n<p>Vlastnosti v\u0159etena:<br \/>\nRychlost: a\u017e 5 000 ot\u00e1\u010dek za minutu<br \/>\nV\u00fdkon pohonu: 34 kW (40% ED)<br \/>\nTo\u010div\u00fd moment: a\u017e 380 Nm<\/p>\n<p>4-os\u00e1 kinematika<br \/>\n2 x 12 stanic (v\u0161echny stanice vhodn\u00e9 pro poh\u00e1n\u011bn\u00e9 n\u00e1stroje)<br \/>\nOt\u00e1\u010dky a\u017e 6 000 ot\/min, v\u00fdkon 11,3 kW<\/p>\n<p>Software pro \u0159ez\u00e1n\u00ed ozuben\u00fdch kol, v\u010detn\u011b specializovan\u00e9ho dr\u017e\u00e1ku n\u00e1stroj\u016f pro fr\u00e9zov\u00e1n\u00ed ozuben\u00fdch kol. <\/p>\n<p>Kr\u00e1tk\u00fd naklada\u010d IRCO MUK<br \/>\nZ\u00e1v\u011bsn\u00fd p\u00e1sov\u00fd dopravn\u00edk t\u0159\u00edsek<br \/>\nSyst\u00e9m HP 20 bar\u016f s pap\u00edrov\u00fdm p\u00e1sov\u00fdm filtrem<\/p>\n<p>Zm\u011bny a chyby v technick\u00fdch \u00fadaj\u00edch a p\u0159edchoz\u00ed prodej vyhrazeny!<\/p>\n<p>\u0160pi\u010dkov\u00e9 CNC soustru\u017enick\u00e9 centrum se 2 revolvery, osou Y a IRCO podava\u010dem ty\u010d\u00ed<\/p>\n<p>\u0158\u00eddic\u00ed syst\u00e9m: SIEMENS 840D SolutionLine s rozhran\u00edm ShopTurn<br \/>\nRok v\u00fdroby: 2012<br \/>\nPo\u010det hodin na v\u0159etenu: 20 000<\/p>\n<p>Pr\u016fm\u011br ot\u00e1\u010den\u00ed (max.): cca 390 mm<br \/>\nD\u00e9lka soustru\u017een\u00ed (max.): 1 250 mm<br \/>\nKapacita ty\u010de: 76 mm (standardn\u00ed)<\/p>\n<p>Osa X: 300 mm<br \/>\nOsa Z: 1 250 mm<br \/>\nOsa Y: +\/- 60 mm (na horn\u00ed v\u011b\u017ei)<\/p>\n<p>Specifikace v\u0159etena:<br \/>\nRychlost: a\u017e 5 000 ot\u00e1\u010dek za minutu<br \/>\nV\u00fdkon pohonu: 34 kW (pracovn\u00ed cyklus 40%)<br \/>\nTo\u010div\u00fd moment: a\u017e 380 Nm<\/p>\n<p>4-os\u00e1 kinematika<br \/>\n2 x 12 stanic (v\u0161echny stanice jsou vhodn\u00e9 pro elektrick\u00e9 n\u00e1\u0159ad\u00ed)<br \/>\nOt\u00e1\u010dky a\u017e 6 000 ot\/min, v\u00fdkon 11,3 kW<\/p>\n<p>Software pro fr\u00e9zov\u00e1n\u00ed ozuben\u00ed, v\u010detn\u011b specializovan\u00fdch dr\u017e\u00e1k\u016f n\u00e1stroj\u016f pro fr\u00e9zov\u00e1n\u00ed\/\u0159ez\u00e1n\u00ed ozuben\u00ed. <\/p>\n<p>Kr\u00e1tk\u00fd naklada\u010d IRCO MUK<br \/>\nZ\u00e1v\u011bsn\u00fd p\u00e1sov\u00fd dopravn\u00edk t\u0159\u00edsek<br \/>\nVysokotlak\u00fd syst\u00e9m 20 bar\u016f s pap\u00edrov\u00fdm p\u00e1sov\u00fdm filtrem<\/p>\n<p>Vyhrazujeme si pr\u00e1vo na zm\u011bny a opravy chyb v technick\u00fdch \u00fadaj\u00edch a na prodej zbo\u017e\u00ed p\u0159ed objedn\u00e1n\u00edm!<\/p>","protected":false},"excerpt":{"rendered":"<p>Standort: Deutschland, Baden-W\u00fcrttemberg S\u00fcdwest Zustand: Gebraucht Hersteller: DMG Modell: CTX Beta 1250 4A Baujahr: 2012 Betriebsstunden: 20000 High-End CNC-Drehzentrum mit 2 Revolvern, Y-Achse und IRCO-Stangenlader Steuerung: SIEMENS 840D SolutionLine mit ShopTurn-Oberfl\u00e4che Baujahr: 2012 Spindelstunden: 20.000 Drehdurchmesser (max.): ca. 390 mm Drehl\u00e4nge (max.): 1.250 mm Stangendurchlass: 76 mm (Standard) X-Achse: 300 mm Z-Achse: 1.250 mm Y-Achse: [&hellip;]<\/p>\n","protected":false},"featured_media":5158,"comment_status":"open","ping_status":"closed","template":"","meta":{"_uf_show_specific_survey":0,"_uf_disable_surveys":false},"product_brand":[],"product_cat":[89],"product_tag":[],"class_list":{"0":"post-5165","1":"product","2":"type-product","3":"status-publish","4":"has-post-thumbnail","6":"product_cat-cnc-kurzdrehmaschinen","8":"first","9":"instock","10":"taxable","11":"shipping-taxable","12":"product-type-simple"},"aioseo_notices":[],"_links":{"self":[{"href":"https:\/\/mueller-wrh.de\/cs\/wp-json\/wp\/v2\/product\/5165","targetHints":{"allow":["GET"]}}],"collection":[{"href":"https:\/\/mueller-wrh.de\/cs\/wp-json\/wp\/v2\/product"}],"about":[{"href":"https:\/\/mueller-wrh.de\/cs\/wp-json\/wp\/v2\/types\/product"}],"replies":[{"embeddable":true,"href":"https:\/\/mueller-wrh.de\/cs\/wp-json\/wp\/v2\/comments?post=5165"}],"wp:featuredmedia":[{"embeddable":true,"href":"https:\/\/mueller-wrh.de\/cs\/wp-json\/wp\/v2\/media\/5158"}],"wp:attachment":[{"href":"https:\/\/mueller-wrh.de\/cs\/wp-json\/wp\/v2\/media?parent=5165"}],"wp:term":[{"taxonomy":"product_brand","embeddable":true,"href":"https:\/\/mueller-wrh.de\/cs\/wp-json\/wp\/v2\/product_brand?post=5165"},{"taxonomy":"product_cat","embeddable":true,"href":"https:\/\/mueller-wrh.de\/cs\/wp-json\/wp\/v2\/product_cat?post=5165"},{"taxonomy":"product_tag","embeddable":true,"href":"https:\/\/mueller-wrh.de\/cs\/wp-json\/wp\/v2\/product_tag?post=5165"}],"curies":[{"name":"wp","href":"https:\/\/api.w.org\/{rel}","templated":true}]}}