{"id":5147,"date":"2026-03-27T10:17:26","date_gmt":"2026-03-27T10:17:26","guid":{"rendered":"https:\/\/mueller-wrh.de\/produkt\/haas-mikron-vce-750_bj-12_2000_-intnr231534\/"},"modified":"2026-04-10T13:55:58","modified_gmt":"2026-04-10T13:55:58","slug":"haas-mikron-vce-750_bj-12_2000_-intnr231534","status":"publish","type":"product","link":"https:\/\/mueller-wrh.de\/cs\/produkt\/haas-mikron-vce-750_bj-12_2000_-intnr231534\/","title":{"rendered":"Haas \/ Mikron VCE 750_Bj.12_2000_ IntNr231534"},"content":{"rendered":"<p><b>Um\u00edst\u011bn\u00ed:<\/b> N\u011bmecko, B\u00e1densko-W\u00fcrttembersko Jihoz\u00e1padn\u00ed N\u011bmecko<\/p>\n<p><b>Stav:<\/b> Pou\u017eit\u00e9<\/p>\n<p><b>V\u00fdrobce:<\/b> HAAS<\/p>\n<p><b>Model:<\/b> VCE 750<\/p>\n<p><b>Rok v\u00fdstavby:<\/b> 2000<\/p>\n<p><b>Provozn\u00ed doba:<\/b> 22000<\/p>\n<p>Haas Mikron VCE 750 (rok v\u00fdroby 12_2000) \u2013 3 osy<br \/>\nProvozn\u00ed hodiny: cca 20000<br \/>\nProvozn\u00ed hodiny: cca 44000<br \/>\nTyp stroje: Vertik\u00e1ln\u00ed obr\u00e1b\u011bc\u00ed centrum (CNC)<br \/>\nRok v\u00fdroby: 12_2000<br \/>\nOvl\u00e1d\u00e1n\u00ed: Haas<br \/>\nTyp pohonu: vysokoot\u00e1\u010dkov\u00e9 v\u0159eteno (vysok\u00e1 \u00fa\u010dinnost)<br \/>\nSchopnost osy: 3-os\u00e9 obr\u00e1b\u011bn\u00ed <\/p>\n<p>Mechanick\u00e9 \u00fadaje<br \/>\nCestovn\u00ed vzd\u00e1lenosti:<br \/>\nOsa X: 760 mm<br \/>\nOsa Y: 410 mm<br \/>\nOsa Z: 500 mm<br \/>\nRozsah ot\u00e1\u010dek: do 10 000 ot.\/min <\/p>\n<p>Pohony n\u00e1prav<br \/>\nOsa X\/Y\/Z: kuli\u010dkov\u00fd \u0161roub s recirkulac\u00ed, p\u0159esn\u00e1 vod\u00edtka<br \/>\n3 osy: Oto\u010dn\u00fd st\u016fl \/ nakl\u00e1p\u011bc\u00ed st\u016fl integrovan\u00fd, \u0159\u00edzen\u00fd CNC<\/p>\n<p>\u010casopis Revolver<br \/>\nKapacita: 20 m\u00edst pro n\u00e1stroje<br \/>\nSK40<\/p>\n<p>Dopravn\u00edk t\u0159\u00edsek<\/p>\n<p>Zastav\u011bn\u00e1 plocha \/ M\u00edsto pro instalaci: cca 2 400 mm x 2 310 mm x 2 690 mm (\u0160 x H x V)<\/p>\n<p>Hmotnost stroje: cca 4 860 kg<\/p>\n<p>Stroj je elektricky a mechanicky pln\u011b funk\u010dn\u00ed<br \/>\nTechnick\u00e1 dokumentace <\/p>\n<p>Stroj si m\u016f\u017eete prohl\u00e9dnout po p\u0159edchoz\u00ed domluv\u011b.<br \/>\nZm\u011bny a chyby v technick\u00fdch \u00fadaj\u00edch a informac\u00edch, jako\u017e i p\u0159edchoz\u00ed prodej vyhrazeny!<\/p>\n<p>Mikron VCE 750 (prosinec 2000) \u2013 3os\u00e9 vertik\u00e1ln\u00ed obr\u00e1b\u011bc\u00ed centrum<\/p>\n<p>Provozn\u00ed doba: cca 20 000<br \/>\nProvozn\u00ed hodiny: cca 44 000<\/p>\n<p>Typ stroje: CNC vertik\u00e1ln\u00ed obr\u00e1b\u011bc\u00ed centrum<br \/>\nRok v\u00fdroby: prosinec 2000<br \/>\nOvl\u00e1d\u00e1n\u00ed: Haas<br \/>\nTyp pohonu: Vysokorychlostn\u00ed v\u0159eteno (Vysok\u00e1 \u00fa\u010dinnost)<br \/>\nKonfigurace os: 3os\u00e9 obr\u00e1b\u011bn\u00ed<\/p>\n<p>Technick\u00e9 \u00fadaje<\/p>\n<p>Cesty:<\/p>\n<p>Osa X: 760 mm<br \/>\nOsa Y: 410 mm<br \/>\nOsa Z: 500 mm<\/p>\n<p>Ot\u00e1\u010dky v\u0159etene: a\u017e 10 000 ot\/min<\/p>\n<p>Pohony os<br \/>\nOsy X\/Y\/Z: Kuli\u010dkov\u00e9 \u0161rouby, p\u0159esn\u00e1 line\u00e1rn\u00ed veden\u00ed<br \/>\n3. osa: Nakl\u00e1p\u011bc\u00ed \/ oto\u010dn\u00fd st\u016fl integrovan\u00fd, CNC \u0159\u00edzen\u00fd<br \/>\nM\u011bni\u010d n\u00e1stroj\u016f<br \/>\nKapacita: 20 pozic pro n\u00e1stroje<br \/>\nK\u00f3nus: SK40<br \/>\nVybaven\u00ed<br \/>\nDopravn\u00edk t\u0159\u00edsek<br \/>\nInstala\u010dn\u00ed rozm\u011bry<br \/>\nP\u0159ibli\u017en\u011b 2 400 x 2 310 x 2 690 mm (\u0160 x H x V)<\/p>\n<p>Hmotnost stroje: cca 4 860 kg<\/p>\n<p>Stav<\/p>\n<p>Stroj je pln\u011b funk\u010dn\u00ed elektricky i mechanicky.<br \/>\nTechnick\u00e1 dokumentace je p\u0159ilo\u017eena.<\/p>\n<p>Stroj lze po domluv\u011b prohl\u00e9dnout pod proudem.<\/p>\n<p>P\u0159edm\u011bt prodeje, pokud dosud nebyl prod\u00e1n. V\u0161echny specifikace jsou pouze orienta\u010dn\u00ed a chyby jsou vyhrazeny.<\/p>","protected":false},"excerpt":{"rendered":"<p>Standort: Deutschland, Baden-W\u00fcrttemberg S\u00fcdwest Zustand: Gebraucht Hersteller: HAAS Modell: VCE 750 Baujahr: 2000 Betriebsstunden: 22000 Haas Mikron VCE 750 (Bj. 12_2000) \u2013 3-Achsen Betriebsstunden: ca. 20000 Einschaltstunden : ca.44000 Maschinentyp: Vertikales Bearbeitungszentrum (CNC) Baujahr: 12_2000 Steuerung: Haas Antriebsart: Hochgeschwindigkeits-Spindel (High Efficiency) Achsf\u00e4higkeit: 3-Achsen Bearbeitung Mechanische Daten Verfahrwege: X-Achse: 760 mm Y-Achse: 410 mm Z-Achse: 500 [&hellip;]<\/p>\n","protected":false},"featured_media":5242,"comment_status":"open","ping_status":"closed","template":"","meta":{"_uf_show_specific_survey":0,"_uf_disable_surveys":false},"product_brand":[],"product_cat":[21],"product_tag":[],"class_list":{"0":"post-5147","1":"product","2":"type-product","3":"status-publish","4":"has-post-thumbnail","6":"product_cat-cnc-bearbeitungszentrum","8":"first","9":"instock","10":"taxable","11":"shipping-taxable","12":"product-type-simple"},"aioseo_notices":[],"_links":{"self":[{"href":"https:\/\/mueller-wrh.de\/cs\/wp-json\/wp\/v2\/product\/5147","targetHints":{"allow":["GET"]}}],"collection":[{"href":"https:\/\/mueller-wrh.de\/cs\/wp-json\/wp\/v2\/product"}],"about":[{"href":"https:\/\/mueller-wrh.de\/cs\/wp-json\/wp\/v2\/types\/product"}],"replies":[{"embeddable":true,"href":"https:\/\/mueller-wrh.de\/cs\/wp-json\/wp\/v2\/comments?post=5147"}],"wp:featuredmedia":[{"embeddable":true,"href":"https:\/\/mueller-wrh.de\/cs\/wp-json\/wp\/v2\/media\/5242"}],"wp:attachment":[{"href":"https:\/\/mueller-wrh.de\/cs\/wp-json\/wp\/v2\/media?parent=5147"}],"wp:term":[{"taxonomy":"product_brand","embeddable":true,"href":"https:\/\/mueller-wrh.de\/cs\/wp-json\/wp\/v2\/product_brand?post=5147"},{"taxonomy":"product_cat","embeddable":true,"href":"https:\/\/mueller-wrh.de\/cs\/wp-json\/wp\/v2\/product_cat?post=5147"},{"taxonomy":"product_tag","embeddable":true,"href":"https:\/\/mueller-wrh.de\/cs\/wp-json\/wp\/v2\/product_tag?post=5147"}],"curies":[{"name":"wp","href":"https:\/\/api.w.org\/{rel}","templated":true}]}}