{"id":5134,"date":"2026-03-27T09:54:57","date_gmt":"2026-03-27T09:54:57","guid":{"rendered":"https:\/\/mueller-wrh.de\/produkt\/star-sr-20_rii_bj-07-2007_intnr231447\/"},"modified":"2026-03-27T10:10:35","modified_gmt":"2026-03-27T10:10:35","slug":"star-sr-20_rii_bj-07-2007_intnr231447","status":"publish","type":"product","link":"https:\/\/mueller-wrh.de\/cs\/produkt\/star-sr-20_rii_bj-07-2007_intnr231447\/","title":{"rendered":"STAR SR-20_RII_Year 07.2007_IntNo231447"},"content":{"rendered":"<p><b>Um\u00edst\u011bn\u00ed:<\/b> N\u011bmecko, B\u00e1densko-W\u00fcrttembersko Jihoz\u00e1padn\u00ed N\u011bmecko<\/p>\n<p><b>Stav:<\/b> Pou\u017eit\u00e9<\/p>\n<p><b>V\u00fdrobce:<\/b> STAR Micronics<\/p>\n<p><b>Model:<\/b> SR-20 RII<\/p>\n<p><b>Rok v\u00fdstavby:<\/b> 2007<\/p>\n<p><b>Provozn\u00ed doba:<\/b> 20279<\/p>\n<p>CNC soustruh s posuvn\u00fdm v\u0159eten\u00edkem SR20RII, rok 2007<br \/>\nTyp stroje: CNC soustruh s posuvn\u00fdm v\u0159eten\u00edkem (\u0161v\u00fdcarsk\u00fd typ)<br \/>\n\u0158\u00eddic\u00ed jednotka, Fanuc, \u0159ada 18i-TB,<br \/>\nHodiny zapnut\u00ed: 20279<br \/>\nProvozn\u00ed doba: 67058<\/p>\n<p>Max. Pr\u016fm\u011br soustru\u017een\u00ed: \u00d8 20 mm (voliteln\u011b a\u017e 22 mm)<br \/>\nD\u00e9lka soustru\u017een\u00ed: 205 mm<br \/>\nHlavn\u00ed v\u0159eteno:<br \/>\nRychlost: a\u017e cca 10 000-12 000 min-\u00b9<br \/>\nV\u00fdkon: p\u0159ibli\u017en\u011b 3,7-5,5 kW<br \/>\nOsa C<br \/>\nProtiv\u0159eteno:<br \/>\nRychlost: a\u017e cca 6 000-8 000 min-\u00b9<br \/>\nOsa C<br \/>\nN\u00e1pravy:<br \/>\nX1 \/ Z1 \/ Y1 (hlavn\u00ed zpracov\u00e1n\u00ed)<br \/>\nX2 \/ Z2 (protiv\u0159eteno)<br \/>\nRychl\u00fd posun: cca 24-30 m\/min<\/p>\n<p>Rozm\u011bry stroje 2400x1205x1700 mm<br \/>\nHmotnost stroje 2200 kg<\/p>\n<p>Zm\u011bny a chyby v technick\u00fdch \u00fadaj\u00edch a informac\u00edch, jako\u017e i p\u0159edchoz\u00ed prodej vyhrazeny!<\/p>\n<p>CNC soustruh \u0161v\u00fdcarsk\u00e9ho typu STAR SR-20RII<br \/>\nRok v\u00fdroby: 2007<\/p>\n<p>Typ stroje: CNC soustruh s posuvn\u00fdm v\u0159eten\u00edkem \u0161v\u00fdcarsk\u00e9ho typu<br \/>\n\u0158\u00edzen\u00ed: Fanuc, \u0159ada 18i-TB<\/p>\n<p>Po\u010det hodin v provozu: 20 279 h<br \/>\nProvozn\u00ed hodiny: 67 058 h<\/p>\n<p>Technick\u00e9 \u00fadaje<\/p>\n<p>Obr\u00e1b\u011bc\u00ed kapacita:<br \/>\nMaxim\u00e1ln\u00ed pr\u016fm\u011br ot\u00e1\u010den\u00ed: \u00d8 20 mm (voliteln\u011b a\u017e \u00d8 22 mm)<br \/>\nMaxim\u00e1ln\u00ed d\u00e9lka ot\u00e1\u010den\u00ed: 205 mm<br \/>\nHlavn\u00ed v\u0159eteno:<br \/>\nOt\u00e1\u010dky: a\u017e cca 10 000-12 000 ot\/min.<br \/>\nV\u00fdkon: p\u0159ibli\u017en\u011b 3,7-5,5 kW<br \/>\nOsa C<br \/>\nD\u00edl\u010d\u00ed v\u0159eteno:<br \/>\nOt\u00e1\u010dky: a\u017e do cca 6 000-8 000 ot\u00e1\u010dek za minutu<br \/>\nOsa C<br \/>\nKonfigurace os:<br \/>\nX1 \/ Z1 \/ Y1 (hlavn\u00ed obr\u00e1b\u011bn\u00ed)<br \/>\nX2 \/ Z2 (d\u00edl\u010d\u00ed v\u0159eteno)<br \/>\nRychl\u00fd posun: cca 24-30 m\/min<\/p>\n<p>Rozm\u011bry a hmotnost stroje<br \/>\nRozm\u011bry (D \u00d7 \u0160 \u00d7 V): 2400 \u00d7 1205 \u00d7 1700 mm<br \/>\nHmotnost stroje: p\u0159ibli\u017en\u011b 2 200 kg<\/p>\n<p>S v\u00fdhradou p\u0159edchoz\u00edho prodeje, s v\u00fdjimkou zm\u011bn a chyb v technick\u00fdch \u00fadaj\u00edch a specifikac\u00edch.<\/p>","protected":false},"excerpt":{"rendered":"<p>Standort: Deutschland, Baden-W\u00fcrttemberg S\u00fcdwest Zustand: Gebraucht Hersteller: STAR Micronics Modell: SR-20 RII Baujahr: 2007 Betriebsstunden: 20279 CNC-Langdrehmaschine SR20RII, Bj. 2007 Maschinentyp: CNC-Langdrehmaschine (Swiss-Type) Steuerung, Fanuc, Serie 18i-TB, Einschaltstunden: 20279 Betriebsstunden: 67058 Max. Drehdurchmesser: \u00d8 20 mm (Optional bis 22mm) Drehl\u00e4nge: 205 mm Hauptspindel: Drehzahl: bis ca. 10.000\u201312.000 min\u207b\u00b9 Leistung: ca. 3,7\u20135,5 kW C-Achse Gegenspindel: Drehzahl: [&hellip;]<\/p>\n","protected":false},"featured_media":5135,"comment_status":"open","ping_status":"closed","template":"","meta":{"_uf_show_specific_survey":0,"_uf_disable_surveys":false},"product_brand":[],"product_cat":[23],"product_tag":[],"class_list":{"0":"post-5134","1":"product","2":"type-product","3":"status-publish","4":"has-post-thumbnail","6":"product_cat-cnc-langdrehmaschinen","8":"first","9":"instock","10":"taxable","11":"shipping-taxable","12":"product-type-simple"},"aioseo_notices":[],"_links":{"self":[{"href":"https:\/\/mueller-wrh.de\/cs\/wp-json\/wp\/v2\/product\/5134","targetHints":{"allow":["GET"]}}],"collection":[{"href":"https:\/\/mueller-wrh.de\/cs\/wp-json\/wp\/v2\/product"}],"about":[{"href":"https:\/\/mueller-wrh.de\/cs\/wp-json\/wp\/v2\/types\/product"}],"replies":[{"embeddable":true,"href":"https:\/\/mueller-wrh.de\/cs\/wp-json\/wp\/v2\/comments?post=5134"}],"wp:featuredmedia":[{"embeddable":true,"href":"https:\/\/mueller-wrh.de\/cs\/wp-json\/wp\/v2\/media\/5135"}],"wp:attachment":[{"href":"https:\/\/mueller-wrh.de\/cs\/wp-json\/wp\/v2\/media?parent=5134"}],"wp:term":[{"taxonomy":"product_brand","embeddable":true,"href":"https:\/\/mueller-wrh.de\/cs\/wp-json\/wp\/v2\/product_brand?post=5134"},{"taxonomy":"product_cat","embeddable":true,"href":"https:\/\/mueller-wrh.de\/cs\/wp-json\/wp\/v2\/product_cat?post=5134"},{"taxonomy":"product_tag","embeddable":true,"href":"https:\/\/mueller-wrh.de\/cs\/wp-json\/wp\/v2\/product_tag?post=5134"}],"curies":[{"name":"wp","href":"https:\/\/api.w.org\/{rel}","templated":true}]}}