{"id":5112,"date":"2026-03-23T15:18:16","date_gmt":"2026-03-23T15:18:16","guid":{"rendered":"https:\/\/mueller-wrh.de\/produkt\/doosan-puma-tt-1800-sy-bj-2022_-intnr231434\/"},"modified":"2026-03-24T08:07:35","modified_gmt":"2026-03-24T08:07:35","slug":"doosan-puma-tt-1800-sy-bj-2022_-intnr231434","status":"publish","type":"product","link":"https:\/\/mueller-wrh.de\/cs\/produkt\/doosan-puma-tt-1800-sy-bj-2022_-intnr231434\/","title":{"rendered":"DOOSAN Puma TT 1800 SY, rok v\u00fdroby 2022_ IntNr231434"},"content":{"rendered":"<p><b>Um\u00edst\u011bn\u00ed:<\/b> N\u011bmecko, B\u00e1densko-W\u00fcrttembersko Jihoz\u00e1padn\u00ed N\u011bmecko<\/p>\n<p><b>Stav:<\/b> Pou\u017eit\u00e9<\/p>\n<p><b>V\u00fdrobce:<\/b> DOOSAN-PUMA<\/p>\n<p><b>Model:<\/b> TT 1800 SY<\/p>\n<p><b>Rok v\u00fdstavby:<\/b> 2022<\/p>\n<p>DOOSAN Puma TT 1800 SY, rok 2022<br \/>\nCNC soustruh, \u0161pi\u010dkov\u00fd stav<br \/>\n\u0158\u00eddic\u00ed syst\u00e9m: Fanuc<br \/>\nTechnick\u00e9 \u00fadaje:<br \/>\nMultifunk\u010dn\u00ed v\u00edceos\u00e9 soustru\u017enick\u00e9 centrum s a\u017e 8 \u0159\u00edzen\u00fdmi osami, dv\u011bma revolvery a dv\u011bma rovnocenn\u00fdmi protib\u011b\u017en\u00fdmi v\u0159eteny. Osa Y pro poh\u00e1n\u011bn\u00e9 n\u00e1stroje nad osou C; S znamen\u00e1 protiv\u0159eteno.<br \/>\nP\u0159\u00edslu\u0161enstv\u00ed:<br \/>\nZachycova\u010d d\u00edl\u016f<br \/>\nDr\u017e\u00e1k n\u00e1stroj\u016f<br \/>\nDopravn\u00edk t\u0159\u00edsek<br \/>\n\u010casopis Rod LNS<br \/>\nTechnick\u00e1 dokumentace<br \/>\nV\u00fdrobce: : DOOSAN Puma TT 1800 SY, rok 2022_ IntNr231434<br \/>\nZem\u011b v\u00fdroby: Ji\u017en\u00ed Korea<br \/>\nRok v\u00fdstavby 2022<br \/>\nV\u010detn\u011b p\u0159\u00edslu\u0161enstv\u00ed <\/p>\n<p>Zm\u011bny a chyby v technick\u00fdch \u00fadaj\u00edch a p\u0159edchoz\u00ed prodej vyhrazeny!<\/p>\n<p>DOOSAN Puma TT 1800 SY, rok 2022<br \/>\nCNC soustruh, \u0161pi\u010dkov\u00fd stav<br \/>\nOvl\u00e1d\u00e1n\u00ed: Fanuc<\/p>\n<p>Technick\u00e9 \u00fadaje<\/p>\n<p>Multifunk\u010dn\u00ed v\u00edceos\u00e9 soustru\u017enick\u00e9 centrum s a\u017e 8 \u0159\u00edzen\u00fdmi osami, dv\u011bma revolvery a dv\u011bma identick\u00fdmi protib\u011b\u017en\u00fdmi v\u0159eteny.<br \/>\nOsa Y pro poh\u00e1n\u011bn\u00e9 n\u00e1stroje nad osou C; S znamen\u00e1 podv\u0159eteno.<\/p>\n<p>P\u0159\u00edslu\u0161enstv\u00ed<br \/>\nZachycova\u010d d\u00edl\u016f<br \/>\nDr\u017e\u00e1ky n\u00e1stroj\u016f<br \/>\nDopravn\u00edk t\u0159\u00edsek<br \/>\nPodava\u010d ty\u010d\u00ed LNS<br \/>\nTechnick\u00e1 dokumentace<\/p>\n<p>V\u00fdrobce: DOOSAN Puma TT 1800 SY, rok 2022, IntNr 231434<br \/>\nZem\u011b v\u00fdroby: Ji\u017en\u00ed Korea<br \/>\nRok v\u00fdroby: 2022<br \/>\nV\u010detn\u011b p\u0159\u00edslu\u0161enstv\u00ed<\/p>\n<p>S v\u00fdhradou p\u0159edchoz\u00edho prodeje. Chyby a zm\u011bny technick\u00fdch \u00fadaj\u016f vyhrazeny.<\/p>","protected":false},"excerpt":{"rendered":"<p>Standort: Deutschland, Baden-W\u00fcrttemberg S\u00fcdwest Zustand: Gebraucht Hersteller: DOOSAN-PUMA Modell: TT 1800 SY Baujahr: 2022 DOOSAN Puma TT 1800 SY, Bj. 2022 CNC-Drehmaschine, Top-Zustand Steuerung: Fanuc Technische Daten: Multifunktionales Mehrachsen-Drehzentrum mit bis zu 8 gesteuerten Achsen, zwei Revolver und zwei gleichwertigen, gegen\u00fcberstehenden Spindeln. Y-Achse f\u00fcr angetriebene Werkzeuge \u00fcber der C-Achse; S steht f\u00fcr Gegenspindel. Zubeh\u00f6r: Teilef\u00e4nger [&hellip;]<\/p>\n","protected":false},"featured_media":5113,"comment_status":"open","ping_status":"closed","template":"","meta":{"_uf_show_specific_survey":0,"_uf_disable_surveys":false},"product_brand":[],"product_cat":[89],"product_tag":[],"class_list":{"0":"post-5112","1":"product","2":"type-product","3":"status-publish","4":"has-post-thumbnail","6":"product_cat-cnc-kurzdrehmaschinen","8":"first","9":"instock","10":"taxable","11":"shipping-taxable","12":"product-type-simple"},"aioseo_notices":[],"_links":{"self":[{"href":"https:\/\/mueller-wrh.de\/cs\/wp-json\/wp\/v2\/product\/5112","targetHints":{"allow":["GET"]}}],"collection":[{"href":"https:\/\/mueller-wrh.de\/cs\/wp-json\/wp\/v2\/product"}],"about":[{"href":"https:\/\/mueller-wrh.de\/cs\/wp-json\/wp\/v2\/types\/product"}],"replies":[{"embeddable":true,"href":"https:\/\/mueller-wrh.de\/cs\/wp-json\/wp\/v2\/comments?post=5112"}],"wp:featuredmedia":[{"embeddable":true,"href":"https:\/\/mueller-wrh.de\/cs\/wp-json\/wp\/v2\/media\/5113"}],"wp:attachment":[{"href":"https:\/\/mueller-wrh.de\/cs\/wp-json\/wp\/v2\/media?parent=5112"}],"wp:term":[{"taxonomy":"product_brand","embeddable":true,"href":"https:\/\/mueller-wrh.de\/cs\/wp-json\/wp\/v2\/product_brand?post=5112"},{"taxonomy":"product_cat","embeddable":true,"href":"https:\/\/mueller-wrh.de\/cs\/wp-json\/wp\/v2\/product_cat?post=5112"},{"taxonomy":"product_tag","embeddable":true,"href":"https:\/\/mueller-wrh.de\/cs\/wp-json\/wp\/v2\/product_tag?post=5112"}],"curies":[{"name":"wp","href":"https:\/\/api.w.org\/{rel}","templated":true}]}}