{"id":5103,"date":"2026-03-19T14:02:28","date_gmt":"2026-03-19T14:02:28","guid":{"rendered":"https:\/\/mueller-wrh.de\/produkt\/deckel-maho-dmf-220-linear-bj-2001-intnr231491\/"},"modified":"2026-03-19T14:02:28","modified_gmt":"2026-03-19T14:02:28","slug":"deckel-maho-dmf-220-linear-bj-2001-intnr231491","status":"publish","type":"product","link":"https:\/\/mueller-wrh.de\/cs\/produkt\/deckel-maho-dmf-220-linear-bj-2001-intnr231491\/","title":{"rendered":"Obal Maho DMF 220 line\u00e1rn\u00ed rok 2001, IntNr231491"},"content":{"rendered":"<p><b>Um\u00edst\u011bn\u00ed:<\/b> N\u011bmecko, B\u00e1densko-W\u00fcrttembersko Jihoz\u00e1padn\u00ed N\u011bmecko<\/p>\n<p><b>Stav:<\/b> Pou\u017eit\u00e9<\/p>\n<p><b>V\u00fdrobce:<\/b> DMG<\/p>\n<p><b>Model:<\/b> DMF 220<\/p>\n<p><b>Rok v\u00fdstavby:<\/b> 2001<\/p>\n<p><b>Provozn\u00ed doba:<\/b> 0<\/p>\n<p>V\u00fdrobce: DECKEL MAHO, Typ: DMF 220 linear, Rok v\u00fdroby: 2001<br \/>\n\u0158\u00eddic\u00ed syst\u00e9m: Siemens 840D Powerline<\/p>\n<p>Cesty a osy<br \/>\nOsa X (pod\u00e9ln\u00e1): 2 200 mm<br \/>\nOsa Y (p\u0159\u00ed\u010dn\u00e1): 560 mm<br \/>\nOsa Z (vertik\u00e1ln\u00ed): 720 mm<br \/>\nRychl\u00fd posun X\/Y\/Z: 50 m\/min<br \/>\nPohon osy X: Vysoce dynamick\u00fd line\u00e1rn\u00ed pohon <\/p>\n<p>Pracovn\u00ed st\u016fl<br \/>\nUp\u00ednac\u00ed plocha: 2 600 x 600 mm<br \/>\nMax. Zat\u00ed\u017een\u00ed stolu: 2 200 kg<\/p>\n<p>Hlavn\u00ed v\u0159eteno<br \/>\nRozsah ot\u00e1\u010dek: 20 - 12 000 ot\/min (standardn\u011b)<br \/>\nV\u00fdkon pohonu (100% ED): 35 \/ 25 kW (S1\/S6)<br \/>\nMax. To\u010div\u00fd moment: 130 \/ 87 Nm (s 100% ED)<br \/>\nDr\u017e\u00e1k n\u00e1stroje: SK 40 podle DIN 69871 <\/p>\n<p>V\u00fdm\u011bn\u00edk n\u00e1stroj\u016f<br \/>\nPo\u010det m\u00edst: 30n\u00e1sobn\u00fd \u010dasopis<br \/>\nDoba v\u00fdm\u011bny (mezi \u010dipy): cca 4-6 sekund (v z\u00e1vislosti na modelu). <\/p>\n<p>Rozm\u011bry a hmotnost<br \/>\nPot\u0159eba m\u00edsta p\u0159ibli\u017en\u011b: 6 500 x 3 500 mm<br \/>\nHmotnost stroje p\u0159ibli\u017en\u011b: 12,5 tuny <\/p>\n<p>Stroj si m\u016f\u017eete prohl\u00e9dnout po p\u0159edchoz\u00ed domluv\u011b.<br \/>\nZm\u011bny a chyby v technick\u00fdch \u00fadaj\u00edch a informac\u00edch, jako\u017e i p\u0159edchoz\u00ed prodej vyhrazeny!<\/p>\n<p>Repasovan\u00e9 5os\u00e9 CNC obr\u00e1b\u011bc\u00ed centrum Deckel MAHO DMF 250 linear v dobr\u00e9m stavu.<br \/>\nRok v\u00fdroby: 2004.<\/p>\n<p>Ovl\u00e1d\u00e1n\u00ed: Heidenhain iTNC 530.<br \/>\nTechnick\u00e9 \u00fadaje:<br \/>\nVzd\u00e1lenost pojezdu X: 2 500 mm.<br \/>\nVzd\u00e1lenost pojezdu Y: 920 mm.<br \/>\nVzd\u00e1lenost pojezdu Z: 820 mm.<br \/>\nOsa B: x\/- 105\u00b0<\/p>\n<p>Pracovn\u00ed st\u016fl: 3100 x 900 mm<\/p>\n<p>V\u00fdjimka pro v\u0159eteno: HSK 63<br \/>\nOt\u00e1\u010dky v\u0159etena: 20 - 18 000 ot\u00e1\u010dek za minutu<br \/>\nV\u00fdm\u011bn\u00edk n\u00e1stroj\u016f: 30 ks.<\/p>\n<p>Vybaveno:<br \/>\n- Dopravn\u00edk t\u0159\u00edsek<br \/>\n- Chlazen\u00ed p\u0159es v\u0159eteno 40 bar<br \/>\n- N\u00e1vod k obsluze<\/p>\n<p>Zem\u011b p\u016fvodu: N\u011bmecko<br \/>\nV\u00fdkon motoru: 35 KW<br \/>\nDx\u0160xV stroje: 6000 x 3800 x 2950 mm<br \/>\nHmotnost stroje: 25 000 kg<\/p>\n<p>Stroj si lze prohl\u00e9dnout po p\u0159edchoz\u00ed domluv\u011b.<br \/>\nZm\u011bny a chyby v technick\u00fdch \u00fadaj\u00edch a specifikac\u00edch vyhrazeny, stejn\u011b jako p\u0159edchoz\u00ed prodej!<\/p>","protected":false},"excerpt":{"rendered":"<p>Standort: Deutschland, Baden-W\u00fcrttemberg S\u00fcdwest Zustand: Gebraucht Hersteller: DMG Modell: DMF 220 Baujahr: 2001 Betriebsstunden: 0 Hersteller: DECKEL MAHO, Typ: DMF 220 linear, Baujahr: 2001 Steuerung: Siemens 840D Powerline Verfahrwege &amp; Achsen X-Achse (L\u00e4ngs): 2.200 mm Y-Achse (Quer): 560 mm Z-Achse (Vertikal): 720 mm Eilgang X\/Y\/Z: 50 m\/min Antrieb X-Achse: Hochdynamischer Linearantrieb Arbeitstisch Aufspannfl\u00e4che: 2.600 x [&hellip;]<\/p>\n","protected":false},"featured_media":5097,"comment_status":"open","ping_status":"closed","template":"","meta":{"_uf_show_specific_survey":0,"_uf_disable_surveys":false},"product_brand":[],"product_cat":[21],"product_tag":[],"class_list":{"0":"post-5103","1":"product","2":"type-product","3":"status-publish","4":"has-post-thumbnail","6":"product_cat-cnc-bearbeitungszentrum","8":"first","9":"instock","10":"taxable","11":"shipping-taxable","12":"product-type-simple"},"aioseo_notices":[],"_links":{"self":[{"href":"https:\/\/mueller-wrh.de\/cs\/wp-json\/wp\/v2\/product\/5103","targetHints":{"allow":["GET"]}}],"collection":[{"href":"https:\/\/mueller-wrh.de\/cs\/wp-json\/wp\/v2\/product"}],"about":[{"href":"https:\/\/mueller-wrh.de\/cs\/wp-json\/wp\/v2\/types\/product"}],"replies":[{"embeddable":true,"href":"https:\/\/mueller-wrh.de\/cs\/wp-json\/wp\/v2\/comments?post=5103"}],"wp:featuredmedia":[{"embeddable":true,"href":"https:\/\/mueller-wrh.de\/cs\/wp-json\/wp\/v2\/media\/5097"}],"wp:attachment":[{"href":"https:\/\/mueller-wrh.de\/cs\/wp-json\/wp\/v2\/media?parent=5103"}],"wp:term":[{"taxonomy":"product_brand","embeddable":true,"href":"https:\/\/mueller-wrh.de\/cs\/wp-json\/wp\/v2\/product_brand?post=5103"},{"taxonomy":"product_cat","embeddable":true,"href":"https:\/\/mueller-wrh.de\/cs\/wp-json\/wp\/v2\/product_cat?post=5103"},{"taxonomy":"product_tag","embeddable":true,"href":"https:\/\/mueller-wrh.de\/cs\/wp-json\/wp\/v2\/product_tag?post=5103"}],"curies":[{"name":"wp","href":"https:\/\/api.w.org\/{rel}","templated":true}]}}