{"id":5096,"date":"2026-03-19T12:49:16","date_gmt":"2026-03-19T12:49:16","guid":{"rendered":"https:\/\/mueller-wrh.de\/produkt\/star-sr20r-ii-typ-660-bj-2006_09_-intnr231525\/"},"modified":"2026-03-19T12:49:16","modified_gmt":"2026-03-19T12:49:16","slug":"star-sr20r-ii-typ-660-bj-2006_09_-intnr231525","status":"publish","type":"product","link":"https:\/\/mueller-wrh.de\/cs\/produkt\/star-sr20r-ii-typ-660-bj-2006_09_-intnr231525\/","title":{"rendered":"STAR SR20R II Typ 660, Rok 2006_09_ IntNo231525"},"content":{"rendered":"<p><b>Um\u00edst\u011bn\u00ed:<\/b> N\u011bmecko, B\u00e1densko-W\u00fcrttembersko Jihoz\u00e1padn\u00ed N\u011bmecko<\/p>\n<p><b>Stav:<\/b> Pou\u017eit\u00e9<\/p>\n<p><b>V\u00fdrobce:<\/b> STAR Micronics<\/p>\n<p><b>Model:<\/b> SR-20R II typ 660<\/p>\n<p><b>Rok v\u00fdstavby:<\/b> 2006<\/p>\n<p><b>Provozn\u00ed doba:<\/b> 76032<\/p>\n<p>CNC soustruh s posuvn\u00fdm v\u0159eten\u00edkem STAR SR-20RII typ 660 (\u0161v\u00fdcarsk\u00fd typ)<br \/>\nRok v\u00fdstavby: 2006_09<br \/>\n\u0158\u00eddic\u00ed syst\u00e9m: Fanuc<br \/>\nDoba \u0159ez\u00e1n\u00ed: 53000<br \/>\nTechnick\u00e9 \u00fadaje<br \/>\nMax. Pr\u016fm\u011br soustru\u017een\u00ed: \u00d8 20 mm (voliteln\u011b a\u017e \u00d8 22 mm)<br \/>\nD\u00e9lka soustru\u017een\u00ed: 205 mm<br \/>\nHlavn\u00ed v\u0159eteno:<br \/>\n- Rychlost: a\u017e cca 10 000-12 000 min-\u00b9<br \/>\n- V\u00fdkon: p\u0159ibli\u017en\u011b 3,7-5,5 kW<br \/>\n- Osa C pro konturov\u00e9 obr\u00e1b\u011bn\u00ed<br \/>\nProtiv\u0159eteno:<br \/>\n- Rychlost: a\u017e cca 6 000-8 000 min-\u00b9<br \/>\n- Osa C<br \/>\nOsy (cestovn\u00ed vzd\u00e1lenosti):<br \/>\n- X1 \/ Z1 \/ Y1 (hlavn\u00ed obr\u00e1b\u011bn\u00ed): X1 cca 265 mm \/ Z1 cca 205 mm \/ Y1 \u00b1 20 mm.<br \/>\n- X2 \/ Z2 (protiv\u0159eteno): podobn\u011b jako hlavn\u00ed osa, p\u0159esn\u00e9 hodnoty z\u00e1vis\u00ed na stroji.<br \/>\n- Rychl\u00fd posun: cca 24-30 m\/min<br \/>\nRozm\u011bry stroje: 2 400 \u00d7 1 205 \u00d7 1 700 mm<br \/>\nHmotnost stroje: p\u0159ibli\u017en\u011b 2 200 kg<\/p>\n<p>Podava\u010d ty\u010d\u00ed: FMB TURBO 3-26\/3200<br \/>\n- Kapacita ty\u010de: \u00d8 3-26 mm<br \/>\n- Varianta mont\u00e1\u017ee: \u201eA\u201c<br \/>\n- Rok v\u00fdstavby: 2006<br \/>\n- Rozm\u011bry: p\u0159ibli\u017en\u011b 4 500 \u00d7 1 000 \u00d7 1 800 mm<br \/>\n- Hmotnost: p\u0159ibli\u017en\u011b 800 kg<br \/>\n- Vysokotlak\u00fd syst\u00e9m SFB B\u00fcchele (2 ventily) a filtr<br \/>\nProvozn\u00ed p\u0159\u00edru\u010dky \/ dokumenty<br \/>\nProhl\u00ed\u017een\u00ed: Stroj si lze prohl\u00e9dnout na m\u00edst\u011b po p\u0159edchoz\u00ed domluv\u011b.<br \/>\nUpozorn\u011bn\u00ed: Zm\u011bny a chyby v technick\u00fdch \u00fadaj\u00edch a p\u0159edchoz\u00ed prodej vyhrazeny!<\/p>\n<p>CNC dlouh\u00fd soustruh STAR SR-20RII typ 660 (\u0161v\u00fdcarsk\u00fd typ)<br \/>\nRok v\u00fdroby: 09\/2006<br \/>\n\u0158\u00eddic\u00ed syst\u00e9m: Fanuc<br \/>\nDoba \u0159ez\u00e1n\u00ed: 53 000 hodin<\/p>\n<p>Technick\u00e9 specifikace<\/p>\n<p>Maxim\u00e1ln\u00ed pr\u016fm\u011br ot\u00e1\u010den\u00ed: \u00d8 20 mm (voliteln\u011b a\u017e \u00d8 22 mm)<br \/>\nD\u00e9lka soustru\u017een\u00ed: 205 mm<\/p>\n<p>Hlavn\u00ed v\u0159eteno:<\/p>\n<p>Ot\u00e1\u010dky: a\u017e cca 10 000-12 000 ot\/min.<\/p>\n<p>V\u00fdkon: p\u0159ibli\u017en\u011b 3,7-5,5 kW<\/p>\n<p>Osa C pro konturov\u00e9 obr\u00e1b\u011bn\u00ed<\/p>\n<p>Protiv\u0159eteno:<\/p>\n<p>Ot\u00e1\u010dky: a\u017e do cca 6 000-8 000 ot\u00e1\u010dek za minutu<\/p>\n<p>Osa C<\/p>\n<p>Osy (rozsahy pohybu):<\/p>\n<p>X1 \/ Z1 \/ Y1 (hlavn\u00ed obr\u00e1b\u011bn\u00ed): X1 cca 265 mm \/ Z1 cca 205 mm \/ Y1 \u00b1 20 mm.<\/p>\n<p>X2 \/ Z2 (protiv\u0159eteno): podobn\u011b jako hlavn\u00ed v\u0159eteno, p\u0159esn\u00e9 hodnoty z\u00e1vis\u00ed na stroji.<\/p>\n<p>Rychl\u00fd posun: cca 24-30 m\/min<\/p>\n<p>Rozm\u011bry stroje: 2 400 \u00d7 1 205 \u00d7 1 700 mm<br \/>\nHmotnost stroje: p\u0159ibli\u017en\u011b 2 200 kg<\/p>\n<p>Podava\u010d ty\u010d\u00ed: FMB TURBO 3-26\/3200<\/p>\n<p>Rozsah pr\u016fm\u011br\u016f ty\u010d\u00ed: \u00d8 3-26 mm<\/p>\n<p>Varianta mont\u00e1\u017ee: \u201cA\u201d<\/p>\n<p>Rok v\u00fdroby: 2006<\/p>\n<p>Rozm\u011bry: p\u0159ibli\u017en\u011b 4 500 \u00d7 1 000 \u00d7 1 800 mm<\/p>\n<p>Hmotnost: p\u0159ibli\u017en\u011b 800 kg<\/p>\n<p>Vysokotlak\u00fd syst\u00e9m SFB B\u00fcchele (2 ventily) s filtrem<\/p>\n<p>P\u0159\u00edru\u010dky \/ dokumentace: V\u010detn\u011b<\/p>\n<p>Prohl\u00ed\u017een\u00ed: Prohl\u00eddka: Stroj je mo\u017en\u00e9 si prohl\u00e9dnout na m\u00edst\u011b po p\u0159edchoz\u00ed domluv\u011b.<\/p>\n<p>Pozn\u00e1mka: Technick\u00e9 \u00fadaje a specifikace se mohou zm\u011bnit a mohou obsahovat chyby; p\u0159edchoz\u00ed prodej vyhrazen.<\/p>","protected":false},"excerpt":{"rendered":"<p>Standort: Deutschland, Baden-W\u00fcrttemberg S\u00fcdwest Zustand: Gebraucht Hersteller: STAR Micronics Modell: SR-20R II Typ 660 Baujahr: 2006 Betriebsstunden: 76032 CNC-Langdrehmaschine STAR SR-20RII Typ 660 (Swiss-Type) Baujahr: 2006_09 Steuerung: Fanuc Cutting Time: 53000 Technische Daten Max. Drehdurchmesser: \u00d8 20 mm (optional bis \u00d8 22 mm) Drehl\u00e4nge: 205 mm Hauptspindel: \u2022 Drehzahl: bis ca. 10.000\u201312.000 min\u207b\u00b9 \u2022 Leistung: [&hellip;]<\/p>\n","protected":false},"featured_media":5089,"comment_status":"open","ping_status":"closed","template":"","meta":{"_uf_show_specific_survey":0,"_uf_disable_surveys":false},"product_brand":[],"product_cat":[23],"product_tag":[],"class_list":{"0":"post-5096","1":"product","2":"type-product","3":"status-publish","4":"has-post-thumbnail","6":"product_cat-cnc-langdrehmaschinen","8":"first","9":"instock","10":"taxable","11":"shipping-taxable","12":"product-type-simple"},"aioseo_notices":[],"_links":{"self":[{"href":"https:\/\/mueller-wrh.de\/cs\/wp-json\/wp\/v2\/product\/5096","targetHints":{"allow":["GET"]}}],"collection":[{"href":"https:\/\/mueller-wrh.de\/cs\/wp-json\/wp\/v2\/product"}],"about":[{"href":"https:\/\/mueller-wrh.de\/cs\/wp-json\/wp\/v2\/types\/product"}],"replies":[{"embeddable":true,"href":"https:\/\/mueller-wrh.de\/cs\/wp-json\/wp\/v2\/comments?post=5096"}],"wp:featuredmedia":[{"embeddable":true,"href":"https:\/\/mueller-wrh.de\/cs\/wp-json\/wp\/v2\/media\/5089"}],"wp:attachment":[{"href":"https:\/\/mueller-wrh.de\/cs\/wp-json\/wp\/v2\/media?parent=5096"}],"wp:term":[{"taxonomy":"product_brand","embeddable":true,"href":"https:\/\/mueller-wrh.de\/cs\/wp-json\/wp\/v2\/product_brand?post=5096"},{"taxonomy":"product_cat","embeddable":true,"href":"https:\/\/mueller-wrh.de\/cs\/wp-json\/wp\/v2\/product_cat?post=5096"},{"taxonomy":"product_tag","embeddable":true,"href":"https:\/\/mueller-wrh.de\/cs\/wp-json\/wp\/v2\/product_tag?post=5096"}],"curies":[{"name":"wp","href":"https:\/\/api.w.org\/{rel}","templated":true}]}}