{"id":5088,"date":"2026-03-19T12:44:44","date_gmt":"2026-03-19T12:44:44","guid":{"rendered":"https:\/\/mueller-wrh.de\/produkt\/star-sr20r-iii-typ-680-bj-2007_03_-intnr231524\/"},"modified":"2026-03-19T12:44:44","modified_gmt":"2026-03-19T12:44:44","slug":"star-sr20r-iii-typ-680-bj-2007_03_-intnr231524","status":"publish","type":"product","link":"https:\/\/mueller-wrh.de\/cs\/produkt\/star-sr20r-iii-typ-680-bj-2007_03_-intnr231524\/","title":{"rendered":"STAR SR20R III Typ 680, Rok 2007_03_ IntNo231524"},"content":{"rendered":"<p><b>Um\u00edst\u011bn\u00ed:<\/b> N\u011bmecko, B\u00e1densko-W\u00fcrttembersko Jihoz\u00e1padn\u00ed N\u011bmecko<\/p>\n<p><b>Stav:<\/b> Pou\u017eit\u00e9<\/p>\n<p><b>V\u00fdrobce:<\/b> STAR Micronics<\/p>\n<p><b>Model:<\/b> SR-20R III typ 680<\/p>\n<p><b>Rok v\u00fdstavby:<\/b> 2007<\/p>\n<p><b>Provozn\u00ed doba:<\/b> 54727<\/p>\n<p>STAR SR 20RIII, rok 2007_03 Typ 680 (\u0161v\u00fdcarsk\u00fd typ)<br \/>\nCNC \u0159\u00edzen\u00ed FANUC<br \/>\nDoba \u0159ez\u00e1n\u00ed: 45000<br \/>\nHLAVN\u00cd V\u0158ETENO<br \/>\nmax. pr\u016fm\u011br obr\u00e1b\u011bn\u00ed 20 mm (voliteln\u011b 23 mm)<br \/>\nMaxim\u00e1ln\u00ed zdvih v\u0159eten\u00edku 205 mm<br \/>\nV\u00fdkon pohonu 3,7 kW<br \/>\nmax. rychlost 10 000 1\/min, v\u010detn\u011b osy C<br \/>\nSoustru\u017enick\u00e9 n\u00e1stroje 6 kus\u016f ( 12 mm)<br \/>\n\u010cty\u0159v\u0159etenov\u00e1 vrta\u010dka<br \/>\n5 N\u00e1stroje pro k\u0159\u00ed\u017eov\u00e9 zpracov\u00e1n\u00ed<br \/>\n2 P\u0159edn\u00ed vrtac\u00ed jednotka<br \/>\nPROTIV\u0158ETENO<br \/>\nmax. pr\u016fm\u011br obr\u00e1b\u011bn\u00ed 20 mm (voliteln\u011b 23 mm)<br \/>\nV\u00fdkon pohonu 2,2 kW<br \/>\nmax. rychlost 8 000 1\/min, v\u010detn\u011b osy C<br \/>\n4 P\u0159edn\u00ed vrtac\u00ed jednotka<br \/>\n\u010cty\u0159v\u0159etenov\u00e1 vrta\u010dka<br \/>\nVyfukovac\u00ed za\u0159\u00edzen\u00ed pro protiv\u0159eteno<br \/>\nOchrana proti od\u0159\u00edznut\u00ed oceli<br \/>\nRychlost pojezdu v\u0161emi osami 35 m\/min<br \/>\nObjem n\u00e1dr\u017ee chladic\u00ed kapaliny 170 litr\u016f<\/p>\n<p>Podava\u010d ty\u010d\u00ed FMB Turbo 3-26 \/ 3200\/ A \/ rok 2007<br \/>\nVysokotlak\u00fd syst\u00e9m SFB B\u00fcchele s n\u00e1dr\u017e\u00ed a filtrem 65bar<\/p>\n<p>Stroj lze po domluv\u011b prohl\u00e9dnout pod proudem.<br \/>\nZm\u011bny a chyby v technick\u00fdch \u00fadaj\u00edch a informac\u00edch, jako\u017e i p\u0159edchoz\u00ed prodej vyhrazeny!<\/p>\n<p>STAR SR-20RIII, b\u0159ezen 2007, typ 680 (\u0161v\u00fdcarsk\u00fd typ)<br \/>\nCNC \u0159\u00edzen\u00ed: FANUC<br \/>\nDoba \u0159ez\u00e1n\u00ed: 45 000 hodin<\/p>\n<p>Hlavn\u00ed v\u0159eteno:<\/p>\n<p>Maxim\u00e1ln\u00ed pr\u016fm\u011br ot\u00e1\u010den\u00ed: 20 mm (voliteln\u011b 23 mm)<\/p>\n<p>Maxim\u00e1ln\u00ed zdvih v\u0159etena: 205 mm<\/p>\n<p>V\u00fdkon pohonu: 3,7 kW<\/p>\n<p>Maxim\u00e1ln\u00ed ot\u00e1\u010dky: 10 000 ot\/min, v\u010detn\u011b osy C<\/p>\n<p>Soustru\u017enick\u00e9 n\u00e1stroje: 6 n\u00e1stroj\u016f (12 mm)<\/p>\n<p>\u010cty\u0159v\u0159etenov\u00e1 vrtac\u00ed jednotka<\/p>\n<p>5 n\u00e1stroj\u016f pro k\u0159\u00ed\u017eov\u00e9 obr\u00e1b\u011bn\u00ed<\/p>\n<p>2 \u010deln\u00ed vrtac\u00ed jednotky<\/p>\n<p>Protiv\u0159eteno:<\/p>\n<p>Maxim\u00e1ln\u00ed pr\u016fm\u011br ot\u00e1\u010den\u00ed: 20 mm (voliteln\u011b 23 mm)<\/p>\n<p>V\u00fdkon pohonu: 2,2 kW<\/p>\n<p>Maxim\u00e1ln\u00ed ot\u00e1\u010dky: 8 000 ot\/min, v\u010detn\u011b osy C<\/p>\n<p>4 \u010deln\u00ed vrtac\u00ed jednotky<\/p>\n<p>\u010cty\u0159v\u0159etenov\u00e1 vrtac\u00ed jednotka<\/p>\n<p>Vyfukovac\u00ed za\u0159\u00edzen\u00ed pro protiv\u0159eteno<\/p>\n<p>Ochrana proti zlomen\u00ed d\u011blic\u00edho n\u00e1stroje<\/p>\n<p>Sekery a cestov\u00e1n\u00ed:<\/p>\n<p>Rychl\u00fd posuv pro v\u0161echny osy: 35 m\/min<\/p>\n<p>Chladic\u00ed syst\u00e9m:<\/p>\n<p>Objem n\u00e1dr\u017ee: 170 litr\u016f<\/p>\n<p>Podava\u010d ty\u010d\u00ed: FMB Turbo 3-26 \/ 3200 \/ A \/ Rok 2007<\/p>\n<p>Vysokotlak\u00fd syst\u00e9m: SFB B\u00fcchele s n\u00e1dr\u017e\u00ed a filtrem, 65 bar\u016f<\/p>\n<p>Prohl\u00ed\u017een\u00ed: Po domluv\u011b je mo\u017en\u00e9 stroj prohl\u00e9dnout pod proudem.<\/p>\n<p>Pozn\u00e1mka: Technick\u00e9 \u00fadaje a specifikace se mohou zm\u011bnit a mohou obsahovat chyby; p\u0159edchoz\u00ed prodej vyhrazen.<\/p>","protected":false},"excerpt":{"rendered":"<p>Standort: Deutschland, Baden-W\u00fcrttemberg S\u00fcdwest Zustand: Gebraucht Hersteller: STAR Micronics Modell: SR-20R III Typ 680 Baujahr: 2007 Betriebsstunden: 54727 STAR SR 20RIII, Bj.2007_03 Typ 680 (Swiss-Type) CNC-Steuerung FANUC Cutting Time: 45000 HAUPTSPINDEL max.Bearbeitungsdurchmesser 20 mm (23 mm optional) max. Spindelstockhub 205 mm Antriebsleistung 3,7 kW max. Drehzahl 10.000 1\/min, inkl. C-Achse Drehwerkzeuge 6 St\u00fcck ( 12 [&hellip;]<\/p>\n","protected":false},"featured_media":5081,"comment_status":"open","ping_status":"closed","template":"","meta":{"_uf_show_specific_survey":0,"_uf_disable_surveys":false},"product_brand":[],"product_cat":[23],"product_tag":[],"class_list":{"0":"post-5088","1":"product","2":"type-product","3":"status-publish","4":"has-post-thumbnail","6":"product_cat-cnc-langdrehmaschinen","8":"first","9":"instock","10":"taxable","11":"shipping-taxable","12":"product-type-simple"},"aioseo_notices":[],"_links":{"self":[{"href":"https:\/\/mueller-wrh.de\/cs\/wp-json\/wp\/v2\/product\/5088","targetHints":{"allow":["GET"]}}],"collection":[{"href":"https:\/\/mueller-wrh.de\/cs\/wp-json\/wp\/v2\/product"}],"about":[{"href":"https:\/\/mueller-wrh.de\/cs\/wp-json\/wp\/v2\/types\/product"}],"replies":[{"embeddable":true,"href":"https:\/\/mueller-wrh.de\/cs\/wp-json\/wp\/v2\/comments?post=5088"}],"wp:featuredmedia":[{"embeddable":true,"href":"https:\/\/mueller-wrh.de\/cs\/wp-json\/wp\/v2\/media\/5081"}],"wp:attachment":[{"href":"https:\/\/mueller-wrh.de\/cs\/wp-json\/wp\/v2\/media?parent=5088"}],"wp:term":[{"taxonomy":"product_brand","embeddable":true,"href":"https:\/\/mueller-wrh.de\/cs\/wp-json\/wp\/v2\/product_brand?post=5088"},{"taxonomy":"product_cat","embeddable":true,"href":"https:\/\/mueller-wrh.de\/cs\/wp-json\/wp\/v2\/product_cat?post=5088"},{"taxonomy":"product_tag","embeddable":true,"href":"https:\/\/mueller-wrh.de\/cs\/wp-json\/wp\/v2\/product_tag?post=5088"}],"curies":[{"name":"wp","href":"https:\/\/api.w.org\/{rel}","templated":true}]}}