{"id":5073,"date":"2026-03-19T12:42:51","date_gmt":"2026-03-19T12:42:51","guid":{"rendered":"https:\/\/mueller-wrh.de\/produkt\/star-sr32-j-bj-2006_11_-intnr231523\/"},"modified":"2026-03-19T12:43:55","modified_gmt":"2026-03-19T12:43:55","slug":"star-sr32-j-bj-2006_11_-intnr231523","status":"publish","type":"product","link":"https:\/\/mueller-wrh.de\/cs\/produkt\/star-sr32-j-bj-2006_11_-intnr231523\/","title":{"rendered":"STAR SR32-J, rok 2006_11_ IntNo231523"},"content":{"rendered":"<p><b>Um\u00edst\u011bn\u00ed:<\/b> N\u011bmecko, B\u00e1densko-W\u00fcrttembersko Jihoz\u00e1padn\u00ed N\u011bmecko<\/p>\n<p><b>Stav:<\/b> Pou\u017eit\u00e9<\/p>\n<p><b>V\u00fdrobce:<\/b> STAR Micronics<\/p>\n<p><b>Model:<\/b> SR32-J<\/p>\n<p><b>Rok v\u00fdstavby:<\/b> 2006<\/p>\n<p><b>Provozn\u00ed doba:<\/b> 58957<\/p>\n<p>CNC soustruh s posuvn\u00fdm v\u0159eten\u00edkem STAR SR-32J (\u0161v\u00fdcarsk\u00fd typ)<br \/>\nRok v\u00fdstavby: 2006<br \/>\n\u0158\u00eddic\u00ed syst\u00e9m: FANUC<br \/>\nDoba \u0159ez\u00e1n\u00ed: 43000<br \/>\nTechnick\u00e9 \u00fadaje<br \/>\nMax. Pr\u016fm\u011br soustru\u017een\u00ed: \u00d8 32 mm<br \/>\nEfektivn\u00ed d\u00e9lka soustru\u017een\u00ed: cca 80-310 mm (v z\u00e1vislosti na vybaven\u00ed a vodic\u00ed obj\u00edmce)<br \/>\nHlavn\u00ed v\u0159eteno:<br \/>\n- Max. Rychlost: 7 000 min-\u00b9<br \/>\n- V\u00fdkon pohonu: 7,5 kW<br \/>\n- Zdvih v\u0159eten\u00edku: 310 mm<br \/>\n- Osa C pro konturov\u00e9 obr\u00e1b\u011bn\u00ed<br \/>\n- Integrovan\u00e9 motorov\u00e9 n\u00e1stroje a vrtac\u00ed\/fr\u00e9zovac\u00ed jednotky<br \/>\nProtiv\u0159eteno:<br \/>\n- Max. Pr\u016fm\u011br soustru\u017een\u00ed: \u00d8 32 mm<br \/>\n- Max. Rychlost: 7 000 min-\u00b9<br \/>\n- V\u00fdkon pohonu: 3,7 kW<br \/>\n- Osa C<br \/>\n- Vrtac\u00ed\/fr\u00e9zovac\u00ed jednotky<br \/>\n- Za\u0159\u00edzen\u00ed pro vyfukov\u00e1n\u00ed<br \/>\n- Ochrana proti zlomen\u00ed \u0159ezn\u00e9 oceli<br \/>\nOsy \/ cesty:<br \/>\n- X1 \/ Z1 \/ Y1 (hlavn\u00ed obr\u00e1b\u011bn\u00ed): P\u0159ibli\u017en\u011b X1 310 mm \/ Z1 310 mm \/ Y1 \u00b1 25 mm.<br \/>\n- Rychl\u00fd posun: cca 24 m\/min<br \/>\nRozm\u011bry stroje: 2 711 \u00d7 1 275 \u00d7 1 705 mm<br \/>\nHmotnost stroje: p\u0159ibli\u017en\u011b 3 100 kg<br \/>\nPodava\u010d ty\u010d\u00ed: FMB Turbo 3-32 \/ 3200 \/ A<br \/>\n- Kapacita ty\u010de: \u00d8 3-32 mm<br \/>\n- Rok v\u00fdstavby: 2006<br \/>\n- Rozm\u011bry: p\u0159ibli\u017en\u011b 4 800 \u00d7 1 200 \u00d7 1 900 mm<br \/>\n- Hmotnost: p\u0159ibli\u017en\u011b 800 kg<br \/>\nVysokotlak\u00fd syst\u00e9m: SFB B\u00fcchele s n\u00e1dr\u017e\u00ed a filtrem \/ 80 bar\u016f<br \/>\nProvozn\u00ed p\u0159\u00edru\u010dky \/ dokumenty<br \/>\nProhl\u00ed\u017een\u00ed: Stroj si lze prohl\u00e9dnout na m\u00edst\u011b po p\u0159edchoz\u00ed domluv\u011b.<br \/>\nUpozorn\u011bn\u00ed: Zm\u011bny a chyby v technick\u00fdch \u00fadaj\u00edch a p\u0159edchoz\u00ed prodej vyhrazeny!<\/p>\n<p>CNC dlouh\u00fd soustruh STAR SR-32J (\u0161v\u00fdcarsk\u00fd typ)<br \/>\nRok v\u00fdroby: 2006<br \/>\n\u0158\u00eddic\u00ed syst\u00e9m: FANUC<br \/>\nDoba \u0159ez\u00e1n\u00ed: 43 000 hodin<\/p>\n<p>Technick\u00e9 specifikace<\/p>\n<p>Maxim\u00e1ln\u00ed pr\u016fm\u011br ot\u00e1\u010den\u00ed: \u00d8 32 mm<br \/>\nPou\u017eiteln\u00e1 d\u00e9lka soustru\u017een\u00ed: cca 80-310 mm (v z\u00e1vislosti na vybaven\u00ed a vodic\u00edm pouzdru)<\/p>\n<p>Hlavn\u00ed v\u0159eteno:<\/p>\n<p>Maxim\u00e1ln\u00ed ot\u00e1\u010dky: 7 000 ot\/min<\/p>\n<p>V\u00fdkon pohonu: 7,5 kW<\/p>\n<p>Zdvih v\u0159etena: 310 mm<\/p>\n<p>Osa C pro konturov\u00e9 obr\u00e1b\u011bn\u00ed<\/p>\n<p>Motorov\u00e9 n\u00e1stroje a integrovan\u00e9 vrtac\u00ed\/fr\u00e9zovac\u00ed jednotky<\/p>\n<p>Protiv\u0159eteno:<\/p>\n<p>Maxim\u00e1ln\u00ed pr\u016fm\u011br ot\u00e1\u010den\u00ed: \u00d8 32 mm<\/p>\n<p>Maxim\u00e1ln\u00ed ot\u00e1\u010dky: 7 000 ot\/min<\/p>\n<p>V\u00fdkon pohonu: 3,7 kW<\/p>\n<p>Osa C<\/p>\n<p>Vrtac\u00ed\/fr\u00e9zovac\u00ed jednotky<\/p>\n<p>Za\u0159\u00edzen\u00ed pro vyfukov\u00e1n\u00ed<\/p>\n<p>Ochrana proti zlomen\u00ed d\u011blic\u00edho n\u00e1stroje<\/p>\n<p>Osy \/ Rozsahy pojezdu:<\/p>\n<p>X1 \/ Z1 \/ Y1 (hlavn\u00ed obr\u00e1b\u011bn\u00ed): cca X1 310 mm \/ Z1 310 mm \/ Y1 \u00b1 25 mm<\/p>\n<p>Rychl\u00fd posun: cca 24 m\/min<\/p>\n<p>Rozm\u011bry stroje: 2 711 \u00d7 1 275 \u00d7 1 705 mm<br \/>\nHmotnost stroje: p\u0159ibli\u017en\u011b 3 100 kg<\/p>\n<p>Podava\u010d ty\u010d\u00ed: FMB Turbo 3-32 \/ 3200 \/ A<\/p>\n<p>Rozsah pr\u016fm\u011br\u016f ty\u010d\u00ed: \u00d8 3-32 mm<\/p>\n<p>Rok v\u00fdroby: 2006<\/p>\n<p>Rozm\u011bry: p\u0159ibli\u017en\u011b 4 800 \u00d7 1 200 \u00d7 1 900 mm<\/p>\n<p>Hmotnost: p\u0159ibli\u017en\u011b 800 kg<\/p>\n<p>Vysokotlak\u00fd syst\u00e9m: SFB B\u00fcchele s n\u00e1dr\u017e\u00ed a filtrem \/ 80 bar\u016f<\/p>\n<p>P\u0159\u00edru\u010dky \/ dokumentace: V\u010detn\u011b<\/p>\n<p>Prohl\u00ed\u017een\u00ed: Prohl\u00eddka: Stroj je mo\u017en\u00e9 si prohl\u00e9dnout na m\u00edst\u011b po p\u0159edchoz\u00ed domluv\u011b.<\/p>\n<p>Pozn\u00e1mka: Technick\u00e9 \u00fadaje a specifikace se mohou zm\u011bnit a mohou obsahovat chyby; p\u0159edchoz\u00ed prodej vyhrazen.<\/p>","protected":false},"excerpt":{"rendered":"<p>Standort: Deutschland, Baden-W\u00fcrttemberg S\u00fcdwest Zustand: Gebraucht Hersteller: STAR Micronics Modell: SR32-J Baujahr: 2006 Betriebsstunden: 58957 CNC-Langdrehmaschine STAR SR-32J (Swiss-Type) Baujahr: 2006 Steuerung: FANUC Cutting Time:43000 Technische Daten Max. Drehdurchmesser: \u00d8 32 mm Nutzzdrehl\u00e4nge: ca. 80\u2013310 mm (abh\u00e4ngig von Ausstattung und F\u00fchrungsbuchse) Hauptspindel: \u2022 Max. Drehzahl: 7.000 min\u207b\u00b9 \u2022 Antriebsleistung: 7,5 kW \u2022 Spindelstockhub: 310 mm [&hellip;]<\/p>\n","protected":false},"featured_media":5074,"comment_status":"open","ping_status":"closed","template":"","meta":{"_uf_show_specific_survey":0,"_uf_disable_surveys":false},"product_brand":[],"product_cat":[23],"product_tag":[],"class_list":{"0":"post-5073","1":"product","2":"type-product","3":"status-publish","4":"has-post-thumbnail","6":"product_cat-cnc-langdrehmaschinen","8":"first","9":"instock","10":"taxable","11":"shipping-taxable","12":"product-type-simple"},"aioseo_notices":[],"_links":{"self":[{"href":"https:\/\/mueller-wrh.de\/cs\/wp-json\/wp\/v2\/product\/5073","targetHints":{"allow":["GET"]}}],"collection":[{"href":"https:\/\/mueller-wrh.de\/cs\/wp-json\/wp\/v2\/product"}],"about":[{"href":"https:\/\/mueller-wrh.de\/cs\/wp-json\/wp\/v2\/types\/product"}],"replies":[{"embeddable":true,"href":"https:\/\/mueller-wrh.de\/cs\/wp-json\/wp\/v2\/comments?post=5073"}],"wp:featuredmedia":[{"embeddable":true,"href":"https:\/\/mueller-wrh.de\/cs\/wp-json\/wp\/v2\/media\/5074"}],"wp:attachment":[{"href":"https:\/\/mueller-wrh.de\/cs\/wp-json\/wp\/v2\/media?parent=5073"}],"wp:term":[{"taxonomy":"product_brand","embeddable":true,"href":"https:\/\/mueller-wrh.de\/cs\/wp-json\/wp\/v2\/product_brand?post=5073"},{"taxonomy":"product_cat","embeddable":true,"href":"https:\/\/mueller-wrh.de\/cs\/wp-json\/wp\/v2\/product_cat?post=5073"},{"taxonomy":"product_tag","embeddable":true,"href":"https:\/\/mueller-wrh.de\/cs\/wp-json\/wp\/v2\/product_tag?post=5073"}],"curies":[{"name":"wp","href":"https:\/\/api.w.org\/{rel}","templated":true}]}}