{"id":4983,"date":"2026-03-13T11:16:37","date_gmt":"2026-03-13T11:16:37","guid":{"rendered":"https:\/\/mueller-wrh.de\/produkt\/hermle-c40u-bj-2003_intnr231507\/"},"modified":"2026-03-13T11:16:37","modified_gmt":"2026-03-13T11:16:37","slug":"hermle-c40u-bj-2003_intnr231507","status":"publish","type":"product","link":"https:\/\/mueller-wrh.de\/cs\/produkt\/hermle-c40u-bj-2003_intnr231507\/","title":{"rendered":"Hermle C40U, rok 2003_IntNr231507"},"content":{"rendered":"<p><b>Um\u00edst\u011bn\u00ed:<\/b> N\u011bmecko, B\u00e1densko-W\u00fcrttembersko Jihoz\u00e1padn\u00ed N\u011bmecko<\/p>\n<p><b>Stav:<\/b> Pou\u017eit\u00e9<\/p>\n<p><b>V\u00fdrobce:<\/b> Hermle<\/p>\n<p><b>Model:<\/b> C 40 U<\/p>\n<p><b>Rok v\u00fdstavby:<\/b> 2003<\/p>\n<p>P\u011btios\u00e9 univerz\u00e1ln\u00ed obr\u00e1b\u011bc\u00ed centrum Hermle typ: C 40 U<br \/>\nRok v\u00fdstavby: 2003<br \/>\n\u0158\u00edzen\u00ed: Heidenhain iTNC 530<br \/>\nCestovn\u00ed vzd\u00e1lenosti:<br \/>\nOsa X: 850 mm<br \/>\nOsa Y: 700 mm<br \/>\nOsa Z: 500 mm<br \/>\nNC oto\u010dn\u00fd st\u016fl:<br \/>\nPr\u016fm\u011br: \u00d8 800 mm<br \/>\nRozsah ot\u00e1\u010den\u00ed osy A: +25\u00b0 \/ -110\u00b0<br \/>\nRozsah ot\u00e1\u010den\u00ed osy C: 360<br \/>\nHmotnost stroje p\u0159ibli\u017en\u011b 10,5 tuny<\/p>\n<p>P\u0159\u00edslu\u0161enstv\u00ed:<br \/>\nkompletn\u00ed dokumentace<br \/>\nChladic\u00ed za\u0159\u00edzen\u00ed<br \/>\nHydraulick\u00e1 jednotka<br \/>\nNC oto\u010dn\u00fd st\u016fl<br \/>\nelektrick\u00e9 ru\u010dn\u00ed kolo<br \/>\nM\u011b\u0159ic\u00ed sonda Renishaw<\/p>\n<p>Stroj si m\u016f\u017eete prohl\u00e9dnout po p\u0159edchoz\u00ed domluv\u011b.<br \/>\nZm\u011bny a chyby v technick\u00fdch \u00fadaj\u00edch a informac\u00edch, jako\u017e i p\u0159edchoz\u00ed prodej vyhrazeny!<\/p>\n<p>P\u011btios\u00e9 univerz\u00e1ln\u00ed obr\u00e1b\u011bc\u00ed centrum Hermle Typ: C 40 U<br \/>\nRok v\u00fdroby: 2003<br \/>\n\u0158\u00edzen\u00ed: Heidenhain iTNC 530<br \/>\nCestovn\u00ed vzd\u00e1lenosti:<br \/>\nOsa X: 850 mm<br \/>\nOsa Y: 700 mm<br \/>\nOsa Z: 500 mm<br \/>\nNC oto\u010dn\u00fd st\u016fl:<br \/>\nPr\u016fm\u011br: \u00d8 800 mm<br \/>\nRozsah ot\u00e1\u010den\u00ed osy A: +25\u00b0 \/ -110\u00b0<br \/>\nRozsah ot\u00e1\u010den\u00ed osy C: 360\u00b0<br \/>\nHmotnost stroje p\u0159ibli\u017en\u011b 10,5 tuny<\/p>\n<p>P\u0159\u00edslu\u0161enstv\u00ed:<br \/>\nKompletn\u00ed dokumentace<br \/>\nChladic\u00ed syst\u00e9m<br \/>\nHydraulick\u00e1 jednotka<br \/>\nNC oto\u010dn\u00fd st\u016fl<br \/>\nElektrick\u00e9 ru\u010dn\u00ed kolo<br \/>\nM\u011b\u0159ic\u00ed sonda Renishaw<\/p>\n<p>Stroj si lze prohl\u00e9dnout po p\u0159edchoz\u00ed domluv\u011b.<br \/>\nZm\u011bny a chyby v technick\u00fdch \u00fadaj\u00edch a specifikac\u00edch vyhrazeny, stejn\u011b jako p\u0159edchoz\u00ed prodej!<\/p>","protected":false},"excerpt":{"rendered":"<p>Standort: Deutschland, Baden-W\u00fcrttemberg S\u00fcdwest Zustand: Gebraucht Hersteller: Hermle Modell: C 40 U Baujahr: 2003 5-Achsen-Universal-Bearbeitungszentrum Hermle Typ: C 40 U Baujahr: 2003 Steuerung: Heidenhain iTNC 530 Verfahrwege: X-Achse: 850 mm Y-Achse: 700 mm Z-Achse: 500 mm NC-Schwenkrundtisch: Durchmesser: \u00d8 800 mm Schwenkbereich A-Achse: +25\u00b0 \/ -110\u00b0 Drehbereich C-Achse: 360\u00b0 Maschinengewicht ca. 10,5 t Zubeh\u00f6r: kompl. [&hellip;]<\/p>\n","protected":false},"featured_media":4979,"comment_status":"open","ping_status":"closed","template":"","meta":{"_uf_show_specific_survey":0,"_uf_disable_surveys":false},"product_brand":[],"product_cat":[21],"product_tag":[],"class_list":{"0":"post-4983","1":"product","2":"type-product","3":"status-publish","4":"has-post-thumbnail","6":"product_cat-cnc-bearbeitungszentrum","8":"first","9":"instock","10":"taxable","11":"shipping-taxable","12":"product-type-simple"},"aioseo_notices":[],"_links":{"self":[{"href":"https:\/\/mueller-wrh.de\/cs\/wp-json\/wp\/v2\/product\/4983","targetHints":{"allow":["GET"]}}],"collection":[{"href":"https:\/\/mueller-wrh.de\/cs\/wp-json\/wp\/v2\/product"}],"about":[{"href":"https:\/\/mueller-wrh.de\/cs\/wp-json\/wp\/v2\/types\/product"}],"replies":[{"embeddable":true,"href":"https:\/\/mueller-wrh.de\/cs\/wp-json\/wp\/v2\/comments?post=4983"}],"wp:featuredmedia":[{"embeddable":true,"href":"https:\/\/mueller-wrh.de\/cs\/wp-json\/wp\/v2\/media\/4979"}],"wp:attachment":[{"href":"https:\/\/mueller-wrh.de\/cs\/wp-json\/wp\/v2\/media?parent=4983"}],"wp:term":[{"taxonomy":"product_brand","embeddable":true,"href":"https:\/\/mueller-wrh.de\/cs\/wp-json\/wp\/v2\/product_brand?post=4983"},{"taxonomy":"product_cat","embeddable":true,"href":"https:\/\/mueller-wrh.de\/cs\/wp-json\/wp\/v2\/product_cat?post=4983"},{"taxonomy":"product_tag","embeddable":true,"href":"https:\/\/mueller-wrh.de\/cs\/wp-json\/wp\/v2\/product_tag?post=4983"}],"curies":[{"name":"wp","href":"https:\/\/api.w.org\/{rel}","templated":true}]}}