{"id":4978,"date":"2026-03-13T11:04:59","date_gmt":"2026-03-13T11:04:59","guid":{"rendered":"https:\/\/mueller-wrh.de\/produkt\/cnc-lns-hydrobar-6-42-hs-4-4-bj-89-intnr231499\/"},"modified":"2026-03-13T11:04:59","modified_gmt":"2026-03-13T11:04:59","slug":"cnc-lns-hydrobar-6-42-hs-4-4-bj-89-intnr231499","status":"publish","type":"product","link":"https:\/\/mueller-wrh.de\/cs\/produkt\/cnc-lns-hydrobar-6-42-hs-4-4-bj-89-intnr231499\/","title":{"rendered":"CNC LNS Hydrobar 6.42 HS-4.4 Rok '89 IntNo231499"},"content":{"rendered":"<p><b>Um\u00edst\u011bn\u00ed:<\/b> N\u011bmecko, B\u00e1densko-W\u00fcrttembersko Jihoz\u00e1padn\u00ed N\u011bmecko<\/p>\n<p><b>Stav:<\/b> Pou\u017eit\u00e9<\/p>\n<p><b>V\u00fdrobce:<\/b> LNS<\/p>\n<p><b>Model:<\/b> 6.42 HS-4.4<\/p>\n<p><b>Rok v\u00fdstavby:<\/b> 1989<\/p>\n<p>Osv\u011bd\u010den\u00fd a vysoce v\u00fdkonn\u00fd podava\u010d ty\u010d\u00ed je na prodej<br \/>\nLNS, typ Hydrobar 6.42 HS-4.4. <\/p>\n<p>Technick\u00e9 \u00fadaje<\/p>\n<p>V\u00fdrobce LNS (\u0160v\u00fdcarsko)<br \/>\nModel Hydrobar 6.42 HS-4.4<br \/>\nRok v\u00fdstavby 1989<br \/>\nPracovn\u00ed rozsah (pr\u016fm\u011br) \u00d8 6 mm a\u017e \u00d8 42 mm<br \/>\nMax. D\u00e9lka ty\u010de 4 000 mm (typ 4.4)<br \/>\nPrincip hydrobarick\u00e9ho veden\u00ed (kompletn\u00ed olejov\u00e1 l\u00e1ze\u0148)<br \/>\nHydraulick\u00fd pohon posuvu<br \/>\nObjem oleje cca 150 - 170 litr\u016f (HLP 46 nebo srovnateln\u00fd)<br \/>\nCelkov\u00e1 d\u00e9lka z\u00e1sobn\u00edku cca 4 850 mm<br \/>\nHmotnost (pr\u00e1zdn\u00fd) cca 650 kg<\/p>\n<p>Stroj lze po domluv\u011b prohl\u00e9dnout pod proudem.<br \/>\nZm\u011bny a chyby v technick\u00fdch \u00fadaj\u00edch a informac\u00edch, jako\u017e i p\u0159edchoz\u00ed prodej vyhrazeny!<\/p>\n<p>Osv\u011bd\u010den\u00fd vysoce v\u00fdkonn\u00fd z\u00e1sobn\u00edk s ty\u010dov\u00fdm nab\u00edjen\u00edm<br \/>\nLNS, model Hydrobar 6.42 HS-4.4, je na prodej. <\/p>\n<p>Technick\u00e9 specifikace<\/p>\n<p>V\u00fdrobce LNS (\u0160v\u00fdcarsko)<br \/>\nModel Hydrobar 6.42 HS-4.4<br \/>\nRok v\u00fdroby 1989<br \/>\nPracovn\u00ed rozsah (pr\u016fm\u011br) \u00d8 6 mm a\u017e \u00d8 42 mm<br \/>\nMaxim\u00e1ln\u00ed d\u00e9lka ty\u010de 4 000 mm (typ 4.4)<br \/>\nPrincip pr\u016fvodce Hydrobaric (pln\u00e1 olejov\u00e1 l\u00e1ze\u0148)<br \/>\nPohon krmiva Hydraulick\u00fd<br \/>\nObjem oleje cca 150-170 litr\u016f (HLP 46 nebo ekvivalent)<br \/>\nCelkov\u00e1 d\u00e9lka z\u00e1sobn\u00edku cca 4 850 mm<br \/>\nHmotnost (pr\u00e1zdn\u00fd) cca 650 kg<\/p>\n<p>Stroj si lze po domluv\u011b prohl\u00e9dnout v provozu.<br \/>\nZm\u011bny a chyby v technick\u00fdch \u00fadaj\u00edch a specifikac\u00edch vyhrazeny, stejn\u011b jako p\u0159edchoz\u00ed prodej!<\/p>","protected":false},"excerpt":{"rendered":"<p>Standort: Deutschland, Baden-W\u00fcrttemberg S\u00fcdwest Zustand: Gebraucht Hersteller: LNS Modell: 6.42 HS-4.4 Baujahr: 1989 Zum Verkauf steht ein bew\u00e4hrtes Hochleistungs-Stangenlademagazin LNS, Typ Hydrobar 6.42 HS-4.4. Technische Daten Hersteller LNS (Schweiz) Modell Hydrobar 6.42 HS-4.4 Baujahr 1989 Arbeitsbereich (Durchmesser) \u00d8 6 mm bis \u00d8 42 mm Max. Stangenl\u00e4nge 4.000 mm (Typ 4.4) F\u00fchrungsprinzip Hydrobarisch (vollst\u00e4ndiges \u00d6lbad) Vorschubantrieb [&hellip;]<\/p>\n","protected":false},"featured_media":4973,"comment_status":"open","ping_status":"closed","template":"","meta":{"_uf_show_specific_survey":0,"_uf_disable_surveys":false},"product_brand":[],"product_cat":[88],"product_tag":[],"class_list":{"0":"post-4978","1":"product","2":"type-product","3":"status-publish","4":"has-post-thumbnail","6":"product_cat-stangenzufuehrungen","8":"first","9":"instock","10":"taxable","11":"shipping-taxable","12":"product-type-simple"},"aioseo_notices":[],"_links":{"self":[{"href":"https:\/\/mueller-wrh.de\/cs\/wp-json\/wp\/v2\/product\/4978","targetHints":{"allow":["GET"]}}],"collection":[{"href":"https:\/\/mueller-wrh.de\/cs\/wp-json\/wp\/v2\/product"}],"about":[{"href":"https:\/\/mueller-wrh.de\/cs\/wp-json\/wp\/v2\/types\/product"}],"replies":[{"embeddable":true,"href":"https:\/\/mueller-wrh.de\/cs\/wp-json\/wp\/v2\/comments?post=4978"}],"wp:featuredmedia":[{"embeddable":true,"href":"https:\/\/mueller-wrh.de\/cs\/wp-json\/wp\/v2\/media\/4973"}],"wp:attachment":[{"href":"https:\/\/mueller-wrh.de\/cs\/wp-json\/wp\/v2\/media?parent=4978"}],"wp:term":[{"taxonomy":"product_brand","embeddable":true,"href":"https:\/\/mueller-wrh.de\/cs\/wp-json\/wp\/v2\/product_brand?post=4978"},{"taxonomy":"product_cat","embeddable":true,"href":"https:\/\/mueller-wrh.de\/cs\/wp-json\/wp\/v2\/product_cat?post=4978"},{"taxonomy":"product_tag","embeddable":true,"href":"https:\/\/mueller-wrh.de\/cs\/wp-json\/wp\/v2\/product_tag?post=4978"}],"curies":[{"name":"wp","href":"https:\/\/api.w.org\/{rel}","templated":true}]}}