{"id":4959,"date":"2026-03-13T10:25:16","date_gmt":"2026-03-13T10:25:16","guid":{"rendered":"https:\/\/mueller-wrh.de\/produkt\/ergomat-tda-26-36-cnc-bj-97-mit-einzelstangenvorschub-intnr231498\/"},"modified":"2026-03-13T10:25:16","modified_gmt":"2026-03-13T10:25:16","slug":"ergomat-tda-26-36-cnc-bj-97-mit-einzelstangenvorschub-intnr231498","status":"publish","type":"product","link":"https:\/\/mueller-wrh.de\/cs\/produkt\/ergomat-tda-26-36-cnc-bj-97-mit-einzelstangenvorschub-intnr231498\/","title":{"rendered":"ERGOMAT TDA-26-36 CNC, rok '97 s jedn\u00edm ty\u010dov\u00fdm posuvem IntNo231498"},"content":{"rendered":"<p><b>Um\u00edst\u011bn\u00ed:<\/b> N\u011bmecko, B\u00e1densko-W\u00fcrttembersko Jihoz\u00e1padn\u00ed N\u011bmecko<\/p>\n<p><b>Stav:<\/b> Pou\u017eit\u00e9<\/p>\n<p><b>Model:<\/b> TDA 26-36 CNC<\/p>\n<p><b>Rok v\u00fdstavby:<\/b> 1997<\/p>\n<p>Vysokorychlostn\u00ed CNC soustru\u017enick\u00fd automat (kr\u00e1tk\u00fd soustruh)<br \/>\nRok v\u00fdstavby: 1997<br \/>\n\u0158\u00eddic\u00ed syst\u00e9m: podobn\u00fd syst\u00e9mu Fanuc<\/p>\n<p>Technick\u00e9 \u00fadaje<\/p>\n<p>Max. Pr\u016fm\u011br ty\u010de: 36 mm<br \/>\nStandardn\u00ed otvor pro ty\u010d: 26 mm<br \/>\nMax. D\u00e9lka soustru\u017een\u00ed: 100 mm<br \/>\nPr\u016fm\u011br v\u00fdkyvu nad p\u0159\u00ed\u010dn\u00fdm skluzem: 120 mm<\/p>\n<p>Hlavn\u00ed v\u0159eteno<br \/>\nRozsah ot\u00e1\u010dek: 100 - 6300 ot\/min (plynul\u00e1 regulace)<br \/>\nV\u00fdkon v\u0159etena: 7,5 kW \/ 11 kW (trval\u00fd\/\u0161pi\u010dkov\u00fd)<br \/>\nNos v\u0159etena: A2-5\u2033<br \/>\nOsa C: Rozli\u0161en\u00ed 0,001\u00b0<br \/>\nPo\u010det suport\u016f: 4 line\u00e1rn\u00ed suporty (X\/Z) pro sou\u010dasn\u00e9 obr\u00e1b\u011bn\u00ed<br \/>\nHv\u011bzdicov\u00e1 v\u011b\u017e s 8 stanovi\u0161ti (VDI 20)<br \/>\nRychlost posunu: 15 m\/min (osa X) \/ 20 m\/min (osa Z)<br \/>\nPosuvn\u00e1 s\u00edla: 2 500 N<\/p>\n<p>Pod\u00e1v\u00e1n\u00ed jedn\u00e9 ty\u010de: ERGOMAT, pro d\u00e9lky ty\u010d\u00ed do 3 000 mm.<\/p>\n<p>Stroj lze po domluv\u011b prohl\u00e9dnout pod proudem.<br \/>\nZm\u011bny a chyby v technick\u00fdch \u00fadaj\u00edch a informac\u00edch, jako\u017e i p\u0159edchoz\u00ed prodej vyhrazeny!<\/p>\n<p>UVysokoot\u00e1\u010dkov\u00fd CNC soustru\u017enick\u00fd automat (soustruh pro kr\u00e1tk\u00e9 s\u00e9rie)<br \/>\nRok v\u00fdroby: 1997<br \/>\n\u0158\u00eddic\u00ed syst\u00e9m: podobn\u00fd syst\u00e9mu Fanuc<\/p>\n<p>Technick\u00e9 specifikace<\/p>\n<p>Maxim\u00e1ln\u00ed pr\u016fm\u011br ty\u010de: 36 mm<br \/>\nStandardn\u00ed kapacita ty\u010de: 26 mm<br \/>\nMaxim\u00e1ln\u00ed d\u00e9lka soustru\u017een\u00ed: 100 mm<br \/>\nPr\u016fm\u011br ot\u00e1\u010den\u00ed nad p\u0159\u00ed\u010dn\u00fdm skluzem: 120 mm<\/p>\n<p>Hlavn\u00ed v\u0159eteno<br \/>\nRozsah ot\u00e1\u010dek: 100 - 6300 ot\/min (plynul\u00e1 regulace)<br \/>\nV\u00fdkon v\u0159etena: 7,5 kW \/ 11 kW (trval\u00fd\/\u0161pi\u010dkov\u00fd)<br \/>\nNos v\u0159etena: A2-5\u2033<br \/>\nOsa C: rozli\u0161en\u00ed 0,001\u00b0<br \/>\nPo\u010det suport\u016f: 4 line\u00e1rn\u00ed suporty (X\/Z) pro sou\u010dasn\u00e9 obr\u00e1b\u011bn\u00ed<br \/>\nHv\u011bzdicov\u00e1 v\u011b\u017e s 8 stanovi\u0161ti (VDI 20)<br \/>\nRychlost posunu: 15 m\/min (osa X) \/ 20 m\/min (osa Z)<br \/>\nPosuvn\u00e1 s\u00edla: 2 500 N<\/p>\n<p>Pod\u00e1v\u00e1n\u00ed jedn\u00e9 ty\u010de: ERGOMAT, pro d\u00e9lky ty\u010d\u00ed do 3 000 mm.<\/p>\n<p>Stroj si lze po domluv\u011b prohl\u00e9dnout v provozu.<br \/>\nZm\u011bny a chyby v technick\u00fdch \u00fadaj\u00edch a specifikac\u00edch vyhrazeny, stejn\u011b jako p\u0159edchoz\u00ed prodej!<\/p>","protected":false},"excerpt":{"rendered":"<p>Standort: Deutschland, Baden-W\u00fcrttemberg S\u00fcdwest Zustand: Gebraucht Modell: TDA 26-36 CNC Baujahr: 1997 Hochgeschwindigkeits-CNC-Drehautomat (Kurzdreher) Baujahr: 1997 Steuerung: \u00e4hnlich Fanuc Technische Daten Max. Stangendurchmesser: 36 mm Standard-Stangendurchlass: 26 mm Max. Drehl\u00e4nge: 100 mm Schwingdurchmesser \u00fcber Planschlitten: 120 mm Hauptspindel Drehzahlbereich: 100 \u2013 6.300 U\/min (stufenlos regelbar) Spindelleistung: 7,5 kW \/ 11 kW (Dauer\/Peak) Spindelnase: A2-5&#8243; C-Achse: [&hellip;]<\/p>\n","protected":false},"featured_media":4953,"comment_status":"open","ping_status":"closed","template":"","meta":{"_uf_show_specific_survey":0,"_uf_disable_surveys":false},"product_brand":[],"product_cat":[110],"product_tag":[],"class_list":{"0":"post-4959","1":"product","2":"type-product","3":"status-publish","4":"has-post-thumbnail","6":"product_cat-revolverdrehautomaten","8":"first","9":"instock","10":"taxable","11":"shipping-taxable","12":"product-type-simple"},"aioseo_notices":[],"_links":{"self":[{"href":"https:\/\/mueller-wrh.de\/cs\/wp-json\/wp\/v2\/product\/4959","targetHints":{"allow":["GET"]}}],"collection":[{"href":"https:\/\/mueller-wrh.de\/cs\/wp-json\/wp\/v2\/product"}],"about":[{"href":"https:\/\/mueller-wrh.de\/cs\/wp-json\/wp\/v2\/types\/product"}],"replies":[{"embeddable":true,"href":"https:\/\/mueller-wrh.de\/cs\/wp-json\/wp\/v2\/comments?post=4959"}],"wp:featuredmedia":[{"embeddable":true,"href":"https:\/\/mueller-wrh.de\/cs\/wp-json\/wp\/v2\/media\/4953"}],"wp:attachment":[{"href":"https:\/\/mueller-wrh.de\/cs\/wp-json\/wp\/v2\/media?parent=4959"}],"wp:term":[{"taxonomy":"product_brand","embeddable":true,"href":"https:\/\/mueller-wrh.de\/cs\/wp-json\/wp\/v2\/product_brand?post=4959"},{"taxonomy":"product_cat","embeddable":true,"href":"https:\/\/mueller-wrh.de\/cs\/wp-json\/wp\/v2\/product_cat?post=4959"},{"taxonomy":"product_tag","embeddable":true,"href":"https:\/\/mueller-wrh.de\/cs\/wp-json\/wp\/v2\/product_tag?post=4959"}],"curies":[{"name":"wp","href":"https:\/\/api.w.org\/{rel}","templated":true}]}}