{"id":4952,"date":"2026-03-13T10:06:22","date_gmt":"2026-03-13T10:06:22","guid":{"rendered":"https:\/\/mueller-wrh.de\/produkt\/weiler-ud-24-cnc-bj-1995-mit-irco-einzelstangenzufuehrung-intnr231497\/"},"modified":"2026-03-13T10:06:22","modified_gmt":"2026-03-13T10:06:22","slug":"weiler-ud-24-cnc-bj-1995-mit-irco-einzelstangenzufuehrung-intnr231497","status":"publish","type":"product","link":"https:\/\/mueller-wrh.de\/cs\/produkt\/weiler-ud-24-cnc-bj-1995-mit-irco-einzelstangenzufuehrung-intnr231497\/","title":{"rendered":"WEILER UD 24 CNC, rok 1995 s jednop\u00e1sov\u00fdm podava\u010dem IRCO IntNo231497"},"content":{"rendered":"<p><b>Um\u00edst\u011bn\u00ed:<\/b> N\u011bmecko, B\u00e1densko-W\u00fcrttembersko Jihoz\u00e1padn\u00ed N\u011bmecko<\/p>\n<p><b>Stav:<\/b> Pou\u017eit\u00e9<\/p>\n<p><b>Model:<\/b> UD 24 CNC<\/p>\n<p><b>Rok v\u00fdstavby:<\/b> 1995<\/p>\n<p><b>Provozn\u00ed doba:<\/b> 40000<\/p>\n<p>Dob\u0159e udr\u017eovan\u00fd a k pou\u017eit\u00ed p\u0159ipraven\u00fd p\u0159esn\u00fd CNC soustruh je na prodej<br \/>\ntypu Weiler UD 24 z roku 1995.<\/p>\n<p>Technick\u00e9 \u00fadaje<\/p>\n<p>\u0158\u00eddic\u00ed syst\u00e9m Siemens Sinumerik 810T<br \/>\nObvodov\u00fd pr\u016fm\u011br nad lo\u017eem 240 mm<br \/>\nMax. Pr\u016fm\u011br soustru\u017een\u00ed 120 mm<br \/>\nOtvor v\u0159etena 42 mm<br \/>\nRozsah ot\u00e1\u010dek a\u017e do 6 000 ot\/min<br \/>\nN\u00e1strojov\u00e1 revolverov\u00e1 hlavice 12polohov\u00e1 VDI 20<br \/>\nPodava\u010d ty\u010d\u00ed IRCO s jednou ty\u010d\u00ed<\/p>\n<p>Vybaven\u00ed a p\u0159\u00edslu\u0161enstv\u00ed:<br \/>\nOsa C: Pro vrtac\u00ed a fr\u00e9zovac\u00ed operace (radi\u00e1ln\u00ed\/osov\u00e9).<br \/>\nNakl\u00e1dac\u00ed syst\u00e9m: Naklada\u010d IRCO s kr\u00e1tkou ty\u010d\u00ed pro efektivn\u00ed dopl\u0148ov\u00e1n\u00ed materi\u00e1lu.<br \/>\nChladic\u00ed syst\u00e9m: Kompletn\u00ed chladic\u00ed syst\u00e9m.<br \/>\nPln\u00fd ochrann\u00fd kryt s bezpe\u010dnostn\u00ed pojistkou.<br \/>\nK dispozici jsou n\u00e1vody k obsluze a \u00fadr\u017eb\u011b.<\/p>\n<p>Stroj lze po domluv\u011b prohl\u00e9dnout pod proudem.<br \/>\nZm\u011bny a chyby v technick\u00fdch \u00fadaj\u00edch a informac\u00edch, jako\u017e i p\u0159edchoz\u00ed prodej vyhrazeny!<\/p>\n<p>Na prodej je dob\u0159e udr\u017eovan\u00fd a funk\u010dn\u00ed p\u0159esn\u00fd CNC soustruh.<br \/>\nmodelu Weiler UD 24, vyroben\u00e9ho v roce 1995.<\/p>\n<p>Technick\u00e9 specifikace<\/p>\n<p>\u0158\u00eddic\u00ed syst\u00e9m Siemens Sinumerik 810T<br \/>\nMaxim\u00e1ln\u00ed v\u00fdkyv nad l\u016f\u017ekem 240 mm<br \/>\nMaxim\u00e1ln\u00ed pr\u016fm\u011br ot\u00e1\u010den\u00ed 120 mm<br \/>\nOtvor v\u0159etena 42 mm<br \/>\nRozsah ot\u00e1\u010dek a\u017e do 6 000 ot\/min<br \/>\nN\u00e1strojov\u00e1 revolverov\u00e1 v\u011b\u017e 12 stanic VDI 20<br \/>\nPod\u00e1v\u00e1n\u00ed ty\u010d\u00ed IRCO s jednou ty\u010d\u00ed<\/p>\n<p>Vybaven\u00ed a p\u0159\u00edslu\u0161enstv\u00ed:<br \/>\nOsa C: Pro vrtac\u00ed a fr\u00e9zovac\u00ed operace (radi\u00e1ln\u00ed\/osov\u00e9).<br \/>\nNakl\u00e1dac\u00ed syst\u00e9m: Naklada\u010d IRCO s kr\u00e1tkou ty\u010d\u00ed pro efektivn\u00ed p\u0159\u00edsun materi\u00e1lu.<br \/>\nChladic\u00ed syst\u00e9m: Kompletn\u00ed chladic\u00ed syst\u00e9m.<br \/>\nPln\u00fd ochrann\u00fd kryt s bezpe\u010dnostn\u00edm z\u00e1mkem.<br \/>\nK dispozici jsou n\u00e1vody k obsluze a \u00fadr\u017eb\u011b.<\/p>\n<p>Po domluv\u011b je mo\u017en\u00e9 si stroj prohl\u00e9dnout pod proudem.<br \/>\nZm\u011bny a chyby v technick\u00fdch \u00fadaj\u00edch a specifikac\u00edch vyhrazeny, stejn\u011b jako p\u0159edchoz\u00ed prodej!<\/p>","protected":false},"excerpt":{"rendered":"<p>Standort: Deutschland, Baden-W\u00fcrttemberg S\u00fcdwest Zustand: Gebraucht Modell: UD 24 CNC Baujahr: 1995 Betriebsstunden: 40000 Zum Verkauf steht eine gepflegte und einsatzbereite CNC-Pr\u00e4zisionsdrehmaschine vom Typ Weiler UD 24 aus dem Jahr 1995. Technische Daten Steuerung Siemens Sinumerik 810T Umlaufdurchmesser \u00fcber Bett 240 mm Max. Drehdurchmesser 120 mm Spindelbohrung 42 mm Drehzahlbereich bis 6.000 U\/min Werkzeugrevolver 12-fach [&hellip;]<\/p>\n","protected":false},"featured_media":4945,"comment_status":"open","ping_status":"closed","template":"","meta":{"_uf_show_specific_survey":0,"_uf_disable_surveys":false},"product_brand":[],"product_cat":[110],"product_tag":[],"class_list":{"0":"post-4952","1":"product","2":"type-product","3":"status-publish","4":"has-post-thumbnail","6":"product_cat-revolverdrehautomaten","8":"first","9":"instock","10":"taxable","11":"shipping-taxable","12":"product-type-simple"},"aioseo_notices":[],"_links":{"self":[{"href":"https:\/\/mueller-wrh.de\/cs\/wp-json\/wp\/v2\/product\/4952","targetHints":{"allow":["GET"]}}],"collection":[{"href":"https:\/\/mueller-wrh.de\/cs\/wp-json\/wp\/v2\/product"}],"about":[{"href":"https:\/\/mueller-wrh.de\/cs\/wp-json\/wp\/v2\/types\/product"}],"replies":[{"embeddable":true,"href":"https:\/\/mueller-wrh.de\/cs\/wp-json\/wp\/v2\/comments?post=4952"}],"wp:featuredmedia":[{"embeddable":true,"href":"https:\/\/mueller-wrh.de\/cs\/wp-json\/wp\/v2\/media\/4945"}],"wp:attachment":[{"href":"https:\/\/mueller-wrh.de\/cs\/wp-json\/wp\/v2\/media?parent=4952"}],"wp:term":[{"taxonomy":"product_brand","embeddable":true,"href":"https:\/\/mueller-wrh.de\/cs\/wp-json\/wp\/v2\/product_brand?post=4952"},{"taxonomy":"product_cat","embeddable":true,"href":"https:\/\/mueller-wrh.de\/cs\/wp-json\/wp\/v2\/product_cat?post=4952"},{"taxonomy":"product_tag","embeddable":true,"href":"https:\/\/mueller-wrh.de\/cs\/wp-json\/wp\/v2\/product_tag?post=4952"}],"curies":[{"name":"wp","href":"https:\/\/api.w.org\/{rel}","templated":true}]}}