{"id":4944,"date":"2026-03-11T14:50:06","date_gmt":"2026-03-11T14:50:06","guid":{"rendered":"https:\/\/mueller-wrh.de\/produkt\/cnc-ergomat-tba-60-bj-2005-mit-einzelstangenvorschub-intnr231496\/"},"modified":"2026-03-11T14:50:06","modified_gmt":"2026-03-11T14:50:06","slug":"cnc-ergomat-tba-60-bj-2005-mit-einzelstangenvorschub-intnr231496","status":"publish","type":"product","link":"https:\/\/mueller-wrh.de\/cs\/produkt\/cnc-ergomat-tba-60-bj-2005-mit-einzelstangenvorschub-intnr231496\/","title":{"rendered":"CNC ERGOMAT TBA-60, rok 2005 s jedn\u00edm ty\u010dov\u00fdm posuvem IntNo231496"},"content":{"rendered":"<p><b>Um\u00edst\u011bn\u00ed:<\/b> N\u011bmecko, B\u00e1densko-W\u00fcrttembersko Jihoz\u00e1padn\u00ed N\u011bmecko<\/p>\n<p><b>Stav:<\/b> Pou\u017eit\u00e9<\/p>\n<p><b>Model:<\/b> TBA-60 CNC<\/p>\n<p><b>Rok v\u00fdstavby:<\/b> 2005<\/p>\n<p>Na prodej je CNC soustru\u017enick\u00fd automat ERGOMAT TBA-60 s v\u00edce suporty,<br \/>\nvybaven\u00fd jednoduch\u00fdm ty\u010dov\u00fdm posuvem. <\/p>\n<p>Technick\u00e9 \u00fadaje<br \/>\nTyp: TBA-60<br \/>\nRok v\u00fdstavby: 2005<br \/>\nTyp stroje: CNC v\u00edcedr\u00e1\u017ekov\u00fd automatick\u00fd soustruh<br \/>\n\u0158\u00eddic\u00ed syst\u00e9m: CNC (\u0159\u00eddic\u00ed syst\u00e9m Fanuc)<\/p>\n<p>Pracovn\u00ed oblast<br \/>\nMax. Kruhov\u00fd otvor ty\u010de: 60 mm<br \/>\nMax. D\u00e9lka soustru\u017een\u00ed: 100 mm<\/p>\n<p>V\u0159eteno<br \/>\nV\u00fdkon v\u0159etena: 7,5 kW<br \/>\nMax. Ot\u00e1\u010dky v\u0159etena: a\u017e 3 150 ot\/min.<\/p>\n<p>Syst\u00e9m n\u00e1stroj\u016f<br \/>\nServopohon 6polohov\u00e9 hv\u011bzdicov\u00e9 v\u011b\u017ee<br \/>\nDoba p\u0159epnut\u00ed v\u011b\u017ee: cca 0,3-0,4 s<\/p>\n<p>Koncept s n\u011bkolika skl\u00ed\u010dky:<br \/>\nP\u0159edn\u00ed vodorovn\u00fd posuv (X1\/Z1)<br \/>\nZadn\u00ed vodorovn\u00fd posuv (X2)<br \/>\nDv\u011b vertik\u00e1ln\u00ed skl\u00ed\u010dka (X3\/X4) ()<\/p>\n<p>Cestovn\u00ed vzd\u00e1lenosti<br \/>\nVodorovn\u00e1 dr\u00e1ha posuvu: 45 mm<br \/>\nVertik\u00e1ln\u00ed posuv: 45 mm<\/p>\n<p>\u00dadaje o stroji<br \/>\nHmotnost stroje: 2 000 kg<\/p>\n<p>Vybaven\u00ed<br \/>\nP\u0159\u00edvod jedn\u00e9 ty\u010de<br \/>\nSyst\u00e9m soustru\u017een\u00ed s v\u00edce suporty pro vysokou produktivitu<br \/>\nChladic\u00ed za\u0159\u00edzen\u00ed<br \/>\nLikvidace t\u0159\u00edsek \/ z\u00e1sobn\u00edk na t\u0159\u00edsky<\/p>\n<p>Stroj lze po domluv\u011b prohl\u00e9dnout pod proudem.<br \/>\nZm\u011bny a chyby v technick\u00fdch \u00fadaj\u00edch a informac\u00edch, jako\u017e i p\u0159edchoz\u00ed prodej vyhrazeny!<\/p>\n<p>K prodeji je CNC v\u00edcesuvn\u00fd soustru\u017enick\u00fd automat ERGOMAT TBA-60,<br \/>\nvybaven\u00fd jednoduch\u00fdm ty\u010dov\u00fdm posuvem. <\/p>\n<p>Technick\u00e9 \u00fadaje<br \/>\nTyp: TBA-60<br \/>\nRok v\u00fdroby: 2005<br \/>\nTyp stroje: CNC v\u00edcedr\u00e1\u017ekov\u00fd automatick\u00fd soustruh<br \/>\n\u0158\u00edzen\u00ed: CNC (\u0159\u00edzen\u00ed na b\u00e1zi Fanuc)<\/p>\n<p>Pracovn\u00ed rozsah<br \/>\nMaxim\u00e1ln\u00ed kapacita kulatiny: 60 mm<br \/>\nMaxim\u00e1ln\u00ed d\u00e9lka soustru\u017een\u00ed: 100 mm<\/p>\n<p>V\u0159eteno<br \/>\nV\u00fdkon v\u0159etena: 7,5 kW<br \/>\nMaxim\u00e1ln\u00ed ot\u00e1\u010dky v\u0159etena: a\u017e 3 150 ot\u00e1\u010dek za minutu<\/p>\n<p>Syst\u00e9m n\u00e1stroj\u016f<br \/>\nServopohon 6stani\u010dn\u00ed hv\u011bzdicov\u00e9 v\u011b\u017ee<br \/>\nDoba v\u00fdm\u011bny v\u011b\u017ee: cca 0,3-0,4 s<\/p>\n<p>Koncept s n\u011bkolika skl\u00ed\u010dky:<br \/>\nP\u0159edn\u00ed vodorovn\u00fd posuv (X1\/Z1)<br \/>\nZadn\u00ed vodorovn\u00fd posuv (X2)<br \/>\nDva vertik\u00e1ln\u00ed skluzy (X3\/X4) ()<\/p>\n<p>Cestovn\u00ed vzd\u00e1lenosti<br \/>\nVzd\u00e1lenost horizont\u00e1ln\u00edho posuvu: 45 mm<br \/>\nVzd\u00e1lenost vertik\u00e1ln\u00edho posuvu: 45 mm<\/p>\n<p>\u00dadaje o stroji<br \/>\nHmotnost stroje: 2 000 kg<\/p>\n<p>Vybaven\u00ed<br \/>\nPod\u00e1v\u00e1n\u00ed v jednom pruhu<br \/>\nSyst\u00e9m soustru\u017een\u00ed s v\u00edce podvozky pro vysokou produktivitu<br \/>\nChladic\u00ed za\u0159\u00edzen\u00ed<br \/>\nLikvidace t\u0159\u00edsek \/ z\u00e1sobn\u00edk na t\u0159\u00edsky<\/p>\n<p>Po domluv\u011b je mo\u017en\u00e9 si stroj prohl\u00e9dnout pod proudem.<br \/>\nZm\u011bny a chyby v technick\u00fdch \u00fadaj\u00edch a specifikac\u00edch vyhrazeny, stejn\u011b jako p\u0159edchoz\u00ed prodej!<\/p>","protected":false},"excerpt":{"rendered":"<p>Standort: Deutschland, Baden-W\u00fcrttemberg S\u00fcdwest Zustand: Gebraucht Modell: TBA-60 CNC Baujahr: 2005 Zum Verkauf steht ein CNC-Mehrschlitten-Drehautomat ERGOMAT TBA-60, ausgestattet mit Einzelstangenvorschub. Technische Daten Typ: TBA-60 Baujahr: 2005 Maschinenart: CNC Mehrschlitten-Drehautomat Steuerung: CNC (Fanuc-basierte Steuerung) Arbeitsbereich Max. Stangendurchlass rund: 60 mm Max. Drehl\u00e4nge: 100 mm Spindel Spindelleistung: 7,5 kW Max. Spindeldrehzahl: bis 3.150 U\/min Werkzeugsystem Servoangetriebener [&hellip;]<\/p>\n","protected":false},"featured_media":4938,"comment_status":"open","ping_status":"closed","template":"","meta":{"_uf_show_specific_survey":0,"_uf_disable_surveys":false},"product_brand":[],"product_cat":[110],"product_tag":[],"class_list":{"0":"post-4944","1":"product","2":"type-product","3":"status-publish","4":"has-post-thumbnail","6":"product_cat-revolverdrehautomaten","8":"first","9":"instock","10":"taxable","11":"shipping-taxable","12":"product-type-simple"},"aioseo_notices":[],"_links":{"self":[{"href":"https:\/\/mueller-wrh.de\/cs\/wp-json\/wp\/v2\/product\/4944","targetHints":{"allow":["GET"]}}],"collection":[{"href":"https:\/\/mueller-wrh.de\/cs\/wp-json\/wp\/v2\/product"}],"about":[{"href":"https:\/\/mueller-wrh.de\/cs\/wp-json\/wp\/v2\/types\/product"}],"replies":[{"embeddable":true,"href":"https:\/\/mueller-wrh.de\/cs\/wp-json\/wp\/v2\/comments?post=4944"}],"wp:featuredmedia":[{"embeddable":true,"href":"https:\/\/mueller-wrh.de\/cs\/wp-json\/wp\/v2\/media\/4938"}],"wp:attachment":[{"href":"https:\/\/mueller-wrh.de\/cs\/wp-json\/wp\/v2\/media?parent=4944"}],"wp:term":[{"taxonomy":"product_brand","embeddable":true,"href":"https:\/\/mueller-wrh.de\/cs\/wp-json\/wp\/v2\/product_brand?post=4944"},{"taxonomy":"product_cat","embeddable":true,"href":"https:\/\/mueller-wrh.de\/cs\/wp-json\/wp\/v2\/product_cat?post=4944"},{"taxonomy":"product_tag","embeddable":true,"href":"https:\/\/mueller-wrh.de\/cs\/wp-json\/wp\/v2\/product_tag?post=4944"}],"curies":[{"name":"wp","href":"https:\/\/api.w.org\/{rel}","templated":true}]}}