{"id":4936,"date":"2026-03-11T13:19:02","date_gmt":"2026-03-11T13:19:02","guid":{"rendered":"https:\/\/mueller-wrh.de\/produkt\/cnc-haas-st-20ss-bj-2010-mit-lns-hydrobar-6-50-intnr231495\/"},"modified":"2026-03-13T10:46:30","modified_gmt":"2026-03-13T10:46:30","slug":"cnc-haas-st-20ss-bj-2010-mit-lns-hydrobar-6-50-intnr231495","status":"publish","type":"product","link":"https:\/\/mueller-wrh.de\/cs\/produkt\/cnc-haas-st-20ss-bj-2010-mit-lns-hydrobar-6-50-intnr231495\/","title":{"rendered":"CNC HAAS ST-20SS, rok 2010 s LNS Hydrobar 6.50 HS-4.6 IntNr231495"},"content":{"rendered":"<p><b>Um\u00edst\u011bn\u00ed:<\/b> N\u011bmecko, B\u00e1densko-W\u00fcrttembersko Jihoz\u00e1padn\u00ed N\u011bmecko<\/p>\n<p><b>Stav:<\/b> Pou\u017eit\u00e9<\/p>\n<p><b>V\u00fdrobce:<\/b> HAAS<\/p>\n<p><b>Model:<\/b> ST-20SS<\/p>\n<p><b>Rok v\u00fdstavby:<\/b> 2010<\/p>\n<p><b>Provozn\u00ed doba:<\/b> 1900<\/p>\n<p>Pou\u017eit\u00e9 CNC soustru\u017enick\u00e9 centrum Haas ST-20SS (Super Speed) vyroben\u00e9 v roce 2010,<br \/>\nv\u010detn\u011b LNS Super Hydrobar 6.50 HS 4.6 rok 2011. <\/p>\n<p>Technick\u00e9 detaily:<br \/>\n15palcov\u00fd barevn\u00fd LCD monitor, u\u017eivatelsky p\u0159\u00edv\u011btiv\u00fd \u0159\u00eddic\u00ed syst\u00e9m HAAS<br \/>\nMax. Pr\u016fm\u011br soustru\u017een\u00ed: a\u017e 254 mm<br \/>\nMax. D\u00e9lka soustru\u017een\u00ed: 533 mm.<\/p>\n<p>V\u0159eteno:<br \/>\nVadn\u00e9 lo\u017eisko hlavn\u00edho v\u0159etena!<br \/>\nOt\u00e1\u010dky: max. 5 000 ot\/min.<br \/>\nV\u00fdkon pohonu: 22,4 kW (30 k) Vysoce v\u00fdkonn\u00fd vektorov\u00fd pohon.<br \/>\nNos v\u0159etena: A2-6.<br \/>\nOtvor v\u0159etena: 88,9 mm<\/p>\n<p>V\u011b\u017e na n\u00e1\u0159ad\u00ed:<br \/>\n24stani\u010dn\u00ed hybridn\u00ed v\u011b\u017e<\/p>\n<p>Expresn\u00ed j\u00edzdn\u00ed pruhy:<br \/>\n24,0 m\/min (osa X)<br \/>\n30,5 m\/min (osa Z).<br \/>\nVybaven\u00ed:<br \/>\nAutomatick\u00fd syst\u00e9m p\u0159ednastaven\u00ed n\u00e1stroje (Auto Probe Arm).<br \/>\nJednotka pro poh\u00e1n\u011bn\u00e9 n\u00e1stroje<br \/>\nLNS Super Hydrobar 6.50 HS 4.6 (rok 2011)<br \/>\npro pr\u016fm\u011bry ty\u010d\u00ed od cca 5 mm do 50 mm (v z\u00e1vislosti na modelu lze u \u0159ady HS roz\u0161\u00ed\u0159it a\u017e na 65\/68 mm).<\/p>\n<p>Stroj lze po domluv\u011b prohl\u00e9dnout pod proudem.<br \/>\nZm\u011bny a chyby v technick\u00fdch \u00fadaj\u00edch a informac\u00edch, jako\u017e i p\u0159edchoz\u00ed prodej vyhrazeny!<\/p>\n<p>Pou\u017eit\u00e9 CNC soustru\u017enick\u00e9 centrum Haas ST-20SS (Super Speed), vyroben\u00e9 v roce 2010,<br \/>\nv\u010detn\u011b LNS Super Hydrobar 6.50 HS 4.6, vyroben\u00e9ho v roce 2011. <\/p>\n<p>Technick\u00e9 detaily:<br \/>\n15palcov\u00fd barevn\u00fd LCD monitor, u\u017eivatelsky p\u0159\u00edv\u011btiv\u00e9 ovl\u00e1d\u00e1n\u00ed HAAS<br \/>\nMaxim\u00e1ln\u00ed pr\u016fm\u011br soustru\u017een\u00ed: a\u017e 254 mm<br \/>\nMaxim\u00e1ln\u00ed d\u00e9lka ot\u00e1\u010den\u00ed: 533 mm.<\/p>\n<p>V\u0159eteno:<br \/>\nVadn\u00e9 lo\u017eisko hlavn\u00edho v\u0159etena!<br \/>\nOt\u00e1\u010dky: max. 5 000 ot\/min.<br \/>\nV\u00fdkon pohonu: vysoce v\u00fdkonn\u00fd vektorov\u00fd pohon 22,4 kW (30 k).<br \/>\nNos v\u0159etena: A2-6.<br \/>\nOtvor v\u0159etena: 88,9 mm<\/p>\n<p>V\u011b\u017e na n\u00e1\u0159ad\u00ed:<br \/>\n24stani\u010dn\u00ed hybridn\u00ed v\u011b\u017e<\/p>\n<p>Rychl\u00fd traverz:<br \/>\n24,0 m\/min (osa X)<br \/>\n30,5 m\/min (osa Z).<br \/>\nVybaven\u00ed:<br \/>\nsyst\u00e9m automatick\u00e9ho p\u0159ednastaven\u00ed n\u00e1stroje (Auto Probe Arm)<br \/>\nJednotka pro poh\u00e1n\u011bn\u00e9 n\u00e1stroje<br \/>\nLNS Super Hydrobar 6.50 HS 4.6 (vyrobeno v roce 2011)<br \/>\npro pr\u016fm\u011bry ty\u010d\u00ed od cca 5 mm do 50 mm (v z\u00e1vislosti na modelu lze u \u0159ady HS roz\u0161\u00ed\u0159it a\u017e na 65\/68 mm).<\/p>\n<p>Po domluv\u011b je mo\u017en\u00e9 si stroj prohl\u00e9dnout pod proudem.<br \/>\nZm\u011bny a chyby v technick\u00fdch \u00fadaj\u00edch a specifikac\u00edch vyhrazeny, stejn\u011b jako p\u0159edchoz\u00ed prodej!<\/p>","protected":false},"excerpt":{"rendered":"<p>Standort: Deutschland, Baden-W\u00fcrttemberg S\u00fcdwest Zustand: Gebraucht Hersteller: HAAS Modell: ST-20SS Baujahr: 2010 Betriebsstunden: 1900 Gebrauchtes CNC-Drehzentrum Haas ST-20SS (Super Speed) Bj. 2010, inklusive LNS Super Hydrobar 6.50 HS 4.6 Bj. 2011. Technische Details: 15-Zoll-Farb-LCD-Monitor, benutzerfreundliche HAAS-Steuerung Max. Drehdurchmesser: bis zu 254 mm Max. Drehl\u00e4nge: 533 mm. Spindel: Hauptspindellager defekt! Drehzahl: max. 5.000 U\/min. Antriebsleistung: 22,4 [&hellip;]<\/p>\n","protected":false},"featured_media":4960,"comment_status":"open","ping_status":"closed","template":"","meta":{"_uf_show_specific_survey":0,"_uf_disable_surveys":false},"product_brand":[],"product_cat":[90],"product_tag":[],"class_list":{"0":"post-4936","1":"product","2":"type-product","3":"status-publish","4":"has-post-thumbnail","6":"product_cat-cnc-drehmaschinen-0-199mm-drehd","8":"first","9":"instock","10":"taxable","11":"shipping-taxable","12":"product-type-simple"},"aioseo_notices":[],"_links":{"self":[{"href":"https:\/\/mueller-wrh.de\/cs\/wp-json\/wp\/v2\/product\/4936","targetHints":{"allow":["GET"]}}],"collection":[{"href":"https:\/\/mueller-wrh.de\/cs\/wp-json\/wp\/v2\/product"}],"about":[{"href":"https:\/\/mueller-wrh.de\/cs\/wp-json\/wp\/v2\/types\/product"}],"replies":[{"embeddable":true,"href":"https:\/\/mueller-wrh.de\/cs\/wp-json\/wp\/v2\/comments?post=4936"}],"wp:featuredmedia":[{"embeddable":true,"href":"https:\/\/mueller-wrh.de\/cs\/wp-json\/wp\/v2\/media\/4960"}],"wp:attachment":[{"href":"https:\/\/mueller-wrh.de\/cs\/wp-json\/wp\/v2\/media?parent=4936"}],"wp:term":[{"taxonomy":"product_brand","embeddable":true,"href":"https:\/\/mueller-wrh.de\/cs\/wp-json\/wp\/v2\/product_brand?post=4936"},{"taxonomy":"product_cat","embeddable":true,"href":"https:\/\/mueller-wrh.de\/cs\/wp-json\/wp\/v2\/product_cat?post=4936"},{"taxonomy":"product_tag","embeddable":true,"href":"https:\/\/mueller-wrh.de\/cs\/wp-json\/wp\/v2\/product_tag?post=4936"}],"curies":[{"name":"wp","href":"https:\/\/api.w.org\/{rel}","templated":true}]}}