{"id":4921,"date":"2026-03-07T11:31:09","date_gmt":"2026-03-07T11:31:09","guid":{"rendered":"https:\/\/mueller-wrh.de\/produkt\/gebr-lns-express-220_bj-2027-intnr231503\/"},"modified":"2026-03-07T11:31:09","modified_gmt":"2026-03-07T11:31:09","slug":"gebr-lns-express-220_bj-2027-intnr231503","status":"publish","type":"product","link":"https:\/\/mueller-wrh.de\/cs\/produkt\/gebr-lns-express-220_bj-2027-intnr231503\/","title":{"rendered":"zna\u010dka LNS Express 220_rok 2027 IntNr231503"},"content":{"rendered":"<p><b>Um\u00edst\u011bn\u00ed:<\/b> N\u011bmecko, B\u00e1densko-W\u00fcrttembersko Jihoz\u00e1padn\u00ed N\u011bmecko<\/p>\n<p><b>Stav:<\/b> Pou\u017eit\u00e9<\/p>\n<p><b>V\u00fdrobce:<\/b> LNS<\/p>\n<p><b>Model:<\/b> Expres 220<\/p>\n<p><b>Rok v\u00fdstavby:<\/b> 2007<\/p>\n<p>CNC z\u00e1sobn\u00edk LNS Express 220<br \/>\nRok v\u00fdstavby: 2007<br \/>\nTyp: Ty\u010dov\u00fd podava\u010d<\/p>\n<p>Snadn\u00e9 p\u0159epnut\u00ed nav\u00e1d\u011bc\u00edho kan\u00e1lu za m\u00e9n\u011b ne\u017e 2 minuty.<br \/>\nKompletn\u00ed v\u00fdm\u011bna vodic\u00edch prvk\u016f je mo\u017en\u00e1 za m\u00e9n\u011b ne\u017e 8 minut.<\/p>\n<p>Technick\u00e9 detaily:<br \/>\nRozsah pr\u016fm\u011br\u016f: 2 mm a\u017e 20 mm<br \/>\nKan\u00e1l \u00d8 22 mm<br \/>\nMaxim\u00e1ln\u00ed d\u00e9lka ty\u010de: 3 000 mm<br \/>\nInstala\u010dn\u00ed rozm\u011bry \/ rozm\u011bry (d x \u0161 x v): 3 970 x 480 x 1 250 mm<br \/>\nHmotnost: p\u0159ibli\u017en\u011b 850 kg<br \/>\nStav: pln\u011b funk\u010dn\u00ed<\/p>\n<p>Stroj si m\u016f\u017eete prohl\u00e9dnout po p\u0159edchoz\u00ed domluv\u011b.<br \/>\nZm\u011bny a chyby v technick\u00fdch \u00fadaj\u00edch a informac\u00edch, jako\u017e i p\u0159edchoz\u00ed prodej vyhrazeny!<\/p>\n<p>I<br \/>\nCNC z\u00e1sobn\u00edk LNS Express 220<br \/>\nRok v\u00fdroby: 2007<br \/>\nTyp: Z\u00e1sobn\u00edk s ty\u010dov\u00fdm nab\u00edjen\u00edm<\/p>\n<p>Snadn\u00e9 p\u0159epnut\u00ed nav\u00e1d\u011bc\u00edho kan\u00e1lu za m\u00e9n\u011b ne\u017e 2 minuty.<br \/>\nKompletn\u00ed v\u00fdm\u011bna vodic\u00edch prvk\u016f je mo\u017en\u00e1 za m\u00e9n\u011b ne\u017e 8 minut.<\/p>\n<p>Technick\u00e9 detaily:<br \/>\nRozsah pr\u016fm\u011br\u016f: 2 mm a\u017e 20 mm<br \/>\nKan\u00e1l \u00d8 22 mm<br \/>\nMaxim\u00e1ln\u00ed d\u00e9lka ty\u010de: 3 000 mm<br \/>\nInstala\u010dn\u00ed rozm\u011bry \/ rozm\u011bry (d x \u0161 x v): 3 970 x 480 x 1 250 mm<br \/>\nHmotnost: p\u0159ibli\u017en\u011b 850 kg<br \/>\nStav: pln\u011b funk\u010dn\u00ed<\/p>\n<p>Stroj si lze po domluv\u011b prohl\u00e9dnout v provozu.<br \/>\nZm\u011bny a chyby v technick\u00fdch \u00fadaj\u00edch a specifikac\u00edch vyhrazeny, stejn\u011b jako p\u0159edchoz\u00ed prodej!<\/p>\n<p>P\u0159elo\u017eeno pomoc\u00ed DeepL.com (bezplatn\u00e1 verze)<\/p>","protected":false},"excerpt":{"rendered":"<p>Standort: Deutschland, Baden-W\u00fcrttemberg S\u00fcdwest Zustand: Gebraucht Hersteller: LNS Modell: Express 220 Baujahr: 2007 CNC-Lademagazin LNS Express 220 Baujahr: 2007 Typ: Stangenlademagazin Einfaches Umr\u00fcsten des F\u00fchrungskanals in weniger als ca. 2 Minuten. Komplettwechsel der F\u00fchrungselemente in unter ca. 8 Minuten m\u00f6glich. Technische Details: Durchmesserbereich: 2 mm bis 20 mm Kanal \u00d8 22mm Maximale Stangenl\u00e4nge: 3.000 mm [&hellip;]<\/p>\n","protected":false},"featured_media":4916,"comment_status":"open","ping_status":"closed","template":"","meta":{"_uf_show_specific_survey":0,"_uf_disable_surveys":false},"product_brand":[],"product_cat":[88],"product_tag":[],"class_list":{"0":"post-4921","1":"product","2":"type-product","3":"status-publish","4":"has-post-thumbnail","6":"product_cat-stangenzufuehrungen","8":"first","9":"instock","10":"taxable","11":"shipping-taxable","12":"product-type-simple"},"aioseo_notices":[],"_links":{"self":[{"href":"https:\/\/mueller-wrh.de\/cs\/wp-json\/wp\/v2\/product\/4921","targetHints":{"allow":["GET"]}}],"collection":[{"href":"https:\/\/mueller-wrh.de\/cs\/wp-json\/wp\/v2\/product"}],"about":[{"href":"https:\/\/mueller-wrh.de\/cs\/wp-json\/wp\/v2\/types\/product"}],"replies":[{"embeddable":true,"href":"https:\/\/mueller-wrh.de\/cs\/wp-json\/wp\/v2\/comments?post=4921"}],"wp:featuredmedia":[{"embeddable":true,"href":"https:\/\/mueller-wrh.de\/cs\/wp-json\/wp\/v2\/media\/4916"}],"wp:attachment":[{"href":"https:\/\/mueller-wrh.de\/cs\/wp-json\/wp\/v2\/media?parent=4921"}],"wp:term":[{"taxonomy":"product_brand","embeddable":true,"href":"https:\/\/mueller-wrh.de\/cs\/wp-json\/wp\/v2\/product_brand?post=4921"},{"taxonomy":"product_cat","embeddable":true,"href":"https:\/\/mueller-wrh.de\/cs\/wp-json\/wp\/v2\/product_cat?post=4921"},{"taxonomy":"product_tag","embeddable":true,"href":"https:\/\/mueller-wrh.de\/cs\/wp-json\/wp\/v2\/product_tag?post=4921"}],"curies":[{"name":"wp","href":"https:\/\/api.w.org\/{rel}","templated":true}]}}