{"id":4869,"date":"2026-02-24T11:35:04","date_gmt":"2026-02-24T11:35:04","guid":{"rendered":"https:\/\/mueller-wrh.de\/produkt\/cnc-langdrehfraeszentrum-star-st-38-bj-19-intnr231494\/"},"modified":"2026-02-24T11:35:04","modified_gmt":"2026-02-24T11:35:04","slug":"cnc-langdrehfraeszentrum-star-st-38-bj-19-intnr231494","status":"publish","type":"product","link":"https:\/\/mueller-wrh.de\/cs\/produkt\/cnc-langdrehfraeszentrum-star-st-38-bj-19-intnr231494\/","title":{"rendered":"CNC fr\u00e9zovac\u00ed centrum s posuvn\u00fdm v\u0159etenem STAR ST-38, rok '19 (IntNo231494)"},"content":{"rendered":"<p><b>Um\u00edst\u011bn\u00ed:<\/b> N\u011bmecko, B\u00e1densko-W\u00fcrttembersko Jihoz\u00e1padn\u00ed N\u011bmecko<\/p>\n<p><b>Stav:<\/b> Pou\u017eit\u00e9<\/p>\n<p><b>V\u00fdrobce:<\/b> STAR Micronics<\/p>\n<p><b>Model:<\/b> ST-38<\/p>\n<p><b>Rok v\u00fdstavby:<\/b> 2019<\/p>\n<p>FANUC, vysoce v\u00fdkonn\u00fd po\u010d\u00edta\u010d \u0159ady 31i-B5,<\/p>\n<p>Dob\u0159e udr\u017eovan\u00fd stav, cca 9000 provozn\u00edch hodin<\/p>\n<p>Hlavn\u00ed technick\u00e9 \u00fadaje<br \/>\nPracovn\u00ed oblast<br \/>\nMax. Pr\u016fm\u011br ty\u010de: 38 mm<br \/>\nMax. D\u00e9lka obr\u00e1b\u011bn\u00ed (s vodic\u00edm pouzdrem): cca 320 mm<br \/>\nMo\u017enost obr\u00e1b\u011bn\u00ed bez vodic\u00edho pouzdra (pro krat\u0161\u00ed obrobky)<br \/>\nMax. Pr\u016fm\u011br kle\u0161tiny protiv\u0159etena: 38 mm<\/p>\n<p>Hlavn\u00ed v\u0159eteno<br \/>\nV\u00fdkon v\u0159etena: p\u0159ibli\u017en\u011b 11-15 kW<br \/>\nMax. Rychlost: p\u0159ibli\u017en\u011b 7 000 min-\u00b9<br \/>\nIntegrovan\u00e1 osa C (rozli\u0161en\u00ed 0,001\u00b0)<br \/>\nVysoce p\u0159esn\u00e9 lo\u017eisko v\u0159etena pro n\u00e1ro\u010dn\u00e9 obr\u00e1b\u011bn\u00ed<\/p>\n<p>Protiv\u0159eteno<br \/>\nV\u00fdkon: p\u0159ibli\u017en\u011b 5,5-7,5 kW<br \/>\nMax. Rychlost: p\u0159ibli\u017en\u011b 7 000 min-\u00b9<br \/>\nPlnohodnotn\u00e1 osa C<br \/>\nP\u0159enos d\u00edlu a obr\u00e1b\u011bn\u00ed zadn\u00ed \u010d\u00e1sti v jedn\u00e9 up\u00ednac\u00ed operaci<\/p>\n<p>Konfigurace n\u00e1prav<br \/>\nX1 \/ Z1 (hlavn\u00ed syst\u00e9m)<br \/>\nX2 \/ Z2 (syst\u00e9m protiv\u0159etena)<br \/>\nOsa Y pro operace fr\u00e9zov\u00e1n\u00ed mimo st\u0159edy<br \/>\nHlavn\u00ed osa C a protiv\u0159eteno<br \/>\nVoliteln\u00e9 funkce ot\u00e1\u010den\u00ed v ose B (v z\u00e1vislosti na vybaven\u00ed)<br \/>\nV\u00edcekan\u00e1lov\u00e9 \u0159\u00edzen\u00ed umo\u017e\u0148uje sou\u010dasn\u00e9 obr\u00e1b\u011bn\u00ed na hlavn\u00edm a protiv\u0159etenu, \u010d\u00edm\u017e se v\u00fdrazn\u011b zkracuje doba cyklu.<\/p>\n<p>N\u00e1stroje<br \/>\nSada dr\u017e\u00e1k\u016f n\u00e1stroj\u016f, (bez pohonu)<br \/>\nJednotka vodic\u00edho pouzdra (nap\u00ednac\u00ed syst\u00e9m, JBS)<br \/>\nJednotka chladi\u010de oleje<br \/>\nVysokotlak\u00fd dopravn\u00edk (s integrovanou vysokotlakou jednotkou) typ M\u00fcller combistream CS 3<br \/>\nPou\u017eit\u00ed chladic\u00ed kapaliny: Olej<br \/>\nHmotnost: 6,25 tuny<br \/>\nRozm\u011bry: (Dx\u0160xV) 3477x1860x1865 mm<\/p>\n<p>Stroj lze po domluv\u011b prohl\u00e9dnout pod proudem.<br \/>\nZm\u011bny a chyby v technick\u00fdch \u00fadaj\u00edch a informac\u00edch, jako\u017e i p\u0159edchoz\u00ed prodej vyhrazeny!<\/p>\n<p>FANUC, vysoce v\u00fdkonn\u00fd po\u010d\u00edta\u010d \u0159ady 31i-B5,<\/p>\n<p>Dob\u0159e udr\u017eovan\u00fd, cca 9000 provozn\u00edch hodin<\/p>\n<p>Hlavn\u00ed technick\u00e9 \u00fadaje<br \/>\nPracovn\u00ed rozsah<br \/>\nMaxim\u00e1ln\u00ed pr\u016fm\u011br ty\u010de: 38 mm<br \/>\nMax. d\u00e9lka obr\u00e1b\u011bn\u00ed (s vodic\u00edm pouzdrem): cca 320 mm<br \/>\nMo\u017enost obr\u00e1b\u011bn\u00ed bez vodic\u00edho pouzdra (pro krat\u0161\u00ed obrobky)<br \/>\nMaxim\u00e1ln\u00ed pr\u016fm\u011br up\u00ednac\u00edho protiv\u0159etena: 38 mm<\/p>\n<p>Hlavn\u00ed v\u0159eteno<br \/>\nV\u00fdkon v\u0159etena: p\u0159ibli\u017en\u011b 11-15 kW<br \/>\nMaxim\u00e1ln\u00ed rychlost: cca 7 000 min-\u00b9<br \/>\nIntegrovan\u00e1 osa C (rozli\u0161en\u00ed 0,001\u00b0)<br \/>\nVysoce p\u0159esn\u00e9 lo\u017eisko v\u0159etena pro n\u00e1ro\u010dn\u00e9 obr\u00e1b\u011bn\u00ed<\/p>\n<p>Protiv\u0159eteno<br \/>\nV\u00fdkon: p\u0159ibli\u017en\u011b 5,5-7,5 kW<br \/>\nMaxim\u00e1ln\u00ed ot\u00e1\u010dky: cca 7 000 ot\/min.<br \/>\nPln\u00e1 osa C<br \/>\nP\u0159enos d\u00edlu a obr\u00e1b\u011bn\u00ed zadn\u00ed \u010d\u00e1sti v jednom upnut\u00ed<\/p>\n<p>Konfigurace osy<br \/>\nX1 \/ Z1 (hlavn\u00ed syst\u00e9m)<br \/>\nX2 \/ Z2 (syst\u00e9m protiv\u0159etena)<br \/>\nOsa Y pro operace fr\u00e9zov\u00e1n\u00ed mimo st\u0159edy<br \/>\nHlavn\u00ed osa C a protiv\u0159eteno<br \/>\nVoliteln\u00e9 funkce ot\u00e1\u010den\u00ed v ose B (v z\u00e1vislosti na vybaven\u00ed)<br \/>\nV\u00edcekan\u00e1lov\u00e9 \u0159\u00edzen\u00ed umo\u017e\u0148uje sou\u010dasn\u00e9 obr\u00e1b\u011bn\u00ed na hlavn\u00edm a protiv\u0159etenu, \u010d\u00edm\u017e se v\u00fdrazn\u011b zkracuje doba cyklu.<\/p>\n<p>N\u00e1stroje<br \/>\nSada dr\u017e\u00e1k\u016f n\u00e1stroj\u016f, (bez pohonu)<br \/>\nJednotka vodic\u00edho pouzdra (ta\u017en\u00fd syst\u00e9m, JBS)<br \/>\nJednotka chladi\u010de oleje<br \/>\nVysokotlak\u00fd dopravn\u00edk (s integrovanou vysokotlakou jednotkou) Typ M\u00fcller combistream CS 3<br \/>\nPou\u017eit\u00e1 chladic\u00ed kapalina: olej<br \/>\nHmotnost: 6,25 tuny<br \/>\nRozm\u011bry: (Dx\u0160xV) 3477x1860x1865 mm<\/p>\n<p>Po domluv\u011b je mo\u017en\u00e9 si stroj prohl\u00e9dnout pod proudem.<br \/>\nZm\u011bny a chyby v technick\u00fdch \u00fadaj\u00edch a specifikac\u00edch vyhrazeny, stejn\u011b jako p\u0159edchoz\u00ed prodej!<\/p>","protected":false},"excerpt":{"rendered":"<p>Standort: Deutschland, Baden-W\u00fcrttemberg S\u00fcdwest Zustand: Gebraucht Hersteller: STAR Micronics Modell: ST-38 Baujahr: 2019 FANUC, Hochleistungs-Rechner Serie 31i-B5, Gepflegter Zustand, ca. 9000 Betriebsstunden Technische Hauptdaten Arbeitsbereich Max. Stangendurchmesser: 38 mm Max. Bearbeitungsl\u00e4nge (mit F\u00fchrungsbuchse): ca. 320 mm Bearbeitung ohne F\u00fchrungsbuchse m\u00f6glich (f\u00fcr k\u00fcrzere Werkst\u00fccke) Max. Spannzangendurchmesser Gegenspindel: 38 mm Hauptspindel Spindelleistung: ca. 11\u201315 kW Max. Drehzahl: [&hellip;]<\/p>\n","protected":false},"featured_media":4863,"comment_status":"open","ping_status":"closed","template":"","meta":{"_uf_show_specific_survey":0,"_uf_disable_surveys":false},"product_brand":[],"product_cat":[23],"product_tag":[],"class_list":{"0":"post-4869","1":"product","2":"type-product","3":"status-publish","4":"has-post-thumbnail","6":"product_cat-cnc-langdrehmaschinen","8":"first","9":"instock","10":"taxable","11":"shipping-taxable","12":"product-type-simple"},"aioseo_notices":[],"_links":{"self":[{"href":"https:\/\/mueller-wrh.de\/cs\/wp-json\/wp\/v2\/product\/4869","targetHints":{"allow":["GET"]}}],"collection":[{"href":"https:\/\/mueller-wrh.de\/cs\/wp-json\/wp\/v2\/product"}],"about":[{"href":"https:\/\/mueller-wrh.de\/cs\/wp-json\/wp\/v2\/types\/product"}],"replies":[{"embeddable":true,"href":"https:\/\/mueller-wrh.de\/cs\/wp-json\/wp\/v2\/comments?post=4869"}],"wp:featuredmedia":[{"embeddable":true,"href":"https:\/\/mueller-wrh.de\/cs\/wp-json\/wp\/v2\/media\/4863"}],"wp:attachment":[{"href":"https:\/\/mueller-wrh.de\/cs\/wp-json\/wp\/v2\/media?parent=4869"}],"wp:term":[{"taxonomy":"product_brand","embeddable":true,"href":"https:\/\/mueller-wrh.de\/cs\/wp-json\/wp\/v2\/product_brand?post=4869"},{"taxonomy":"product_cat","embeddable":true,"href":"https:\/\/mueller-wrh.de\/cs\/wp-json\/wp\/v2\/product_cat?post=4869"},{"taxonomy":"product_tag","embeddable":true,"href":"https:\/\/mueller-wrh.de\/cs\/wp-json\/wp\/v2\/product_tag?post=4869"}],"curies":[{"name":"wp","href":"https:\/\/api.w.org\/{rel}","templated":true}]}}