{"id":4856,"date":"2026-02-18T12:49:09","date_gmt":"2026-02-18T12:49:09","guid":{"rendered":"https:\/\/mueller-wrh.de\/produkt\/messmaschine-keyence_im6025_bj-09-2016-_intnr231488\/"},"modified":"2026-02-18T13:44:47","modified_gmt":"2026-02-18T13:44:47","slug":"messmaschine-keyence_im6025_bj-09-2016-_intnr231488","status":"publish","type":"product","link":"https:\/\/mueller-wrh.de\/cs\/produkt\/messmaschine-keyence_im6025_bj-09-2016-_intnr231488\/","title":{"rendered":"M\u011b\u0159ic\u00ed stroj Keyence_IM6025_Rok 09\/2016 _IntNo231488"},"content":{"rendered":"<p><b>Um\u00edst\u011bn\u00ed:<\/b> N\u011bmecko, B\u00e1densko-W\u00fcrttembersko Jihoz\u00e1padn\u00ed N\u011bmecko<\/p>\n<p><b>Stav:<\/b> Pou\u017eit\u00e9<\/p>\n<p><b>V\u00fdrobce:<\/b> KEYENCE<\/p>\n<p><b>Model:<\/b> IM 6025<\/p>\n<p><b>Rok v\u00fdstavby:<\/b> 2016<\/p>\n<p>M\u011b\u0159ic\u00ed stroj Keyence IM-6025 - Rychl\u00e9 a p\u0159esn\u00e9 optick\u00e9 m\u011b\u0159en\u00ed<\/p>\n<p>Prod\u00e1v\u00e1me m\u011b\u0159ic\u00ed stroj Keyence IM-6025, kter\u00fd je ide\u00e1ln\u00ed pro rychl\u00e9 testov\u00e1n\u00ed s\u00e9riov\u00e9 v\u00fdroby, vstupn\u00ed kontrolu zbo\u017e\u00ed a p\u0159esnou kontrolu rozm\u011br\u016f ve v\u00fdrob\u011b.<br \/>\nRok v\u00fdstavby: 09\/2016<\/p>\n<p>Hlavn\u00ed funkce:<\/p>\n<p>V\u00fdrobce: Keyence<br \/>\nModel: IM-6025<br \/>\nRok v\u00fdstavby: 09\/2016<\/p>\n<p>Rozsah m\u011b\u0159en\u00ed:<\/p>\n<p>300 \u00d7 200 mm (v z\u00e1vislosti na modelu)<\/p>\n<p>Princip m\u011b\u0159en\u00ed:<\/p>\n<p>Optick\u00e9 zpracov\u00e1n\u00ed 2D obrazu s automatickou detekc\u00ed obrys\u016f<\/p>\n<p>P\u0159esnost m\u011b\u0159en\u00ed:<\/p>\n<p>Vysok\u00e1 opakovatelnost v rozsahu mikrometr\u016f<\/p>\n<p>Funkce:<\/p>\n<p>Automatick\u00e1 detekce polohy<\/p>\n<p>Sou\u010dasn\u00e9 v\u00edcebodov\u00e9 m\u011b\u0159en\u00ed<\/p>\n<p>Mo\u017enost porovn\u00e1n\u00ed s daty CAD<\/p>\n<p>Hodnocen\u00ed SPC<\/p>\n<p>Intuitivn\u00ed u\u017eivatelsk\u00e9 rozhran\u00ed<\/p>\n<p>Rozhran\u00ed USB a s\u00ed\u0165ov\u00e1 rozhran\u00ed<\/p>\n<p>Syst\u00e9m osv\u011btlen\u00ed:<\/p>\n<p>Vys\u00edlan\u00e9 sv\u011btlo a osv\u011btlen\u00ed dopadaj\u00edc\u00edm sv\u011btlem (LED)<\/p>\n<p>Max. v\u00fd\u0161ka obrobku:<\/p>\n<p>Do cca 75 mm<\/p>\n<p>Speci\u00e1ln\u00ed funkce:<\/p>\n<p>M\u011b\u0159en\u00ed b\u011bhem n\u011bkolika sekund bez \u010dasov\u011b n\u00e1ro\u010dn\u00e9ho zarovn\u00e1v\u00e1n\u00ed<\/p>\n<p>Ide\u00e1ln\u00ed pro s\u00e9riov\u00e9 a n\u00e1hodn\u00e9 testov\u00e1n\u00ed vzork\u016f<\/p>\n<p>V\u00fdsledky m\u011b\u0159en\u00ed nez\u00e1visl\u00e9 na provozovateli<\/p>\n<p>Kompaktn\u00ed design<\/p>\n<p>Stav:<br \/>\nPou\u017eit\u00e9, otestovan\u00e9 a funk\u010dn\u00ed.<\/p>\n<p>Oblast pou\u017eit\u00ed:<br \/>\nIde\u00e1ln\u00ed pro zpracov\u00e1n\u00ed kov\u016f a plast\u016f, lisovan\u00fdch d\u00edl\u016f, soustru\u017een\u00fdch d\u00edl\u016f, fr\u00e9zovan\u00fdch d\u00edl\u016f a tak\u00e9 pro zaji\u0161t\u011bn\u00ed kvality a kontrolu v\u00fdroby.<\/p>\n<p>Stroj lze po domluv\u011b prohl\u00e9dnout pod proudem.<\/p>\n<p>Zm\u011bny a chyby v technick\u00fdch \u00fadaj\u00edch a informac\u00edch, stejn\u011b jako p\u0159edchoz\u00ed prodej, vyhrazeny.<\/p>\n<p>M\u011b\u0159ic\u00ed stroj Keyence IM-6025 - rychl\u00e9 a p\u0159esn\u00e9 optick\u00e9 m\u011b\u0159en\u00ed<\/p>\n<p>Na prodej je m\u011b\u0159ic\u00ed stroj Keyence IM-6025, kter\u00fd je ide\u00e1ln\u00ed pro rychlou kontrolu \u0161ar\u017e\u00ed, vstupn\u00ed kontrolu zbo\u017e\u00ed a p\u0159esn\u00e9 m\u011b\u0159en\u00ed rozm\u011br\u016f ve v\u00fdrobn\u00edm prost\u0159ed\u00ed.<br \/>\nRok v\u00fdroby: 09\/2016<\/p>\n<p>Hlavn\u00ed funkce:<\/p>\n<p>V\u00fdrobce: Keyence<br \/>\nModel: IM-6025<br \/>\nRok: 09\/2016<\/p>\n<p>Rozsah m\u011b\u0159en\u00ed:<\/p>\n<p>P\u0159ibli\u017en\u011b 300 \u00d7 200 mm (v z\u00e1vislosti na konfiguraci)<\/p>\n<p>Princip m\u011b\u0159en\u00ed:<\/p>\n<p>Optick\u00e9 zpracov\u00e1n\u00ed 2D obrazu s automatickou detekc\u00ed obrys\u016f<\/p>\n<p>P\u0159esnost:<\/p>\n<p>Vysok\u00e1 opakovatelnost v rozsahu mikron\u016f<\/p>\n<p>Funkce:<\/p>\n<p>Automatick\u00e9 polohov\u00e1n\u00ed d\u00edl\u016f<\/p>\n<p>Sou\u010dasn\u00e9 v\u00edcebodov\u00e9 m\u011b\u0159en\u00ed<\/p>\n<p>Mo\u017enost porovn\u00e1n\u00ed dat CAD<\/p>\n<p>Hodnocen\u00ed SPC<\/p>\n<p>U\u017eivatelsky p\u0159\u00edv\u011btiv\u00e9 rozhran\u00ed<\/p>\n<p>Rozhran\u00ed USB a s\u00ed\u0165ov\u00e1 rozhran\u00ed<\/p>\n<p>Syst\u00e9m osv\u011btlen\u00ed:<\/p>\n<p>Osv\u011btlen\u00ed LED p\u0159en\u00e1\u0161en\u00fdm a odra\u017een\u00fdm sv\u011btlem<\/p>\n<p>Maxim\u00e1ln\u00ed v\u00fd\u0161ka obrobku:<\/p>\n<p>Do cca 75 mm<\/p>\n<p>Speci\u00e1ln\u00ed funkce:<\/p>\n<p>M\u011b\u0159en\u00ed b\u011bhem n\u011bkolika sekund bez slo\u017eit\u00e9ho zarovn\u00e1v\u00e1n\u00ed<\/p>\n<p>Ide\u00e1ln\u00ed pro d\u00e1vkovou a nam\u00e1tkovou kontrolu<\/p>\n<p>V\u00fdsledky m\u011b\u0159en\u00ed nez\u00e1visl\u00e9 na provozovateli<\/p>\n<p>Kompaktn\u00ed design<\/p>\n<p>Stav:<br \/>\nPou\u017eit\u00e9, otestovan\u00e9 a pln\u011b funk\u010dn\u00ed.<\/p>\n<p>Oblast pou\u017eit\u00ed:<br \/>\nVhodn\u00e9 pro zpracov\u00e1n\u00ed kov\u016f a plast\u016f, lisovan\u00e9 d\u00edly, soustru\u017een\u00e9 d\u00edly, fr\u00e9zovan\u00e9 sou\u010d\u00e1sti, zaji\u0161t\u011bn\u00ed kvality a kontrolu v\u00fdroby.<\/p>\n<p>Stroj lze po domluv\u011b prohl\u00e9dnout pod proudem.<\/p>\n<p>S v\u00fdhradou p\u0159edchoz\u00edho prodeje. V\u00fdjimkou jsou chyby a opomenut\u00ed v technick\u00fdch \u00fadaj\u00edch a specifikac\u00edch.<\/p>","protected":false},"excerpt":{"rendered":"<p>Standort: Deutschland, Baden-W\u00fcrttemberg S\u00fcdwest Zustand: Gebraucht Hersteller: KEYENCE Modell: IM 6025 Baujahr: 2016 Keyence IM-6025 Messmaschine \u2013 Schnelle und pr\u00e4zise optische Messung Verkauft wird eine Keyence IM-6025 Messmaschine, ideal f\u00fcr die schnelle Serienpr\u00fcfung, Wareneingangskontrolle sowie pr\u00e4zise Ma\u00dfkontrollen in der Fertigung. Baujahr: 09\/2016 Hauptmerkmale: Hersteller: Keyence Modell: IM-6025 Baujahr: 09\/2016 Messbereich: 300 \u00d7 200 mm (modellabh\u00e4ngig) [&hellip;]<\/p>\n","protected":false},"featured_media":4857,"comment_status":"open","ping_status":"closed","template":"","meta":{"_uf_show_specific_survey":0,"_uf_disable_surveys":false},"product_brand":[],"product_cat":[98],"product_tag":[],"class_list":{"0":"post-4856","1":"product","2":"type-product","3":"status-publish","4":"has-post-thumbnail","6":"product_cat-messtechnik","8":"first","9":"instock","10":"taxable","11":"shipping-taxable","12":"product-type-simple"},"aioseo_notices":[],"_links":{"self":[{"href":"https:\/\/mueller-wrh.de\/cs\/wp-json\/wp\/v2\/product\/4856","targetHints":{"allow":["GET"]}}],"collection":[{"href":"https:\/\/mueller-wrh.de\/cs\/wp-json\/wp\/v2\/product"}],"about":[{"href":"https:\/\/mueller-wrh.de\/cs\/wp-json\/wp\/v2\/types\/product"}],"replies":[{"embeddable":true,"href":"https:\/\/mueller-wrh.de\/cs\/wp-json\/wp\/v2\/comments?post=4856"}],"wp:featuredmedia":[{"embeddable":true,"href":"https:\/\/mueller-wrh.de\/cs\/wp-json\/wp\/v2\/media\/4857"}],"wp:attachment":[{"href":"https:\/\/mueller-wrh.de\/cs\/wp-json\/wp\/v2\/media?parent=4856"}],"wp:term":[{"taxonomy":"product_brand","embeddable":true,"href":"https:\/\/mueller-wrh.de\/cs\/wp-json\/wp\/v2\/product_brand?post=4856"},{"taxonomy":"product_cat","embeddable":true,"href":"https:\/\/mueller-wrh.de\/cs\/wp-json\/wp\/v2\/product_cat?post=4856"},{"taxonomy":"product_tag","embeddable":true,"href":"https:\/\/mueller-wrh.de\/cs\/wp-json\/wp\/v2\/product_tag?post=4856"}],"curies":[{"name":"wp","href":"https:\/\/api.w.org\/{rel}","templated":true}]}}