{"id":4848,"date":"2026-02-18T12:37:51","date_gmt":"2026-02-18T12:37:51","guid":{"rendered":"https:\/\/mueller-wrh.de\/produkt\/mitutoyo-pj-a3000_profilprojektor_bj-2015_intnr231490\/"},"modified":"2026-02-18T12:37:51","modified_gmt":"2026-02-18T12:37:51","slug":"mitutoyo-pj-a3000_profilprojektor_bj-2015_intnr231490","status":"publish","type":"product","link":"https:\/\/mueller-wrh.de\/cs\/produkt\/mitutoyo-pj-a3000_profilprojektor_bj-2015_intnr231490\/","title":{"rendered":"Mitutoyo PJ A3000_profile_projector_year_2015_IntNo231490"},"content":{"rendered":"<p><b>Um\u00edst\u011bn\u00ed:<\/b> N\u011bmecko, B\u00e1densko-W\u00fcrttembersko Jihoz\u00e1padn\u00ed N\u011bmecko<\/p>\n<p><b>Stav:<\/b> Pou\u017eit\u00e9<\/p>\n<p><b>V\u00fdrobce:<\/b> Mitutoyo<\/p>\n<p><b>Model:<\/b> PJ-A3000<\/p>\n<p><b>Rok v\u00fdstavby:<\/b> 2015<\/p>\n<p><b>Provozn\u00ed doba:<\/b> \u017e\u00e1dn\u00e9<\/p>\n<p>Profilov\u00fd projektor Mitutoyo PJ-A3000 - p\u0159esn\u00e9 optick\u00e9 m\u011b\u0159en\u00ed<\/p>\n<p>Na prodej je profilov\u00fd projektor Mitutoyo PJ-A3000, ide\u00e1ln\u00ed pro zaji\u0161t\u011bn\u00ed kvality, kontrolu v\u00fdroby a p\u0159esn\u00e9 m\u011b\u0159en\u00ed obrobk\u016f.<br \/>\nRok 2015<\/p>\n<p>Hlavn\u00ed funkce:<\/p>\n<p>V\u00fdrobce: Mitutoyo Corporation<\/p>\n<p>Model: PJ-A3000<\/p>\n<p>Projek\u010dn\u00ed pl\u00e1tno: \u00d8 315 mm<\/p>\n<p>Zv\u011bt\u0161en\u00ed: 10\u00d7 standardn\u00ed, (voliteln\u00e9 20\u00d7, 50\u00d7, 100\u00d7)<\/p>\n<p>P\u0159esnost m\u011b\u0159en\u00ed: \u00b10,001 mm (rozli\u0161en\u00ed XY)<\/p>\n<p>Pohyb v tabulce: R\u016fzn\u00e9 rozsahy m\u011b\u0159en\u00ed v z\u00e1vislosti na modelu (a\u017e 200 \u00d7 100 mm)<\/p>\n<p>Osv\u011btlen\u00ed: halogenov\u00e1 \u017e\u00e1rovka 24 V \/ 150 W<\/p>\n<p>Funkce: Digit\u00e1ln\u00ed zobrazen\u00ed XY, m\u011b\u0159en\u00ed \u00fahlu, rozhran\u00ed RS-232C<\/p>\n<p>Max. V\u00fd\u0161ka obrobku: cca 92,5-123,5 mm<\/p>\n<p>Speci\u00e1ln\u00ed funkce: Telecentrick\u00fd optick\u00fd syst\u00e9m pro zobrazen\u00ed bez zkreslen\u00ed, oto\u010dn\u00fd st\u016fl, ru\u010dn\u00ed ost\u0159en\u00ed<\/p>\n<p>Stav: Pou\u017eit\u00e9, vyzkou\u0161en\u00e9 a funk\u010dn\u00ed.<\/p>\n<p>Pou\u017eit\u00ed: Ide\u00e1ln\u00ed pro zpracov\u00e1n\u00ed kov\u016f a plast\u016f, \u0161kolen\u00ed, laboratorn\u00ed a p\u0159esn\u00e1 m\u011b\u0159en\u00ed.<\/p>\n<p>Stroj si m\u016f\u017eete prohl\u00e9dnout po p\u0159edchoz\u00ed domluv\u011b.<br \/>\nZm\u011bny a chyby v technick\u00fdch \u00fadaj\u00edch a informac\u00edch, jako\u017e i p\u0159edchoz\u00ed prodej vyhrazeny!<\/p>\n<p>Mitutoyo PJ-A3000 Profile Projector - p\u0159esn\u00e9 optick\u00e9 m\u011b\u0159en\u00ed<\/p>\n<p>Na prodej: profilov\u00fd projektor Mitutoyo PJ-A3000, ide\u00e1ln\u00ed pro zaji\u0161t\u011bn\u00ed kvality, kontrolu v\u00fdroby a p\u0159esn\u00e9 m\u011b\u0159en\u00ed obrobk\u016f.<br \/>\nRok v\u00fdroby: 2015<\/p>\n<p>Kl\u00ed\u010dov\u00e9 vlastnosti:<\/p>\n<p>V\u00fdrobce: Mitutoyo Corporation<\/p>\n<p>Model: PJ-A3000<\/p>\n<p>Prom\u00edtac\u00ed pl\u00e1tno: \u00d8 315 mm<\/p>\n<p>Zv\u011bt\u0161en\u00ed: 10\u00d7 standardn\u011b (voliteln\u011b 20\u00d7, 50\u00d7, 100\u00d7)<\/p>\n<p>P\u0159esnost m\u011b\u0159en\u00ed: \u00b10,001 mm (rozli\u0161en\u00ed XY)<\/p>\n<p>Tabulka Cestov\u00e1n\u00ed: R\u016fzn\u00e9 rozsahy m\u011b\u0159en\u00ed v z\u00e1vislosti na modelu (do 200 \u00d7 100 mm)<\/p>\n<p>Osv\u011btlen\u00ed: halogenov\u00e1 \u017e\u00e1rovka 24 V \/ 150 W<\/p>\n<p>Funkce: Digit\u00e1ln\u00ed ode\u010det XY, m\u011b\u0159en\u00ed \u00fahlu, rozhran\u00ed RS-232C.<\/p>\n<p>Max. V\u00fd\u0161ka obrobku: cca 92,5-123,5 mm<\/p>\n<p>Speci\u00e1ln\u00ed funkce: telecentrick\u00fd optick\u00fd syst\u00e9m pro projekci bez zkreslen\u00ed, oto\u010dn\u00fd st\u016fl, manu\u00e1ln\u00ed ost\u0159en\u00ed.<\/p>\n<p>Stav: Pou\u017eit\u00e9, otestovan\u00e9 a pln\u011b funk\u010dn\u00ed.<\/p>\n<p>Aplikace: Ide\u00e1ln\u00ed pro zpracov\u00e1n\u00ed kov\u016f a plast\u016f, \u0161kolen\u00ed, laborato\u0159e a p\u0159esn\u00e1 m\u011b\u0159en\u00ed.<\/p>\n<p>Stroj lze po domluv\u011b prohl\u00e9dnout pod proudem.<br \/>\nTechnick\u00e9 specifikace se mohou zm\u011bnit, chyby a p\u0159edchoz\u00ed prodej vyhrazeny.<\/p>","protected":false},"excerpt":{"rendered":"<p>Standort: Deutschland, Baden-W\u00fcrttemberg S\u00fcdwest Zustand: Gebraucht Hersteller: Mitutoyo Modell: PJ-A3000 Baujahr: 2015 Betriebsstunden: keine Mitutoyo PJ-A3000 Profilprojektor \u2013 Pr\u00e4zise optische Messung Verkauft wird ein Mitutoyo PJ-A3000 Profilprojektor, ideal f\u00fcr die Qualit\u00e4tssicherung, Fertigungskontrolle und pr\u00e4zise Werkst\u00fcckmessungen. Bj.2015 Hauptmerkmale: Hersteller: Mitutoyo Corporation Modell: PJ-A3000 Projektionsbildschirm: \u00d8 315\u202fmm Vergr\u00f6\u00dferung: 10\u00d7 Standard, (optional 20\u00d7, 50\u00d7, 100\u00d7) Messgenauigkeit: \u00b10,001\u202fmm (XY-Aufl\u00f6sung) [&hellip;]<\/p>\n","protected":false},"featured_media":4843,"comment_status":"open","ping_status":"closed","template":"","meta":{"_uf_show_specific_survey":0,"_uf_disable_surveys":false},"product_brand":[],"product_cat":[98],"product_tag":[],"class_list":{"0":"post-4848","1":"product","2":"type-product","3":"status-publish","4":"has-post-thumbnail","6":"product_cat-messtechnik","8":"first","9":"instock","10":"taxable","11":"shipping-taxable","12":"product-type-simple"},"aioseo_notices":[],"_links":{"self":[{"href":"https:\/\/mueller-wrh.de\/cs\/wp-json\/wp\/v2\/product\/4848","targetHints":{"allow":["GET"]}}],"collection":[{"href":"https:\/\/mueller-wrh.de\/cs\/wp-json\/wp\/v2\/product"}],"about":[{"href":"https:\/\/mueller-wrh.de\/cs\/wp-json\/wp\/v2\/types\/product"}],"replies":[{"embeddable":true,"href":"https:\/\/mueller-wrh.de\/cs\/wp-json\/wp\/v2\/comments?post=4848"}],"wp:featuredmedia":[{"embeddable":true,"href":"https:\/\/mueller-wrh.de\/cs\/wp-json\/wp\/v2\/media\/4843"}],"wp:attachment":[{"href":"https:\/\/mueller-wrh.de\/cs\/wp-json\/wp\/v2\/media?parent=4848"}],"wp:term":[{"taxonomy":"product_brand","embeddable":true,"href":"https:\/\/mueller-wrh.de\/cs\/wp-json\/wp\/v2\/product_brand?post=4848"},{"taxonomy":"product_cat","embeddable":true,"href":"https:\/\/mueller-wrh.de\/cs\/wp-json\/wp\/v2\/product_cat?post=4848"},{"taxonomy":"product_tag","embeddable":true,"href":"https:\/\/mueller-wrh.de\/cs\/wp-json\/wp\/v2\/product_tag?post=4848"}],"curies":[{"name":"wp","href":"https:\/\/api.w.org\/{rel}","templated":true}]}}