{"id":4822,"date":"2026-02-11T14:24:12","date_gmt":"2026-02-11T14:24:12","guid":{"rendered":"https:\/\/mueller-wrh.de\/produkt\/deckel-maho-dmf-250-bj-2004-intnr231486\/"},"modified":"2026-02-11T14:43:02","modified_gmt":"2026-02-11T14:43:02","slug":"deckel-maho-dmf-250-bj-2004-intnr231486","status":"publish","type":"product","link":"https:\/\/mueller-wrh.de\/cs\/produkt\/deckel-maho-dmf-250-bj-2004-intnr231486\/","title":{"rendered":"Obal Maho DMF 250 line\u00e1rn\u00ed rok 2004, IntNr231486"},"content":{"rendered":"<p><b>Um\u00edst\u011bn\u00ed:<\/b> N\u011bmecko, B\u00e1densko-W\u00fcrttembersko Jihoz\u00e1padn\u00ed N\u011bmecko<\/p>\n<p><b>Stav:<\/b> Pou\u017eit\u00e9<\/p>\n<p><b>V\u00fdrobce:<\/b> DMG<\/p>\n<p><b>Model:<\/b> DMF 250<\/p>\n<p><b>Rok v\u00fdstavby:<\/b> 2004<\/p>\n<p><b>Provozn\u00ed doba:<\/b> 0<\/p>\n<p>Pou\u017eit\u00e9 repasovan\u00e9 5os\u00e9 CNC obr\u00e1b\u011bc\u00ed centrum Deckel MAHO DMF 250 linear<br \/>\nRok v\u00fdstavby 2004<\/p>\n<p>\u0158\u00edzen\u00ed: Heidenhain iTNC 530<br \/>\nTechnick\u00e9 \u00fadaje:<br \/>\nPojezdov\u00e1 vzd\u00e1lenost X: 2 500 mm<br \/>\nPojezdov\u00e1 vzd\u00e1lenost Y: 920 mm<br \/>\nPojezdov\u00e1 vzd\u00e1lenost Z: 820 mm<br \/>\nOsa B: x\/- 105\u00b0<\/p>\n<p>Pracovn\u00ed st\u016fl: 3100 x 900 mm<\/p>\n<p>V\u00fdjimka pro v\u0159eteno: HSK 63<br \/>\nOt\u00e1\u010dky v\u0159etena: 20 - 18 000 ot\/min.<br \/>\nV\u00fdm\u011bn\u00edk n\u00e1stroj\u016f: 30 ks.<\/p>\n<p>Vybaveno:<br \/>\n- Dopravn\u00edk t\u0159\u00edsek<br \/>\n- Chlazen\u00ed p\u0159es v\u0159eteno 40 bar<br \/>\n- N\u00e1vod k obsluze<\/p>\n<p>Zem\u011b p\u016fvodu: N\u011bmecko<br \/>\nV\u00fdkon motoru: 35 KW<br \/>\nDx\u0160xV stroje: 6000 x 3800 x 2950 mm<br \/>\nHmotnost stroje: 25 000 kg<\/p>\n<p>Stroj si m\u016f\u017eete prohl\u00e9dnout po p\u0159edchoz\u00ed domluv\u011b.<br \/>\nZm\u011bny a chyby v technick\u00fdch \u00fadaj\u00edch a informac\u00edch, jako\u017e i p\u0159edchoz\u00ed prodej vyhrazeny!<\/p>\n<p>Repasovan\u00e9 5os\u00e9 CNC obr\u00e1b\u011bc\u00ed centrum Deckel MAHO DMF 250 linear v dobr\u00e9m stavu.<br \/>\nRok v\u00fdroby: 2004.<\/p>\n<p>Ovl\u00e1d\u00e1n\u00ed: Heidenhain iTNC 530.<br \/>\nTechnick\u00e9 \u00fadaje:<br \/>\nVzd\u00e1lenost pojezdu X: 2 500 mm.<br \/>\nVzd\u00e1lenost pojezdu Y: 920 mm.<br \/>\nVzd\u00e1lenost pojezdu Z: 820 mm.<br \/>\nOsa B: x\/- 105\u00b0<\/p>\n<p>Pracovn\u00ed st\u016fl: 3100 x 900 mm<\/p>\n<p>V\u00fdjimka pro v\u0159eteno: HSK 63<br \/>\nOt\u00e1\u010dky v\u0159etena: 20 - 18 000 ot\u00e1\u010dek za minutu<br \/>\nV\u00fdm\u011bn\u00edk n\u00e1stroj\u016f: 30 ks.<\/p>\n<p>Vybaveno:<br \/>\n- Dopravn\u00edk t\u0159\u00edsek<br \/>\n- Chlazen\u00ed p\u0159es v\u0159eteno 40 bar<br \/>\n- N\u00e1vod k obsluze<\/p>\n<p>Zem\u011b p\u016fvodu: N\u011bmecko<br \/>\nV\u00fdkon motoru: 35 KW<br \/>\nDx\u0160xV stroje: 6000 x 3800 x 2950 mm<br \/>\nHmotnost stroje: 25 000 kg<\/p>\n<p>Stroj si lze prohl\u00e9dnout po p\u0159edchoz\u00ed domluv\u011b.<br \/>\nZm\u011bny a chyby v technick\u00fdch \u00fadaj\u00edch a specifikac\u00edch vyhrazeny, stejn\u011b jako p\u0159edchoz\u00ed prodej!<\/p>","protected":false},"excerpt":{"rendered":"<p>Standort: Deutschland, Baden-W\u00fcrttemberg S\u00fcdwest Zustand: Gebraucht Hersteller: DMG Modell: DMF 250 Baujahr: 2004 Betriebsstunden: 0 Gebrauchtes \u00fcberholtes 5-Achs CNC Bearbeitungszentrum Deckel MAHO DMF 250 linear Baujahr 2004 Steuerung: Heidenhain iTNC 530 Technische Daten: Verfahrweg X: 2.500 mm Verfahrweg Y: 920 mm Verfahrweg Z: 820 mm B-Achse: x\/- 105\u00b0 Arbeitstisch: 3100 x 900 mm Spindel Ausnahme: [&hellip;]<\/p>\n","protected":false},"featured_media":4830,"comment_status":"open","ping_status":"closed","template":"","meta":{"_uf_show_specific_survey":0,"_uf_disable_surveys":false},"product_brand":[],"product_cat":[21],"product_tag":[],"class_list":{"0":"post-4822","1":"product","2":"type-product","3":"status-publish","4":"has-post-thumbnail","6":"product_cat-cnc-bearbeitungszentrum","8":"first","9":"instock","10":"taxable","11":"shipping-taxable","12":"product-type-simple"},"aioseo_notices":[],"_links":{"self":[{"href":"https:\/\/mueller-wrh.de\/cs\/wp-json\/wp\/v2\/product\/4822","targetHints":{"allow":["GET"]}}],"collection":[{"href":"https:\/\/mueller-wrh.de\/cs\/wp-json\/wp\/v2\/product"}],"about":[{"href":"https:\/\/mueller-wrh.de\/cs\/wp-json\/wp\/v2\/types\/product"}],"replies":[{"embeddable":true,"href":"https:\/\/mueller-wrh.de\/cs\/wp-json\/wp\/v2\/comments?post=4822"}],"wp:featuredmedia":[{"embeddable":true,"href":"https:\/\/mueller-wrh.de\/cs\/wp-json\/wp\/v2\/media\/4830"}],"wp:attachment":[{"href":"https:\/\/mueller-wrh.de\/cs\/wp-json\/wp\/v2\/media?parent=4822"}],"wp:term":[{"taxonomy":"product_brand","embeddable":true,"href":"https:\/\/mueller-wrh.de\/cs\/wp-json\/wp\/v2\/product_brand?post=4822"},{"taxonomy":"product_cat","embeddable":true,"href":"https:\/\/mueller-wrh.de\/cs\/wp-json\/wp\/v2\/product_cat?post=4822"},{"taxonomy":"product_tag","embeddable":true,"href":"https:\/\/mueller-wrh.de\/cs\/wp-json\/wp\/v2\/product_tag?post=4822"}],"curies":[{"name":"wp","href":"https:\/\/api.w.org\/{rel}","templated":true}]}}