{"id":4791,"date":"2026-02-04T15:42:35","date_gmt":"2026-02-04T15:42:35","guid":{"rendered":"https:\/\/mueller-wrh.de\/produkt\/chiron-mill-6000-high-speed-mit-nc-schwenkkopf-bj-2004-ueberholt-2013_-intnr231477\/"},"modified":"2026-02-04T15:42:35","modified_gmt":"2026-02-04T15:42:35","slug":"chiron-mill-6000-high-speed-mit-nc-schwenkkopf-bj-2004-ueberholt-2013_-intnr231477","status":"publish","type":"product","link":"https:\/\/mueller-wrh.de\/cs\/produkt\/chiron-mill-6000-high-speed-mit-nc-schwenkkopf-bj-2004-ueberholt-2013_-intnr231477\/","title":{"rendered":"Vysokorychlostn\u00ed fr\u00e9zka CHIRON MILL 6000 s NC oto\u010dnou hlavou, rok 2004 \/ gener\u00e1ln\u00ed oprava 2013_ IntNr231477"},"content":{"rendered":"<p><b>Um\u00edst\u011bn\u00ed:<\/b> N\u011bmecko, B\u00e1densko-W\u00fcrttembersko Jihoz\u00e1padn\u00ed N\u011bmecko<\/p>\n<p><b>Stav:<\/b> Pou\u017eit\u00e9<\/p>\n<p><b>V\u00fdrobce:<\/b> Chiron<\/p>\n<p><b>Model:<\/b> Vysokorychlostn\u00ed fr\u00e9zka Chiron MILL 6000 s NC oto\u010dnou hlavou<\/p>\n<p><b>Rok v\u00fdstavby:<\/b> 2004<\/p>\n<p><b>Provozn\u00ed doba:<\/b> 77374<\/p>\n<p>Vertik\u00e1ln\u00ed CNC obr\u00e1b\u011bc\u00ed centrum<br \/>\nVysokorychlostn\u00ed fr\u00e9zka Chiron MILL 6000 s NC oto\u010dnou hlavou<br \/>\nRok v\u00fdroby 2004, gener\u00e1ln\u00ed oprava 2013<br \/>\nStroj byl v roce 2013 kompletn\u011b zrekonstruov\u00e1n v\u00fdrobcem Chiron.<br \/>\nProvozn\u00ed hodiny cca 80 374 h<br \/>\nV\u00fdm\u011bna v\u0159etena b\u0159ezen 2021 Po\u010det hodin v\u0159etena cca 8 000 h<br \/>\n\u00dadr\u017eba byla provedena v lednu 2024<br \/>\nTechnick\u00e9 \u00fadaje:<br \/>\nSiemens 840D (PCU50, NCU572.4) <\/p>\n<p>NC oto\u010dn\u00e1 hlava  <\/p>\n<p>Vysokorychlostn\u00ed bal\u00ed\u010dek:<br \/>\nV\u0159eteno motoru D 12 000 ot\/min, 140 Nm<br \/>\nPojezd X 6 000 mm \/ Y 630 mm \/ Z 550 mm<br \/>\nRychl\u00fd posun v ose X \/ Y \/ Z 60 m\/min.<br \/>\n\u010cas mezi \u010dipy 3,0 s (3,3 s DIN) vertik\u00e1ln\u011b a 4,7 s (5,0 s DIN) horizont\u00e1ln\u011b<br \/>\nV\u00fdrobn\u00ed bal\u00ed\u010dek:<br \/>\nShrnovac\u00ed p\u00e1sov\u00fd dopravn\u00edk, v\u00fd\u0161ka v\u00fdsypu 1 050 mm<br \/>\nP\u0159\u00edprava ICZ<br \/>\nVakuov\u00fd rota\u010dn\u00ed filtr KNOLL VRF250 (ocel, litina, hlin\u00edk, plast, mosaz)<br \/>\nVysok\u00fd tlak 70 bar\u016f s \u010derpadlem HP a variabiln\u00edm ventilem<br \/>\nAutomatick\u00e9 nakl\u00e1dac\u00ed dve\u0159e<br \/>\nSt\u0159edic\u00ed p\u0159ep\u00e1\u017eka pro kyvadlov\u00e9 obr\u00e1b\u011bn\u00ed<br \/>\n92 pozic pro n\u00e1stroje HSK-A63 (z\u00e1sobn\u00edk na pozad\u00ed)<br \/>\nBal\u00ed\u010dek pro p\u011btios\u00e9 fr\u00e9zov\u00e1n\u00ed<br \/>\nVyfukovan\u00fd vzduch<br \/>\nSledov\u00e1n\u00ed \u017eivotnosti n\u00e1stroj\u016f<br \/>\nP\u0159\u00eddavn\u00fd V24 RS232 v rozv\u00e1d\u011b\u010di<br \/>\nRozhran\u00ed BDE\/MDE (stavy: stroj zapnut, stroj b\u011b\u017e\u00ed, po\u010d\u00edtadlo kus\u016f)<br \/>\nMarposs (Brankamp) Monitoring koliz\u00ed CMS100<br \/>\n3D model stroje pro kinematickou simulaci v programovac\u00edm syst\u00e9mu CAM<br \/>\nHydraulick\u00e1 jednotka 210 bar\u016f, 2 up\u00ednac\u00ed okruhy, samostatn\u00fd syst\u00e9mov\u00fd up\u00ednac\u00ed tlak pro ka\u017ed\u00e9 kyvadlov\u00e9 pole,<br \/>\n\u0158\u00edzen\u00ed up\u00ednac\u00edho tlaku  <\/p>\n<p>Line\u00e1rn\u00ed up\u00ednac\u00ed syst\u00e9m KOHN<br \/>\n8 hydraulick\u00fdch sv\u011br\u00e1k\u016f KOHN Multi 2000 MFS 125\/680 HD <\/p>\n<p>Dvoud\u00edln\u00fd stup\u0148ovit\u00fd ro\u0161t pro obsluhu v cel\u00e9 provozn\u00ed \u0161\u00ed\u0159ce 6 000 mm <\/p>\n<p>V\u00fd\u0161ka stroje: p\u0159ibli\u017en\u011b 3 000<br \/>\nCelkov\u00e1 hmotnost: p\u0159ibli\u017en\u011b 20 000 kg <\/p>\n<p>Stroj si m\u016f\u017eete prohl\u00e9dnout po p\u0159edchoz\u00ed domluv\u011b.<br \/>\nZm\u011bny a chyby v technick\u00fdch \u00fadaj\u00edch a informac\u00edch, jako\u017e i p\u0159edchoz\u00ed prodej vyhrazeny!<\/p>\n<p>Vertik\u00e1ln\u00ed CNC obr\u00e1b\u011bc\u00ed centrum<br \/>\nVysokorychlostn\u00ed fr\u00e9zka CHIRON MILL 6000 s NC oto\u010dnou hlavou<br \/>\nRok v\u00fdroby: 2004 - gener\u00e1ln\u00ed oprava v\u00fdrobcem CHIRON v roce 2013<br \/>\nStroj pro\u0161el v roce 2013 kompletn\u00ed tov\u00e1rn\u00ed opravou provedenou spole\u010dnost\u00ed CHIRON.<br \/>\nProvozn\u00ed hodiny: p\u0159ibli\u017en\u011b 80 374 h<br \/>\nV\u00fdm\u011bna v\u0159etena: b\u0159ezen 2021 - po\u010det hodin v\u0159etena: cca 8 000 h<br \/>\nPosledn\u00ed proveden\u00e1 \u00fadr\u017eba: Leden 2024<br \/>\nTechnick\u00e9 specifikace:<\/p>\n<p>\u0158\u00edzen\u00ed: Siemens 840D (PCU50, NCU572.4)<br \/>\nNC oto\u010dn\u00e1 hlava<br \/>\nVysokorychlostn\u00ed bal\u00ed\u010dek: V\u0159eteno motoru a\u017e 12 000 ot\u00e1\u010dek za minutu, 140 Nm<br \/>\nPojezdy: X 6 000 mm \/ Y 630 mm \/ Z 550 mm<br \/>\nRychl\u00fd posun v ose X \/ Y \/ Z: 60 m\/min<br \/>\nDoba mezi \u010dipy: 3,0 s (3,3 s DIN) vertik\u00e1ln\u011b \/ 4,7 s (5,0 s DIN) horizont\u00e1ln\u011b<br \/>\nV\u00fdrobn\u00ed bal\u00ed\u010dek:<br \/>\nShrnovac\u00ed p\u00e1sov\u00fd dopravn\u00edk, v\u00fd\u0161ka v\u00fdsypu 1 050 mm<br \/>\nP\u0159\u00edprava na vnit\u0159n\u00ed p\u0159\u00edvod chladic\u00ed kapaliny (IKZ)<br \/>\nVakuov\u00fd rota\u010dn\u00ed filtr KNOLL VRF250 (pro ocel, litinu, hlin\u00edk, plast, mosaz)<br \/>\nVysok\u00fd tlak 70 bar\u016f s \u010derpadlem HP a variabiln\u00edm ventilem<br \/>\nAutomatick\u00e9 nakl\u00e1dac\u00ed dve\u0159e<br \/>\nCentr\u00e1ln\u00ed p\u0159ep\u00e1\u017eka pro kyvadlov\u00e9 obr\u00e1b\u011bn\u00ed<br \/>\n92 pozic pro n\u00e1stroje HSK-A63 (z\u00e1sobn\u00edk na pozad\u00ed)<br \/>\nBal\u00ed\u010dek pro p\u011btios\u00e9 fr\u00e9zov\u00e1n\u00ed<br \/>\nVzduchov\u00fd v\u00fdbuch<br \/>\nSledov\u00e1n\u00ed \u017eivotnosti n\u00e1stroj\u016f<br \/>\nP\u0159\u00eddavn\u00e9 rozhran\u00ed V24 RS232 v elektrick\u00e9 sk\u0159\u00edni<br \/>\nRozhran\u00ed BDE\/MDE (zapnut\u00fd stroj, b\u011b\u017e\u00edc\u00ed stroj, po\u010d\u00edtadlo kus\u016f)<br \/>\nMarposs (Brankamp) sledov\u00e1n\u00ed koliz\u00ed CMS100<br \/>\n3D model stroje pro kinematickou simulaci v programovac\u00edm syst\u00e9mu CAM<br \/>\nHydraulick\u00e1 jednotka 210 bar\u016f, 2 up\u00ednac\u00ed okruhy, samostatn\u00fd syst\u00e9mov\u00fd up\u00ednac\u00ed tlak pro ka\u017ed\u00e9 kyvadlov\u00e9 pole, monitorov\u00e1n\u00ed up\u00ednac\u00edho tlaku.<br \/>\nLine\u00e1rn\u00ed up\u00ednac\u00ed syst\u00e9m KOHN<br \/>\n8 hydraulick\u00fdch sv\u011br\u00e1k\u016f KOHN Multi 2000 MFS 125\/680 HD<\/p>\n<p>Dvoud\u00edln\u00e1 plo\u0161ina pro obsluhu (n\u00e1\u0161lapn\u00e1 m\u0159\u00ed\u017eka) v cel\u00e9 provozn\u00ed \u0161\u00ed\u0159ce 6 000 mm.<\/p>\n<p>Rozm\u011bry a hmotnost:<\/p>\n<p>V\u00fd\u0161ka stroje: cca 3 000 mm<br \/>\nCelkov\u00e1 hmotnost: p\u0159ibli\u017en\u011b 20 000 kg<\/p>\n<p>Vzhledem k dlouh\u00e9 dr\u00e1ze X 6 000 mm (konstrukce s dlouh\u00fdm lo\u017eem) je zapot\u0159eb\u00ed zna\u010dn\u00fd prostor na podlaze:<\/p>\n<p>P\u0159ibli\u017en\u00e1 d\u00e9lka (pod\u00e9l osy X): 9-10 m (plocha stroje \u010dasto ~8-9 m, plus p\u0159\u00edstup obsluhy\/\u00fadr\u017eby ~9-10 m celkem).<br \/>\nP\u0159ibli\u017en\u00e1 \u0161\u00ed\u0159ka (pod\u00e9l osy Y): 3-3,5 m (t\u011bleso stroje ~2,8-3 m, plus bezpe\u010dnostn\u00ed\/obslu\u017en\u00fd prostor).<\/p>\n<p>Stroj lze po domluv\u011b prohl\u00e9dnout pod proudem.<br \/>\nTechnick\u00e9 specifikace a informace se mohou m\u011bnit a obsahovat chyby, p\u0159edchoz\u00ed prodej je vyhrazen.<\/p>","protected":false},"excerpt":{"rendered":"<p>Standort: Deutschland, Baden-W\u00fcrttemberg S\u00fcdwest Zustand: Gebraucht Hersteller: Chiron Modell: Chiron MILL 6000 high speed mit NC-Schwenkkopf Baujahr: 2004 Betriebsstunden: 77374 Vertikales CNC-Fertigungszentrum Chiron MILL 6000 high speed mit NC-Schwenkkopf Baujahr 2004, gro\u00dfe Grund\u00fcberholung 2013 Die Maschine wurde 2013 vom Hersteller Chiron grund\u00fcberholt. Betriebsstunden ca. 80.374 h Spindeltausch M\u00e4rz 2021 Spindelstunden ca. 8.000 h Wartung wurde [&hellip;]<\/p>\n","protected":false},"featured_media":4786,"comment_status":"open","ping_status":"closed","template":"","meta":{"_uf_show_specific_survey":0,"_uf_disable_surveys":false},"product_brand":[],"product_cat":[21],"product_tag":[],"class_list":{"0":"post-4791","1":"product","2":"type-product","3":"status-publish","4":"has-post-thumbnail","6":"product_cat-cnc-bearbeitungszentrum","8":"first","9":"instock","10":"taxable","11":"shipping-taxable","12":"product-type-simple"},"aioseo_notices":[],"_links":{"self":[{"href":"https:\/\/mueller-wrh.de\/cs\/wp-json\/wp\/v2\/product\/4791","targetHints":{"allow":["GET"]}}],"collection":[{"href":"https:\/\/mueller-wrh.de\/cs\/wp-json\/wp\/v2\/product"}],"about":[{"href":"https:\/\/mueller-wrh.de\/cs\/wp-json\/wp\/v2\/types\/product"}],"replies":[{"embeddable":true,"href":"https:\/\/mueller-wrh.de\/cs\/wp-json\/wp\/v2\/comments?post=4791"}],"wp:featuredmedia":[{"embeddable":true,"href":"https:\/\/mueller-wrh.de\/cs\/wp-json\/wp\/v2\/media\/4786"}],"wp:attachment":[{"href":"https:\/\/mueller-wrh.de\/cs\/wp-json\/wp\/v2\/media?parent=4791"}],"wp:term":[{"taxonomy":"product_brand","embeddable":true,"href":"https:\/\/mueller-wrh.de\/cs\/wp-json\/wp\/v2\/product_brand?post=4791"},{"taxonomy":"product_cat","embeddable":true,"href":"https:\/\/mueller-wrh.de\/cs\/wp-json\/wp\/v2\/product_cat?post=4791"},{"taxonomy":"product_tag","embeddable":true,"href":"https:\/\/mueller-wrh.de\/cs\/wp-json\/wp\/v2\/product_tag?post=4791"}],"curies":[{"name":"wp","href":"https:\/\/api.w.org\/{rel}","templated":true}]}}