{"id":4741,"date":"2026-01-28T14:33:58","date_gmt":"2026-01-28T14:33:58","guid":{"rendered":"https:\/\/mueller-wrh.de\/produkt\/gebr-lademagazin-fmb-turbo-3-26-bj-2003-a-intnr231478\/"},"modified":"2026-02-11T12:36:51","modified_gmt":"2026-02-11T12:36:51","slug":"gebr-lademagazin-fmb-turbo-3-26-bj-2003-a-intnr231478","status":"publish","type":"product","link":"https:\/\/mueller-wrh.de\/cs\/produkt\/gebr-lademagazin-fmb-turbo-3-26-bj-2003-a-intnr231478\/","title":{"rendered":"pou\u017eit\u00fd z\u00e1sobn\u00edk FMB Turbo 3 26 rok 2003 (A) (IntNo231478)"},"content":{"rendered":"<p><b>Um\u00edst\u011bn\u00ed:<\/b> N\u011bmecko, B\u00e1densko-W\u00fcrttembersko Jihoz\u00e1padn\u00ed N\u011bmecko<\/p>\n<p><b>Stav:<\/b> Pou\u017eit\u00e9<\/p>\n<p><b>V\u00fdrobce:<\/b> FMB<\/p>\n<p><b>Model:<\/b> Turbo 3-26<\/p>\n<p><b>Rok v\u00fdstavby:<\/b> 2003<\/p>\n<p>FMB TURBO 3-26 3200 A ty\u010dov\u00fd podava\u010d, rok 2003<\/p>\n<p>Zem\u011b v\u00fdroby: N\u011bmecko<br \/>\nProhl\u00e1\u0161en\u00ed o shod\u011b CE<br \/>\nTechnick\u00e9 \u00fadaje<br \/>\nPr\u016fm\u011br ty\u010de: 3-26 mm<br \/>\nD\u00e9lka ty\u010de: 3200 mm<br \/>\nPosledn\u00ed p\u0159ipojen\u00fd k CNC soustruhu s posuvn\u00fdm v\u0159eten\u00edkem<\/p>\n<p>HMOTNOST A ROZM\u011aRY<br \/>\nRozm\u011bry z\u00e1sobn\u00edku: cca 4300 x 701 x 1400 mm<br \/>\nHmotnost z\u00e1sobn\u00edku: cca 980 kg<\/p>\n<p>Stroj si m\u016f\u017eete prohl\u00e9dnout po p\u0159edchoz\u00ed domluv\u011b.<br \/>\nZm\u011bny a chyby v technick\u00fdch \u00fadaj\u00edch a informac\u00edch, jako\u017e i p\u0159edchoz\u00ed prodej vyhrazeny!<\/p>\n<p>FMB TURBO 3-26 3200 A ty\u010dov\u00fd naklada\u010d, vyroben\u00fd v roce 2003<\/p>\n<p>Zem\u011b v\u00fdroby: N\u011bmecko<br \/>\nProhl\u00e1\u0161en\u00ed o shod\u011b CE<br \/>\nTechnick\u00e9 \u00fadaje<br \/>\nPr\u016fm\u011br ty\u010de: 3-26 mm<br \/>\nD\u00e9lka ty\u010de: 3200 mm<br \/>\nPosledn\u00ed instalace na soustruhu s posuvnou hlavou CNC<\/p>\n<p>HMOTNOST A ROZM\u011aRY<br \/>\nRozm\u011bry nakl\u00e1dac\u00edho z\u00e1sobn\u00edku: cca 4300 x 701 x 1400 mm<br \/>\nHmotnost z\u00e1sobn\u00edku: cca 980 kg<\/p>\n<p>Stroj si lze prohl\u00e9dnout po p\u0159edchoz\u00ed domluv\u011b.<br \/>\nZm\u011bny a chyby v technick\u00fdch \u00fadaj\u00edch a specifikac\u00edch vyhrazeny, stejn\u011b jako p\u0159edchoz\u00ed prodej!<\/p>","protected":false},"excerpt":{"rendered":"<p>Standort: Deutschland, Baden-W\u00fcrttemberg S\u00fcdwest Zustand: Gebraucht Hersteller: FMB Modell: Turbo 3-26 Baujahr: 2003 FMB Stangenlademagazin TURBO 3-26 3200 A, Bj. 2003 Herstellerland: Deutschland CE Konformit\u00e4tserkl\u00e4rung Technische Daten Stangendurchmesser : 3-26 mm Stangenl\u00e4nge : 3200 mm zuletzt angebaut an CNC-Langdrehmaschine GEWICHT UND ABMESSUNGEN Abmessungen Lademagazin: ca. 4300 x 701 x 1400 mm Gewicht Lademagazin: ca. 980 [&hellip;]<\/p>\n","protected":false},"featured_media":4798,"comment_status":"open","ping_status":"closed","template":"","meta":{"_uf_show_specific_survey":0,"_uf_disable_surveys":false},"product_brand":[],"product_cat":[88],"product_tag":[],"class_list":{"0":"post-4741","1":"product","2":"type-product","3":"status-publish","4":"has-post-thumbnail","6":"product_cat-stangenzufuehrungen","8":"first","9":"instock","10":"taxable","11":"shipping-taxable","12":"product-type-simple"},"aioseo_notices":[],"_links":{"self":[{"href":"https:\/\/mueller-wrh.de\/cs\/wp-json\/wp\/v2\/product\/4741","targetHints":{"allow":["GET"]}}],"collection":[{"href":"https:\/\/mueller-wrh.de\/cs\/wp-json\/wp\/v2\/product"}],"about":[{"href":"https:\/\/mueller-wrh.de\/cs\/wp-json\/wp\/v2\/types\/product"}],"replies":[{"embeddable":true,"href":"https:\/\/mueller-wrh.de\/cs\/wp-json\/wp\/v2\/comments?post=4741"}],"wp:featuredmedia":[{"embeddable":true,"href":"https:\/\/mueller-wrh.de\/cs\/wp-json\/wp\/v2\/media\/4798"}],"wp:attachment":[{"href":"https:\/\/mueller-wrh.de\/cs\/wp-json\/wp\/v2\/media?parent=4741"}],"wp:term":[{"taxonomy":"product_brand","embeddable":true,"href":"https:\/\/mueller-wrh.de\/cs\/wp-json\/wp\/v2\/product_brand?post=4741"},{"taxonomy":"product_cat","embeddable":true,"href":"https:\/\/mueller-wrh.de\/cs\/wp-json\/wp\/v2\/product_cat?post=4741"},{"taxonomy":"product_tag","embeddable":true,"href":"https:\/\/mueller-wrh.de\/cs\/wp-json\/wp\/v2\/product_tag?post=4741"}],"curies":[{"name":"wp","href":"https:\/\/api.w.org\/{rel}","templated":true}]}}