{"id":4614,"date":"2026-01-12T12:39:36","date_gmt":"2026-01-12T12:39:36","guid":{"rendered":"https:\/\/mueller-wrh.de\/produkt\/gebr-cnc-kurzdrehmaschine-used-cnc-lathe-star-sr32-jn-2015-intnr231186\/"},"modified":"2026-01-12T12:39:36","modified_gmt":"2026-01-12T12:39:36","slug":"gebr-cnc-kurzdrehmaschine-used-cnc-lathe-star-sr32-jn-2015-intnr231186","status":"publish","type":"product","link":"https:\/\/mueller-wrh.de\/cs\/produkt\/gebr-cnc-kurzdrehmaschine-used-cnc-lathe-star-sr32-jn-2015-intnr231186\/","title":{"rendered":"pou\u017eit\u00fd CNC soustruh STAR SR32-JN, 2015 (IntNo231186)"},"content":{"rendered":"<p><b>Um\u00edst\u011bn\u00ed:<\/b> N\u011bmecko, B\u00e1densko-W\u00fcrttembersko Jihoz\u00e1padn\u00ed N\u011bmecko<\/p>\n<p><b>Stav:<\/b> Jako nov\u00fd<\/p>\n<p><b>V\u00fdrobce:<\/b> STAR Micronics<\/p>\n<p><b>Model:<\/b> SR32-JN<\/p>\n<p><b>Rok v\u00fdstavby:<\/b> 2015<\/p>\n<p><b>Provozn\u00ed doba:<\/b> 16000<\/p>\n<p>CNC soustruh s posuvn\u00fdm v\u0159eten\u00edkem STAR SR32JN Nov\u00fd, rok 2015<br \/>\n\u0158\u00eddic\u00ed syst\u00e9m, Fanuc, \u0159ada 32i-B,<br \/>\n7 os (X\/Z\/Y\/C1\/X1\/Z1\/C2,<br \/>\n\u00d8 ty\u010de max. 32 mm,<br \/>\nD\u00e9lka soustru\u017een\u00ed max. 80 mm,<br \/>\nHlavn\u00ed v\u0159eteno, max. ot\u00e1\u010dky 7 000 ot\/min, osa C 0,001 stupn\u011b,<br \/>\n\u00d8 protiv\u0159etena max. 32 mm,<br \/>\nOt\u00e1\u010dky protiv\u0159etena max. 7 000 ot\/min, osa C,<br \/>\nDr\u017e\u00e1k n\u00e1stroj\u016f pro celkem 23 n\u00e1stroj\u016f (line\u00e1rn\u00ed dr\u017e\u00e1k n\u00e1stroj\u016f, p\u0159edn\u00ed n\u00e1stavec, zadn\u00ed obr\u00e1b\u011bn\u00ed),<br \/>\n\u010cerpadlo chladic\u00ed kapaliny se zv\u00fd\u0161en\u00fdm v\u00fdkonem<br \/>\nP\u00e1sov\u00fd dopravn\u00edk d\u00edl\u016f,<br \/>\nDopravn\u00edk t\u0159\u00edsek Mayfran,<br \/>\n***Servisn\u00ed sada emulze***<br \/>\nNakl\u00e1dac\u00ed z\u00e1sobn\u00edk FMB turbo 3-36\/3200 \/ A \/kr\u00e1tkoot\u00e1\u010dkov\u00fd podstavec<br \/>\nChladic\u00ed kapalina pou\u017e\u00edvan\u00e1 ve stroji: Emulze<\/p>\n<p>Stroj lze po domluv\u011b prohl\u00e9dnout pod proudem.<br \/>\nZm\u011bny a chyby v technick\u00fdch \u00fadaj\u00edch a informac\u00edch, jako\u017e i p\u0159edchoz\u00ed prodej vyhrazeny!<\/p>\n<p>Pou\u017eit\u00fd CNC soustruh \u0161v\u00fdcarsk\u00e9ho typu STAR SR32-JN Nov\u00fd, rok 2015<br \/>\n\u0159\u00edzen\u00ed, zna\u010dka Fanuc, \u0159ada 32i-B,<br \/>\n7 os (X\/Z\/Y\/C1\/X1\/Z1\/C2,<br \/>\nbar-\u00d8 max. 32 mm,<br \/>\nd\u00e9lka ot\u00e1\u010den\u00ed max. 80 mm,<br \/>\nhlavn\u00ed v\u0159eteno, ot\u00e1\u010dky max. 7 000 ot\/min, osa C 0,001 stupn\u011b,<br \/>\n\u00d8 zadn\u00edho v\u0159etena max. 32 mm,<br \/>\not\u00e1\u010dky max. 7 000 ot\/min, osa C,<br \/>\npro celkem 23 n\u00e1stroj\u016f (line\u00e1rn\u00ed dr\u017e\u00e1k, p\u0159edn\u00ed n\u00e1stavec, zadn\u00ed obr\u00e1b\u011bn\u00ed),<br \/>\np\u00e1sov\u00fd dopravn\u00edk d\u00edl\u016f,<br \/>\nDopravn\u00edk t\u0159\u00edsek Mayfran,<br \/>\n***Servisn\u00ed sada emulze***<br \/>\nZ\u00e1sobn\u00edk naklada\u010de FMB turbo 3-36\/3200 \/ A \/p\u0159\u00edslu\u0161enstv\u00ed k podpo\u0159e<br \/>\not\u00e1\u010den\u00ed bez vodic\u00edho pouzdra.<br \/>\nPou\u017eit\u00ed chladic\u00ed kapaliny ve stroji: emulze<\/p>\n<p>Stroj lze po domluv\u011b prohl\u00e9dnout pod proudem.<br \/>\nZm\u011bny a chyby v technick\u00fdch \u00fadaj\u00edch a informac\u00edch a podl\u00e9haj\u00ed p\u0159edchoz\u00edmu prodeji!<\/p>","protected":false},"excerpt":{"rendered":"<p>Standort: Deutschland, Baden-W\u00fcrttemberg S\u00fcdwest Zustand: Neuwertig Hersteller: STAR Micronics Modell: SR32-JN Baujahr: 2015 Betriebsstunden: 16000 gebr. CNC-Langdrehmaschine STAR SR32JN New, Bj. 2015 Steuerung, Fabr. Fanuc, Serie 32i-B, 7 Achsen (X\/Z\/Y\/C1\/X1\/Z1\/C2, Stangen-\u00d8 max. 32 mm, Drehl\u00e4nge max. 80 mm, Hauptspindel, Drehzahl max. 7.000 U\/min, C-Achse 0,001 Grad, Gegenspindel-\u00d8 max. 32 mm, Gegenspindeldrehzahl max. 7.000 U\/min, C-Achse, [&hellip;]<\/p>\n","protected":false},"featured_media":4607,"comment_status":"open","ping_status":"closed","template":"","meta":{"_uf_show_specific_survey":0,"_uf_disable_surveys":false},"product_brand":[],"product_cat":[89],"product_tag":[],"class_list":{"0":"post-4614","1":"product","2":"type-product","3":"status-publish","4":"has-post-thumbnail","6":"product_cat-cnc-kurzdrehmaschinen","8":"first","9":"instock","10":"taxable","11":"shipping-taxable","12":"product-type-simple"},"aioseo_notices":[],"_links":{"self":[{"href":"https:\/\/mueller-wrh.de\/cs\/wp-json\/wp\/v2\/product\/4614","targetHints":{"allow":["GET"]}}],"collection":[{"href":"https:\/\/mueller-wrh.de\/cs\/wp-json\/wp\/v2\/product"}],"about":[{"href":"https:\/\/mueller-wrh.de\/cs\/wp-json\/wp\/v2\/types\/product"}],"replies":[{"embeddable":true,"href":"https:\/\/mueller-wrh.de\/cs\/wp-json\/wp\/v2\/comments?post=4614"}],"wp:featuredmedia":[{"embeddable":true,"href":"https:\/\/mueller-wrh.de\/cs\/wp-json\/wp\/v2\/media\/4607"}],"wp:attachment":[{"href":"https:\/\/mueller-wrh.de\/cs\/wp-json\/wp\/v2\/media?parent=4614"}],"wp:term":[{"taxonomy":"product_brand","embeddable":true,"href":"https:\/\/mueller-wrh.de\/cs\/wp-json\/wp\/v2\/product_brand?post=4614"},{"taxonomy":"product_cat","embeddable":true,"href":"https:\/\/mueller-wrh.de\/cs\/wp-json\/wp\/v2\/product_cat?post=4614"},{"taxonomy":"product_tag","embeddable":true,"href":"https:\/\/mueller-wrh.de\/cs\/wp-json\/wp\/v2\/product_tag?post=4614"}],"curies":[{"name":"wp","href":"https:\/\/api.w.org\/{rel}","templated":true}]}}