{"id":4606,"date":"2026-01-12T10:31:05","date_gmt":"2026-01-12T10:31:05","guid":{"rendered":"https:\/\/mueller-wrh.de\/produkt\/hardinge-gt27sp-gg-121_fanuc_fmb-unirobot-cnc-drehmaschine-bj-2021-_intnr231462\/"},"modified":"2026-01-12T10:31:05","modified_gmt":"2026-01-12T10:31:05","slug":"hardinge-gt27sp-gg-121_fanuc_fmb-unirobot-cnc-drehmaschine-bj-2021-_intnr231462","status":"publish","type":"product","link":"https:\/\/mueller-wrh.de\/cs\/produkt\/hardinge-gt27sp-gg-121_fanuc_fmb-unirobot-cnc-drehmaschine-bj-2021-_intnr231462\/","title":{"rendered":"HARDINGE GT27SP GG-121_Fanuc_FMB Unirobot CNC soustruh rok 2021 _IntNo231462"},"content":{"rendered":"<p><b>Um\u00edst\u011bn\u00ed:<\/b> N\u011bmecko, B\u00e1densko-W\u00fcrttembersko Jihoz\u00e1padn\u00ed N\u011bmecko<\/p>\n<p><b>Stav:<\/b> Pou\u017eit\u00e9<\/p>\n<p><b>V\u00fdrobce:<\/b> Hardinge<\/p>\n<p><b>Model:<\/b> GT27SP GG-121<\/p>\n<p><b>Rok v\u00fdstavby:<\/b> 2021<\/p>\n<p><b>Provozn\u00ed doba:<\/b> 15000<\/p>\n<p>Ozna\u010den\u00ed stroje: CNC kr\u00e1tk\u00fd soustruh<br \/>\nV\u00fdrobce: Hardinge<br \/>\nModel: GT27SP GG-121<br \/>\nRok v\u00fdstavby: 2021<br \/>\n\u0158\u00eddic\u00ed syst\u00e9m: Fanuc 32<br \/>\nFunk\u010dnost: pln\u011b funk\u010dn\u00ed<br \/>\nPo\u010det hodin zpracov\u00e1n\u00ed: p\u0159ibli\u017en\u011b 15 000 hodin<\/p>\n<p>Technick\u00e9 \u00fadaje<br \/>\nOtvor v\u0159etena: \u00d8 27 mm<br \/>\nDr\u017e\u00e1k v\u0159etena: A2-5<br \/>\nSkl\u00ed\u010didlo max. 80 mm<br \/>\nMax. Ot\u00e1\u010dky v\u0159etena: 6 000 min-\u00b9<br \/>\nOsa X: 607 mm<br \/>\nOsa Z: 286 mm<\/p>\n<p>Chladic\u00ed syst\u00e9m<\/p>\n<p>Nakl\u00e1dac\u00ed a vykl\u00e1dac\u00ed syst\u00e9m FMB<br \/>\nP\u0159\u00edslu\u0161enstv\u00ed \/ N\u00e1stroje \/ P\u0159\u00edru\u010dky<\/p>\n<p>Hmotnost a rozm\u011bry stroje<br \/>\nRozm\u011bry stroje: p\u0159ibli\u017en\u011b 1850 \u00d7 1750 \u00d7 1750 mm<br \/>\nHmotnost stroje: p\u0159ibli\u017en\u011b 2100 kg<\/p>\n<p>Hmotnost a rozm\u011bry Nakl\u00e1dac\u00ed a vykl\u00e1dac\u00ed syst\u00e9m<br \/>\nRozm\u011bry stroje: p\u0159ibli\u017en\u011b 1900 \u00d7 950 \u00d7 2000 mm<br \/>\nHmotnost stroje: p\u0159ibli\u017en\u011b 1000 kg<\/p>\n<p>Hmotnost a rozm\u011bry chladic\u00edho syst\u00e9mu<br \/>\nRozm\u011bry stroje: p\u0159ibli\u017en\u011b 1500 \u00d7 800 \u00d7 1100 mm<br \/>\nHmotnost stroje: p\u0159ibli\u017en\u011b 250 kg<\/p>\n<p>Stroj je pln\u011b funk\u010dn\u00ed a je v dobr\u00e9m stavu.<br \/>\nPro dal\u0161\u00ed informace nebo prohl\u00eddku pod proudem n\u00e1s nev\u00e1hejte kontaktovat.<br \/>\nZm\u011bny a chyby v technick\u00fdch \u00fadaj\u00edch a specifikac\u00edch, stejn\u011b jako p\u0159edchoz\u00ed prodej, vyhrazeny!<\/p>\n<p>Typ stroje: CNC kr\u00e1tk\u00fd soustruh<br \/>\nV\u00fdrobce: Hardinge<br \/>\nModel: GT27SP GG-121<br \/>\nRok v\u00fdroby: 2021<br \/>\n\u0158\u00edzen\u00ed: Fanuc 32i<br \/>\nProvozn\u00ed stav: Pln\u011b funk\u010dn\u00ed<br \/>\nProvozn\u00ed hodiny: p\u0159ibli\u017en\u011b 15 000 hodin<\/p>\n<p>Technick\u00e9 \u00fadaje<\/p>\n<p>Vrt\u00e1n\u00ed v\u0159etena: \u00d8 27 mm<\/p>\n<p>\u010celo v\u0159etena: A2-5<\/p>\n<p>Kapacita skl\u00ed\u010didla: max. 80 mm<\/p>\n<p>Maxim\u00e1ln\u00ed ot\u00e1\u010dky v\u0159etena: 6 000 ot\u00e1\u010dek za minutu<\/p>\n<p>Zdvih osy X: 607 mm<\/p>\n<p>Zdvih osy Z: 286 mm<\/p>\n<p>Chladic\u00ed syst\u00e9m<\/p>\n<p>Nakl\u00e1dac\u00ed a vykl\u00e1dac\u00ed syst\u00e9m<\/p>\n<p>P\u0159\u00edslu\u0161enstv\u00ed \/ N\u00e1stroje \/ P\u0159\u00edru\u010dky<\/p>\n<p>Rozm\u011bry a hmotnost stroje<\/p>\n<p>Rozm\u011bry stroje: p\u0159ibli\u017en\u011b 1850 \u00d7 1750 \u00d7 1750 mm<\/p>\n<p>Hmotnost stroje: p\u0159ibli\u017en\u011b 2100 kg<\/p>\n<p>Rozm\u011bry a hmotnost nakl\u00e1dac\u00edho\/vykl\u00e1dac\u00edho syst\u00e9mu<\/p>\n<p>Rozm\u011bry: p\u0159ibli\u017en\u011b 1900 \u00d7 950 \u00d7 2000 mm<\/p>\n<p>Hmotnost: p\u0159ibli\u017en\u011b 1000 kg<\/p>\n<p>Rozm\u011bry a hmotnost chladic\u00edho syst\u00e9mu<\/p>\n<p>Rozm\u011bry: p\u0159ibli\u017en\u011b 1500 \u00d7 800 \u00d7 1100 mm<\/p>\n<p>Hmotnost: p\u0159ibli\u017en\u011b 250 kg<\/p>\n<p>Stroj je pln\u011b funk\u010dn\u00ed a v dobr\u00e9m stavu.<br \/>\nChcete-li z\u00edskat dal\u0161\u00ed informace nebo si domluvit \u017eivou uk\u00e1zku pod proudem, nev\u00e1hejte n\u00e1s kontaktovat.<br \/>\nV\u0161echny technick\u00e9 \u00fadaje a informace jsou p\u0159ibli\u017en\u00e9. S v\u00fdhradou p\u0159edchoz\u00edho prodeje a s v\u00fdjimkou chyb.<\/p>","protected":false},"excerpt":{"rendered":"<p>Standort: Deutschland, Baden-W\u00fcrttemberg S\u00fcdwest Zustand: Gebraucht Hersteller: Hardinge Modell: GT27SP GG-121 Baujahr: 2021 Betriebsstunden: 15000 Maschinenbezeichnung: CNC-Kurzdrehmaschine Hersteller: Hardinge Modell: GT27SP GG-121 Baujahr: 2021 Steuerung: Fanuc 32 Funktionsf\u00e4higkeit: voll funktionsf\u00e4hig Bearbeitungsstunden: ca. 15.000 Stunden Technische Daten Spindelbohrung: \u00d8 27 mm Spindelaufnahme: A2-5 Spannfutter max. 80mm Max. Spindeldrehzahl: 6.000 min\u207b\u00b9 X-Achse: 607 mm Z-Achse: 286 mm [&hellip;]<\/p>\n","protected":false},"featured_media":4601,"comment_status":"open","ping_status":"closed","template":"","meta":{"_uf_show_specific_survey":0,"_uf_disable_surveys":false},"product_brand":[],"product_cat":[90],"product_tag":[],"class_list":{"0":"post-4606","1":"product","2":"type-product","3":"status-publish","4":"has-post-thumbnail","6":"product_cat-cnc-drehmaschinen-0-199mm-drehd","8":"first","9":"instock","10":"taxable","11":"shipping-taxable","12":"product-type-simple"},"aioseo_notices":[],"_links":{"self":[{"href":"https:\/\/mueller-wrh.de\/cs\/wp-json\/wp\/v2\/product\/4606","targetHints":{"allow":["GET"]}}],"collection":[{"href":"https:\/\/mueller-wrh.de\/cs\/wp-json\/wp\/v2\/product"}],"about":[{"href":"https:\/\/mueller-wrh.de\/cs\/wp-json\/wp\/v2\/types\/product"}],"replies":[{"embeddable":true,"href":"https:\/\/mueller-wrh.de\/cs\/wp-json\/wp\/v2\/comments?post=4606"}],"wp:featuredmedia":[{"embeddable":true,"href":"https:\/\/mueller-wrh.de\/cs\/wp-json\/wp\/v2\/media\/4601"}],"wp:attachment":[{"href":"https:\/\/mueller-wrh.de\/cs\/wp-json\/wp\/v2\/media?parent=4606"}],"wp:term":[{"taxonomy":"product_brand","embeddable":true,"href":"https:\/\/mueller-wrh.de\/cs\/wp-json\/wp\/v2\/product_brand?post=4606"},{"taxonomy":"product_cat","embeddable":true,"href":"https:\/\/mueller-wrh.de\/cs\/wp-json\/wp\/v2\/product_cat?post=4606"},{"taxonomy":"product_tag","embeddable":true,"href":"https:\/\/mueller-wrh.de\/cs\/wp-json\/wp\/v2\/product_tag?post=4606"}],"curies":[{"name":"wp","href":"https:\/\/api.w.org\/{rel}","templated":true}]}}