{"id":4596,"date":"2026-01-12T10:29:03","date_gmt":"2026-01-12T10:29:03","guid":{"rendered":"https:\/\/mueller-wrh.de\/produkt\/index-abc_fanuc_-cnc-drehmaschine-bj-2017-_intnr231463\/"},"modified":"2026-01-12T10:29:03","modified_gmt":"2026-01-12T10:29:03","slug":"index-abc_fanuc_-cnc-drehmaschine-bj-2017-_intnr231463","status":"publish","type":"product","link":"https:\/\/mueller-wrh.de\/cs\/produkt\/index-abc_fanuc_-cnc-drehmaschine-bj-2017-_intnr231463\/","title":{"rendered":"Index ABC_Fanuc_ CNC soustruh rok 2017 _IntNo231463"},"content":{"rendered":"<p><b>Um\u00edst\u011bn\u00ed:<\/b> N\u011bmecko, B\u00e1densko-W\u00fcrttembersko Jihoz\u00e1padn\u00ed N\u011bmecko<\/p>\n<p><b>Stav:<\/b> Pou\u017eit\u00e9<\/p>\n<p><b>V\u00fdrobce:<\/b> Index<\/p>\n<p><b>Model:<\/b> ABC<\/p>\n<p><b>Rok v\u00fdstavby:<\/b> 2017<\/p>\n<p>Ozna\u010den\u00ed stroje: CNC kr\u00e1tk\u00fd soustruh<br \/>\nV\u00fdrobce: Index<br \/>\nModel: ABC<br \/>\nRok v\u00fdstavby: 2017<br \/>\n\u0158\u00eddic\u00ed syst\u00e9m: Fanuc 32 i- B<br \/>\nFunk\u010dnost: pln\u011b funk\u010dn\u00ed<br \/>\nDoba zpracov\u00e1n\u00ed: p\u0159ibli\u017en\u011b hodin<\/p>\n<p>Technick\u00e9 \u00fadaje<br \/>\nOtvor v\u0159etena: \u00d8 42 mm<br \/>\n\u00dadaje o pr\u016fjezdu a posuvu<br \/>\nZdvih osy X: cca 90 mm<br \/>\nZdvih osy Z: cca 280 mm<br \/>\nRychl\u00fd posun X: cca 27 m\/min<br \/>\nRychl\u00fd posun Z: cca 36 m\/min<\/p>\n<p>Horn\u00ed v\u011b\u017e (hlavn\u00ed nosi\u010d n\u00e1stroj\u016f):<br \/>\nPo\u010det stanic: 8 (v\u010detn\u011b 1 synchronizovateln\u00e9 pozice)<br \/>\nDr\u017e\u00e1k n\u00e1stroje: VDI 25<br \/>\nPodporuje poh\u00e1n\u011bn\u00e9 n\u00e1stroje.<\/p>\n<p>Spodn\u00ed v\u011b\u017e :<br \/>\nPo\u010det stanic: 6<br \/>\nBez pohonu<\/p>\n<p>Zadn\u00ed strana:<br \/>\n5 stanic pro zadn\u00ed obr\u00e1b\u011bn\u00ed<\/p>\n<p>Sou\u010dasn\u00e9 obr\u00e1b\u011bn\u00ed a\u017e 3 n\u00e1stroji najednou<\/p>\n<p>Chladic\u00ed syst\u00e9m - dopravn\u00edk t\u0159\u00edsek <\/p>\n<p>Podava\u010d ty\u010d\u00ed IRCO ILS MUK 7012-II Rok 2015<br \/>\nP\u0159\u00edslu\u0161enstv\u00ed \/ N\u00e1stroje \/ P\u0159\u00edru\u010dky<\/p>\n<p>Hmotnost a rozm\u011bry stroje<br \/>\nRozm\u011bry stroje: p\u0159ibli\u017en\u011b 2830 \u00d7 1500 \u00d7 2200 mm<br \/>\nHmotnost stroje: p\u0159ibli\u017en\u011b 3500 kg<\/p>\n<p>Hmotnost a rozm\u011bry dopravn\u00edku t\u0159\u00edsek chladic\u00edho syst\u00e9mu<br \/>\nRozm\u011bry stroje: p\u0159ibli\u017en\u011b 1600 \u00d7 1250 \u00d7 1780 mm<br \/>\nHmotnost stroje: p\u0159ibli\u017en\u011b 680 kg<\/p>\n<p>Hmotnost a rozm\u011bry ty\u010dov\u00e9ho podava\u010de IRCO ILS MUK<br \/>\nRozm\u011bry stroje: p\u0159ibli\u017en\u011b 1800 \u00d7 1000 \u00d7 1280 mm<br \/>\nHmotnost stroje: p\u0159ibli\u017en\u011b 650 kg<\/p>\n<p>Stroj je pln\u011b funk\u010dn\u00ed a je v dobr\u00e9m stavu.<br \/>\nPro dal\u0161\u00ed informace nebo prohl\u00eddku pod proudem n\u00e1s nev\u00e1hejte kontaktovat.<br \/>\nZm\u011bny a chyby v technick\u00fdch \u00fadaj\u00edch a specifikac\u00edch, stejn\u011b jako p\u0159edchoz\u00ed prodej, vyhrazeny!<\/p>\n<p>Ozna\u010den\u00ed stroje: CNC soustruh pro kr\u00e1tk\u00e9 soustru\u017een\u00ed<br \/>\nV\u00fdrobce: Index<br \/>\nModel: ABC<br \/>\nRok v\u00fdroby: 2017<br \/>\n\u0158\u00eddic\u00ed syst\u00e9m: Fanuc 32i-B<br \/>\nProvozn\u00ed stav: Pln\u011b funk\u010dn\u00ed<br \/>\nProvozn\u00ed doba: p\u0159ibli\u017en\u011b ___ hodin<\/p>\n<p>Technick\u00e9 \u00fadaje<\/p>\n<p>Vrt\u00e1n\u00ed v\u0159etena: \u00d8 42 mm<\/p>\n<p>\u00dadaje o cestov\u00e1n\u00ed a krmivech:<\/p>\n<p>Posuv osy X: p\u0159ibli\u017en\u011b 90 mm<\/p>\n<p>Posuv osy Z: cca 280 mm<\/p>\n<p>Rychl\u00fd posuv X: cca 27 m\/min<\/p>\n<p>Rychl\u00fd posuv Z: cca 36 m\/min<\/p>\n<p>Horn\u00ed v\u011b\u017e (hlavn\u00ed nosi\u010d n\u00e1stroj\u016f):<\/p>\n<p>Po\u010det stanic: 8 (1 synchronizovateln\u00e1)<\/p>\n<p>Dr\u017e\u00e1k n\u00e1stroj\u016f: VDI 25<\/p>\n<p>Podporuje poh\u00e1n\u011bn\u00e9 n\u00e1stroje<\/p>\n<p>Doln\u00ed v\u011b\u017e:<\/p>\n<p>Po\u010det stanic: 6<\/p>\n<p>Bez pohonu<\/p>\n<p>Zadn\u00ed strana:<\/p>\n<p>5 stanic pro operace na zadn\u00ed stran\u011b<\/p>\n<p>Simult\u00e1nn\u00ed obr\u00e1b\u011bn\u00ed: a\u017e 3 n\u00e1stroje sou\u010dasn\u011b<\/p>\n<p>Chladic\u00ed syst\u00e9m a dopravn\u00edk t\u0159\u00edsek<\/p>\n<p>Podava\u010d ty\u010d\u00ed: IRCO ILS MUK 7012-II, rok 2015<\/p>\n<p>P\u0159\u00edslu\u0161enstv\u00ed \/ N\u00e1stroje \/ P\u0159\u00edru\u010dky<\/p>\n<p>Rozm\u011bry a hmotnost stroje<\/p>\n<p>Rozm\u011bry stroje: cca 2830 \u00d7 1500 \u00d7 2200 mm, hmotnost: cca 3500 kg.<\/p>\n<p>Chladic\u00ed syst\u00e9m a dopravn\u00edk t\u0159\u00edsek: cca 1600 \u00d7 1250 \u00d7 1780 mm, hmotnost: cca 680 kg.<\/p>\n<p>Podava\u010d ty\u010d\u00ed IRCO ILS MUK: cca 1800 \u00d7 1000 \u00d7 1280 mm, hmotnost: cca 650 kg.<\/p>\n<p>Stroj je pln\u011b funk\u010dn\u00ed a v dobr\u00e9m stavu.<br \/>\nPro dal\u0161\u00ed informace nebo \u017eivou uk\u00e1zku pod proudem n\u00e1s nev\u00e1hejte kontaktovat.<br \/>\nTechnick\u00e9 \u00fadaje a informace se mohou zm\u011bnit a mohou obsahovat chyby. P\u0159edchoz\u00ed prodej vyhrazen.<\/p>","protected":false},"excerpt":{"rendered":"<p>Standort: Deutschland, Baden-W\u00fcrttemberg S\u00fcdwest Zustand: Gebraucht Hersteller: Index Modell: ABC Baujahr: 2017 Maschinenbezeichnung: CNC-Kurzdrehmaschine Hersteller: Index Modell: ABC Baujahr: 2017 Steuerung: Fanuc 32 i- B Funktionsf\u00e4higkeit: voll funktionsf\u00e4hig Bearbeitungsstunden: ca. Stunden Technische Daten Spindelbohrung: \u00d8 42 mm Verfahr- und Vorschubdaten X-Achse Verfahrweg: ca. 90 mm Z-Achse Verfahrweg: ca. 280 mm Eilgang X: ca. 27 m\/min [&hellip;]<\/p>\n","protected":false},"featured_media":4590,"comment_status":"open","ping_status":"closed","template":"","meta":{"_uf_show_specific_survey":0,"_uf_disable_surveys":false},"product_brand":[],"product_cat":[90],"product_tag":[],"class_list":{"0":"post-4596","1":"product","2":"type-product","3":"status-publish","4":"has-post-thumbnail","6":"product_cat-cnc-drehmaschinen-0-199mm-drehd","8":"first","9":"instock","10":"taxable","11":"shipping-taxable","12":"product-type-simple"},"aioseo_notices":[],"_links":{"self":[{"href":"https:\/\/mueller-wrh.de\/cs\/wp-json\/wp\/v2\/product\/4596","targetHints":{"allow":["GET"]}}],"collection":[{"href":"https:\/\/mueller-wrh.de\/cs\/wp-json\/wp\/v2\/product"}],"about":[{"href":"https:\/\/mueller-wrh.de\/cs\/wp-json\/wp\/v2\/types\/product"}],"replies":[{"embeddable":true,"href":"https:\/\/mueller-wrh.de\/cs\/wp-json\/wp\/v2\/comments?post=4596"}],"wp:featuredmedia":[{"embeddable":true,"href":"https:\/\/mueller-wrh.de\/cs\/wp-json\/wp\/v2\/media\/4590"}],"wp:attachment":[{"href":"https:\/\/mueller-wrh.de\/cs\/wp-json\/wp\/v2\/media?parent=4596"}],"wp:term":[{"taxonomy":"product_brand","embeddable":true,"href":"https:\/\/mueller-wrh.de\/cs\/wp-json\/wp\/v2\/product_brand?post=4596"},{"taxonomy":"product_cat","embeddable":true,"href":"https:\/\/mueller-wrh.de\/cs\/wp-json\/wp\/v2\/product_cat?post=4596"},{"taxonomy":"product_tag","embeddable":true,"href":"https:\/\/mueller-wrh.de\/cs\/wp-json\/wp\/v2\/product_tag?post=4596"}],"curies":[{"name":"wp","href":"https:\/\/api.w.org\/{rel}","templated":true}]}}